{"id":442546,"date":"2025-11-24T15:55:38","date_gmt":"2025-11-24T14:55:38","guid":{"rendered":"https:\/\/transfercasepartshop.com\/?post_type=product&#038;p=442546"},"modified":"2026-03-23T10:03:06","modified_gmt":"2026-03-23T09:03:06","slug":"osztomu-hajto-tengely-pl72-atc","status":"publish","type":"product","link":"https:\/\/transfercasepartshop.com\/hu\/porsche\/pl72-atc\/osztomu-hajto-tengely-pl72-atc\/","title":{"rendered":"Oszt\u00f3m\u0171 hajt\u00f3 tengely (PL72 ATC)"},"content":{"rendered":"<p>Oszt\u00f3m\u0171 hajt\u00f3 tengely (PL72 ATC) magas sz\u00ednvonalon gy\u00e1rtott term\u00e9k, edzett ac\u00e9lb\u00f3l. Az oszt\u00f3m\u0171 bels\u0151 hajt\u00f3 tengely\u00e9t kapcsolja \u00f6ssze a v\u00e1lt\u00f3m\u0171 hajt\u00f3 tengely\u00e9vel. Ezzel seg\u00edtve a forgat\u00f3 nyomat\u00e9k tov\u00e1bb\u00edt\u00e1s\u00e1t a h\u00e1tuls\u00f3 hajt\u00e1sl\u00e1nc elemekre, h\u00e1ts\u00f3 kard\u00e1n tengely illetve h\u00e1ts\u00f3 differenci\u00e1lm\u0171.<\/p>\n<div class=\"faq-container\">\n<details>\n<summary>Honnan tudom, hogy elkopott az oszt\u00f3m\u0171 hajt\u00f3 tengelye?<\/summary>\n<p>A leggyakoribb t\u00fcnet a gyors\u00edt\u00e1skor \u00e9rezhet\u0151 r\u00e1ngat\u00e1s, vibr\u00e1ci\u00f3 vagy f\u00e9mes kattog\u00f3 hang az aut\u00f3 al\u00f3l. Ha a ricnik (fogaz\u00e1s) elkopnak a tengelyen, a nyomat\u00e9k\u00e1tvitel szaggatott\u00e1 v\u00e1lik, ami v\u00e9gs\u0151 soron a hajt\u00e1s megsz\u0171n\u00e9s\u00e9hez vezethet a h\u00e1ts\u00f3 kerekekn\u00e9l.<\/p>\n<\/details>\n<details>\n<summary>Mi a pontos feladata a PL72 ATC hajt\u00f3 tengelynek?<\/summary>\n<p>Ez a tengely kulcsfontoss\u00e1g\u00fa elem: k\u00f6zvetlen\u00fcl \u00f6sszekapcsolja a v\u00e1lt\u00f3m\u0171 kimen\u0151 tengely\u00e9t az oszt\u00f3m\u0171 bels\u0151 mechanizmus\u00e1val. Ez teszi lehet\u0151v\u00e9, hogy a motor ereje eljusson a h\u00e1ts\u00f3 kard\u00e1ntengelyen kereszt\u00fcl a h\u00e1ts\u00f3 differenci\u00e1lm\u0171h\u00f6z.<\/p>\n<\/details>\n<details>\n<summary>Mi\u00e9rt jobb az edzett ac\u00e9l kivitel a hagyom\u00e1nyos alkatr\u00e9szekn\u00e9l?<\/summary>\n<p>A Porsche modellek nagy nyomat\u00e9kkal rendelkeznek, ami hatalmas terhel\u00e9st r\u00f3 a hajt\u00e1sl\u00e1ncra. Az edzett ac\u00e9lb\u00f3l k\u00e9sz\u00fclt tengely ellen\u00e1ll a mikroszkopikus deform\u00e1ci\u00f3nak \u00e9s a kop\u00e1snak, \u00edgy sokkal hosszabb \u00e9lettartamot biztos\u00edt, mint a gyeng\u00e9bb min\u0151s\u00e9g\u0171 ut\u00e1ngy\u00e1rtott alternat\u00edv\u00e1k.<\/p>\n<\/details>\n<details>\n<summary>Kompatibilis ez a tengely az \u00e9n Porsche Cayenne modellemhez?<\/summary>\n<p>Ez az alkatr\u00e9sz kifejezetten a PL72 ATC t\u00edpus\u00fa oszt\u00f3m\u0171vekhez k\u00e9sz\u00fclt, amelyeket gyakran szereltek Porsche Cayenne t\u00edpusokba. K\u00e9rj\u00fck, ellen\u0151rizze az oszt\u00f3m\u0171v\u00e9n l\u00e9v\u0151 azonos\u00edt\u00f3 t\u00e1bl\u00e1t; ha PL72 ATC feliratot l\u00e1t, ez a tengely megfelel\u0151 lesz az aut\u00f3j\u00e1hoz.<\/p>\n<\/details>\n<details>\n<summary>Cser\u00e9lhet\u0151 a tengely k\u00fcl\u00f6n, vagy az eg\u00e9sz oszt\u00f3m\u0171vet cser\u00e9lnem kell?<\/summary>\n<p>Szerencs\u00e9re ez a tengely k\u00fcl\u00f6n is cser\u00e9lhet\u0151. Ezzel jelent\u0151s \u00f6sszeget takar\u00edthat meg, hiszen nem kell a teljes oszt\u00f3m\u0171 egys\u00e9get megv\u00e1s\u00e1rolnia, csup\u00e1n a kopott alkatr\u00e9szt kell profi szakemberrel kicser\u00e9ltetnie.<\/p>\n<\/details>\n<\/div>\n<p><script type=\"application\/ld+json\">\n{\n  \"@context\": \"https:\/\/schema.org\",\n  \"@type\": \"FAQPage\",\n  \"mainEntity\": [\n    {\n      \"@type\": \"Question\",\n      \"name\": \"Honnan tudom, hogy elkopott az osztu00f3mu0171 hajtu00f3 tengelye?\",\n      \"acceptedAnswer\": {\n        \"@type\": \"Answer\",\n        \"text\": \"A leggyakoribb tu00fcnet a gyorsu00edtu00e1skor u00e9rezhetu0151 ru00e1ngatu00e1s, vibru00e1ciu00f3 vagy fu00e9mes kattogu00f3 hang az autu00f3 alu00f3l. Ha a ricnik (fogazu00e1s) elkopnak a tengelyen, a nyomatu00e9ku00e1tvitel szaggatottu00e1 vu00e1lik, ami vu00e9gsu0151 soron a hajtu00e1s megszu0171nu00e9su00e9hez vezethet a hu00e1tsu00f3 kerekeknu00e9l.\"\n      }\n    },\n    {\n      \"@type\": \"Question\",\n      \"name\": \"Mi a pontos feladata a PL72 ATC hajtu00f3 tengelynek?\",\n      \"acceptedAnswer\": {\n        \"@type\": \"Answer\",\n        \"text\": \"Ez a tengely kulcsfontossu00e1gu00fa elem: ku00f6zvetlenu00fcl u00f6sszekapcsolja a vu00e1ltu00f3mu0171 kimenu0151 tengelyu00e9t az osztu00f3mu0171 belsu0151 mechanizmusu00e1val. Ez teszi lehetu0151vu00e9, hogy a motor ereje eljusson a hu00e1tsu00f3 kardu00e1ntengelyen keresztu00fcl a hu00e1tsu00f3 differenciu00e1lmu0171hu00f6z.\"\n      }\n    },\n    {\n      \"@type\": \"Question\",\n      \"name\": \"Miu00e9rt jobb az edzett acu00e9l kivitel a hagyomu00e1nyos alkatru00e9szeknu00e9l?\",\n      \"acceptedAnswer\": {\n        \"@type\": \"Answer\",\n        \"text\": \"A Porsche modellek nagy nyomatu00e9kkal rendelkeznek, ami hatalmas terhelu00e9st ru00f3 a hajtu00e1slu00e1ncra. Az edzett acu00e9lbu00f3l ku00e9szu00fclt tengely ellenu00e1ll a mikroszkopikus deformu00e1ciu00f3nak u00e9s a kopu00e1snak, u00edgy sokkal hosszabb u00e9lettartamot biztosu00edt, mint a gyengu00e9bb minu0151su00e9gu0171 utu00e1ngyu00e1rtott alternatu00edvu00e1k.\"\n      }\n    },\n    {\n      \"@type\": \"Question\",\n      \"name\": \"Kompatibilis ez a tengely az u00e9n Porsche Cayenne modellemhez?\",\n      \"acceptedAnswer\": {\n        \"@type\": \"Answer\",\n        \"text\": \"Ez az alkatru00e9sz kifejezetten a PL72 ATC tu00edpusu00fa osztu00f3mu0171vekhez ku00e9szu00fclt, amelyeket gyakran szereltek Porsche Cayenne tu00edpusokba. Ku00e9rju00fck, ellenu0151rizze az osztu00f3mu0171vu00e9n lu00e9vu0151 azonosu00edtu00f3 tu00e1blu00e1t; ha PL72 ATC feliratot lu00e1t, ez a tengely megfelelu0151 lesz az autu00f3ju00e1hoz.\"\n      }\n    },\n    {\n      \"@type\": \"Question\",\n      \"name\": \"Cseru00e9lhetu0151 a tengely ku00fclu00f6n, vagy az egu00e9sz osztu00f3mu0171vet cseru00e9lnem kell?\",\n      \"acceptedAnswer\": {\n        \"@type\": \"Answer\",\n        \"text\": \"Szerencsu00e9re ez a tengely ku00fclu00f6n is cseru00e9lhetu0151. Ezzel jelentu0151s u00f6sszeget takaru00edthat meg, hiszen nem kell a teljes osztu00f3mu0171 egysu00e9get megvu00e1su00e1rolnia, csupu00e1n a kopott alkatru00e9szt kell profi szakemberrel kicseru00e9ltetnie.\"\n      }\n    }\n  ]\n}\n<\/script><\/p>","protected":false},"excerpt":{"rendered":"<p>Oszt\u00f3m\u0171 tengely<\/p>","protected":false},"featured_media":442553,"comment_status":"closed","ping_status":"closed","template":"","meta":{"_acf_changed":false},"product_brand":[],"product_cat":[114,110],"product_tag":[210],"class_list":{"0":"post-442546","1":"product","2":"type-product","3":"status-publish","4":"has-post-thumbnail","6":"product_cat-pl72-atc","7":"product_cat-porsche","8":"product_tag-tengelyek-fogaskerekek","9":"infinite-scroll-item","10":"no-featured-image-padding","11":"resize-featured-image","12":"sales-flash-overlay","13":"woocommerce-text-align-center","14":"woocommerce-image-align-center","15":"wc-has-gallery","17":"first","18":"instock","19":"taxable","20":"shipping-taxable","21":"purchasable","22":"product-type-simple"},"acf":{"s-tec_number":"SP02022","oem-ref":"0C2341010M, 0C2341010P, 0C2341010Q, 0C2341010R, 0C2341010S, 0C2341011_, 0C2341011A, 0C2341011B, 0C2341011C, 0C2341011F, 0C2341011G, 0C2341011H, 0C2341011K, 0C2341011L, 0C2341011M, 0C2341011N, 0C2341011P, 0C2341011Q, 0C2341011R, 0C2341011S, 0C2341011T, 0C2341012F, 0C2341012G, 0C2341012H, 0C2341012J, 0C2341012K, 0C2341012L, 0C2341012M, 0C2341012N, 0C2341013, 0C2341013A, 0C2341013B, 0C2341013C, 0C2341013D, 0C2341013E, 0C2341013F, 0C2341013G, 0C2341013H, 0C2341013J, 0C2341013K, 0C2341013L, 0C2341013M, 0C2341013N, 0C2341013P, 0C2341013Q, 0C2341013R, 0C2341013S, 0C2341013T, 0C2341041, 0C2341041A, 0C2341041B, 0C2341041C, 0C2341041D, 0C2341041J, 0C2341041K, 0C2341041L, 0C2341041M, 4311011, 4311013, 95834101001, 95834101002, 95834101003, 95834101004, 95834101005, 95834101006, 95834101007, 95834101008, 95834101009, 95834101011, 95834101012, 95834101013, 95834101014, 95834101015, 95834101016, 95834101017, 95834101018, 95834101019, 95834101020, 95834101021, 95834101022, 95834101023, 95834101024, 95834101025, 95834101026, 95834101027, 95834101028, 95834101030, 95834101031, 95834101032, 95834101033, 95834101034, 9583410103X, 9583410104X, 9583410105X, 9583410106X, 9583410107X, 9583410108X, 9583410109X, 958341010AX, 958341010BX, 958341010CX, 958341010DX, 958341010EX, 958341010FX, 958341010GX, 958341010HX, 958341010MX, 958341010NX, 958341010PX, 958341010QX, 958341010RX, 958341010SX, 958341011AX, 958341011BX, 958341011CX, 958341011DX, 958341011X, 95834101200, 95834101201, 95834101202, 95834101204, 95834101210, 95834101211, 95834101212, 95834101214, 95834101220, 9583410122X, 958341012AX, 958341012KX, 958341012LX, 958341012MX, 958341012PX, 958341012X, 95834101300, 95834101301, 95834101303, 95834101305, 95834101306, 95834101308, 958341013EX, 958341013FX, 958341013HX, 958341013X, 0C2341013A, 0C2341013C, 0C2341013E, 0C2341013G, 0C2341013J, 0C2341013L, 0C2341013M, 0C2341013N, 0C2341013S, 0C2341041, 0C2341041B, 0C2341041D, 0C2341041J, 0C2341041M, 95834101200, 95834101201, 95834101202, 95834101204, 95834101210, 95834101211, 95834101212, 95834101214, 958341012AX, 958341012KX, 958341012LX, 958341012MX, 958341012PX, 958341012X, 95834101008, 95834101009, 95834101033, 95834101034, 0C2341010P, 0C2341010R, 0C2341010S, 0C2341011A, 0C2341011B, 0C2341011G, 0C2341011H, 0C2341011L, 0C2341011M, 0C2341011R, 0C2341011S, 0C2341012G, 0C2341012H, 0C2341012L, 0C2341012M, 0C2341013, 0C2341013B, 0C2341013D, 0C2341013F, 0C2341013H, 0C2341013K, 0C2341013P, 0C2341013Q, 0C2341013R, 0C2341013T, 0C2341041A, 0C2341041C, 0C2341041K, 0C2341041L, 4311013, 95834101011, 95834101012, 95834101013, 95834101014, 95834101015, 95834101016, 95834101017, 95834101018, 95834101019, 95834101020, 95834101021, 95834101022, 95834101023, 95834101024, 95834101025, 95834101026, 95834101027, 95834101028, 9583410103X, 9583410104X, 9583410105X, 9583410107X, 9583410108X, 958341010MX, 958341010NX, 958341010PX, 958341010QX, 958341010RX, 958341010SX, 958341011BX, 958341011CX, 958341011X, 95834101220, 9583410122X, 95834101300, 95834101301, 95834101303, 95834101305, 95834101306, 95834101308, 958341013EX, 958341013FX, 958341013HX, 958341013X, 95834101001 (0C2341010Q, 0C2341010M), 95834101002 (0C2341011_, 0C2341011C), 95834101003 (0C2341011F), 95834101004 (0C2341011K), 95834101005 (0C2341011Q), 95834101006 (0C2341012F), 95834101007 (0C2341012K), 95834101030 (0C2341011P), 0C2341011N, (0C2341011T), 95834101031 (0C2341012J), 95834101032 (0C2341012N)","tartalom":"","lamella-alert":"","transfer_case_application_v2":["Porsche PL72 ATC 2010- Cayenne"],"transfer_case_application":"","kulso_raktar":1,"google_ads_kep":442547,"gtin":9009381094791},"_links":{"self":[{"href":"https:\/\/transfercasepartshop.com\/hu\/wp-json\/wp\/v2\/product\/442546","targetHints":{"allow":["GET"]}}],"collection":[{"href":"https:\/\/transfercasepartshop.com\/hu\/wp-json\/wp\/v2\/product"}],"about":[{"href":"https:\/\/transfercasepartshop.com\/hu\/wp-json\/wp\/v2\/types\/product"}],"replies":[{"embeddable":true,"href":"https:\/\/transfercasepartshop.com\/hu\/wp-json\/wp\/v2\/comments?post=442546"}],"wp:featuredmedia":[{"embeddable":true,"href":"https:\/\/transfercasepartshop.com\/hu\/wp-json\/wp\/v2\/media\/442553"}],"wp:attachment":[{"href":"https:\/\/transfercasepartshop.com\/hu\/wp-json\/wp\/v2\/media?parent=442546"}],"wp:term":[{"taxonomy":"product_brand","embeddable":true,"href":"https:\/\/transfercasepartshop.com\/hu\/wp-json\/wp\/v2\/product_brand?post=442546"},{"taxonomy":"product_cat","embeddable":true,"href":"https:\/\/transfercasepartshop.com\/hu\/wp-json\/wp\/v2\/product_cat?post=442546"},{"taxonomy":"product_tag","embeddable":true,"href":"https:\/\/transfercasepartshop.com\/hu\/wp-json\/wp\/v2\/product_tag?post=442546"}],"curies":[{"name":"wp","href":"https:\/\/api.w.org\/{rel}","templated":true}]}}