{"id":441222,"date":"2025-10-07T11:44:47","date_gmt":"2025-10-07T09:44:47","guid":{"rendered":"https:\/\/transfercasepartshop.com\/nem-kategorizalt\/kuplung-hezagolo-alatet-keszlet\/"},"modified":"2026-04-28T09:54:16","modified_gmt":"2026-04-28T07:54:16","slug":"kuplung-hezagolo-alatet-keszlet","status":"publish","type":"product","link":"https:\/\/transfercasepartshop.com\/hu\/bmw\/kuplung-hezagolo-alatet-keszlet\/","title":{"rendered":"Kuplung h\u00e9zagol\u00f3 al\u00e1t\u00e9t k\u00e9szlet"},"content":{"rendered":"<p><span data-sheets-root=\"1\">Kuplung h\u00e9zagol\u00f3 al\u00e1t\u00e9t k\u00e9szlet tartalmaz 11 darab k\u00fcl\u00f6nb\u00f6z\u0151 m\u00e9ret\u0171 gy\u00e1ri min\u0151s\u00e9g\u0171 h\u00e9zagol\u00f3 al\u00e1t\u00e9tet.<\/span> A megfelel\u0151 kuplung z\u00e1r\u00e1si sz\u00f6g be\u00e1ll\u00edt\u00e1s\u00e1hoz, ki kell v\u00e1lasztani a legoptim\u00e1lisabb m\u00e9ret\u0171, vastags\u00e1g\u00fa h\u00e9zagol\u00f3 al\u00e1t\u00e9tet. Ezzel \u00e1ll\u00edtjuk a sz\u00fcks\u00e9ges el\u0151fesz\u00edt\u00e9st az oszt\u00f3m\u0171 \u00fajra kalibr\u00e1l\u00e1s\u00e1hoz. A term\u00e9k a gy\u00e1rt\u00f3t\u00f3l sz\u00e1rmazik, kiv\u00e1l\u00f3 min\u0151s\u00e9gben. Gy\u00e1ri alkatr\u00e9sz.<\/p>\n<details>\n<summary>Mire j\u00f3 a kuplung h\u00e9zagol\u00f3 al\u00e1t\u00e9t k\u00e9szlet az oszt\u00f3m\u0171ben?<\/summary>\n<p>Ez a k\u00e9szlet elengedhetetlen az oszt\u00f3m\u0171 fel\u00faj\u00edt\u00e1sa vagy jav\u00edt\u00e1sa ut\u00e1ni kalibr\u00e1l\u00e1shoz. Seg\u00edts\u00e9g\u00e9vel pontosan be\u00e1ll\u00edthat\u00f3 a kuplung z\u00e1r\u00e1si sz\u00f6ge \u00e9s a sz\u00fcks\u00e9ges el\u0151fesz\u00edt\u00e9s, ami kritikus az oszt\u00f3m\u0171 megfelel\u0151 m\u0171k\u00f6d\u00e9s\u00e9hez \u00e9s a r\u00e1ngat\u00e1smentes \u00f6sszker\u00e9khajt\u00e1shoz.<\/p>\n<\/details>\n<details>\n<summary>Melyik BMW xDrive modellekhez haszn\u00e1lhat\u00f3 ez a k\u00e9szlet?<\/summary>\n<p>A k\u00e9szlet kompatibilis a legt\u00f6bb modern BMW oszt\u00f3m\u0171vel, bele\u00e9rtve az ATC13-1, ATC350, ATC35L, ATC450 \u00e9s ATC45L t\u00edpusokat. Ezeket jellemz\u0151en az F \u00e9s G sz\u00e9ri\u00e1s BMW-kben haszn\u00e1lj\u00e1k.<\/p>\n<\/details>\n<details>\n<summary>Hogyan kell kiv\u00e1lasztani a megfelel\u0151 m\u00e9ret\u0171 al\u00e1t\u00e9tet?<\/summary>\n<p>A csomag 11 k\u00fcl\u00f6nb\u00f6z\u0151 vastags\u00e1g\u00fa, gy\u00e1ri min\u0151s\u00e9g\u0171 al\u00e1t\u00e9tet tartalmaz. A szerel\u00e9s sor\u00e1n m\u00e9r\u00e9ssel kell meghat\u00e1rozni, hogy melyik vastags\u00e1g biztos\u00edtja a legoptim\u00e1lisabb h\u00e9zagot a kuplunglamell\u00e1k k\u00f6z\u00f6tt az \u00fajra kalibr\u00e1l\u00e1shoz.<\/p>\n<\/details>\n<details>\n<summary>Haszn\u00e1lhat\u00f3 a term\u00e9k Porsche vagy Audi t\u00edpusokhoz is?<\/summary>\n<p>Igen, a k\u00e9szlet teljes m\u00e9rt\u00e9kben kompatibilis a Porsche Macan (95B), a PL72 ATC rendszer\u0171 Porsche modellekkel, valamint az Audi ATC, Hyundai \u00e9s Maserati ATC oszt\u00f3m\u0171vekkel is.<\/p>\n<\/details>\n<details>\n<summary>Mi\u00e9rt \u00e9rdemes gy\u00e1ri min\u0151s\u00e9g\u0171 h\u00e9zagol\u00f3t venni az ut\u00e1ngy\u00e1rtott helyett?<\/summary>\n<p>A h\u00e9zagol\u00f3 al\u00e1t\u00e9teknek hatalmas nyom\u00e1st kell kib\u00edrniuk. A gy\u00e1ri min\u0151s\u00e9g garant\u00e1lja a pontos m\u00e9rett\u0171r\u00e9st \u00e9s az anyagkem\u00e9nys\u00e9get. Egy pontatlan vagy gyenge min\u0151s\u00e9g\u0171 al\u00e1t\u00e9t deform\u00e1l\u00f3d\u00e1sa az oszt\u00f3m\u0171 teljes meghib\u00e1sod\u00e1s\u00e1hoz vezethet.<\/p>\n<\/details>\n<p><script type=\"application\/ld+json\">\n{\n  \"@context\": \"https:\/\/schema.org\",\n  \"@type\": \"FAQPage\",\n  \"mainEntity\": [\n    {\n      \"@type\": \"Question\",\n      \"name\": \"Mire ju00f3 a kuplung hu00e9zagolu00f3 alu00e1tu00e9t ku00e9szlet az osztu00f3mu0171ben?\",\n      \"acceptedAnswer\": {\n        \"@type\": \"Answer\",\n        \"text\": \"Ez a ku00e9szlet elengedhetetlen az osztu00f3mu0171 felu00faju00edtu00e1sa vagy javu00edtu00e1sa utu00e1ni kalibru00e1lu00e1shoz. Segu00edtsu00e9gu00e9vel pontosan beu00e1llu00edthatu00f3 a kuplung zu00e1ru00e1si szu00f6ge u00e9s a szu00fcksu00e9ges elu0151feszu00edtu00e9s, ami kritikus az osztu00f3mu0171 megfelelu0151 mu0171ku00f6du00e9su00e9hez.\"\n      }\n    },\n    {\n      \"@type\": \"Question\",\n      \"name\": \"Melyik BMW xDrive modellekhez hasznu00e1lhatu00f3 ez a ku00e9szlet?\",\n      \"acceptedAnswer\": {\n        \"@type\": \"Answer\",\n        \"text\": \"A ku00e9szlet kompatibilis a legtu00f6bb modern BMW osztu00f3mu0171vel, beleu00e9rtve az ATC13-1, ATC350, ATC35L, ATC450 u00e9s ATC45L tu00edpusokat.\"\n      }\n    },\n    {\n      \"@type\": \"Question\",\n      \"name\": \"Hogyan kell kivu00e1lasztani a megfelelu0151 mu00e9retu0171 alu00e1tu00e9tet?\",\n      \"acceptedAnswer\": {\n        \"@type\": \"Answer\",\n        \"text\": \"A csomag 11 ku00fclu00f6nbu00f6zu0151 vastagsu00e1gu00fa alu00e1tu00e9tet tartalmaz. A szerelu00e9s soru00e1n mu00e9ru00e9ssel kell meghatu00e1rozni a legoptimu00e1lisabb vastagsu00e1got a zu00e1ru00e1si szu00f6g beu00e1llu00edtu00e1su00e1hoz.\"\n      }\n    },\n    {\n      \"@type\": \"Question\",\n      \"name\": \"Hasznu00e1lhatu00f3 a termu00e9k Porsche vagy Audi tu00edpusokhoz is?\",\n      \"acceptedAnswer\": {\n        \"@type\": \"Answer\",\n        \"text\": \"Igen, a ku00e9szlet kompatibilis a Porsche Macan (95B), PL72 ATC rendszerekkel, valamint Audi ATC, Hyundai u00e9s Maserati ATC osztu00f3mu0171vekkel is.\"\n      }\n    },\n    {\n      \"@type\": \"Question\",\n      \"name\": \"Miu00e9rt u00e9rdemes gyu00e1ri minu0151su00e9gu0171 hu00e9zagolu00f3t venni az utu00e1ngyu00e1rtott helyett?\",\n      \"acceptedAnswer\": {\n        \"@type\": \"Answer\",\n        \"text\": \"A gyu00e1ri minu0151su00e9g garantu00e1lja a pontos mu00e9rettu0171ru00e9st u00e9s az anyagkemu00e9nysu00e9get, megelu0151zve az alkatru00e9sz deformu00e1lu00f3du00e1su00e1t u00e9s az osztu00f3mu0171 idu0151 elu0151tti tu00f6nkremenetelu00e9t.\"\n      }\n    }\n  ]\n}\n<\/script><\/p>","protected":false},"excerpt":{"rendered":"<p><span data-sheets-root=\"1\">Kuplung h\u00e9zagol\u00f3 al\u00e1t\u00e9t k\u00e9szlet tartalmaz 11 darab k\u00fcl\u00f6nb\u00f6z\u0151 m\u00e9ret\u0171 gy\u00e1ri min\u0151s\u00e9g\u0171 h\u00e9zagol\u00f3 al\u00e1t\u00e9tet.<\/span> A megfelel\u0151 kuplung z\u00e1r\u00e1si sz\u00f6g be\u00e1ll\u00edt\u00e1s\u00e1hoz, ki kell v\u00e1lasztani a legoptim\u00e1lisabb m\u00e9ret\u0171, vastags\u00e1g\u00fa h\u00e9zagol\u00f3 al\u00e1t\u00e9tet. Ezzel \u00e1ll\u00edtjuk a sz\u00fcks\u00e9ges el\u0151fesz\u00edt\u00e9st az oszt\u00f3m\u0171 \u00fajra kalibr\u00e1l\u00e1s\u00e1hoz. A term\u00e9k a gy\u00e1rt\u00f3t\u00f3l sz\u00e1rmazik, kiv\u00e1l\u00f3 min\u0151s\u00e9gben. Gy\u00e1ri alkatr\u00e9sz.<\/p>","protected":false},"featured_media":441155,"comment_status":"closed","ping_status":"closed","template":"","meta":{"_acf_changed":false},"product_brand":[],"product_cat":[86,74,367,87,89,88,66,90,110,114,115,99,104],"product_tag":[],"class_list":{"0":"post-441222","1":"product","2":"type-product","3":"status-publish","4":"has-post-thumbnail","6":"product_cat-bmw","7":"product_cat-audi","8":"product_cat-audi-atc","9":"product_cat-atc13-1","10":"product_cat-atc350","11":"product_cat-atc35l","12":"product_cat-atc450","13":"product_cat-atc45l","14":"product_cat-porsche","15":"product_cat-pl72-atc","16":"product_cat-95b","17":"product_cat-hyundai-atc","18":"product_cat-maserati-atc","19":"infinite-scroll-item","20":"no-featured-image-padding","21":"resize-featured-image","22":"sales-flash-overlay","23":"woocommerce-text-align-center","24":"woocommerce-image-align-center","25":"wc-has-gallery","27":"first","28":"instock","29":"taxable","30":"shipping-taxable","31":"purchasable","32":"product-type-simple"},"acf":{"s-tec_number":"SP05016","oem-ref":"27104603370, 27107505375, 27107629521, 27107629524, 27107636174, 27107636486, 27107639263, 27107643757, 27107649718, 27107649783, 27108604769, 27108612557, 27108623347, 27108643150, 27108662968, 27105A371F1, 27105A371F3, 27107629349, 27107629523, 27107631536, 27107635758, 27107636484, 27107639270, 27107643755, 27107649181, 27105A371E9, 27107619643, 27107621378, 27107629175, 27107635757, 27107636483, 27107639269, 27107643754, 27108697975, 27105A371E, 27107505374,27107617503, 27107622018, 27107629172, 27107629176, 27107636178, 27107636485, 27107639262, 27107643756, 27107649725, 27107649782, 27108604768, 27108612556, 27108623346, 27108643149, 27108662300, 27105A371F0, 27105A371F2, 27107607638, 27107609194, 27107610584, 27107619176, 27107635755, 27107636477, 27107639266, 27107643748, 27108697976, 27105A371E5, 27107605406, 27107609191, 27107610582, 27107619177, 27107619777, 27107629604, 27107636172, 27107636479, 27107639260, 27107643750, 27108697978, 27105A37E7, 27107619928, 27107635756, 27107636478, 27107639268, 27107643749, 27108697977, 2710A371E6, 27107619645, 27107629178, 27107636445, 27107636488, 27107639274, 27107643759, 27108697257, 27105A371E0, 27105A4A0B9 27107505376, 27107619646, 27107629179, 27107636180, 27107636489, 27107639265, 27107643760, 27107649784, 27108604770, 27108612554, 27108623348, 27108643151, 27108697255, 27105A371E2, 27105A4A0C1 27107505377, 27108604771, 27108612555, 27108623349, 27108643152, 27108697256, 27105A371E3, 27105A4A0C2 27107852166, 27107854164, 27195A371E4, 27105A4A0C3, 27107619644, 27107629177, 27107636444, 27107636487, 27107639273, 27107643758, 27107649182, 27105A371E1, 27105A4A0C0, 27107605344, 27107609196, 27107610586, 27107619178, 27107627944, 27107629405, 27107629605, 27107635753, 27107636480, 27107639271, 27107643751, 27108697972, 27105A371D7, 27107609193, 27107610588, 27107619180, 27107619776, 27107636482, 27107639264, 27107643753, 27108697974, 27105A371D9, 27107605345, 27107609197, 27107610587, 27107619179, 27107627945, 27107629406, 27107629606, 27107635754, 27107636481, 27107639272, 27107643752, 27108697973, 27105A371D8, 473004E000 473004E200, 473004E201, 670154135, 670162248, 670007315, 670008138, 670033011, 670033866, 670035039, 670038072, 670100398","tartalom":"","lamella-alert":"","transfer_case_application_v2":["Audi ATC 2018- Q5","Audi ATC 2018- A5","Audi ATC 2018- A6","BMW ATC13-1 2015- 7 series G11, G11 LCI, G12, G12 LCI","BMW ATC13-1 2017- 5 series G30, G31, G38","BMW ATC13-1 2017- 6 series G32 GT","BMW ATC13-1 2017- X3 G01, G08","BMW ATC13-1 2018- X4 G02","BMW ATC13-1 2018- X5 G05","BMW ATC13-1 2019- 3 series G20, G21, G28","BMW ATC13-1 2019- X6 G06","BMW ATC13-1 2019- X7 G07","BMW ATC350 2008-2015 7 series F01, F02","BMW ATC350 2009-2015 X1 E84","BMW ATC350 2010-2016 5 series F07 GT, F10, F11","BMW ATC35L 2008-2015 7 series F01, F01 LCI, F02 LCI","BMW ATC35L 2009-2015 X1 E84","BMW ATC35L 2010-2016 5 series F10, F10 LCI, F11, F11 LCI, F07 GT, F07 GT LCI","BMW ATC35L 2011-2017 6 series F06, F06 LCI, F12, F12 LCI, F13 F13 LCI","BMW ATC35L 2011-2019 1 series F20, F20 LCI, F21, F21 LCI","BMW ATC35L 2012-2018 3 series F30, F30 LCI, F31, F31 LCI, F34 GT, F34 GT LCI","BMW ATC35L 2013- 4 series F32, F32 LCI, F33, F33 LCI","BMW ATC35L 2014- 2 series F22","BMW ATC450 2006-2013 X5 E70, E70 LCI","BMW ATC450 2008-2014 X6 E71 E72 Hybrid","BMW ATC450 2010-2017 X3 F25","BMW ATC45L 2006-2013 X5 E70, E70 LCI","BMW ATC45L 2008-2014 X6 E71, E72 hybrid","BMW ATC45L 2010-2017 X3 F25","BMW ATC45L 2013-2018 X5 F15","BMW ATC45L 2014- X6 M F86","BMW ATC45L 2014-2018 X4 F26","BMW ATC45L 2014-2018 X6 F16","Hyundai ATC 2008- Equus","Hyundai ATC 2008- Genesis DH","Maserati ATC 2013- Ghibli","Maserati ATC 2013- Quattroporte","Maserati ATC 2016- Levante","Porsche 95B 2008- Macan","Porsche PL72 ATC 2010- Cayenne"],"transfer_case_application":"","kulso_raktar":8,"google_ads_kep":441229,"gtin":9009381184232},"_links":{"self":[{"href":"https:\/\/transfercasepartshop.com\/hu\/wp-json\/wp\/v2\/product\/441222","targetHints":{"allow":["GET"]}}],"collection":[{"href":"https:\/\/transfercasepartshop.com\/hu\/wp-json\/wp\/v2\/product"}],"about":[{"href":"https:\/\/transfercasepartshop.com\/hu\/wp-json\/wp\/v2\/types\/product"}],"replies":[{"embeddable":true,"href":"https:\/\/transfercasepartshop.com\/hu\/wp-json\/wp\/v2\/comments?post=441222"}],"wp:featuredmedia":[{"embeddable":true,"href":"https:\/\/transfercasepartshop.com\/hu\/wp-json\/wp\/v2\/media\/441155"}],"wp:attachment":[{"href":"https:\/\/transfercasepartshop.com\/hu\/wp-json\/wp\/v2\/media?parent=441222"}],"wp:term":[{"taxonomy":"product_brand","embeddable":true,"href":"https:\/\/transfercasepartshop.com\/hu\/wp-json\/wp\/v2\/product_brand?post=441222"},{"taxonomy":"product_cat","embeddable":true,"href":"https:\/\/transfercasepartshop.com\/hu\/wp-json\/wp\/v2\/product_cat?post=441222"},{"taxonomy":"product_tag","embeddable":true,"href":"https:\/\/transfercasepartshop.com\/hu\/wp-json\/wp\/v2\/product_tag?post=441222"}],"curies":[{"name":"wp","href":"https:\/\/api.w.org\/{rel}","templated":true}]}}