{"id":437485,"date":"2025-03-27T09:28:50","date_gmt":"2025-03-27T08:28:50","guid":{"rendered":"https:\/\/transfercasepartshop.com\/?post_type=product&#038;p=437485"},"modified":"2026-03-23T10:00:56","modified_gmt":"2026-03-23T09:00:56","slug":"osztomu-hajto-tengely-pl72-atc-182-cm","status":"publish","type":"product","link":"https:\/\/transfercasepartshop.com\/hu\/porsche\/pl72-atc\/osztomu-hajto-tengely-pl72-atc-182-cm\/","title":{"rendered":"Oszt\u00f3m\u0171 hajt\u00f3 tengely (PL72 ATC) 18,2 cm"},"content":{"rendered":"<p>Magas sz\u00ednvonalon gy\u00e1rtott term\u00e9k,edzett ac\u00e9lb\u00f3l. Az oszt\u00f3m\u0171 bels\u0151 hajt\u00f3 tengely\u00e9t kapcsolja \u00f6ssze a v\u00e1lt\u00f3m\u0171 hajt\u00f3 tengely\u00e9vel. Ezzel seg\u00edtve a forgat\u00f3 nyomat\u00e9k tov\u00e1bb\u00edt\u00e1s\u00e1t a h\u00e1tuls\u00f3 hajt\u00e1sl\u00e1nc elemekre, h\u00e1ts\u00f3 kard\u00e1n tengely illetve h\u00e1ts\u00f3 differenci\u00e1lm\u0171.<\/p>\n<div class=\"faq-section\">\n<details>\n<summary>Milyen t\u00fcnetek utalnak a PL72 ATC oszt\u00f3m\u0171 hajt\u00f3 tengely meghib\u00e1sod\u00e1s\u00e1ra?<\/summary>\n<p>A leggyakoribb jel a r\u00e1ngat\u00e1s gyors\u00edt\u00e1skor, f\u00e9mes kattan\u00f3 hang a v\u00e1lt\u00f3 ir\u00e1ny\u00e1b\u00f3l, vagy legrosszabb esetben a hajt\u00e1s teljes megsz\u0171n\u00e9se. Ez \u00e1ltal\u00e1ban az\u00e9rt t\u00f6rt\u00e9nik, mert a tengely bord\u00e1s r\u00e9sze (ricni) elkopik vagy elny\u00edr\u00f3dik a nagy nyomat\u00e9k alatt.<\/p>\n<\/details>\n<details>\n<summary>Ez a tengely megfelel a gy\u00e1ri min\u0151s\u00e9gnek?<\/summary>\n<p>Igen, s\u0151t: ez a term\u00e9k speci\u00e1lisan edzett ac\u00e9lb\u00f3l k\u00e9sz\u00fcl, amelyet kifejezetten a Porsche PL72 ATC oszt\u00f3m\u0171vek nagy ig\u00e9nybev\u00e9tel\u00e9re terveztek. Az anyagszerkezete ellen\u00e1ll\u00f3bb a kop\u00e1ssal szemben, mint sok ut\u00e1ngy\u00e1rtott alternat\u00edva.<\/p>\n<\/details>\n<details>\n<summary>Pontosan melyik r\u00e9sz\u00e9t k\u00f6ti \u00f6ssze az aut\u00f3mnak ez az alkatr\u00e9sz?<\/summary>\n<p>Ez a 18,2 cm-es bels\u0151 tengely k\u00f6zvetlen kapcsolatot teremt a sebess\u00e9gv\u00e1lt\u00f3 kimen\u0151 tengelye \u00e9s az oszt\u00f3m\u0171 k\u00f6z\u00f6tt. Ez felel\u0151s az\u00e9rt, hogy a motor ereje eljusson a h\u00e1ts\u00f3 kard\u00e1ntengelyen kereszt\u00fcl a h\u00e1ts\u00f3 differenci\u00e1lm\u0171h\u00f6z.<\/p>\n<\/details>\n<details>\n<summary>Mire kell figyelnem a beszerel\u00e9s sor\u00e1n?<\/summary>\n<p>A beszerel\u00e9skor kritikus a bord\u00e1s csatlakoz\u00e1sok megfelel\u0151 zs\u00edroz\u00e1sa speci\u00e1lis, magas nyom\u00e1st\u0171r\u0151 zs\u00edrral. Emellett javasolt a kapcsol\u00f3d\u00f3 szimeringek cser\u00e9je is, hogy megakad\u00e1lyozzuk az olajsziv\u00e1rg\u00e1st \u00e9s a korr\u00f3zi\u00f3t a csatlakoz\u00e1si pontokon.<\/p>\n<\/details>\n<details>\n<summary>Biztosan j\u00f3 lesz ez a 18,2 cm-es v\u00e1ltozat az \u00e9n aut\u00f3mba?<\/summary>\n<p>Ez a tengely a PL72 ATC t\u00edpus\u00fa oszt\u00f3m\u0171vekhez k\u00e9sz\u00fclt. V\u00e1s\u00e1rl\u00e1s el\u0151tt \u00e9rdemes ellen\u0151rizni a kiszerelt alkatr\u00e9sz hossz\u00e1t, mivel l\u00e9teznek elt\u00e9r\u0151 m\u00e9ret\u0171 vari\u00e1ci\u00f3k is a k\u00fcl\u00f6nb\u00f6z\u0151 \u00e9vj\u00e1ratok \u00e9s motorv\u00e1ltozatok f\u00fcggv\u00e9ny\u00e9ben.<\/p>\n<\/details>\n<\/div>\n<p><script type=\"application\/ld+json\">\n{\n  \"@context\": \"https:\/\/schema.org\",\n  \"@type\": \"FAQPage\",\n  \"mainEntity\": [\n    {\n      \"@type\": \"Question\",\n      \"name\": \"Milyen tu00fcnetek utalnak a PL72 ATC osztu00f3mu0171 hajtu00f3 tengely meghibu00e1sodu00e1su00e1ra?\",\n      \"acceptedAnswer\": {\n        \"@type\": \"Answer\",\n        \"text\": \"A leggyakoribb jel a ru00e1ngatu00e1s gyorsu00edtu00e1skor, fu00e9mes kattanu00f3 hang a vu00e1ltu00f3 iru00e1nyu00e1bu00f3l, vagy legrosszabb esetben a hajtu00e1s teljes megszu0171nu00e9se. Ez u00e1ltalu00e1ban azu00e9rt tu00f6rtu00e9nik, mert a tengely bordu00e1s ru00e9sze (ricni) elkopik vagy elnyu00edru00f3dik a nagy nyomatu00e9k alatt.\"\n      }\n    },\n    {\n      \"@type\": \"Question\",\n      \"name\": \"Ez a tengely megfelel a gyu00e1ri minu0151su00e9gnek?\",\n      \"acceptedAnswer\": {\n        \"@type\": \"Answer\",\n        \"text\": \"Igen, su0151t: ez a termu00e9k speciu00e1lisan edzett acu00e9lbu00f3l ku00e9szu00fcl, amelyet kifejezetten a Porsche PL72 ATC osztu00f3mu0171vek nagy igu00e9nybevu00e9telu00e9re terveztek. Az anyagszerkezete ellenu00e1llu00f3bb a kopu00e1ssal szemben, mint sok utu00e1ngyu00e1rtott alternatu00edva.\"\n      }\n    },\n    {\n      \"@type\": \"Question\",\n      \"name\": \"Pontosan melyik ru00e9szu00e9t ku00f6ti u00f6ssze az autu00f3mnak ez az alkatru00e9sz?\",\n      \"acceptedAnswer\": {\n        \"@type\": \"Answer\",\n        \"text\": \"Ez a 18,2 cm-es belsu0151 tengely ku00f6zvetlen kapcsolatot teremt a sebessu00e9gvu00e1ltu00f3 kimenu0151 tengelye u00e9s az osztu00f3mu0171 ku00f6zu00f6tt. Ez felelu0151s azu00e9rt, hogy a motor ereje eljusson a hu00e1tsu00f3 kardu00e1ntengelyen keresztu00fcl a hu00e1tsu00f3 differenciu00e1lmu0171hu00f6z.\"\n      }\n    },\n    {\n      \"@type\": \"Question\",\n      \"name\": \"Mire kell figyelnem a beszerelu00e9s soru00e1n?\",\n      \"acceptedAnswer\": {\n        \"@type\": \"Answer\",\n        \"text\": \"A beszerelu00e9skor kritikus a bordu00e1s csatlakozu00e1sok megfelelu0151 zsu00edrozu00e1sa speciu00e1lis, magas nyomu00e1stu0171ru0151 zsu00edrral. Emellett javasolt a kapcsolu00f3du00f3 szimeringek cseru00e9je is, hogy megakadu00e1lyozzuk az olajszivu00e1rgu00e1st u00e9s a korru00f3ziu00f3t a csatlakozu00e1si pontokon.\"\n      }\n    },\n    {\n      \"@type\": \"Question\",\n      \"name\": \"Biztosan ju00f3 lesz ez a 18,2 cm-es vu00e1ltozat az u00e9n autu00f3mba?\",\n      \"acceptedAnswer\": {\n        \"@type\": \"Answer\",\n        \"text\": \"Ez a tengely a PL72 ATC tu00edpusu00fa osztu00f3mu0171vekhez ku00e9szu00fclt. Vu00e1su00e1rlu00e1s elu0151tt u00e9rdemes ellenu0151rizni a kiszerelt alkatru00e9sz hosszu00e1t, mivel lu00e9teznek eltu00e9ru0151 mu00e9retu0171 variu00e1ciu00f3k is a ku00fclu00f6nbu00f6zu0151 u00e9vju00e1ratok u00e9s motorvu00e1ltozatok fu00fcggvu00e9nyu00e9ben.\"\n      }\n    }\n  ]\n}\n<\/script><\/p>","protected":false},"excerpt":{"rendered":"<p>Oszt\u00f3m\u0171 tengely<\/p>","protected":false},"featured_media":437720,"comment_status":"closed","ping_status":"closed","template":"","meta":{"_acf_changed":false},"product_brand":[],"product_cat":[114,110],"product_tag":[390,210],"class_list":{"0":"post-437485","1":"product","2":"type-product","3":"status-publish","4":"has-post-thumbnail","6":"product_cat-pl72-atc","7":"product_cat-porsche","8":"product_tag-magna-powertrain","9":"product_tag-tengelyek-fogaskerekek","10":"infinite-scroll-item","11":"no-featured-image-padding","12":"resize-featured-image","13":"sales-flash-overlay","14":"woocommerce-text-align-center","15":"woocommerce-image-align-center","16":"wc-has-gallery","18":"first","19":"instock","20":"taxable","21":"shipping-taxable","22":"purchasable","23":"product-type-simple"},"acf":{"s-tec_number":"SP02009","oem-ref":"0C2341013A, 0C2341013C, 0C2341013E, 0C2341013G, 0C2341013J, 0C2341013L, 0C2341013M, 0C2341013N, 0C2341013S, 0C2341041, 0C2341041B, 0C2341041D, 0C2341041J, 0C2341041M, 95834101200, 95834101201, 95834101202, 95834101204, 95834101210, 95834101211, 95834101212, 95834101214, 958341012AX, 958341012KX, 958341012LX, 958341012MX, 958341012PX, 958341012X, 95834101008, 95834101009, 95834101033, 95834101034","tartalom":"A tengely hossza 18,2 cm","lamella-alert":"","transfer_case_application_v2":["Porsche PL72 ATC 2010- Cayenne"],"transfer_case_application":"","kulso_raktar":1,"google_ads_kep":437717,"gtin":9009381089438},"_links":{"self":[{"href":"https:\/\/transfercasepartshop.com\/hu\/wp-json\/wp\/v2\/product\/437485","targetHints":{"allow":["GET"]}}],"collection":[{"href":"https:\/\/transfercasepartshop.com\/hu\/wp-json\/wp\/v2\/product"}],"about":[{"href":"https:\/\/transfercasepartshop.com\/hu\/wp-json\/wp\/v2\/types\/product"}],"replies":[{"embeddable":true,"href":"https:\/\/transfercasepartshop.com\/hu\/wp-json\/wp\/v2\/comments?post=437485"}],"wp:featuredmedia":[{"embeddable":true,"href":"https:\/\/transfercasepartshop.com\/hu\/wp-json\/wp\/v2\/media\/437720"}],"wp:attachment":[{"href":"https:\/\/transfercasepartshop.com\/hu\/wp-json\/wp\/v2\/media?parent=437485"}],"wp:term":[{"taxonomy":"product_brand","embeddable":true,"href":"https:\/\/transfercasepartshop.com\/hu\/wp-json\/wp\/v2\/product_brand?post=437485"},{"taxonomy":"product_cat","embeddable":true,"href":"https:\/\/transfercasepartshop.com\/hu\/wp-json\/wp\/v2\/product_cat?post=437485"},{"taxonomy":"product_tag","embeddable":true,"href":"https:\/\/transfercasepartshop.com\/hu\/wp-json\/wp\/v2\/product_tag?post=437485"}],"curies":[{"name":"wp","href":"https:\/\/api.w.org\/{rel}","templated":true}]}}