{"id":436956,"date":"2025-03-06T14:00:50","date_gmt":"2025-03-06T13:00:50","guid":{"rendered":"https:\/\/transfercasepartshop.com\/?post_type=product&#038;p=436956"},"modified":"2026-04-24T11:38:01","modified_gmt":"2026-04-24T09:38:01","slug":"osztomu-lanc-w639-vito-viano-2","status":"publish","type":"product","link":"https:\/\/transfercasepartshop.com\/hu\/mercedes-benz\/w639\/osztomu-lanc-w639-vito-viano-2\/","title":{"rendered":"Oszt\u00f3m\u0171 l\u00e1nc (W639 Vito, Viano)"},"content":{"rendered":"<p>Az oszt\u00f3m\u0171ben tal\u00e1lhat\u00f3 l\u00e1nc felel az \u00e1lland\u00f3 egys\u00e9ges er\u0151\u00e1tvitel\u00e9rt. \u00d6sszek\u00f6ttet\u00e9st biztos\u00edt az els\u0151 \u00e9s h\u00e1ts\u00f3 tengely optim\u00e1lis m\u0171k\u00f6d\u00e9s\u00e9hez. Ezzel biztos\u00edtva a 4&#215;4 hajt\u00e1st.<\/p>\n<div class=\"faq-container\">\n<details>\n<summary>Honnan tudom, hogy megny\u00falt az oszt\u00f3m\u0171 l\u00e1nc a Mercedes Vit\u00f3mban?<\/summary>\n<p>A leggyakoribb jelens\u00e9g a hirtelen g\u00e1zad\u00e1skor vagy nagyobb terhel\u00e9sn\u00e9l (p\u00e9ld\u00e1ul emelked\u0151n) hallhat\u00f3 kattog\u00f3, ugr\u00e1l\u00f3 hang. Ez akkor t\u00f6rt\u00e9nik, amikor a megny\u00falt l\u00e1nc \u00e1tugrik az oszt\u00f3m\u0171 fogaskerekein, ami vesz\u00e9lyezteti a 4&#215;4 hajt\u00e1s stabilit\u00e1s\u00e1t.<\/p>\n<\/details>\n<details>\n<summary>Ez a l\u00e1nc j\u00f3 az \u00f6sszes Mercedes W639 4-Matic modellhez?<\/summary>\n<p>Igen, ez a l\u00e1nc kifejezetten a W639-es karossz\u00e9riak\u00f3d\u00fa Mercedes-Benz Vito \u00e9s Viano 4&#215;4 (\u00f6sszkerekes) kiviteleihez k\u00e9sz\u00fclt. Ha bizonytalan a kompatibilit\u00e1sban, k\u00e9rj\u00fck, ellen\u0151rizze az alv\u00e1zsz\u00e1mot koll\u00e9g\u00e1inkkal.<\/p>\n<\/details>\n<details>\n<summary>Mi t\u00f6rt\u00e9nik, ha nem cser\u00e9lem ki id\u0151ben a l\u00e1ncot?<\/summary>\n<p>A megny\u00falt l\u00e1nc nemcsak ideges\u00edt\u0151 hangot ad, hanem id\u0151vel lekoptatja az oszt\u00f3m\u0171 fogaskerekeit is. Sz\u00e9ls\u0151s\u00e9ges esetben a l\u00e1nc elszakadhat, ami az oszt\u00f3m\u0171 h\u00e1z\u00e1nak bels\u0151 sz\u00e9tver\u00e9s\u00e9hez \u00e9s a hajt\u00e1s teljes megsz\u0171n\u00e9s\u00e9hez vezethet.<\/p>\n<\/details>\n<details>\n<summary>H\u00e1zilag is kicser\u00e9lhet\u0151 az oszt\u00f3m\u0171 l\u00e1nc?<\/summary>\n<p>B\u00e1r elm\u00e9letileg lehets\u00e9ges, a csere az oszt\u00f3m\u0171 teljes sz\u00e9tszerel\u00e9s\u00e9t ig\u00e9nyli, amihez speci\u00e1lis szersz\u00e1mok \u00e9s szak\u00e9rtelem sz\u00fcks\u00e9ges. Javasoljuk, hogy keressen fel egy \u00f6sszker\u00e9khajt\u00e1sra szakosodott szervizt a szakszer\u0171 beszerel\u00e9s \u00e9rdek\u00e9ben.<\/p>\n<\/details>\n<details>\n<summary>Milyen karbantart\u00e1ssal hosszabb\u00edthat\u00f3 meg az oszt\u00f3m\u0171 l\u00e1nc \u00e9lettartama?<\/summary>\n<p>A legfontosabb a rendszeres olajcsere az oszt\u00f3m\u0171ben (kb. 60-80 ezer kilom\u00e9terenk\u00e9nt), valamint az, hogy mind a n\u00e9gy ker\u00e9ken azonos m\u00e9ret\u0171 \u00e9s kopotts\u00e1g\u00fa gumiabroncsokat haszn\u00e1ljon, \u00edgy elker\u00fclhet\u0151 a l\u00e1nc felesleges fesz\u00fcl\u00e9se.<\/p>\n<\/details>\n<\/div>\n<p><script type=\"application\/ld+json\">\n{\n  \"@context\": \"https:\/\/schema.org\",\n  \"@type\": \"FAQPage\",\n  \"mainEntity\": [\n    {\n      \"@type\": \"Question\",\n      \"name\": \"Honnan tudom, hogy megnyu00falt az osztu00f3mu0171 lu00e1nc a Mercedes Vitu00f3mban?\",\n      \"acceptedAnswer\": {\n        \"@type\": \"Answer\",\n        \"text\": \"A leggyakoribb jelensu00e9g a hirtelen gu00e1zadu00e1skor vagy nagyobb terhelu00e9snu00e9l hallhatu00f3 kattogu00f3, ugru00e1lu00f3 hang, amikor a megnyu00falt lu00e1nc u00e1tugrik az osztu00f3mu0171 fogaskerekein.\"\n      }\n    },\n    {\n      \"@type\": \"Question\",\n      \"name\": \"Ez a lu00e1nc ju00f3 az u00f6sszes Mercedes W639 4-Matic modellhez?\",\n      \"acceptedAnswer\": {\n        \"@type\": \"Answer\",\n        \"text\": \"Igen, ez a lu00e1nc kifejezetten a W639-es karosszu00e9riaku00f3du00fa Mercedes-Benz Vito u00e9s Viano 4x4 (u00f6sszkerekes) kiviteleihez ku00e9szu00fclt.\"\n      }\n    },\n    {\n      \"@type\": \"Question\",\n      \"name\": \"Mi tu00f6rtu00e9nik, ha nem cseru00e9lem ki idu0151ben a lu00e1ncot?\",\n      \"acceptedAnswer\": {\n        \"@type\": \"Answer\",\n        \"text\": \"A megnyu00falt lu00e1nc lekoptathatja a fogaskerekeket, elszakadhat, u00e9s aku00e1r az osztu00f3mu0171 hu00e1zu00e1t is tu00f6nkreteheti, ami teljes hajtu00e1svesztu00e9shez vezet.\"\n      }\n    },\n    {\n      \"@type\": \"Question\",\n      \"name\": \"Hu00e1zilag is kicseru00e9lhetu0151 az osztu00f3mu0171 lu00e1nc?\",\n      \"acceptedAnswer\": {\n        \"@type\": \"Answer\",\n        \"text\": \"Mivel az osztu00f3mu0171 teljes szu00e9tszerelu00e9su00e9t igu00e9nyli, javasoljuk, hogy szakmu0171helyben, speciu00e1lis szerszu00e1mokkal vu00e9gezzu00e9k el a cseru00e9t.\"\n      }\n    },\n    {\n      \"@type\": \"Question\",\n      \"name\": \"Milyen karbantartu00e1ssal hosszabbu00edthatu00f3 meg az osztu00f3mu0171 lu00e1nc u00e9lettartama?\",\n      \"acceptedAnswer\": {\n        \"@type\": \"Answer\",\n        \"text\": \"Rendszeres osztu00f3mu0171 olajcseru00e9vel u00e9s azonos kopottsu00e1gu00fa\/mu00e9retu0171 gumiabroncsok hasznu00e1latu00e1val mind a nu00e9gy keru00e9ken.\"\n      }\n    }\n  ]\n}\n<\/script><\/p>","protected":false},"excerpt":{"rendered":"<p>Oszt\u00f3m\u0171 l\u00e1nc<\/p>","protected":false},"featured_media":436960,"comment_status":"closed","ping_status":"closed","template":"","meta":{"_acf_changed":false},"product_brand":[],"product_cat":[380,105,379],"product_tag":[212,424],"class_list":{"0":"post-436956","1":"product","2":"type-product","3":"status-publish","4":"has-post-thumbnail","6":"product_cat-w639","7":"product_cat-mercedes-benz","8":"product_cat-w638","9":"product_tag-lancok","10":"product_tag-tcp-automotive","11":"infinite-scroll-item","12":"no-featured-image-padding","13":"resize-featured-image","14":"sales-flash-overlay","15":"woocommerce-text-align-center","16":"woocommerce-image-align-center","17":"wc-has-gallery","19":"first","20":"instock","21":"sale","22":"taxable","23":"shipping-taxable","24":"purchasable","25":"product-type-simple"},"acf":{"s-tec_number":"Kowze","oem-ref":"A 639 280 06 00, A 639 280 06 00 80","tartalom":"44 szem, 26mm a l\u00e1nc sz\u00e9less\u00e9ge","lamella-alert":"","transfer_case_application_v2":["Mercedes-Benz W638 2010- Viano","Mercedes-Benz W638 2010- Vito"],"transfer_case_application":"","kulso_raktar":8,"google_ads_kep":436957,"gtin":""},"_links":{"self":[{"href":"https:\/\/transfercasepartshop.com\/hu\/wp-json\/wp\/v2\/product\/436956","targetHints":{"allow":["GET"]}}],"collection":[{"href":"https:\/\/transfercasepartshop.com\/hu\/wp-json\/wp\/v2\/product"}],"about":[{"href":"https:\/\/transfercasepartshop.com\/hu\/wp-json\/wp\/v2\/types\/product"}],"replies":[{"embeddable":true,"href":"https:\/\/transfercasepartshop.com\/hu\/wp-json\/wp\/v2\/comments?post=436956"}],"wp:featuredmedia":[{"embeddable":true,"href":"https:\/\/transfercasepartshop.com\/hu\/wp-json\/wp\/v2\/media\/436960"}],"wp:attachment":[{"href":"https:\/\/transfercasepartshop.com\/hu\/wp-json\/wp\/v2\/media?parent=436956"}],"wp:term":[{"taxonomy":"product_brand","embeddable":true,"href":"https:\/\/transfercasepartshop.com\/hu\/wp-json\/wp\/v2\/product_brand?post=436956"},{"taxonomy":"product_cat","embeddable":true,"href":"https:\/\/transfercasepartshop.com\/hu\/wp-json\/wp\/v2\/product_cat?post=436956"},{"taxonomy":"product_tag","embeddable":true,"href":"https:\/\/transfercasepartshop.com\/hu\/wp-json\/wp\/v2\/product_tag?post=436956"}],"curies":[{"name":"wp","href":"https:\/\/api.w.org\/{rel}","templated":true}]}}