{"id":435656,"date":"2024-12-02T15:16:53","date_gmt":"2024-12-02T14:16:53","guid":{"rendered":"https:\/\/transfercasepartshop.com\/?post_type=product&#038;p=435656"},"modified":"2026-03-23T09:59:59","modified_gmt":"2026-03-23T08:59:59","slug":"osztomu-kuplung-hezagolo-alatet-atc350-atc35l-atc45l-atc450-atc13-1","status":"publish","type":"product","link":"https:\/\/transfercasepartshop.com\/hu\/bmw\/osztomu-kuplung-hezagolo-alatet-atc350-atc35l-atc45l-atc450-atc13-1\/","title":{"rendered":"Oszt\u00f3m\u0171 kuplung h\u00e9zagol\u00f3 al\u00e1t\u00e9t (ATC350, ATC35L, ATC45L, ATC450, ATC13-1)"},"content":{"rendered":"<p>Az oszt\u00f3m\u0171ben tal\u00e1lhat\u00f3 kuplung megfelel\u0151 z\u00e1r\u00e1si sz\u00f6g\u00e9t a h\u00e9zagol\u00f3 al\u00e1t\u00e9ttel szab\u00e1lyozzuk.<\/p>\n<details>\n<summary>Mire szolg\u00e1l pontosan az oszt\u00f3m\u0171 kuplung h\u00e9zagol\u00f3 al\u00e1t\u00e9t?<\/summary>\n<p>Ez az al\u00e1t\u00e9t felel\u0151s az oszt\u00f3m\u0171ben l\u00e9v\u0151 kuplungcsomag prec\u00edz z\u00e1r\u00e1si sz\u00f6g\u00e9nek \u00e9s alaphelyzet\u00e9nek be\u00e1ll\u00edt\u00e1s\u00e1\u00e9rt. Seg\u00edts\u00e9g\u00e9vel szab\u00e1lyozhat\u00f3 a lamell\u00e1k k\u00f6z\u00f6tti h\u00e9zag, ami elengedhetetlen a z\u00f6kken\u0151mentes nyomat\u00e9k\u00e1tvitelhez \u00e9s az alkatr\u00e9szek hossz\u00fa \u00e9lettartam\u00e1hoz.<\/p>\n<\/details>\n<details>\n<summary>Milyen t\u00fcneteket tapasztalhatok, ha nem megfelel\u0151 a kuplung h\u00e9zagol\u00e1sa?<\/summary>\n<p>A leggyakoribb t\u00fcnet a r\u00e1ngat\u00e1s kanyarod\u00e1skor vagy intenz\u00edv gyors\u00edt\u00e1skor, valamint az \u00f6sszker\u00e9khajt\u00e1s bizonytalan m\u0171k\u00f6d\u00e9se. Ha a h\u00e9zag t\u00fal nagy vagy t\u00fal kicsi, a kuplunglamell\u00e1k id\u0151 el\u0151tt elkophatnak, ami az oszt\u00f3m\u0171 teljes meghib\u00e1sod\u00e1s\u00e1hoz vezethet.<\/p>\n<\/details>\n<details>\n<summary>Melyik BMW oszt\u00f3m\u0171 t\u00edpusokhoz haszn\u00e1lhat\u00f3 ez az alkatr\u00e9sz?<\/summary>\n<p>Ez a h\u00e9zagol\u00f3 al\u00e1t\u00e9t kifejezetten a modernebb BMW modellekben tal\u00e1lhat\u00f3 ATC350, ATC35L, ATC450, ATC45L \u00e9s ATC13-1 t\u00edpus\u00fa oszt\u00f3m\u0171vekhez lett tervezve. Ezeket jellemz\u0151en az F-sz\u00e9ri\u00e1s (pl. F10, F15, F25) BMW-kben haszn\u00e1lj\u00e1k.<\/p>\n<\/details>\n<details>\n<summary>Otthon is elv\u00e9gezhet\u0151 a h\u00e9zagol\u00f3 al\u00e1t\u00e9t cser\u00e9je?<\/summary>\n<p>A csere az oszt\u00f3m\u0171 teljes sz\u00e9tszerel\u00e9s\u00e9t \u00e9s speci\u00e1lis m\u00e9r\u0151eszk\u00f6z\u00f6k haszn\u00e1lat\u00e1t ig\u00e9nyli a pontos h\u00e9zag be\u00e1ll\u00edt\u00e1s\u00e1hoz. Mivel a nem megfelel\u0151 illeszt\u00e9s s\u00falyos mechanikai k\u00e1rokat okozhat, javasoljuk, hogy a jav\u00edt\u00e1st b\u00edzza v\u00e1lt\u00f3- \u00e9s oszt\u00f3m\u0171-specialista szakemberre.<\/p>\n<\/details>\n<p><script type=\"application\/ld+json\">\n{\n  \"@context\": \"https:\/\/schema.org\",\n  \"@type\": \"FAQPage\",\n  \"mainEntity\": [\n    {\n      \"@type\": \"Question\",\n      \"name\": \"Mire szolgu00e1l pontosan az osztu00f3mu0171 kuplung hu00e9zagolu00f3 alu00e1tu00e9t?\",\n      \"acceptedAnswer\": {\n        \"@type\": \"Answer\",\n        \"text\": \"Ez az alu00e1tu00e9t felelu0151s az osztu00f3mu0171ben lu00e9vu0151 kuplungcsomag precu00edz zu00e1ru00e1si szu00f6gu00e9nek u00e9s alaphelyzetu00e9nek beu00e1llu00edtu00e1su00e1u00e9rt. Segu00edtsu00e9gu00e9vel szabu00e1lyozhatu00f3 a lamellu00e1k ku00f6zu00f6tti hu00e9zag, ami elengedhetetlen a zu00f6kkenu0151mentes nyomatu00e9ku00e1tvitelhez u00e9s az alkatru00e9szek hosszu00fa u00e9lettartamu00e1hoz.\"\n      }\n    },\n    {\n      \"@type\": \"Question\",\n      \"name\": \"Milyen tu00fcneteket tapasztalhatok, ha nem megfelelu0151 a kuplung hu00e9zagolu00e1sa?\",\n      \"acceptedAnswer\": {\n        \"@type\": \"Answer\",\n        \"text\": \"A leggyakoribb tu00fcnet a ru00e1ngatu00e1s kanyarodu00e1skor vagy intenzu00edv gyorsu00edtu00e1skor, valamint az u00f6sszkeru00e9khajtu00e1s bizonytalan mu0171ku00f6du00e9se. Ha a hu00e9zag tu00fal nagy vagy tu00fal kicsi, a kuplunglamellu00e1k idu0151 elu0151tt elkophatnak, ami az osztu00f3mu0171 teljes meghibu00e1sodu00e1su00e1hoz vezethet.\"\n      }\n    },\n    {\n      \"@type\": \"Question\",\n      \"name\": \"Melyik BMW osztu00f3mu0171 tu00edpusokhoz hasznu00e1lhatu00f3 ez az alkatru00e9sz?\",\n      \"acceptedAnswer\": {\n        \"@type\": \"Answer\",\n        \"text\": \"Ez a hu00e9zagolu00f3 alu00e1tu00e9t kifejezetten a modernebb BMW modellekben talu00e1lhatu00f3 ATC350, ATC35L, ATC450, ATC45L u00e9s ATC13-1 tu00edpusu00fa osztu00f3mu0171vekhez lett tervezve. Ezeket jellemzu0151en az F-szu00e9riu00e1s (pl. F10, F15, F25) BMW-kben hasznu00e1lju00e1k.\"\n      }\n    },\n    {\n      \"@type\": \"Question\",\n      \"name\": \"Otthon is elvu00e9gezhetu0151 a hu00e9zagolu00f3 alu00e1tu00e9t cseru00e9je?\",\n      \"acceptedAnswer\": {\n        \"@type\": \"Answer\",\n        \"text\": \"A csere az osztu00f3mu0171 teljes szu00e9tszerelu00e9su00e9t u00e9s speciu00e1lis mu00e9ru0151eszku00f6zu00f6k hasznu00e1latu00e1t igu00e9nyli a pontos hu00e9zag beu00e1llu00edtu00e1su00e1hoz. Mivel a nem megfelelu0151 illesztu00e9s su00falyos mechanikai ku00e1rokat okozhat, javasoljuk, hogy a javu00edtu00e1st bu00edzza vu00e1ltu00f3- u00e9s osztu00f3mu0171-specialista szakemberre.\"\n      }\n    }\n  ]\n}\n<\/script><\/p>","protected":false},"excerpt":{"rendered":"<p>Oszt\u00f3m\u0171 kuplung h\u00e9zagol\u00f3 al\u00e1t\u00e9t<\/p>","protected":false},"featured_media":435865,"comment_status":"closed","ping_status":"closed","template":"","meta":{"_acf_changed":false},"product_brand":[],"product_cat":[86,87,89,88,66,90],"product_tag":[208,390],"class_list":{"0":"post-435656","1":"product","2":"type-product","3":"status-publish","4":"has-post-thumbnail","6":"product_cat-bmw","7":"product_cat-atc13-1","8":"product_cat-atc350","9":"product_cat-atc35l","10":"product_cat-atc450","11":"product_cat-atc45l","12":"product_tag-kuplung-alkatreszei","13":"product_tag-magna-powertrain","14":"infinite-scroll-item","15":"no-featured-image-padding","16":"resize-featured-image","17":"sales-flash-overlay","18":"woocommerce-text-align-center","19":"woocommerce-image-align-center","20":"wc-has-gallery","22":"first","23":"instock","24":"taxable","25":"shipping-taxable","26":"purchasable","27":"product-type-simple"},"acf":{"s-tec_number":"","oem-ref":"TCP","tartalom":"A csomag tartalmaz 2 db 0,1 mm-es, 2 db 0,2 mm-es \u00e9s 2 db 0,3 mm-es vastags\u00e1g\u00fa h\u00e9zagol\u00f3 lemezt.","lamella-alert":"","transfer_case_application_v2":["BMW ATC13-1 2015- 7 series G11, G11 LCI, G12, G12 LCI","BMW ATC13-1 2017- 5 series G30, G31, G38","BMW ATC13-1 2017- 6 series G32 GT","BMW ATC13-1 2017- X3 G01, G08","BMW ATC13-1 2018- X4 G02","BMW ATC13-1 2018- X5 G05","BMW ATC13-1 2019- 3 series G20, G21, G28","BMW ATC13-1 2019- X6 G06","BMW ATC13-1 2019- X7 G07","BMW ATC350 2008-2015 7 series F01, F02","BMW ATC350 2009-2015 X1 E84","BMW ATC350 2010-2016 5 series F07 GT, F10, F11","BMW ATC35L 2008-2015 7 series F01, F01 LCI, F02 LCI","BMW ATC35L 2009-2015 X1 E84","BMW ATC35L 2010-2016 5 series F10, F10 LCI, F11, F11 LCI, F07 GT, F07 GT LCI","BMW ATC35L 2011-2017 6 series F06, F06 LCI, F12, F12 LCI, F13 F13 LCI","BMW ATC35L 2011-2019 1 series F20, F20 LCI, F21, F21 LCI","BMW ATC35L 2012-2018 3 series F30, F30 LCI, F31, F31 LCI, F34 GT, F34 GT LCI","BMW ATC35L 2013- 4 series F32, F32 LCI, F33, F33 LCI","BMW ATC35L 2014- 2 series F22","BMW ATC450 2006-2013 X5 E70, E70 LCI","BMW ATC450 2008-2014 X6 E71, E72 hybrid","BMW ATC450 2010-2017 X3 F25","BMW ATC45L 2006-2013 X5 E70, E70 LCI","BMW ATC45L 2008-2014 X6 E71, E72 hybrid","BMW ATC45L 2010-2017 X3 F25","BMW ATC45L 2013-2018 X5 F15","BMW ATC45L 2014- X6 M F86","BMW ATC45L 2014-2018 X4 F26","BMW ATC45L 2014-2018 X6 F16"],"transfer_case_application":"","kulso_raktar":5,"google_ads_kep":435862,"gtin":""},"_links":{"self":[{"href":"https:\/\/transfercasepartshop.com\/hu\/wp-json\/wp\/v2\/product\/435656","targetHints":{"allow":["GET"]}}],"collection":[{"href":"https:\/\/transfercasepartshop.com\/hu\/wp-json\/wp\/v2\/product"}],"about":[{"href":"https:\/\/transfercasepartshop.com\/hu\/wp-json\/wp\/v2\/types\/product"}],"replies":[{"embeddable":true,"href":"https:\/\/transfercasepartshop.com\/hu\/wp-json\/wp\/v2\/comments?post=435656"}],"wp:featuredmedia":[{"embeddable":true,"href":"https:\/\/transfercasepartshop.com\/hu\/wp-json\/wp\/v2\/media\/435865"}],"wp:attachment":[{"href":"https:\/\/transfercasepartshop.com\/hu\/wp-json\/wp\/v2\/media?parent=435656"}],"wp:term":[{"taxonomy":"product_brand","embeddable":true,"href":"https:\/\/transfercasepartshop.com\/hu\/wp-json\/wp\/v2\/product_brand?post=435656"},{"taxonomy":"product_cat","embeddable":true,"href":"https:\/\/transfercasepartshop.com\/hu\/wp-json\/wp\/v2\/product_cat?post=435656"},{"taxonomy":"product_tag","embeddable":true,"href":"https:\/\/transfercasepartshop.com\/hu\/wp-json\/wp\/v2\/product_tag?post=435656"}],"curies":[{"name":"wp","href":"https:\/\/api.w.org\/{rel}","templated":true}]}}