{"id":433944,"date":"2024-10-08T15:38:49","date_gmt":"2024-10-08T13:38:49","guid":{"rendered":"https:\/\/transfercasepartshop.com\/?post_type=product&#038;p=433944"},"modified":"2026-03-23T09:59:30","modified_gmt":"2026-03-23T08:59:30","slug":"zarogyuru-itc-dd295-itc-pla-dcd-dcs-atc350-atc35l-atc45l-hyundai-atc","status":"publish","type":"product","link":"https:\/\/transfercasepartshop.com\/hu\/bmw\/zarogyuru-itc-dd295-itc-pla-dcd-dcs-atc350-atc35l-atc45l-hyundai-atc\/","title":{"rendered":"Z\u00e1r\u00f3gy\u0171r\u0171 (ITC DD295, ITC PLA, DCD, DCS, ATC350, ATC35L, ATC45L, Hyundai ATC)"},"content":{"rendered":"<p>A z\u00e1r\u00f3gy\u0171r\u0171 r\u00f6gz\u00edti a csap\u00e1gyakat \u00e9s a tengelyeket.<\/p>\n<details>\n<summary>Milyen feladatot l\u00e1t el a z\u00e1r\u00f3gy\u0171r\u0171 az oszt\u00f3m\u0171ben?<\/summary>\n<p>A z\u00e1r\u00f3gy\u0171r\u0171 kritikus fontoss\u00e1g\u00fa alkatr\u00e9sz, amely a csap\u00e1gyak \u00e9s a tengelyek pontos axi\u00e1lis r\u00f6gz\u00edt\u00e9s\u00e9\u00e9rt felel\u0151s. Megakad\u00e1lyozza az alkatr\u00e9szek elmozdul\u00e1s\u00e1t nagy terhel\u00e9s alatt, biztos\u00edtva az oszt\u00f3m\u0171 stabil m\u0171k\u00f6d\u00e9s\u00e9t BMW, Mercedes \u00e9s Land Rover modellekn\u00e9l.<\/p>\n<\/details>\n<details>\n<summary>Honnan tudhatom, ha ki kell cser\u00e9lni a z\u00e1r\u00f3gy\u0171r\u0171t?<\/summary>\n<p>Ha az oszt\u00f3m\u0171 fel\u00faj\u00edt\u00e1sa sor\u00e1n azt l\u00e1tja, hogy a gy\u0171r\u0171 megny\u00falt, deform\u00e1l\u00f3dott vagy elvesztette a rugalmass\u00e1g\u00e1t, azonnal cser\u00e9lni kell. A gyenge r\u00f6gz\u00edt\u00e9s tengelyir\u00e1ny\u00fa j\u00e1t\u00e9khoz vezethet, ami t\u00f6nkreteheti a csap\u00e1gyakat \u00e9s fogaskerekeket.<\/p>\n<\/details>\n<details>\n<summary>Kompatibilis ez az alkatr\u00e9sz a 2014-es BMW X5-\u00f6s\u00f6mh\u00f6z?<\/summary>\n<p>Igen, amennyiben az aut\u00f3ja ATC35L vagy ATC45L t\u00edpus\u00fa oszt\u00f3m\u0171vel van szerelve. Ez a z\u00e1r\u00f3gy\u0171r\u0171 kifejezetten a modern BMW ATC sz\u00e9ri\u00e1khoz, valamint bizonyos Mercedes DCD\/DCS \u00e9s Land Rover ITC egys\u00e9gekhez k\u00e9sz\u00fclt.<\/p>\n<\/details>\n<details>\n<summary>Sz\u00fcks\u00e9ges speci\u00e1lis szersz\u00e1m a z\u00e1r\u00f3gy\u0171r\u0171 be\u00e9p\u00edt\u00e9s\u00e9hez?<\/summary>\n<p>Igen, a szakszer\u0171 be\u00e9p\u00edt\u00e9shez megfelel\u0151 m\u00e9ret\u0171 seeger-gy\u0171r\u0171 fog\u00f3 vagy speci\u00e1lis fesz\u00edt\u0151szersz\u00e1m sz\u00fcks\u00e9ges. A nem megfelel\u0151 szersz\u00e1m haszn\u00e1lata a gy\u0171r\u0171 maradand\u00f3 alakv\u00e1ltoz\u00e1s\u00e1t okozhatja, ami r\u00f6gz\u00edt\u00e9si hib\u00e1hoz vezet.<\/p>\n<\/details>\n<details>\n<summary>Haszn\u00e1lhat\u00f3 ez a gy\u0171r\u0171 Hyundai ATC oszt\u00f3m\u0171vekhez is?<\/summary>\n<p>Igen, a term\u00e9k kompatibilis a Hyundai ATC rendszerekkel is, biztos\u00edtva ugyanazt a gy\u00e1ri szint\u0171 illeszked\u00e9st \u00e9s r\u00f6gz\u00edt\u00e9si biztons\u00e1got, mint a t\u00f6bbi felsorolt m\u00e1rka eset\u00e9ben.<\/p>\n<\/details>\n<p><script type=\"application\/ld+json\">\n{\n  \"@context\": \"https:\/\/schema.org\",\n  \"@type\": \"FAQPage\",\n  \"mainEntity\": [\n    {\n      \"@type\": \"Question\",\n      \"name\": \"Milyen feladatot lu00e1t el a zu00e1ru00f3gyu0171ru0171 az osztu00f3mu0171ben?\",\n      \"acceptedAnswer\": {\n        \"@type\": \"Answer\",\n        \"text\": \"A zu00e1ru00f3gyu0171ru0171 kritikus fontossu00e1gu00fa alkatru00e9sz, amely a csapu00e1gyak u00e9s a tengelyek pontos axiu00e1lis ru00f6gzu00edtu00e9su00e9u00e9rt felelu0151s. Megakadu00e1lyozza az alkatru00e9szek elmozdulu00e1su00e1t nagy terhelu00e9s alatt.\"\n      }\n    },\n    {\n      \"@type\": \"Question\",\n      \"name\": \"Honnan tudhatom, ha ki kell cseru00e9lni a zu00e1ru00f3gyu0171ru0171t?\",\n      \"acceptedAnswer\": {\n        \"@type\": \"Answer\",\n        \"text\": \"Ha az osztu00f3mu0171 felu00faju00edtu00e1sa soru00e1n azt lu00e1tja, hogy a gyu0171ru0171 megnyu00falt, deformu00e1lu00f3dott vagy elvesztette a rugalmassu00e1gu00e1t, azonnal cseru00e9lni kell. A gyenge ru00f6gzu00edtu00e9s tengelyiru00e1nyu00fa ju00e1tu00e9khoz vezethet.\"\n      }\n    },\n    {\n      \"@type\": \"Question\",\n      \"name\": \"Kompatibilis ez az alkatru00e9sz a 2014-es BMW X5-u00f6su00f6mhu00f6z?\",\n      \"acceptedAnswer\": {\n        \"@type\": \"Answer\",\n        \"text\": \"Igen, amennyiben az autu00f3ja ATC35L vagy ATC45L tu00edpusu00fa osztu00f3mu0171vel van szerelve. Ez a zu00e1ru00f3gyu0171ru0171 kifejezetten a modern BMW ATC szu00e9riu00e1khoz ku00e9szu00fclt.\"\n      }\n    },\n    {\n      \"@type\": \"Question\",\n      \"name\": \"Szu00fcksu00e9ges speciu00e1lis szerszu00e1m a zu00e1ru00f3gyu0171ru0171 beu00e9pu00edtu00e9su00e9hez?\",\n      \"acceptedAnswer\": {\n        \"@type\": \"Answer\",\n        \"text\": \"Igen, a szakszeru0171 beu00e9pu00edtu00e9shez megfelelu0151 mu00e9retu0171 seeger-gyu0171ru0171 fogu00f3 vagy speciu00e1lis feszu00edtu0151szerszu00e1m szu00fcksu00e9ges a maradandu00f3 alakvu00e1ltozu00e1s elkeru00fclu00e9se u00e9rdeku00e9ben.\"\n      }\n    },\n    {\n      \"@type\": \"Question\",\n      \"name\": \"Hasznu00e1lhatu00f3 ez a gyu0171ru0171 Hyundai ATC osztu00f3mu0171vekhez is?\",\n      \"acceptedAnswer\": {\n        \"@type\": \"Answer\",\n        \"text\": \"Igen, a termu00e9k kompatibilis a Hyundai ATC rendszerekkel is, biztosu00edtva a gyu00e1ri szintu0171 illeszkedu00e9st u00e9s ru00f6gzu00edtu00e9si biztonsu00e1got.\"\n      }\n    }\n  ]\n}\n<\/script><\/p>","protected":false},"excerpt":{"rendered":"<p>A z\u00e1r\u00f3gy\u0171r\u0171 r\u00f6gz\u00edti a csap\u00e1gyakat \u00e9s a tengelyeket. Milyen feladatot l\u00e1t el a z\u00e1r\u00f3gy\u0171r\u0171 az oszt\u00f3m\u0171ben? A z\u00e1r\u00f3gy\u0171r\u0171 kritikus fontoss\u00e1g\u00fa alkatr\u00e9sz, amely a csap\u00e1gyak \u00e9s &#8230; <\/p>\n<p class=\"read-more-container\"><a title=\"Z\u00e1r\u00f3gy\u0171r\u0171 (ITC DD295, ITC PLA, DCD, DCS, ATC350, ATC35L, ATC45L, Hyundai ATC)\" class=\"read-more button\" href=\"https:\/\/transfercasepartshop.com\/hu\/bmw\/zarogyuru-itc-dd295-itc-pla-dcd-dcs-atc350-atc35l-atc45l-hyundai-atc\/#more-433944\" aria-label=\"Read more about Z\u00e1r\u00f3gy\u0171r\u0171 (ITC DD295, ITC PLA, DCD, DCS, ATC350, ATC35L, ATC45L, Hyundai ATC)\">Tov\u00e1bb<\/a><\/p>","protected":false},"featured_media":434852,"comment_status":"closed","ping_status":"closed","template":"","meta":{"_acf_changed":false},"product_brand":[],"product_cat":[86,89,88,66,90,105,106,107,100,101,102,99],"product_tag":[209],"class_list":{"0":"post-433944","1":"product","2":"type-product","3":"status-publish","4":"has-post-thumbnail","6":"product_cat-bmw","7":"product_cat-atc350","8":"product_cat-atc35l","9":"product_cat-atc450","10":"product_cat-atc45l","11":"product_cat-mercedes-benz","12":"product_cat-dcd","13":"product_cat-dcs","14":"product_cat-land-rover","15":"product_cat-itc-dd295-2","16":"product_cat-itc-pla","17":"product_cat-hyundai-atc","18":"product_tag-szimeringek-tomitesek","19":"infinite-scroll-item","20":"no-featured-image-padding","21":"resize-featured-image","22":"sales-flash-overlay","23":"woocommerce-text-align-center","24":"woocommerce-image-align-center","25":"wc-has-gallery","27":"first","28":"instock","29":"taxable","30":"shipping-taxable","31":"purchasable","32":"product-type-simple"},"acf":{"s-tec_number":"SP00312","oem-ref":"","tartalom":"A csomag tartalmaz 5db m\u00e9retpontos gy\u00e1ri z\u00e1r\u00f3gy\u0171r\u0171t.","lamella-alert":"","transfer_case_application_v2":["BMW ATC350 2008-2015 7 series F01, F02","BMW ATC350 2009-2015 X1 E84","BMW ATC350 2010-2016 5 series F07 GT, F10, F11","BMW ATC35L 2008-2015 7 series F01, F01 LCI, F02 LCI","BMW ATC35L 2009-2015 X1 E84","BMW ATC35L 2010-2016 5 series F10, F10 LCI, F11, F11 LCI, F07 GT, F07 GT LCI","BMW ATC35L 2011-2017 6 series F06, F06 LCI, F12, F12 LCI, F13 F13 LCI","BMW ATC35L 2011-2019 1 series F20, F20 LCI, F21, F21 LCI","BMW ATC35L 2012-2018 3 series F30, F30 LCI, F31, F31 LCI, F34 GT, F34 GT LCI","BMW ATC35L 2013- 4 series F32, F32 LCI, F33, F33 LCI","BMW ATC35L 2014- 2 series F22","BMW ATC450 2006-2013 X5 E70, E70 LCI","BMW ATC450 2010-2017 X3 F25","BMW ATC45L 2006-2013 X5 E70, E70 LCI","BMW ATC45L 2008-2014 X6 E71, E72 hybrid","BMW ATC45L 2010-2017 X3 F25","BMW ATC45L 2013-2018 X5 F15","BMW ATC45L 2014- X6 M F86","BMW ATC45L 2014-2018 X4 F26","BMW ATC45L 2014-2018 X6 F16","Hyundai ATC 2008- Equus","Hyundai ATC 2008- Genesis DH","Land Rover ITC DD295 2004- Discovery3","Land Rover ITC DD295 2004- Discovery4","Land Rover ITC DD295 2004- Range Rover Sport","Land Rover ITC PLA 2004- Discovery3","Land Rover ITC PLA 2004- Discovery4","Land Rover ITC PLA 2004- Range Rover Sport","Mercedes-Benz DCD 2004- GL offroad package","Mercedes-Benz DCD 2004- ML offroad package","Mercedes-Benz DCD 2015- GLE Class","Mercedes-Benz DCD 2015- GLE Class Coupe","Mercedes-Benz DCD 2015- GLS","Mercedes-Benz DCS 2005- ML","Mercedes-Benz DCS 2005- R","Mercedes-Benz DCS 2006- GL","Mercedes-Benz DCS 2006- ML","Mercedes-Benz DCS 2006- R-Klasse","Mercedes-Benz DCS 2015- GLE Class","Mercedes-Benz DCS 2015- GLE Class Coupe","Mercedes-Benz DCS 2015- GLS"],"transfer_case_application":"","kulso_raktar":3,"google_ads_kep":433945,"gtin":9009381002055},"_links":{"self":[{"href":"https:\/\/transfercasepartshop.com\/hu\/wp-json\/wp\/v2\/product\/433944","targetHints":{"allow":["GET"]}}],"collection":[{"href":"https:\/\/transfercasepartshop.com\/hu\/wp-json\/wp\/v2\/product"}],"about":[{"href":"https:\/\/transfercasepartshop.com\/hu\/wp-json\/wp\/v2\/types\/product"}],"replies":[{"embeddable":true,"href":"https:\/\/transfercasepartshop.com\/hu\/wp-json\/wp\/v2\/comments?post=433944"}],"wp:featuredmedia":[{"embeddable":true,"href":"https:\/\/transfercasepartshop.com\/hu\/wp-json\/wp\/v2\/media\/434852"}],"wp:attachment":[{"href":"https:\/\/transfercasepartshop.com\/hu\/wp-json\/wp\/v2\/media?parent=433944"}],"wp:term":[{"taxonomy":"product_brand","embeddable":true,"href":"https:\/\/transfercasepartshop.com\/hu\/wp-json\/wp\/v2\/product_brand?post=433944"},{"taxonomy":"product_cat","embeddable":true,"href":"https:\/\/transfercasepartshop.com\/hu\/wp-json\/wp\/v2\/product_cat?post=433944"},{"taxonomy":"product_tag","embeddable":true,"href":"https:\/\/transfercasepartshop.com\/hu\/wp-json\/wp\/v2\/product_tag?post=433944"}],"curies":[{"name":"wp","href":"https:\/\/api.w.org\/{rel}","templated":true}]}}