{"id":432796,"date":"2024-08-01T17:07:34","date_gmt":"2024-08-01T15:07:34","guid":{"rendered":"https:\/\/transfercasepartshop.com\/?post_type=product&#038;p=432796"},"modified":"2026-03-23T09:58:25","modified_gmt":"2026-03-23T08:58:25","slug":"osztomu-allitomotor-fr-atc35l","status":"publish","type":"product","link":"https:\/\/transfercasepartshop.com\/hu\/bmw\/osztomu-allitomotor-fr-atc35l\/","title":{"rendered":"Oszt\u00f3m\u0171 \u00e1ll\u00edt\u00f3motor FR (ATC35L)"},"content":{"rendered":"<p>Az oszt\u00f3m\u0171 kuplung z\u00e1r\u00e1s\u00e1t, az oszt\u00f3m\u0171 \u00e1ll\u00edt\u00f3motor hajtja v\u00e9gre. Ezzel biztos\u00edtva az \u00f6sszker\u00e9k hajt\u00e1st.<\/p>\n<details>\n<summary>Mi\u00e9rt r\u00e1ngat az aut\u00f3m gyors\u00edt\u00e1skor? Lehet ez az oszt\u00f3m\u0171 \u00e1ll\u00edt\u00f3motor hib\u00e1ja?<\/summary>\n<div>Igen, a gyors\u00edt\u00e1skor \u00e9rezhet\u0151 r\u00e1ngat\u00e1s vagy bizonytalan tapad\u00e1s az egyik leggyakoribb jele annak, hogy az \u00e1ll\u00edt\u00f3motor nem tudja megfelel\u0151en szab\u00e1lyozni a kuplung z\u00e1r\u00e1s\u00e1t. Ez az alkatr\u00e9sz felel az \u00f6sszker\u00e9khajt\u00e1s\u00e9rt, \u00edgy ha elkopik vagy elromlik, a hajt\u00e1s eloszt\u00e1sa pontatlann\u00e1 v\u00e1lik.<\/div>\n<\/details>\n<details>\n<summary>Milyen BMW modellekkel kompatibilis ez az ATC35L motor?<\/summary>\n<div>Ez az \u00e1ll\u00edt\u00f3motor kifejezetten a BMW ATC350, ATC35L, ATC450 \u00e9s ATC45L t\u00edpus\u00fa oszt\u00f3m\u0171veihez k\u00e9sz\u00fclt. Jellemz\u0151en az F-sz\u00e9ri\u00e1s BMW-kben (p\u00e9ld\u00e1ul 5-\u00f6s, X3, X5, X6 modellekben) tal\u00e1lhat\u00f3 meg, ahol ezeket az egys\u00e9geket alkalmazz\u00e1k.<\/div>\n<\/details>\n<details>\n<summary>Kell-e kalibr\u00e1lni az \u00faj motort a beszerel\u00e9s ut\u00e1n?<\/summary>\n<div>Igen, az oszt\u00f3m\u0171 \u00e1ll\u00edt\u00f3motor cser\u00e9je ut\u00e1n elengedhetetlen a szoftveres kalibr\u00e1ci\u00f3 diagnosztikai eszk\u00f6zzel. Az aut\u00f3nak \u201emeg kell tanulnia\u201d az \u00faj motor v\u00e9g\u00e1ll\u00e1sait, hogy a kuplunglamell\u00e1k z\u00e1r\u00e1sa pontos legyen.<\/div>\n<\/details>\n<details>\n<summary>Milyen hibajelz\u00e9seket kapok, ha t\u00f6nkremegy az \u00e1ll\u00edt\u00f3motor?<\/summary>\n<div>\u00c1ltal\u00e1ban a m\u0171szerfalon megjelen\u0151 4&#215;4, DSC vagy ABS hiba\u00fczenetek utalnak a meghib\u00e1sod\u00e1sra. Sokszor hallhat\u00f3 kattog\u00f3 vagy dar\u00e1l\u00f3 hang is a kocsi al\u00f3l, amikor le\u00e1ll\u00edtja a motort, mivel az elektronika pr\u00f3b\u00e1lja alaphelyzetbe \u00e1ll\u00edtani a hib\u00e1s motort.<\/div>\n<\/details>\n<details>\n<summary>Meg\u00e9ri fel\u00faj\u00edtani, vagy ink\u00e1bb \u00fajat vegyek?<\/summary>\n<div>B\u00e1r l\u00e9teznek jav\u00edt\u00f3k\u00e9szletek (p\u00e9ld\u00e1ul fogaskerekek), sokszor az elektronika vagy a bels\u0151 tekercsel\u00e9s hib\u00e1sodik meg. A biztons\u00e1gos \u00e9s tart\u00f3s \u00f6sszker\u00e9khajt\u00e1s \u00e9rdek\u00e9ben javasolt a komplett, \u00faj \u00e1ll\u00edt\u00f3motor beszerel\u00e9se, hogy elker\u00fclje az oszt\u00f3m\u0171 mechanikai k\u00e1rosod\u00e1s\u00e1t.<\/div>\n<\/details>\n<p><script type=\"application\/ld+json\">\n{\n  \"@context\": \"https:\/\/schema.org\",\n  \"@type\": \"FAQPage\",\n  \"mainEntity\": [\n    {\n      \"@type\": \"Question\",\n      \"name\": \"Miu00e9rt ru00e1ngat az autu00f3m gyorsu00edtu00e1skor? Lehet ez az osztu00f3mu0171 u00e1llu00edtu00f3motor hibu00e1ja?\",\n      \"acceptedAnswer\": {\n        \"@type\": \"Answer\",\n        \"text\": \"Igen, a gyorsu00edtu00e1skor u00e9rezhetu0151 ru00e1ngatu00e1s vagy bizonytalan tapadu00e1s az egyik leggyakoribb jele annak, hogy az u00e1llu00edtu00f3motor nem tudja megfelelu0151en szabu00e1lyozni a kuplung zu00e1ru00e1su00e1t. Ez az alkatru00e9sz felel az u00f6sszkeru00e9khajtu00e1su00e9rt, u00edgy ha elkopik vagy elromlik, a hajtu00e1s elosztu00e1sa pontatlannu00e1 vu00e1lik.\"\n      }\n    },\n    {\n      \"@type\": \"Question\",\n      \"name\": \"Milyen BMW modellekkel kompatibilis ez az ATC35L motor?\",\n      \"acceptedAnswer\": {\n        \"@type\": \"Answer\",\n        \"text\": \"Ez az u00e1llu00edtu00f3motor kifejezetten a BMW ATC350, ATC35L, ATC450 u00e9s ATC45L tu00edpusu00fa osztu00f3mu0171veihez ku00e9szu00fclt. Jellemzu0151en az F-szu00e9riu00e1s BMW-kben (pu00e9ldu00e1ul 5-u00f6s, X3, X5, X6 modellekben) talu00e1lhatu00f3 meg, ahol ezeket az egysu00e9geket alkalmazzu00e1k.\"\n      }\n    },\n    {\n      \"@type\": \"Question\",\n      \"name\": \"Kell-e kalibru00e1lni az u00faj motort a beszerelu00e9s utu00e1n?\",\n      \"acceptedAnswer\": {\n        \"@type\": \"Answer\",\n        \"text\": \"Igen, az osztu00f3mu0171 u00e1llu00edtu00f3motor cseru00e9je utu00e1n elengedhetetlen a szoftveres kalibru00e1ciu00f3 diagnosztikai eszku00f6zzel. Az autu00f3nak u201emeg kell tanulniau201d az u00faj motor vu00e9gu00e1llu00e1sait, hogy a kuplunglamellu00e1k zu00e1ru00e1sa pontos legyen.\"\n      }\n    },\n    {\n      \"@type\": \"Question\",\n      \"name\": \"Milyen hibajelzu00e9seket kapok, ha tu00f6nkremegy az u00e1llu00edtu00f3motor?\",\n      \"acceptedAnswer\": {\n        \"@type\": \"Answer\",\n        \"text\": \"u00c1ltalu00e1ban a mu0171szerfalon megjelenu0151 4x4, DSC vagy ABS hibau00fczenetek utalnak a meghibu00e1sodu00e1sra. Sokszor hallhatu00f3 kattogu00f3 vagy daru00e1lu00f3 hang is a kocsi alu00f3l, amikor leu00e1llu00edtja a motort, mivel az elektronika pru00f3bu00e1lja alaphelyzetbe u00e1llu00edtani a hibu00e1s motort.\"\n      }\n    },\n    {\n      \"@type\": \"Question\",\n      \"name\": \"Megu00e9ri felu00faju00edtani, vagy inku00e1bb u00fajat vegyek?\",\n      \"acceptedAnswer\": {\n        \"@type\": \"Answer\",\n        \"text\": \"Bu00e1r lu00e9teznek javu00edtu00f3ku00e9szletek (pu00e9ldu00e1ul fogaskerekek), sokszor az elektronika vagy a belsu0151 tekercselu00e9s hibu00e1sodik meg. A biztonsu00e1gos u00e9s tartu00f3s u00f6sszkeru00e9khajtu00e1s u00e9rdeku00e9ben javasolt a komplett, u00faj u00e1llu00edtu00f3motor beszerelu00e9se, hogy elkeru00fclje az osztu00f3mu0171 mechanikai ku00e1rosodu00e1su00e1t.\"\n      }\n    }\n  ]\n}\n<\/script><\/p>","protected":false},"excerpt":{"rendered":"<p>Oszt\u00f3m\u0171 \u00e1ll\u00edt\u00f3motor<\/p>","protected":false},"featured_media":432826,"comment_status":"closed","ping_status":"closed","template":"","meta":{"_acf_changed":false},"product_brand":[],"product_cat":[86,89,88,66,90],"product_tag":[390,211],"class_list":{"0":"post-432796","1":"product","2":"type-product","3":"status-publish","4":"has-post-thumbnail","6":"product_cat-bmw","7":"product_cat-atc350","8":"product_cat-atc35l","9":"product_cat-atc450","10":"product_cat-atc45l","11":"product_tag-magna-powertrain","12":"product_tag-vezerlo-motorok-jeladok","13":"infinite-scroll-item","14":"no-featured-image-padding","15":"resize-featured-image","16":"sales-flash-overlay","17":"woocommerce-text-align-center","18":"woocommerce-image-align-center","19":"wc-has-gallery","21":"first","22":"instock","23":"taxable","24":"shipping-taxable","25":"purchasable","26":"product-type-simple"},"acf":{"s-tec_number":"SP02547","oem-ref":"27605A371F4","tartalom":"A motor m\u0171k\u00f6d\u00e9s\u00e9nek felt\u00e9tele a saj\u00e1t alv\u00e1zsz\u00e1mra k\u00f3dol\u00e1s. A motor FR (free way) csatorn\u00e1n kommunik\u00e1l.","lamella-alert":"","transfer_case_application_v2":["BMW ATC350 2008-2015 7 series F01, F02","BMW ATC350 2009-2015 X1 E84","BMW ATC350 2010-2016 5 series F07 GT, F10, F11","BMW ATC35L 2008-2015 7 series F01, F01 LCI, F02 LCI","BMW ATC35L 2009-2015 X1 E84","BMW ATC35L 2010-2016 5 series F10, F10 LCI, F11, F11 LCI, F07 GT, F07 GT LCI","BMW ATC35L 2011-2017 6 series F06, F06 LCI, F12, F12 LCI, F13 F13 LCI","BMW ATC35L 2011-2019 1 series F20, F20 LCI, F21, F21 LCI","BMW ATC35L 2012-2018 3 series F30, F30 LCI, F31, F31 LCI, F34 GT, F34 GT LCI","BMW ATC35L 2013- 4 series F32, F32 LCI, F33, F33 LCI","BMW ATC35L 2014- 2 series F22","BMW ATC450 2006-2013 X5 E70, E70 LCI","BMW ATC450 2008-2014 X6 E71, E72 hybrid","BMW ATC450 2010-2017 X3 F25","BMW ATC45L 2006-2013 X5 E70, E70 LCI","BMW ATC45L 2008-2014 X6 E71, E72 hybrid","BMW ATC45L 2010-2017 X3 F25","BMW ATC45L 2013-2018 X5 F15","BMW ATC45L 2014- X6 M F86","BMW ATC45L 2014-2018 X4 F26","BMW ATC45L 2014-2018 X6 F16"],"transfer_case_application":"","kulso_raktar":1,"google_ads_kep":432823,"gtin":9009381133902},"_links":{"self":[{"href":"https:\/\/transfercasepartshop.com\/hu\/wp-json\/wp\/v2\/product\/432796","targetHints":{"allow":["GET"]}}],"collection":[{"href":"https:\/\/transfercasepartshop.com\/hu\/wp-json\/wp\/v2\/product"}],"about":[{"href":"https:\/\/transfercasepartshop.com\/hu\/wp-json\/wp\/v2\/types\/product"}],"replies":[{"embeddable":true,"href":"https:\/\/transfercasepartshop.com\/hu\/wp-json\/wp\/v2\/comments?post=432796"}],"wp:featuredmedia":[{"embeddable":true,"href":"https:\/\/transfercasepartshop.com\/hu\/wp-json\/wp\/v2\/media\/432826"}],"wp:attachment":[{"href":"https:\/\/transfercasepartshop.com\/hu\/wp-json\/wp\/v2\/media?parent=432796"}],"wp:term":[{"taxonomy":"product_brand","embeddable":true,"href":"https:\/\/transfercasepartshop.com\/hu\/wp-json\/wp\/v2\/product_brand?post=432796"},{"taxonomy":"product_cat","embeddable":true,"href":"https:\/\/transfercasepartshop.com\/hu\/wp-json\/wp\/v2\/product_cat?post=432796"},{"taxonomy":"product_tag","embeddable":true,"href":"https:\/\/transfercasepartshop.com\/hu\/wp-json\/wp\/v2\/product_tag?post=432796"}],"curies":[{"name":"wp","href":"https:\/\/api.w.org\/{rel}","templated":true}]}}