{"id":432097,"date":"2024-03-19T21:28:13","date_gmt":"2024-03-19T20:28:13","guid":{"rendered":"https:\/\/transfercasepartshop.com\/?post_type=product&#038;p=432097"},"modified":"2026-04-23T11:32:51","modified_gmt":"2026-04-23T09:32:51","slug":"osztomu-muanyag-alkatresz-szett-pl72-atc-1inch","status":"publish","type":"product","link":"https:\/\/transfercasepartshop.com\/hu\/porsche\/pl72-atc\/osztomu-muanyag-alkatresz-szett-pl72-atc-1inch\/","title":{"rendered":"Oszt\u00f3m\u0171 m\u0171anyag alkatr\u00e9sz szett PL72 ATC 1 inch"},"content":{"rendered":"<p>Az oszt\u00f3m\u0171 ken\u00e9s\u00e9t biztos\u00edt\u00f3 olajterel\u0151 m\u0171anyagokon kereszt\u00fcl juttatja el az olajat a sz\u00fcks\u00e9ges alkatr\u00e9szekhez.<\/p>\n<details>\n<summary>Mi\u00e9rt fontos ez a m\u0171anyag olajterel\u0151 szett a PL72 ATC oszt\u00f3m\u0171h\u00f6z?<\/summary>\n<p>Ez a szett felel\u0151s az\u00e9rt, hogy az oszt\u00f3m\u0171ben l\u00e9v\u0151 ken\u0151olaj eljusson a kritikus pontokhoz \u00e9s csap\u00e1gyakhoz. Ha a m\u0171anyag terel\u0151k el\u00f6regednek, megrepednek vagy elmozdulnak, az alkatr\u00e9szek nem kapnak elegend\u0151 ken\u00e9st, ami az oszt\u00f3m\u0171 id\u0151 el\u0151tti kop\u00e1s\u00e1hoz \u00e9s teljes meghib\u00e1sod\u00e1s\u00e1hoz vezethet.<\/details>\n<details>\n<summary>Honnan tudom, hogy az oszt\u00f3m\u0171vem olajterel\u0151 alkatr\u00e9szei hib\u00e1sak?<\/summary>\n<p>A bels\u0151 olajterel\u0151k \u00e1llapot\u00e1t \u00e1ltal\u00e1ban csak sz\u00e9tszerel\u00e9s ut\u00e1n lehet l\u00e1tni. Azonban, ha az oszt\u00f3m\u0171b\u0151l morajl\u00f3 hang \u00e9rkezik, t\u00falmelegszik, vagy az olajcsere sor\u00e1n f\u00e9mreszel\u00e9ket tal\u00e1l, az gyakran a nem megfelel\u0151 ken\u00e9sre (vagyis a hib\u00e1s terel\u0151kre) vezethet\u0151 vissza.<\/details>\n<details>\n<summary>Pontosan melyik aut\u00f3khoz j\u00f3 ez a PL72 ATC 1 inch-es szett?<\/summary>\n<p>Ez a szett a PL72 ATC t\u00edpus\u00fa oszt\u00f3m\u0171vekkel szerelt modellekhez k\u00e9sz\u00fclt, amelyek leggyakrabban Porsche Cayenne \u00e9s Volkswagen Touareg t\u00edpusokban fordulnak el\u0151. K\u00e9rj\u00fck, ellen\u0151rizze az oszt\u00f3m\u0171 adatt\u00e1bl\u00e1j\u00e1t a pontos azonos\u00edt\u00e1shoz.<\/details>\n<details>\n<summary>Okozhat r\u00e1ngat\u00e1st az aut\u00f3ban, ha rossz az olajterel\u00e9s az oszt\u00f3m\u0171ben?<\/summary>\n<p>Igen, k\u00f6zvetett m\u00f3don. Ha az olajterel\u0151k hib\u00e1ja miatt a lamell\u00e1s szerkezet vagy a csap\u00e1gyak nem kapnak h\u0171t\u00e9st \u00e9s ken\u00e9st, az oszt\u00f3m\u0171 r\u00e1ngatni, akadozni kezdhet gyors\u00edt\u00e1skor vagy \u00e9lesebb kanyarod\u00e1sn\u00e1l.<\/details>\n<details>\n<summary>Mire kell figyelnem a szett beszerel\u00e9sekor?<\/summary>\n<p>Mivel m\u0171anyag alkatr\u00e9szekr\u0151l van sz\u00f3, rendk\u00edv\u00fcl fontos a prec\u00edz illeszt\u00e9s \u00e9s a tisztas\u00e1g. A beszerel\u00e9s sor\u00e1n \u00fcgyelni kell, hogy ne t\u00f6rjenek el a r\u00f6gz\u00edt\u0151 f\u00fclek, \u00e9s a csatorn\u00e1k akad\u00e1lymentesek maradjanak. A szerel\u00e9s ut\u00e1n minden esetben aj\u00e1nlott a gy\u00e1ri specifik\u00e1ci\u00f3j\u00fa friss oszt\u00f3m\u0171olaj bet\u00f6lt\u00e9se.<\/details>\n<p><script type=\"application\/ld+json\">\n{\n  \"@context\": \"https:\/\/schema.org\",\n  \"@type\": \"FAQPage\",\n  \"mainEntity\": [\n    {\n      \"@type\": \"Question\",\n      \"name\": \"Miu00e9rt fontos ez a mu0171anyag olajterelu0151 szett a PL72 ATC osztu00f3mu0171hu00f6z?\",\n      \"acceptedAnswer\": {\n        \"@type\": \"Answer\",\n        \"text\": \"Ez a szett felelu0151s azu00e9rt, hogy az osztu00f3mu0171ben lu00e9vu0151 kenu0151olaj eljusson a kritikus pontokhoz u00e9s csapu00e1gyakhoz. Ha a mu0171anyag terelu0151k elu00f6regednek vagy elrepednek, az alkatru00e9szek nem kapnak elu00e9g kenu00e9st, ami az osztu00f3mu0171 teljes meghibu00e1sodu00e1su00e1hoz vezet.\"\n      }\n    },\n    {\n      \"@type\": \"Question\",\n      \"name\": \"Honnan tudom, hogy az osztu00f3mu0171vem olajterelu0151 alkatru00e9szei hibu00e1sak?\",\n      \"acceptedAnswer\": {\n        \"@type\": \"Answer\",\n        \"text\": \"A belsu0151 olajterelu0151k u00e1llapotu00e1t csak szu00e9tszerelu00e9s utu00e1n lehet lu00e1tni. Gyanu00fara adhat okot a morajlu00f3 hang, az osztu00f3mu0171 tu00falmelegedu00e9se vagy a vu00e1ltu00f3olajban megjelenu0151 fu00e9mreszelu00e9k.\"\n      }\n    },\n    {\n      \"@type\": \"Question\",\n      \"name\": \"Pontosan melyik autu00f3khoz ju00f3 ez a PL72 ATC 1 inch-es szett?\",\n      \"acceptedAnswer\": {\n        \"@type\": \"Answer\",\n        \"text\": \"Ez a szett a PL72 ATC tu00edpusu00fa osztu00f3mu0171vekkel szerelt Porsche Cayenne u00e9s Volkswagen Touareg modellekhez alkalmas.\"\n      }\n    },\n    {\n      \"@type\": \"Question\",\n      \"name\": \"Okozhat ru00e1ngatu00e1st az autu00f3ban, ha rossz az olajterelu00e9s az osztu00f3mu0171ben?\",\n      \"acceptedAnswer\": {\n        \"@type\": \"Answer\",\n        \"text\": \"Igen. A kenu00e9s hiu00e1nya miatt a lamellu00e1k u00e9s csapu00e1gyak tu00falhevu00fclnek, ami ru00e1ngatu00e1st vagy vibru00e1ciu00f3t eredmu00e9nyezhet gyorsu00edtu00e1skor.\"\n      }\n    }\n  ]\n}\n<\/script><\/p>","protected":false},"excerpt":{"rendered":"<p>Az oszt\u00f3m\u0171 ken\u00e9s\u00e9t biztos\u00edt\u00f3 olajterel\u0151 m\u0171anyagokon kereszt\u00fcl juttatja el az olajat a sz\u00fcks\u00e9ges alkatr\u00e9szekhez. Mi\u00e9rt fontos ez a m\u0171anyag olajterel\u0151 szett a PL72 ATC oszt\u00f3m\u0171h\u00f6z? &#8230; <\/p>\n<p class=\"read-more-container\"><a title=\"Oszt\u00f3m\u0171 m\u0171anyag alkatr\u00e9sz szett PL72 ATC 1 inch\" class=\"read-more button\" href=\"https:\/\/transfercasepartshop.com\/hu\/porsche\/pl72-atc\/osztomu-muanyag-alkatresz-szett-pl72-atc-1inch\/#more-432097\" aria-label=\"Read more about Oszt\u00f3m\u0171 m\u0171anyag alkatr\u00e9sz szett PL72 ATC 1 inch\">Tov\u00e1bb<\/a><\/p>","protected":false},"featured_media":427845,"comment_status":"closed","ping_status":"closed","template":"","meta":{"_acf_changed":false},"product_brand":[],"product_cat":[114,110],"product_tag":[390,263],"class_list":{"0":"post-432097","1":"product","2":"type-product","3":"status-publish","4":"has-post-thumbnail","6":"product_cat-pl72-atc","7":"product_cat-porsche","8":"product_tag-magna-powertrain","9":"product_tag-muanyag-alkatreszek","10":"infinite-scroll-item","11":"no-featured-image-padding","12":"resize-featured-image","13":"sales-flash-overlay","14":"woocommerce-text-align-center","15":"woocommerce-image-align-center","16":"wc-has-gallery","18":"first","19":"instock","20":"taxable","21":"shipping-taxable","22":"purchasable","23":"product-type-simple"},"acf":{"s-tec_number":"SP04736","oem-ref":"0C2341010P, 0C2341010R, 0C2341010S, 0C2341011A, 0C2341011B, 0C2341011G, 0C2341011H, 0C2341011L, 0C2341011M, 0C2341011R, 0C2341011S, 0C2341012G, 0C2341012H, 0C2341012L, 0C2341012M, 0C2341013, 0C2341013B, 0C2341013D, 0C2341013F, 0C2341013H, 0C2341013K, 0C2341013P, 0C2341013Q, 0C2341013R, 0C2341013T, 0C2341041A, 0C2341041C, 0C2341041K, 0C2341041L, 4311013, 95834101011, 95834101012, 95834101013, 95834101014, 95834101015, 95834101016, 95834101017, 95834101018, 95834101019, 95834101020, 95834101021, 95834101022, 95834101023, 95834101024, 95834101025, 95834101026, 95834101027, 95834101028, 9583410103X, 9583410104X, 9583410105X, 9583410107X, 9583410108X, 958341010MX, 958341010NX, 958341010PX, 958341010QX, 958341010RX, 958341010SX, 958341011BX, 958341011CX, 958341011X, 95834101220, 9583410122X, 95834101300, 95834101301, 95834101303, 95834101305, 95834101306, 95834101308, 958341013EX, 958341013FX, 958341013HX, 958341013X, 95834101001 (0C2341010Q, 0C2341010M), 95834101002 (0C2341011_, 0C2341011C), 95834101003 (0C2341011F), 95834101004 (0C2341011K), 95834101005 (0C2341011Q), 95834101006 (0C2341012F), 95834101007 (0C2341012K), 95834101030 (0C2341011P), 0C2341011N, (0C2341011T), 95834101031 (0C2341012J), 95834101032 (0C2341012N)","tartalom":"","lamella-alert":"","transfer_case_application_v2":["Porsche PL72 ATC 2014- Cayenne"],"transfer_case_application":"","kulso_raktar":2,"google_ads_kep":427848,"gtin":9009381179511},"_links":{"self":[{"href":"https:\/\/transfercasepartshop.com\/hu\/wp-json\/wp\/v2\/product\/432097","targetHints":{"allow":["GET"]}}],"collection":[{"href":"https:\/\/transfercasepartshop.com\/hu\/wp-json\/wp\/v2\/product"}],"about":[{"href":"https:\/\/transfercasepartshop.com\/hu\/wp-json\/wp\/v2\/types\/product"}],"replies":[{"embeddable":true,"href":"https:\/\/transfercasepartshop.com\/hu\/wp-json\/wp\/v2\/comments?post=432097"}],"wp:featuredmedia":[{"embeddable":true,"href":"https:\/\/transfercasepartshop.com\/hu\/wp-json\/wp\/v2\/media\/427845"}],"wp:attachment":[{"href":"https:\/\/transfercasepartshop.com\/hu\/wp-json\/wp\/v2\/media?parent=432097"}],"wp:term":[{"taxonomy":"product_brand","embeddable":true,"href":"https:\/\/transfercasepartshop.com\/hu\/wp-json\/wp\/v2\/product_brand?post=432097"},{"taxonomy":"product_cat","embeddable":true,"href":"https:\/\/transfercasepartshop.com\/hu\/wp-json\/wp\/v2\/product_cat?post=432097"},{"taxonomy":"product_tag","embeddable":true,"href":"https:\/\/transfercasepartshop.com\/hu\/wp-json\/wp\/v2\/product_tag?post=432097"}],"curies":[{"name":"wp","href":"https:\/\/api.w.org\/{rel}","templated":true}]}}