{"id":424781,"date":"2023-08-08T09:22:01","date_gmt":"2023-08-08T07:22:01","guid":{"rendered":"https:\/\/transfercasepartshop.com\/?post_type=product&#038;p=424781"},"modified":"2026-03-23T09:51:01","modified_gmt":"2026-03-23T08:51:01","slug":"osztomu-lanc-w61g","status":"publish","type":"product","link":"https:\/\/transfercasepartshop.com\/hu\/nissan\/w61g-nissan\/osztomu-lanc-w61g\/","title":{"rendered":"Oszt\u00f3m\u0171 l\u00e1nc (W61G)"},"content":{"rendered":"<p>Az oszt\u00f3m\u0171ben tal\u00e1lhat\u00f3 l\u00e1nc felel az \u00e1lland\u00f3 egys\u00e9ges er\u0151\u00e1tvitel\u00e9rt. \u00d6sszek\u00f6ttet\u00e9st biztos\u00edt az els\u0151 \u00e9s h\u00e1ts\u00f3 tengely optim\u00e1lis m\u0171k\u00f6d\u00e9s\u00e9hez. Ezzel biztos\u00edtva a 4&#215;4 hajt\u00e1st.<\/p>\n<div>\n<details>\n<summary>Honnan tudom, hogy megny\u00falt az oszt\u00f3m\u0171 l\u00e1nc az aut\u00f3mban?<\/summary>\n<p>A megny\u00falt oszt\u00f3m\u0171 l\u00e1nc leggyakoribb t\u00fcnete a gyors\u00edt\u00e1skor hallhat\u00f3 kattog\u00f3, ugr\u00e1l\u00f3 hang, vagy a 4&#215;4 hajt\u00e1s szakadoz\u00e1sa. Ha terhel\u00e9s alatt r\u00e1ngat\u00e1st \u00e9rez, val\u00f3sz\u00edn\u0171leg a l\u00e1nc fogai \u00e1tugranak a fogaskerekeken.<\/p>\n<\/details>\n<details>\n<summary>Kompatibilis ez a W61G l\u00e1nc az Infiniti QX56 vagy QX80 modellekkel?<\/summary>\n<p>Igen, a W61G t\u00edpus\u00fa oszt\u00f3m\u0171 l\u00e1nc jellemz\u0151en a Nissan \u00e9s Infiniti nagyobb SUV modelljeiben (p\u00e9ld\u00e1ul Nissan Patrol, Armada, Infiniti QX sorozat) haszn\u00e1latos. K\u00e9rj\u00fck, ellen\u0151rizze az oszt\u00f3m\u0171 gy\u00e1ri k\u00f3dj\u00e1t a biztos illeszked\u00e9s \u00e9rdek\u00e9ben.<\/p>\n<\/details>\n<details>\n<summary>Mi t\u00f6rt\u00e9nik, ha nem cser\u00e9lem ki id\u0151ben a megny\u00falt l\u00e1ncot?<\/summary>\n<p>A megny\u00falt l\u00e1nc koptatja az oszt\u00f3m\u0171 fogaskerekeit, \u00e9s sz\u00e9ls\u0151s\u00e9ges esetben \u00e1t\u00fctheti az oszt\u00f3m\u0171 h\u00e1z\u00e1t is, ami teljes olajveszt\u00e9shez \u00e9s a hajt\u00f3m\u0171 v\u00e9gleges meghib\u00e1sod\u00e1s\u00e1hoz vezethet.<\/p>\n<\/details>\n<details>\n<summary>Sz\u00fcks\u00e9ges-e egy\u00e9b alkatr\u00e9szt cser\u00e9lni a l\u00e1nccal egy\u00fctt?<\/summary>\n<p>A l\u00e1nc cser\u00e9jekor mindenk\u00e9ppen javasolt \u00faj oszt\u00f3m\u0171 olaj bet\u00f6lt\u00e9se \u00e9s a t\u00f6m\u00edt\u00e9sek (szimeringek) ellen\u0151rz\u00e9se. Ha a fogaskerekek m\u00e1r l\u00e1that\u00f3an koptak, \u00e9rdemes azokat is fel\u00fclvizsg\u00e1lni a zajmentes m\u0171k\u00f6d\u00e9s\u00e9rt.<\/p>\n<\/details>\n<details>\n<summary>Milyen min\u0151s\u00e9g\u0171 ez a W61G oszt\u00f3m\u0171 l\u00e1nc?<\/summary>\n<p>Ez a l\u00e1nc gy\u00e1ri min\u0151s\u00e9g\u0171 param\u00e9terekkel rendelkezik, nagy szak\u00edt\u00f3szil\u00e1rds\u00e1g\u00fa anyagb\u00f3l k\u00e9sz\u00fclt, hogy b\u00edrja a 4&#215;4 hajt\u00e1s sor\u00e1n fell\u00e9p\u0151 folyamatos terhel\u00e9st \u00e9s biztos\u00edtsa az egyenletes er\u0151\u00e1tvitelt a tengelyek k\u00f6z\u00f6tt.<\/p>\n<\/details>\n<\/div>\n<p><script type=\"application\/ld+json\">\n{\n  \"@context\": \"https:\/\/schema.org\",\n  \"@type\": \"FAQPage\",\n  \"mainEntity\": [\n    {\n      \"@type\": \"Question\",\n      \"name\": \"Honnan tudom, hogy megnyu00falt az osztu00f3mu0171 lu00e1nc az autu00f3mban?\",\n      \"acceptedAnswer\": {\n        \"@type\": \"Answer\",\n        \"text\": \"A megnyu00falt osztu00f3mu0171 lu00e1nc leggyakoribb tu00fcnete a gyorsu00edtu00e1skor hallhatu00f3 kattogu00f3, ugru00e1lu00f3 hang, vagy a 4x4 hajtu00e1s szakadozu00e1sa. Ha terhelu00e9s alatt ru00e1ngatu00e1st u00e9rez, valu00f3szu00ednu0171leg a lu00e1nc fogai u00e1tugranak a fogaskerekeken.\"\n      }\n    },\n    {\n      \"@type\": \"Question\",\n      \"name\": \"Kompatibilis ez a W61G lu00e1nc az Infiniti QX56 vagy QX80 modellekkel?\",\n      \"acceptedAnswer\": {\n        \"@type\": \"Answer\",\n        \"text\": \"Igen, a W61G tu00edpusu00fa osztu00f3mu0171 lu00e1nc jellemzu0151en a Nissan u00e9s Infiniti nagyobb SUV modelljeiben (pu00e9ldu00e1ul Nissan Patrol, Armada, Infiniti QX sorozat) hasznu00e1latos. Ku00e9rju00fck, ellenu0151rizze az osztu00f3mu0171 gyu00e1ri ku00f3dju00e1t a biztos illeszkedu00e9s u00e9rdeku00e9ben.\"\n      }\n    },\n    {\n      \"@type\": \"Question\",\n      \"name\": \"Mi tu00f6rtu00e9nik, ha nem cseru00e9lem ki idu0151ben a megnyu00falt lu00e1ncot?\",\n      \"acceptedAnswer\": {\n        \"@type\": \"Answer\",\n        \"text\": \"A megnyu00falt lu00e1nc koptatja az osztu00f3mu0171 fogaskerekeit, u00e9s szu00e9lsu0151su00e9ges esetben u00e1tu00fctheti az osztu00f3mu0171 hu00e1zu00e1t is, ami teljes olajvesztu00e9shez u00e9s a hajtu00f3mu0171 vu00e9gleges meghibu00e1sodu00e1su00e1hoz vezethet.\"\n      }\n    },\n    {\n      \"@type\": \"Question\",\n      \"name\": \"Szu00fcksu00e9ges-e egyu00e9b alkatru00e9szt cseru00e9lni a lu00e1nccal egyu00fctt?\",\n      \"acceptedAnswer\": {\n        \"@type\": \"Answer\",\n        \"text\": \"A lu00e1nc cseru00e9jekor mindenku00e9ppen javasolt u00faj osztu00f3mu0171 olaj betu00f6ltu00e9se u00e9s a tu00f6mu00edtu00e9sek (szimeringek) ellenu0151rzu00e9se. Ha a fogaskerekek mu00e1r lu00e1thatu00f3an koptak, u00e9rdemes azokat is felu00fclvizsgu00e1lni a zajmentes mu0171ku00f6du00e9su00e9rt.\"\n      }\n    },\n    {\n      \"@type\": \"Question\",\n      \"name\": \"Milyen minu0151su00e9gu0171 ez a W61G osztu00f3mu0171 lu00e1nc?\",\n      \"acceptedAnswer\": {\n        \"@type\": \"Answer\",\n        \"text\": \"Ez a lu00e1nc gyu00e1ri minu0151su00e9gu0171 paramu00e9terekkel rendelkezik, nagy szaku00edtu00f3szilu00e1rdsu00e1gu00fa anyagbu00f3l ku00e9szu00fclt, hogy bu00edrja a 4x4 hajtu00e1s soru00e1n fellu00e9pu0151 folyamatos terhelu00e9st u00e9s biztosu00edtsa az egyenletes eru0151u00e1tvitelt a tengelyek ku00f6zu00f6tt.\"\n      }\n    }\n  ]\n}\n<\/script><\/p>","protected":false},"excerpt":{"rendered":"<p>Oszt\u00f3m\u0171 l\u00e1nc<\/p>","protected":false},"featured_media":425071,"comment_status":"closed","ping_status":"closed","template":"","meta":{"_acf_changed":false},"product_brand":[],"product_cat":[310,307,308,309],"product_tag":[373,212],"class_list":{"0":"post-424781","1":"product","2":"type-product","3":"status-publish","4":"has-post-thumbnail","6":"product_cat-w61g-nissan","7":"product_cat-nissan","8":"product_cat-infiniti","9":"product_cat-w61g","10":"product_tag-borg-warner","11":"product_tag-lancok","12":"infinite-scroll-item","13":"no-featured-image-padding","14":"resize-featured-image","15":"sales-flash-overlay","16":"woocommerce-text-align-center","17":"woocommerce-image-align-center","18":"wc-has-gallery","20":"first","21":"instock","22":"taxable","23":"shipping-taxable","24":"purchasable","25":"product-type-simple"},"acf":{"s-tec_number":"SP02600","oem-ref":"","tartalom":"","lamella-alert":"","transfer_case_application_v2":["Nissan W61G 2010- Pathfinder III (R51)","Nissan W61G 2005-2007 Navara","Nissan W61G 2010- Patrol (Y62)","Infiniti W61G 2010- QX 56","Infiniti W61G 2010- QX 80 (Y62)"],"transfer_case_application":"","kulso_raktar":0,"google_ads_kep":425073,"gtin":9009381134435},"_links":{"self":[{"href":"https:\/\/transfercasepartshop.com\/hu\/wp-json\/wp\/v2\/product\/424781","targetHints":{"allow":["GET"]}}],"collection":[{"href":"https:\/\/transfercasepartshop.com\/hu\/wp-json\/wp\/v2\/product"}],"about":[{"href":"https:\/\/transfercasepartshop.com\/hu\/wp-json\/wp\/v2\/types\/product"}],"replies":[{"embeddable":true,"href":"https:\/\/transfercasepartshop.com\/hu\/wp-json\/wp\/v2\/comments?post=424781"}],"wp:featuredmedia":[{"embeddable":true,"href":"https:\/\/transfercasepartshop.com\/hu\/wp-json\/wp\/v2\/media\/425071"}],"wp:attachment":[{"href":"https:\/\/transfercasepartshop.com\/hu\/wp-json\/wp\/v2\/media?parent=424781"}],"wp:term":[{"taxonomy":"product_brand","embeddable":true,"href":"https:\/\/transfercasepartshop.com\/hu\/wp-json\/wp\/v2\/product_brand?post=424781"},{"taxonomy":"product_cat","embeddable":true,"href":"https:\/\/transfercasepartshop.com\/hu\/wp-json\/wp\/v2\/product_cat?post=424781"},{"taxonomy":"product_tag","embeddable":true,"href":"https:\/\/transfercasepartshop.com\/hu\/wp-json\/wp\/v2\/product_tag?post=424781"}],"curies":[{"name":"wp","href":"https:\/\/api.w.org\/{rel}","templated":true}]}}