{"id":423135,"date":"2023-02-15T11:04:21","date_gmt":"2023-02-15T10:04:21","guid":{"rendered":"https:\/\/transfercasepartshop.com\/?post_type=product&#038;p=423135"},"modified":"2026-03-23T09:49:31","modified_gmt":"2026-03-23T08:49:31","slug":"osztomu-muanyag-alkatresz-szett-atc450","status":"publish","type":"product","link":"https:\/\/transfercasepartshop.com\/hu\/bmw\/atc450\/osztomu-muanyag-alkatresz-szett-atc450\/","title":{"rendered":"Oszt\u00f3m\u0171 m\u0171anyag alkatr\u00e9sz szett (ATC450)"},"content":{"rendered":"<p>Az oszt\u00f3m\u0171 ken\u00e9s\u00e9t biztos\u00edt\u00f3 olajterel\u0151 m\u0171anyagokon kereszt\u00fcl juttatja el az olajat a sz\u00fcks\u00e9ges alkatr\u00e9szekhez.<\/p>\n<h3>Gyakori k\u00e9rd\u00e9sek az ATC450 oszt\u00f3m\u0171 alkatr\u00e9szekr\u0151l<\/h3>\n<details>\n<summary>Milyen t\u00fcneteket okoz, ha elhaszn\u00e1l\u00f3dnak az ATC450 olajterel\u0151 m\u0171anyagok?<\/summary>\n<p>Ha ezek a m\u0171anyag elemek megrepednek vagy deform\u00e1l\u00f3dnak, az oszt\u00f3m\u0171 bels\u0151 ken\u00e9se el\u00e9gtelenn\u00e9 v\u00e1lik. Ez hossz\u00fa t\u00e1von r\u00e1ngat\u00e1shoz, a lamell\u00e1k id\u0151 el\u0151tti kop\u00e1s\u00e1hoz \u00e9s a csap\u00e1gyak t\u00falmeleged\u00e9s\u00e9hez vezethet. Gyakran csak az oszt\u00f3m\u0171 sz\u00e9tszerel\u00e9sekor der\u00fcl f\u00e9ny a hib\u00e1jukra.<\/p>\n<\/details>\n<details>\n<summary>J\u00f3 ez a szett az \u00e9n 2012-es BMW X5 (E70) aut\u00f3mhoz?<\/summary>\n<p>Igen, amennyiben az aut\u00f3ja ATC450 t\u00edpus\u00fa oszt\u00f3m\u0171vel van szerelve. Ez a t\u00edpus leggyakrabban a facelift ut\u00e1ni (LCI) BMW X5 E70 \u00e9s X6 E71 modellekben tal\u00e1lhat\u00f3 meg. V\u00e1s\u00e1rl\u00e1s el\u0151tt \u00e9rdemes ellen\u0151rizni az oszt\u00f3m\u0171 t\u00edpus\u00e1t a h\u00e1zon tal\u00e1lhat\u00f3 c\u00edmk\u00e9n.<\/p>\n<\/details>\n<details>\n<summary>Pontosan mi a feladata ezeknek a m\u0171anyag alkatr\u00e9szeknek?<\/summary>\n<p>Ezek az elemek \u00fagynevezett olajterel\u0151k \u00e9s olajcsatorn\u00e1k. Feladatuk, hogy a forg\u00f3 alkatr\u00e9szek \u00e1ltal felvert vagy a szivatty\u00fa \u00e1ltal sz\u00e1ll\u00edtott olajat eljuttass\u00e1k a kritikus pontokhoz, p\u00e9ld\u00e1ul a lamellacsomaghoz \u00e9s a csap\u00e1gyakhoz, biztos\u00edtva a folyamatos h\u0171t\u00e9st \u00e9s ken\u00e9st.<\/p>\n<\/details>\n<details>\n<summary>Otthon is kicser\u00e9lhetem ezeket az alkatr\u00e9szeket?<\/summary>\n<p>A m\u0171anyag elemek bepattint\u00e1sa nem bonyolult, azonban a cser\u00e9hez az oszt\u00f3m\u0171vet le kell szerelni a v\u00e1lt\u00f3r\u00f3l \u00e9s sz\u00e9t kell bontani a h\u00e1zat. Ez szak\u00e9rtelmet \u00e9s tiszta munkak\u00f6rnyezetet ig\u00e9nyel, ez\u00e9rt javasoljuk, hogy forduljon szakm\u0171helyhez.<\/p>\n<\/details>\n<details>\n<summary>Megoldja ez a szett az oszt\u00f3m\u0171 r\u00e1ngat\u00e1s\u00e1t gyors\u00edt\u00e1skor?<\/summary>\n<p>\u00d6nmag\u00e1ban a m\u0171anyag szett ritk\u00e1n oldja meg a m\u00e1r fenn\u00e1ll\u00f3 r\u00e1ngat\u00e1st. Ha az oszt\u00f3m\u0171 r\u00e1ngat, az \u00e1ltal\u00e1ban a kopott lamell\u00e1k vagy az elhaszn\u00e1l\u00f3dott olaj miatt van. Ez a szett a fel\u00faj\u00edt\u00e1s elengedhetetlen r\u00e9sze, hogy az \u00faj alkatr\u00e9szek m\u00e1r megfelel\u0151 ken\u00e9st kapjanak.<\/p>\n<\/details>\n<p><script type=\"application\/ld+json\">\n{\n  \"@context\": \"https:\/\/schema.org\",\n  \"@type\": \"FAQPage\",\n  \"mainEntity\": [\n    {\n      \"@type\": \"Question\",\n      \"name\": \"Milyen tu00fcneteket okoz, ha elhasznu00e1lu00f3dnak az ATC450 olajterelu0151 mu0171anyagok?\",\n      \"acceptedAnswer\": {\n        \"@type\": \"Answer\",\n        \"text\": \"Ha ezek a mu0171anyag elemek megrepednek vagy deformu00e1lu00f3dnak, az osztu00f3mu0171 belsu0151 kenu00e9se elu00e9gtelennu00e9 vu00e1lik. Ez hosszu00fa tu00e1von ru00e1ngatu00e1shoz, a lamellu00e1k idu0151 elu0151tti kopu00e1su00e1hoz u00e9s a csapu00e1gyak tu00falmelegedu00e9su00e9hez vezethet.\"\n      }\n    },\n    {\n      \"@type\": \"Question\",\n      \"name\": \"Ju00f3 ez a szett az u00e9n 2012-es BMW X5 (E70) autu00f3mhoz?\",\n      \"acceptedAnswer\": {\n        \"@type\": \"Answer\",\n        \"text\": \"Igen, amennyiben az autu00f3ja ATC450 tu00edpusu00fa osztu00f3mu0171vel van szerelve. Ez a tu00edpus leggyakrabban a facelift utu00e1ni (LCI) BMW X5 E70 u00e9s X6 E71 modellekben talu00e1lhatu00f3 meg.\"\n      }\n    },\n    {\n      \"@type\": \"Question\",\n      \"name\": \"Pontosan mi a feladata ezeknek a mu0171anyag alkatru00e9szeknek?\",\n      \"acceptedAnswer\": {\n        \"@type\": \"Answer\",\n        \"text\": \"Ezek az elemek u00fagynevezett olajterelu0151k u00e9s olajcsatornu00e1k. Feladatuk, hogy az olajat eljuttassu00e1k a kritikus pontokhoz, pu00e9ldu00e1ul a lamellacsomaghoz u00e9s a csapu00e1gyakhoz, biztosu00edtva a folyamatos hu0171tu00e9st u00e9s kenu00e9st.\"\n      }\n    },\n    {\n      \"@type\": \"Question\",\n      \"name\": \"Otthon is kicseru00e9lhetem ezeket az alkatru00e9szeket?\",\n      \"acceptedAnswer\": {\n        \"@type\": \"Answer\",\n        \"text\": \"A cseru00e9hez az osztu00f3mu0171vet le kell szerelni u00e9s szu00e9t kell bontani a hu00e1zat. Ez szaku00e9rtelmet u00e9s tiszta munkaku00f6rnyezetet igu00e9nyel, ezu00e9rt javasoljuk, hogy forduljon szakmu0171helyhez.\"\n      }\n    },\n    {\n      \"@type\": \"Question\",\n      \"name\": \"Megoldja ez a szett az osztu00f3mu0171 ru00e1ngatu00e1su00e1t gyorsu00edtu00e1skor?\",\n      \"acceptedAnswer\": {\n        \"@type\": \"Answer\",\n        \"text\": \"u00d6nmagu00e1ban ritku00e1n. A ru00e1ngatu00e1st u00e1ltalu00e1ban a kopott lamellu00e1k vagy elhasznu00e1lu00f3dott olaj okozza. Ez a szett a felu00faju00edtu00e1s ru00e9sze, hogy biztosu00edtsa az u00faj alkatru00e9szek megfelelu0151 kenu00e9su00e9t.\"\n      }\n    }\n  ]\n}\n<\/script><\/p>","protected":false},"excerpt":{"rendered":"<p>Az oszt\u00f3m\u0171 ken\u00e9s\u00e9t biztos\u00edt\u00f3 olajterel\u0151 m\u0171anyagokon kereszt\u00fcl juttatja el az olajat a sz\u00fcks\u00e9ges alkatr\u00e9szekhez. Gyakori k\u00e9rd\u00e9sek az ATC450 oszt\u00f3m\u0171 alkatr\u00e9szekr\u0151l Milyen t\u00fcneteket okoz, ha elhaszn\u00e1l\u00f3dnak &#8230; <\/p>\n<p class=\"read-more-container\"><a title=\"Oszt\u00f3m\u0171 m\u0171anyag alkatr\u00e9sz szett (ATC450)\" class=\"read-more button\" href=\"https:\/\/transfercasepartshop.com\/hu\/bmw\/atc450\/osztomu-muanyag-alkatresz-szett-atc450\/#more-423135\" aria-label=\"Read more about Oszt\u00f3m\u0171 m\u0171anyag alkatr\u00e9sz szett (ATC450)\">Tov\u00e1bb<\/a><\/p>","protected":false},"featured_media":423140,"comment_status":"closed","ping_status":"closed","template":"","meta":{"_acf_changed":false},"product_brand":[],"product_cat":[66,86],"product_tag":[390,263],"class_list":{"0":"post-423135","1":"product","2":"type-product","3":"status-publish","4":"has-post-thumbnail","6":"product_cat-atc450","7":"product_cat-bmw","8":"product_tag-magna-powertrain","9":"product_tag-muanyag-alkatreszek","10":"infinite-scroll-item","11":"no-featured-image-padding","12":"resize-featured-image","13":"sales-flash-overlay","14":"woocommerce-text-align-center","15":"woocommerce-image-align-center","16":"wc-has-gallery","18":"first","19":"instock","20":"taxable","21":"shipping-taxable","22":"purchasable","23":"product-type-simple"},"acf":{"s-tec_number":"SP04545","oem-ref":"","tartalom":"A csomag tartalmazza az oszt\u00f3m\u0171ben tal\u00e1lhat\u00f3 \u00f6sszes m\u0171anyag alkatr\u00e9szeket","lamella-alert":"","transfer_case_application_v2":["BMW ATC450 2006-2013 X5 E70, E70 LCI","BMW ATC450 2008-2014 X6 E71 E72 Hybrid","BMW ATC450 2008-2014 X6 E71, E72 hybrid","BMW ATC450 2010-2017 X3 F25"],"transfer_case_application":"","kulso_raktar":1,"google_ads_kep":423685,"gtin":9009381177074},"_links":{"self":[{"href":"https:\/\/transfercasepartshop.com\/hu\/wp-json\/wp\/v2\/product\/423135","targetHints":{"allow":["GET"]}}],"collection":[{"href":"https:\/\/transfercasepartshop.com\/hu\/wp-json\/wp\/v2\/product"}],"about":[{"href":"https:\/\/transfercasepartshop.com\/hu\/wp-json\/wp\/v2\/types\/product"}],"replies":[{"embeddable":true,"href":"https:\/\/transfercasepartshop.com\/hu\/wp-json\/wp\/v2\/comments?post=423135"}],"wp:featuredmedia":[{"embeddable":true,"href":"https:\/\/transfercasepartshop.com\/hu\/wp-json\/wp\/v2\/media\/423140"}],"wp:attachment":[{"href":"https:\/\/transfercasepartshop.com\/hu\/wp-json\/wp\/v2\/media?parent=423135"}],"wp:term":[{"taxonomy":"product_brand","embeddable":true,"href":"https:\/\/transfercasepartshop.com\/hu\/wp-json\/wp\/v2\/product_brand?post=423135"},{"taxonomy":"product_cat","embeddable":true,"href":"https:\/\/transfercasepartshop.com\/hu\/wp-json\/wp\/v2\/product_cat?post=423135"},{"taxonomy":"product_tag","embeddable":true,"href":"https:\/\/transfercasepartshop.com\/hu\/wp-json\/wp\/v2\/product_tag?post=423135"}],"curies":[{"name":"wp","href":"https:\/\/api.w.org\/{rel}","templated":true}]}}