{"id":421442,"date":"2022-05-18T09:34:38","date_gmt":"2022-05-18T07:34:38","guid":{"rendered":"https:\/\/transfercasepartshop.com\/?post_type=product&#038;p=421442"},"modified":"2026-03-31T10:32:11","modified_gmt":"2026-03-31T08:32:11","slug":"osztomu-tomites-szett-atc300","status":"publish","type":"product","link":"https:\/\/transfercasepartshop.com\/hu\/bmw\/atc300\/osztomu-tomites-szett-atc300\/","title":{"rendered":"Oszt\u00f3m\u0171 t\u00f6m\u00edt\u00e9s szett (ATC300)"},"content":{"rendered":"<p>Ezek az alkatr\u00e9szek t\u00f6m\u00edtik az oszt\u00f3m\u0171vet. K\u00e9pesek a tengelyek v\u00e9g\u00e9hez r\u00f6gz\u00fclve megakad\u00e1lyozni az olajfoly\u00e1st \u00e9s sziv\u00e1rg\u00e1st.<\/p>\n<details>\n<summary>Hogyan vehetem \u00e9szre, ha sziv\u00e1rog az ATC300 oszt\u00f3m\u0171 t\u00f6m\u00edt\u00e9se?<\/summary>\n<p>A leggyakoribb jel a g\u00e9pj\u00e1rm\u0171 alatt megjelen\u0151 olajfolt, vagy az aut\u00f3 alj\u00e1r\u00f3l \u00e1rad\u00f3 \u00e9gett olajszag, amikor a sziv\u00e1rg\u00f3 ken\u0151anyag a forr\u00f3 kipufog\u00f3rendszerre cseppen. \u00c9rdemes rendszeresen ellen\u0151rizni az oszt\u00f3m\u0171 k\u00f6rny\u00e9k\u00e9t nedvesed\u00e9sre utal\u00f3 nyomok\u00e9rt.<\/p>\n<\/details>\n<details>\n<summary>Milyen BMW t\u00edpusokhoz alkalmas ez az ATC300 t\u00f6m\u00edt\u00e9s k\u00e9szlet?<\/summary>\n<p>Az ATC300 oszt\u00f3m\u0171vet els\u0151sorban az \u00f6sszker\u00e9khajt\u00e1s\u00fa (xDrive) BMW 3-as (E90, E91, E92) \u00e9s 5-\u00f6s (E60, E61) sorozatokban haszn\u00e1lt\u00e1k a 2000-es \u00e9vek k\u00f6zep\u00e9t\u0151l a 2010-es \u00e9vek elej\u00e9ig.<\/p>\n<\/details>\n<details>\n<summary>Megoldja ez a szett az oszt\u00f3m\u0171 r\u00e1ngat\u00e1s\u00e1t vagy remeg\u00e9s\u00e9t?<\/summary>\n<p>K\u00f6zvetlen\u00fcl nem. A r\u00e1ngat\u00e1st \u00e1ltal\u00e1ban az elhaszn\u00e1l\u00f3dott olaj, a bels\u0151 lamell\u00e1k kop\u00e1sa vagy az \u00e1ll\u00edt\u00f3motor hib\u00e1ja okozza. Ez a t\u00f6m\u00edt\u00e9s szett a k\u00fcls\u0151 olajsziv\u00e1rg\u00e1s megsz\u00fcntet\u00e9s\u00e9re szolg\u00e1l, ami viszont megel\u0151zi az olajhi\u00e1ny miatti s\u00falyosabb bels\u0151 k\u00e1rosod\u00e1st.<\/p>\n<\/details>\n<details>\n<summary>Sz\u00fcks\u00e9gem van speci\u00e1lis szersz\u00e1mra a szimeringek cser\u00e9j\u00e9hez?<\/summary>\n<p>Igen, a tengelyt\u00f6m\u00edt\u00e9sek (szimeringek) szakszer\u0171 be\u00fct\u00e9s\u00e9hez \u00e9s elt\u00e1vol\u00edt\u00e1s\u00e1hoz c\u00e9lszersz\u00e1mok aj\u00e1nlottak, hogy elker\u00fclj\u00fck az oszt\u00f3m\u0171 h\u00e1z\u00e1nak vagy a tengely fel\u00fclet\u00e9nek s\u00e9r\u00fcl\u00e9s\u00e9t. A csere \u00e1ltal\u00e1ban az oszt\u00f3m\u0171 aut\u00f3b\u00f3l val\u00f3 kiszerel\u00e9s\u00e9t is ig\u00e9nyelheti.<\/p>\n<\/details>\n<details>\n<summary>Mi t\u00f6rt\u00e9nik, ha halogatom a sziv\u00e1rg\u00f3 t\u00f6m\u00edt\u00e9s cser\u00e9j\u00e9t?<\/summary>\n<p>Ha a sziv\u00e1rg\u00e1s miatt az oszt\u00f3m\u0171ben lecs\u00f6kken az olajszint, a bels\u0151 alkatr\u00e9szek (l\u00e1nc, csap\u00e1gyak, lamell\u00e1k) ken\u00e9se megsz\u0171nik. Ez r\u00f6vid id\u0151n bel\u00fcl az oszt\u00f3m\u0171 teljes t\u00f6nkremenetel\u00e9hez vezethet, ami j\u00f3val k\u00f6lts\u00e9gesebb jav\u00edt\u00e1s, mint a t\u00f6m\u00edt\u00e9sek cser\u00e9je.<\/p>\n<\/details>\n<p><script type=\"application\/ld+json\">\n{\n  \"@context\": \"https:\/\/schema.org\",\n  \"@type\": \"FAQPage\",\n  \"mainEntity\": [\n    {\n      \"@type\": \"Question\",\n      \"name\": \"Hogyan vehetem u00e9szre, ha szivu00e1rog az ATC300 osztu00f3mu0171 tu00f6mu00edtu00e9se?\",\n      \"acceptedAnswer\": {\n        \"@type\": \"Answer\",\n        \"text\": \"A leggyakoribb jel a gu00e9pju00e1rmu0171 alatt megjelenu0151 olajfolt, vagy az autu00f3 alju00e1ru00f3l u00e1radu00f3 u00e9gett olajszag, amikor a szivu00e1rgu00f3 kenu0151anyag a forru00f3 kipufogu00f3rendszerre cseppen.\"\n      }\n    },\n    {\n      \"@type\": \"Question\",\n      \"name\": \"Milyen BMW tu00edpusokhoz alkalmas ez az ATC300 tu00f6mu00edtu00e9s ku00e9szlet?\",\n      \"acceptedAnswer\": {\n        \"@type\": \"Answer\",\n        \"text\": \"Az ATC300 osztu00f3mu0171vet elsu0151sorban az u00f6sszkeru00e9khajtu00e1su00fa (xDrive) BMW 3-as (E90, E91, E92) u00e9s 5-u00f6s (E60, E61) sorozatokban hasznu00e1ltu00e1k.\"\n      }\n    },\n    {\n      \"@type\": \"Question\",\n      \"name\": \"Megoldja ez a szett az osztu00f3mu0171 ru00e1ngatu00e1su00e1t vagy remegu00e9su00e9t?\",\n      \"acceptedAnswer\": {\n        \"@type\": \"Answer\",\n        \"text\": \"Ku00f6zvetlenu00fcl nem. Ez a tu00f6mu00edtu00e9s szett a ku00fclsu0151 olajszivu00e1rgu00e1s megszu00fcntetu00e9su00e9re szolgu00e1l, ami megelu0151zi az olajhiu00e1ny miatti belsu0151 ku00e1rosodu00e1st. A ru00e1ngatu00e1st jellemzu0151en belsu0151 mechanikai kopu00e1s okozza.\"\n      }\n    },\n    {\n      \"@type\": \"Question\",\n      \"name\": \"Szu00fcksu00e9gem van speciu00e1lis szerszu00e1mra a szimeringek cseru00e9ju00e9hez?\",\n      \"acceptedAnswer\": {\n        \"@type\": \"Answer\",\n        \"text\": \"Igen, a szimeringek szakszeru0171 beu00fctu00e9su00e9hez cu00e9lszerszu00e1mok aju00e1nlottak a felu00fcleti su00e9ru00fclu00e9sek elkeru00fclu00e9se u00e9rdeku00e9ben. A munka gyakran az egysu00e9g kiszerelu00e9su00e9t igu00e9nyli.\"\n      }\n    },\n    {\n      \"@type\": \"Question\",\n      \"name\": \"Mi tu00f6rtu00e9nik, ha halogatom a szivu00e1rgu00f3 tu00f6mu00edtu00e9s cseru00e9ju00e9t?\",\n      \"acceptedAnswer\": {\n        \"@type\": \"Answer\",\n        \"text\": \"Az alacsony olajszint miatti kenu00e9shiu00e1ny az osztu00f3mu0171 belsu0151 alkatru00e9szeinek (lu00e1nc, csapu00e1gyak) gyors tu00f6nkremenetelu00e9hez vezet, ami teljes cseru00e9t tehet szu00fcksu00e9gessu00e9.\"\n      }\n    }\n  ]\n}\n<\/script><\/p>","protected":false},"excerpt":{"rendered":"<p>Ezek az alkatr\u00e9szek t\u00f6m\u00edtik az oszt\u00f3m\u0171vet. K\u00e9pesek a tengelyek v\u00e9g\u00e9hez r\u00f6gz\u00fclve megakad\u00e1lyozni az olajfoly\u00e1st \u00e9s sziv\u00e1rg\u00e1st. Hogyan vehetem \u00e9szre, ha sziv\u00e1rog az ATC300 oszt\u00f3m\u0171 t\u00f6m\u00edt\u00e9se? &#8230; <\/p>\n<p class=\"read-more-container\"><a title=\"Oszt\u00f3m\u0171 t\u00f6m\u00edt\u00e9s szett (ATC300)\" class=\"read-more button\" href=\"https:\/\/transfercasepartshop.com\/hu\/bmw\/atc300\/osztomu-tomites-szett-atc300\/#more-421442\" aria-label=\"Read more about Oszt\u00f3m\u0171 t\u00f6m\u00edt\u00e9s szett (ATC300)\">Tov\u00e1bb<\/a><\/p>","protected":false},"featured_media":421711,"comment_status":"open","ping_status":"closed","template":"","meta":{"_acf_changed":false},"product_brand":[],"product_cat":[64,86],"product_tag":[209],"class_list":{"0":"post-421442","1":"product","2":"type-product","3":"status-publish","4":"has-post-thumbnail","6":"product_cat-atc300","7":"product_cat-bmw","8":"product_tag-szimeringek-tomitesek","9":"infinite-scroll-item","10":"no-featured-image-padding","11":"resize-featured-image","12":"sales-flash-overlay","13":"woocommerce-text-align-center","14":"woocommerce-image-align-center","15":"wc-has-gallery","17":"first","18":"instock","19":"taxable","20":"shipping-taxable","21":"purchasable","22":"product-type-simple"},"acf":{"s-tec_number":"SP00746","oem-ref":"","tartalom":"A csomag tartalmazza az oszt\u00f3m\u0171ben tal\u00e1lhat\u00f3 \u00f6sszes t\u00f6m\u00edt\u00e9st.","lamella-alert":"","transfer_case_application_v2":["BMW ATC300 2003-2010 5 series E60, E61","BMW ATC300 2004-2010 3 series E90, E91, E92"],"transfer_case_application":"","kulso_raktar":8,"google_ads_kep":423515,"gtin":9009381041085},"_links":{"self":[{"href":"https:\/\/transfercasepartshop.com\/hu\/wp-json\/wp\/v2\/product\/421442","targetHints":{"allow":["GET"]}}],"collection":[{"href":"https:\/\/transfercasepartshop.com\/hu\/wp-json\/wp\/v2\/product"}],"about":[{"href":"https:\/\/transfercasepartshop.com\/hu\/wp-json\/wp\/v2\/types\/product"}],"replies":[{"embeddable":true,"href":"https:\/\/transfercasepartshop.com\/hu\/wp-json\/wp\/v2\/comments?post=421442"}],"wp:featuredmedia":[{"embeddable":true,"href":"https:\/\/transfercasepartshop.com\/hu\/wp-json\/wp\/v2\/media\/421711"}],"wp:attachment":[{"href":"https:\/\/transfercasepartshop.com\/hu\/wp-json\/wp\/v2\/media?parent=421442"}],"wp:term":[{"taxonomy":"product_brand","embeddable":true,"href":"https:\/\/transfercasepartshop.com\/hu\/wp-json\/wp\/v2\/product_brand?post=421442"},{"taxonomy":"product_cat","embeddable":true,"href":"https:\/\/transfercasepartshop.com\/hu\/wp-json\/wp\/v2\/product_cat?post=421442"},{"taxonomy":"product_tag","embeddable":true,"href":"https:\/\/transfercasepartshop.com\/hu\/wp-json\/wp\/v2\/product_tag?post=421442"}],"curies":[{"name":"wp","href":"https:\/\/api.w.org\/{rel}","templated":true}]}}