{"id":421323,"date":"2022-05-18T09:27:58","date_gmt":"2022-05-18T07:27:58","guid":{"rendered":"https:\/\/transfercasepartshop.com\/?post_type=product&#038;p=421323"},"modified":"2026-03-23T09:49:06","modified_gmt":"2026-03-23T08:49:06","slug":"osztomu-tomites-szett-atc350","status":"publish","type":"product","link":"https:\/\/transfercasepartshop.com\/hu\/bmw\/atc350\/osztomu-tomites-szett-atc350\/","title":{"rendered":"Oszt\u00f3m\u0171 t\u00f6m\u00edt\u00e9s szett (ATC350)"},"content":{"rendered":"<p>Ezek az alkatr\u00e9szek t\u00f6m\u00edtik az oszt\u00f3m\u0171vet. K\u00e9pesek a tengelyek v\u00e9g\u00e9hez r\u00f6gz\u00fclve megakad\u00e1lyozni az olajfoly\u00e1st \u00e9s sziv\u00e1rg\u00e1st.<\/p>\n<section>\n<details>\n<summary>Milyen t\u00fcnetei vannak, ha sziv\u00e1rog az ATC350 oszt\u00f3m\u0171 t\u00f6m\u00edt\u00e9se?<\/summary>\n<p>A leggyakoribb jelek az aut\u00f3 alatti friss olajfoltok, az oszt\u00f3m\u0171 h\u00e1z\u00e1n megjelen\u0151 olajs\u00e1r, vagy a hajt\u00e1sl\u00e1nc fel\u0151l \u00e9rkez\u0151 \u00e9gett olajszag. Ha a t\u00f6m\u00edt\u00e9s nem z\u00e1r megfelel\u0151en, az alacsony olajszint miatt az oszt\u00f3m\u0171 r\u00e1ngatni kezdhet, ami hossz\u00fa t\u00e1von t\u00f6nkreteszi a bels\u0151 szerkezetet.<\/p>\n<\/details>\n<details>\n<summary>Kompatibilis ez a k\u00e9szlet az F10-es vagy F01-es BMW xDrive modellemhez?<\/summary>\n<p>Igen, az ATC350 t\u00edpus\u00fa oszt\u00f3m\u0171vet els\u0151sorban a 2010 ut\u00e1ni BMW 5-\u00f6s (F10, F11, F07 GT) \u00e9s 7-es (F01, F02) sz\u00e9ri\u00e1k xDrive modelljeibe szerelt\u00e9k. Ez a t\u00f6m\u00edt\u00e9s szett pontosan ezekhez a t\u00edpusokhoz lett tervezve a gy\u00e1ri specifik\u00e1ci\u00f3k alapj\u00e1n.<\/p>\n<\/details>\n<details>\n<summary>Megoldja ez a szett az oszt\u00f3m\u0171 r\u00e1ngat\u00e1si probl\u00e9m\u00e1it?<\/summary>\n<p>K\u00f6zvetetten igen. A r\u00e1ngat\u00e1st gyakran az el\u00f6regedett vagy kev\u00e9s olaj okozza. A t\u00f6m\u00edt\u00e9sek cser\u00e9je elengedhetetlen az olajsziv\u00e1rg\u00e1s megsz\u00fcntet\u00e9s\u00e9hez, \u00edgy a friss olaj a h\u00e1zon bel\u00fcl marad, biztos\u00edtva a lamell\u00e1k \u00e9s csap\u00e1gyak megfelel\u0151 ken\u00e9s\u00e9t.<\/p>\n<\/details>\n<details>\n<summary>Mire kell figyelnem a beszerel\u00e9s sor\u00e1n, hogy elker\u00fcljem az \u00fajabb sziv\u00e1rg\u00e1st?<\/summary>\n<p>A legfontosabb a tengelyv\u00e9gek alapos tiszt\u00edt\u00e1sa \u00e9s a t\u00f6m\u00edt\u0151gy\u0171r\u0171k (szimmeringek) pontos, ferd\u00fcl\u00e9smentes behelyez\u00e9se. Javasolt speci\u00e1lis be\u00fct\u0151 szersz\u00e1m haszn\u00e1lata, \u00e9s \u00e9rdemes a t\u00f6m\u00edt\u0151ajkakat v\u00e9konyan megkenni oszt\u00f3m\u0171olajjal a beszerel\u00e9s el\u0151tt, hogy ne sz\u00e1razon induljanak el.<\/p>\n<\/details>\n<\/section>\n<p><script type=\"application\/ld+json\">\n{\n  \"@context\": \"https:\/\/schema.org\",\n  \"@type\": \"FAQPage\",\n  \"mainEntity\": [\n    {\n      \"@type\": \"Question\",\n      \"name\": \"Milyen tu00fcnetei vannak, ha szivu00e1rog az ATC350 osztu00f3mu0171 tu00f6mu00edtu00e9se?\",\n      \"acceptedAnswer\": {\n        \"@type\": \"Answer\",\n        \"text\": \"A leggyakoribb jelek az autu00f3 alatti friss olajfoltok, az osztu00f3mu0171 hu00e1zu00e1n megjelenu0151 olajsu00e1r, vagy a hajtu00e1slu00e1nc felu0151l u00e9rkezu0151 u00e9gett olajszag. Ha a tu00f6mu00edtu00e9s nem zu00e1r megfelelu0151en, az alacsony olajszint miatt az osztu00f3mu0171 ru00e1ngatni kezdhet.\"\n      }\n    },\n    {\n      \"@type\": \"Question\",\n      \"name\": \"Kompatibilis ez a ku00e9szlet az F10-es vagy F01-es BMW xDrive modellemhez?\",\n      \"acceptedAnswer\": {\n        \"@type\": \"Answer\",\n        \"text\": \"Igen, az ATC350 tu00edpusu00fa osztu00f3mu0171vet elsu0151sorban a 2010 utu00e1ni BMW 5-u00f6s (F10, F11, F07 GT) u00e9s 7-es (F01, F02) szu00e9riu00e1k xDrive modelljeibe szereltu00e9k.\"\n      }\n    },\n    {\n      \"@type\": \"Question\",\n      \"name\": \"Megoldja ez a szett az osztu00f3mu0171 ru00e1ngatu00e1si problu00e9mu00e1it?\",\n      \"acceptedAnswer\": {\n        \"@type\": \"Answer\",\n        \"text\": \"Ku00f6zvetetten igen. A tu00f6mu00edtu00e9sek cseru00e9je elengedhetetlen az olajszivu00e1rgu00e1s megszu00fcntetu00e9su00e9hez, u00edgy a friss olaj a hu00e1zon belu00fcl marad, biztosu00edtva a megfelelu0151 kenu00e9st u00e9s mu0171ku00f6du00e9st.\"\n      }\n    },\n    {\n      \"@type\": \"Question\",\n      \"name\": \"Mire kell figyelnem a beszerelu00e9s soru00e1n, hogy elkeru00fcljem az u00fajabb szivu00e1rgu00e1st?\",\n      \"acceptedAnswer\": {\n        \"@type\": \"Answer\",\n        \"text\": \"Fontos a tengelyvu00e9gek tisztu00edtu00e1sa u00e9s a tu00f6mu00edtu0151gyu0171ru0171k pontos behelyezu00e9se. Javasolt speciu00e1lis beu00fctu0151 szerszu00e1m hasznu00e1lata u00e9s a tu00f6mu00edtu0151ajkak elu0151zetes megkenu00e9se osztu00f3mu0171olajjal.\"\n      }\n    }\n  ]\n}\n<\/script><\/p>","protected":false},"excerpt":{"rendered":"<p>Ezek az alkatr\u00e9szek t\u00f6m\u00edtik az oszt\u00f3m\u0171vet. K\u00e9pesek a tengelyek v\u00e9g\u00e9hez r\u00f6gz\u00fclve megakad\u00e1lyozni az olajfoly\u00e1st \u00e9s sziv\u00e1rg\u00e1st. Milyen t\u00fcnetei vannak, ha sziv\u00e1rog az ATC350 oszt\u00f3m\u0171 t\u00f6m\u00edt\u00e9se? &#8230; <\/p>\n<p class=\"read-more-container\"><a title=\"Oszt\u00f3m\u0171 t\u00f6m\u00edt\u00e9s szett (ATC350)\" class=\"read-more button\" href=\"https:\/\/transfercasepartshop.com\/hu\/bmw\/atc350\/osztomu-tomites-szett-atc350\/#more-421323\" aria-label=\"Read more about Oszt\u00f3m\u0171 t\u00f6m\u00edt\u00e9s szett (ATC350)\">Tov\u00e1bb<\/a><\/p>","protected":false},"featured_media":421567,"comment_status":"open","ping_status":"closed","template":"","meta":{"_acf_changed":false},"product_brand":[],"product_cat":[89,86],"product_tag":[209],"class_list":{"0":"post-421323","1":"product","2":"type-product","3":"status-publish","4":"has-post-thumbnail","6":"product_cat-atc350","7":"product_cat-bmw","8":"product_tag-szimeringek-tomitesek","9":"infinite-scroll-item","10":"no-featured-image-padding","11":"resize-featured-image","12":"sales-flash-overlay","13":"woocommerce-text-align-center","14":"woocommerce-image-align-center","15":"wc-has-gallery","17":"first","18":"instock","19":"taxable","20":"shipping-taxable","21":"purchasable","22":"product-type-simple"},"acf":{"s-tec_number":"SP01211","oem-ref":"BMW 27107605406, 27107607638, 27107609191, 27107609194, 27107610582, 27107610584, 27107619176, 27107619177, 27107619777, 27107619928, 27107629604, 27107635755, 27107635756, 27107636172, 27107636477, 27107636478, 27107636479, 27107639260, 27107639266, 27107639268, 27107643748, 27107643749, 27107643750, 27108697976, 27108697977, 27108697978","tartalom":"A csomag tartalmazza az oszt\u00f3m\u0171ben tal\u00e1lhat\u00f3 \u00f6sszes t\u00f6m\u00edt\u00e9st.","lamella-alert":"","transfer_case_application_v2":["BMW ATC350 2008-2015 7 series F01, F02","BMW ATC350 2009-2015 X1 E84","BMW ATC350 2010-2016 5 series F07 GT, F10, F11"],"transfer_case_application":"","kulso_raktar":3,"google_ads_kep":423513,"gtin":9009381057154},"_links":{"self":[{"href":"https:\/\/transfercasepartshop.com\/hu\/wp-json\/wp\/v2\/product\/421323","targetHints":{"allow":["GET"]}}],"collection":[{"href":"https:\/\/transfercasepartshop.com\/hu\/wp-json\/wp\/v2\/product"}],"about":[{"href":"https:\/\/transfercasepartshop.com\/hu\/wp-json\/wp\/v2\/types\/product"}],"replies":[{"embeddable":true,"href":"https:\/\/transfercasepartshop.com\/hu\/wp-json\/wp\/v2\/comments?post=421323"}],"wp:featuredmedia":[{"embeddable":true,"href":"https:\/\/transfercasepartshop.com\/hu\/wp-json\/wp\/v2\/media\/421567"}],"wp:attachment":[{"href":"https:\/\/transfercasepartshop.com\/hu\/wp-json\/wp\/v2\/media?parent=421323"}],"wp:term":[{"taxonomy":"product_brand","embeddable":true,"href":"https:\/\/transfercasepartshop.com\/hu\/wp-json\/wp\/v2\/product_brand?post=421323"},{"taxonomy":"product_cat","embeddable":true,"href":"https:\/\/transfercasepartshop.com\/hu\/wp-json\/wp\/v2\/product_cat?post=421323"},{"taxonomy":"product_tag","embeddable":true,"href":"https:\/\/transfercasepartshop.com\/hu\/wp-json\/wp\/v2\/product_tag?post=421323"}],"curies":[{"name":"wp","href":"https:\/\/api.w.org\/{rel}","templated":true}]}}