{"id":421007,"date":"2022-05-18T09:12:14","date_gmt":"2022-05-18T07:12:14","guid":{"rendered":"https:\/\/transfercasepartshop.com\/?post_type=product&#038;p=421007"},"modified":"2026-03-30T18:29:20","modified_gmt":"2026-03-30T16:29:20","slug":"osztomu-csapagy-szett-atc300","status":"publish","type":"product","link":"https:\/\/transfercasepartshop.com\/hu\/bmw\/atc300\/osztomu-csapagy-szett-atc300\/","title":{"rendered":"Oszt\u00f3m\u0171 csap\u00e1gy szett (ATC300)"},"content":{"rendered":"<p>Ezek az oszt\u00f3m\u0171ben tal\u00e1lhat\u00f3 csap\u00e1gyak, biztos\u00edtj\u00e1k a tengelyek al\u00e1t\u00e1maszt\u00e1s\u00e1t \u00e9s a megfelel\u0151 forgat\u00f3nyomat\u00e9k er\u0151\u00e1tvitel\u00e9nek kiegyenes\u00falyozotts\u00e1g\u00e1t.<\/p>\n<div class=\"faq-container\">\n<details>\n<summary>Honnan tudhatom, hogy elhaszn\u00e1l\u00f3dtak a csap\u00e1gyak az ATC300 oszt\u00f3m\u0171vemben?<\/summary>\n<p>A legtipikusabb t\u00fcnet a hajt\u00e1sl\u00e1ncb\u00f3l \u00e9rkez\u0151 b\u00fag\u00f3 vagy morg\u00f3 hang, amely a sebess\u00e9g n\u00f6veked\u00e9s\u00e9vel er\u0151s\u00f6dik. Gyakran tapasztalhat\u00f3 vibr\u00e1ci\u00f3 az utast\u00e9rben, vagy finom r\u00e1ngat\u00e1s gyors\u00edt\u00e1skor, amit a tengelyek l\u00f3g\u00e1sa \u00e9s a csap\u00e1gyak kop\u00e1sa okoz.<\/p>\n<\/details>\n<details>\n<summary>Milyen BMW modellekbe szerelt\u00e9k az ATC300-as oszt\u00f3m\u0171vet?<\/summary>\n<p>Az ATC300-as egys\u00e9g els\u0151sorban az \u00f6sszkerekes (xDrive) BMW 3-as (E90, E91, E92) \u00e9s 5-\u00f6s (E60, E61) sorozatokban tal\u00e1lhat\u00f3 meg. Ha nem biztos a kompatibilit\u00e1sban, alv\u00e1zsz\u00e1m alapj\u00e1n sz\u00edvesen seg\u00edt\u00fcnk ellen\u0151rizni.<\/p>\n<\/details>\n<details>\n<summary>Mi\u00e9rt \u00e9rdemes az eg\u00e9sz szettet cser\u00e9lni, ha csak egy csap\u00e1gy zajos?<\/summary>\n<p>Az oszt\u00f3m\u0171 megbont\u00e1sa munkad\u00edj-ig\u00e9nyes folyamat. Tapasztalatunk szerint, ha egy csap\u00e1gy t\u00f6nkremegy, a t\u00f6bbi is hasonl\u00f3 \u00e1llapotban van a fut\u00e1steljes\u00edtm\u00e9ny miatt. A teljes szett cser\u00e9j\u00e9vel megel\u0151zhet\u0151 a k\u00f6zeli ism\u00e9telt meghib\u00e1sod\u00e1s \u00e9s az \u00fajabb szerel\u00e9si k\u00f6lts\u00e9g.<\/p>\n<\/details>\n<details>\n<summary>Megoldja ez a csap\u00e1gy szett a gyors\u00edt\u00e1skori r\u00e1ngat\u00e1st?<\/summary>\n<p>Amennyiben a r\u00e1ngat\u00e1st a csap\u00e1gyak kop\u00e1sa miatti tengelyir\u00e1ny\u00fa l\u00f3g\u00e1s okozza, igen. Ha azonban a r\u00e1ngat\u00e1s mell\u00e9 \u00e9gett olajszag vagy kuplungt\u00e1rcsa-hiba t\u00e1rsul, javasolt a bels\u0151 lamell\u00e1k \u00e9s a m\u0171k\u00f6dtet\u0151 motor ellen\u0151rz\u00e9se is.<\/p>\n<\/details>\n<details>\n<summary>Milyen olajat haszn\u00e1ljak az ATC300 oszt\u00f3m\u0171h\u00f6z a csap\u00e1gycsere ut\u00e1n?<\/summary>\n<p>A fel\u00faj\u00edt\u00e1s ut\u00e1n kiz\u00e1r\u00f3lag a gy\u00e1ri specifik\u00e1ci\u00f3nak megfelel\u0151 BMW DTF-1 (vagy kor\u00e1bbi TF 0870) oszt\u00f3m\u0171 olaj haszn\u00e1lata javasolt a hossz\u00fa \u00e9lettartam biztos\u00edt\u00e1sa \u00e9rdek\u00e9ben.<\/p>\n<\/details>\n<\/div>\n<p><script type=\"application\/ld+json\">\n{\n  \"@context\": \"https:\/\/schema.org\",\n  \"@type\": \"FAQPage\",\n  \"mainEntity\": [\n    {\n      \"@type\": \"Question\",\n      \"name\": \"Honnan tudhatom, hogy elhasznu00e1lu00f3dtak a csapu00e1gyak az ATC300 osztu00f3mu0171vemben?\",\n      \"acceptedAnswer\": {\n        \"@type\": \"Answer\",\n        \"text\": \"A legtipikusabb tu00fcnet a hajtu00e1slu00e1ncbu00f3l u00e9rkezu0151 bu00fagu00f3 vagy morgu00f3 hang, amely a sebessu00e9g nu00f6vekedu00e9su00e9vel eru0151su00f6dik. Gyakran tapasztalhatu00f3 vibru00e1ciu00f3 az utastu00e9rben, vagy finom ru00e1ngatu00e1s gyorsu00edtu00e1skor.\"\n      }\n    },\n    {\n      \"@type\": \"Question\",\n      \"name\": \"Milyen BMW modellekbe szereltu00e9k az ATC300-as osztu00f3mu0171vet?\",\n      \"acceptedAnswer\": {\n        \"@type\": \"Answer\",\n        \"text\": \"Az ATC300-as egysu00e9g elsu0151sorban az u00f6sszkerekes (xDrive) BMW 3-as (E90, E91, E92) u00e9s 5-u00f6s (E60, E61) sorozatokban talu00e1lhatu00f3 meg.\"\n      }\n    },\n    {\n      \"@type\": \"Question\",\n      \"name\": \"Miu00e9rt u00e9rdemes az egu00e9sz szettet cseru00e9lni, ha csak egy csapu00e1gy zajos?\",\n      \"acceptedAnswer\": {\n        \"@type\": \"Answer\",\n        \"text\": \"Az osztu00f3mu0171 megbontu00e1sa munkadu00edj-igu00e9nyes. A teljes szett cseru00e9ju00e9vel megelu0151zhetu0151 a ku00f6zeli ismu00e9telt meghibu00e1sodu00e1s u00e9s az u00fajabb szerelu00e9si ku00f6ltsu00e9g, mivel a csapu00e1gyak u00e1ltalu00e1ban egyszerre hasznu00e1lu00f3dnak el.\"\n      }\n    },\n    {\n      \"@type\": \"Question\",\n      \"name\": \"Megoldja ez a csapu00e1gy szett a gyorsu00edtu00e1skori ru00e1ngatu00e1st?\",\n      \"acceptedAnswer\": {\n        \"@type\": \"Answer\",\n        \"text\": \"Igen, ha a ru00e1ngatu00e1st a kopott csapu00e1gyak miatti tengelylu00f3gu00e1s okozza. Ha azonban a kuplungtu00e1rcsu00e1k koptak el, akkor a lamellu00e1k cseru00e9ju00e9re is szu00fcksu00e9g lehet.\"\n      }\n    },\n    {\n      \"@type\": \"Question\",\n      \"name\": \"Milyen olajat hasznu00e1ljak az ATC300 osztu00f3mu0171hu00f6z a csapu00e1gycsere utu00e1n?\",\n      \"acceptedAnswer\": {\n        \"@type\": \"Answer\",\n        \"text\": \"Kizu00e1ru00f3lag a gyu00e1ri specifiku00e1ciu00f3nak megfelelu0151 BMW DTF-1 (vagy koru00e1bbi TF 0870) osztu00f3mu0171 olaj hasznu00e1lata javasolt.\"\n      }\n    }\n  ]\n}\n<\/script><\/p>","protected":false},"excerpt":{"rendered":"<p>Ezek az oszt\u00f3m\u0171ben tal\u00e1lhat\u00f3 csap\u00e1gyak, biztos\u00edtj\u00e1k a tengelyek al\u00e1t\u00e1maszt\u00e1s\u00e1t \u00e9s a megfelel\u0151 forgat\u00f3nyomat\u00e9k er\u0151\u00e1tvitel\u00e9nek kiegyenes\u00falyozotts\u00e1g\u00e1t. Honnan tudhatom, hogy elhaszn\u00e1l\u00f3dtak a csap\u00e1gyak az ATC300 oszt\u00f3m\u0171vemben? A &#8230; <\/p>\n<p class=\"read-more-container\"><a title=\"Oszt\u00f3m\u0171 csap\u00e1gy szett (ATC300)\" class=\"read-more button\" href=\"https:\/\/transfercasepartshop.com\/hu\/bmw\/atc300\/osztomu-csapagy-szett-atc300\/#more-421007\" aria-label=\"Read more about Oszt\u00f3m\u0171 csap\u00e1gy szett (ATC300)\">Tov\u00e1bb<\/a><\/p>","protected":false},"featured_media":421277,"comment_status":"open","ping_status":"closed","template":"","meta":{"_acf_changed":false},"product_brand":[],"product_cat":[64,86],"product_tag":[207,390],"class_list":{"0":"post-421007","1":"product","2":"type-product","3":"status-publish","4":"has-post-thumbnail","6":"product_cat-atc300","7":"product_cat-bmw","8":"product_tag-csapagyak","9":"product_tag-magna-powertrain","10":"infinite-scroll-item","11":"no-featured-image-padding","12":"resize-featured-image","13":"sales-flash-overlay","14":"woocommerce-text-align-center","15":"woocommerce-image-align-center","16":"wc-has-gallery","18":"first","19":"instock","20":"taxable","21":"shipping-taxable","22":"purchasable","23":"product-type-simple"},"acf":{"s-tec_number":"SP00593","oem-ref":"BMW 27107546677, 27107548666, 27107549030, 27107552701, 27107599690, 27107599691, 27107599693, 27107613152, 27107613153","tartalom":"A csomag tartalmazza az oszt\u00f3m\u0171ben tal\u00e1lhat\u00f3 \u00f6sszes csap\u00e1gyat","lamella-alert":"","transfer_case_application_v2":["BMW ATC300 2003-2010 5 series E60, E61","BMW ATC300 2004-2010 3 series E90, E91, E92"],"transfer_case_application":"","kulso_raktar":2,"google_ads_kep":423509,"gtin":9009381004394},"_links":{"self":[{"href":"https:\/\/transfercasepartshop.com\/hu\/wp-json\/wp\/v2\/product\/421007","targetHints":{"allow":["GET"]}}],"collection":[{"href":"https:\/\/transfercasepartshop.com\/hu\/wp-json\/wp\/v2\/product"}],"about":[{"href":"https:\/\/transfercasepartshop.com\/hu\/wp-json\/wp\/v2\/types\/product"}],"replies":[{"embeddable":true,"href":"https:\/\/transfercasepartshop.com\/hu\/wp-json\/wp\/v2\/comments?post=421007"}],"wp:featuredmedia":[{"embeddable":true,"href":"https:\/\/transfercasepartshop.com\/hu\/wp-json\/wp\/v2\/media\/421277"}],"wp:attachment":[{"href":"https:\/\/transfercasepartshop.com\/hu\/wp-json\/wp\/v2\/media?parent=421007"}],"wp:term":[{"taxonomy":"product_brand","embeddable":true,"href":"https:\/\/transfercasepartshop.com\/hu\/wp-json\/wp\/v2\/product_brand?post=421007"},{"taxonomy":"product_cat","embeddable":true,"href":"https:\/\/transfercasepartshop.com\/hu\/wp-json\/wp\/v2\/product_cat?post=421007"},{"taxonomy":"product_tag","embeddable":true,"href":"https:\/\/transfercasepartshop.com\/hu\/wp-json\/wp\/v2\/product_tag?post=421007"}],"curies":[{"name":"wp","href":"https:\/\/api.w.org\/{rel}","templated":true}]}}