{"id":419696,"date":"2022-02-21T20:42:37","date_gmt":"2022-02-21T19:42:37","guid":{"rendered":"https:\/\/transfercasepartshop.com\/?post_type=product&#038;p=419696"},"modified":"2026-03-23T09:44:06","modified_gmt":"2026-03-23T08:44:06","slug":"osztomu-kuplung-kosar-atc350","status":"publish","type":"product","link":"https:\/\/transfercasepartshop.com\/hu\/bmw\/osztomu-kuplung-kosar-atc350\/","title":{"rendered":"Oszt\u00f3m\u0171 kuplung kos\u00e1r (ATC350)"},"content":{"rendered":"<p>A kuplung kos\u00e1r azt a c\u00e9lt szolg\u00e1lja, hogy a bel\u00e9 helyezett lamella sor \u00e9s kuplung rug\u00f3k illetve t\u00e1vtart\u00f3k megfelel\u0151en tudj\u00e1k biztosa\u00edtani az oszt\u00f3m\u0171 kuplungj\u00e1nak m\u0171k\u00f6d\u00e9s\u00e9t.<\/p>\n<div>\n<details>\n<summary>Milyen t\u00fcnetek utalnak az ATC350 oszt\u00f3m\u0171 kuplung kos\u00e1r hib\u00e1j\u00e1ra?<\/summary>\n<p>A leggyakoribb jelek k\u00f6z\u00e9 tartozik a gyors\u00edt\u00e1skor \u00e9rezhet\u0151 r\u00e1ngat\u00e1s, a kattog\u00f3 hang alacsony sebess\u00e9gn\u00e9l t\u00f6rt\u00e9n\u0151 kanyarod\u00e1skor, vagy ha az aut\u00f3 hajt\u00e1sa bizonytalann\u00e1 v\u00e1lik. Ha a kos\u00e1r deform\u00e1l\u00f3dik, a benne l\u00e9v\u0151 lamell\u00e1k nem tudnak megfelel\u0151en z\u00e1rni vagy nyitni.<\/p>\n<\/details>\n<details>\n<summary>Pontosan melyik BMW modellekbe passzol ez az ATC350 alkatr\u00e9sz?<\/summary>\n<p>Az ATC350 oszt\u00f3m\u0171vet jellemz\u0151en a BMW 5-\u00f6s (F10\/F11), 7-es (F01\/F02) sz\u00e9ri\u00e1in\u00e1l, valamint az X1 (E84) modellekn\u00e9l alkalmazz\u00e1k. V\u00e1s\u00e1rl\u00e1s el\u0151tt javasolt az alv\u00e1zsz\u00e1m alap\u00fa ellen\u0151rz\u00e9s a pontos kompatibilit\u00e1s \u00e9rdek\u00e9ben.<\/p>\n<\/details>\n<details>\n<summary>Megoldja a kuplung kos\u00e1r cser\u00e9je az oszt\u00f3m\u0171 r\u00e1ngat\u00e1s\u00e1t?<\/summary>\n<p>Amennyiben a r\u00e1ngat\u00e1st a kuplungszerkezet mechanikai szorul\u00e1sa vagy a lamell\u00e1k egyenetlen kop\u00e1sa okozza (amit a kos\u00e1r hib\u00e1ja id\u00e9zett el\u0151), \u00fagy a csere megold\u00e1st jelent. Gyakran \u00e9rdemes a lamellasort \u00e9s a rug\u00f3kat is egyidej\u0171leg cser\u00e9lni.<\/p>\n<\/details>\n<details>\n<summary>Otthon is kicser\u00e9lhetem az oszt\u00f3m\u0171 kuplung kosarat, vagy szakember kell hozz\u00e1?<\/summary>\n<p>A csere komoly m\u0171szaki felk\u00e9sz\u00fclts\u00e9get \u00e9s speci\u00e1lis szersz\u00e1mokat ig\u00e9nyel. Az oszt\u00f3m\u0171 megbont\u00e1sa ut\u00e1n prec\u00edz h\u00e9zagol\u00e1sra van sz\u00fcks\u00e9g, ez\u00e9rt javasoljuk, hogy keressen fel egy v\u00e1lt\u00f3- vagy oszt\u00f3m\u0171 specialist\u00e1t.<\/p>\n<\/details>\n<details>\n<summary>Mi t\u00f6rt\u00e9nik, ha nem cser\u00e9lem ki id\u0151ben a kopott alkatr\u00e9szt?<\/summary>\n<p>A hib\u00e1s kuplung kos\u00e1r miatt a lamell\u00e1k t\u00falmelegedhetnek, ami az oszt\u00f3m\u0171 teljes bels\u0151 szerkezet\u00e9nek \u2013 bele\u00e9rtve a l\u00e1ncot \u00e9s a csap\u00e1gyakat is \u2013 a gyors t\u00f6nkremenetel\u00e9hez vezethet, ami jelent\u0151sen magasabb jav\u00edt\u00e1si k\u00f6lts\u00e9get jelent.<\/p>\n<\/details>\n<\/div>\n<p><script type=\"application\/ld+json\">\n{\n  \"@context\": \"https:\/\/schema.org\",\n  \"@type\": \"FAQPage\",\n  \"mainEntity\": [\n    {\n      \"@type\": \"Question\",\n      \"name\": \"Milyen tu00fcnetek utalnak az ATC350 osztu00f3mu0171 kuplung kosu00e1r hibu00e1ju00e1ra?\",\n      \"acceptedAnswer\": {\n        \"@type\": \"Answer\",\n        \"text\": \"A leggyakoribb jelek ku00f6zu00e9 tartozik a gyorsu00edtu00e1skor u00e9rezhetu0151 ru00e1ngatu00e1s, a kattogu00f3 hang alacsony sebessu00e9gnu00e9l tu00f6rtu00e9nu0151 kanyarodu00e1skor, vagy ha az autu00f3 hajtu00e1sa bizonytalannu00e1 vu00e1lik. Ha a kosu00e1r deformu00e1lu00f3dik, a benne lu00e9vu0151 lamellu00e1k nem tudnak megfelelu0151en zu00e1rni vagy nyitni.\"\n      }\n    },\n    {\n      \"@type\": \"Question\",\n      \"name\": \"Pontosan melyik BMW modellekbe passzol ez az ATC350 alkatru00e9sz?\",\n      \"acceptedAnswer\": {\n        \"@type\": \"Answer\",\n        \"text\": \"Az ATC350 osztu00f3mu0171vet jellemzu0151en a BMW 5-u00f6s (F10\/F11), 7-es (F01\/F02) szu00e9riu00e1inu00e1l, valamint az X1 (E84) modelleknu00e9l alkalmazzu00e1k. Vu00e1su00e1rlu00e1s elu0151tt javasolt az alvu00e1zszu00e1m alapu00fa ellenu0151rzu00e9s a pontos kompatibilitu00e1s u00e9rdeku00e9ben.\"\n      }\n    },\n    {\n      \"@type\": \"Question\",\n      \"name\": \"Megoldja a kuplung kosu00e1r cseru00e9je az osztu00f3mu0171 ru00e1ngatu00e1su00e1t?\",\n      \"acceptedAnswer\": {\n        \"@type\": \"Answer\",\n        \"text\": \"Amennyiben a ru00e1ngatu00e1st a kuplungszerkezet mechanikai szorulu00e1sa vagy a lamellu00e1k egyenetlen kopu00e1sa okozza (amit a kosu00e1r hibu00e1ja idu00e9zett elu0151), u00fagy a csere megoldu00e1st jelent. Gyakran u00e9rdemes a lamellasort u00e9s a rugu00f3kat is egyideju0171leg cseru00e9lni.\"\n      }\n    },\n    {\n      \"@type\": \"Question\",\n      \"name\": \"Otthon is kicseru00e9lhetem az osztu00f3mu0171 kuplung kosarat, vagy szakember kell hozzu00e1?\",\n      \"acceptedAnswer\": {\n        \"@type\": \"Answer\",\n        \"text\": \"A csere komoly mu0171szaki felku00e9szu00fcltsu00e9get u00e9s speciu00e1lis szerszu00e1mokat igu00e9nyel. Az osztu00f3mu0171 megbontu00e1sa utu00e1n precu00edz hu00e9zagolu00e1sra van szu00fcksu00e9g, ezu00e9rt javasoljuk, hogy keressen fel egy vu00e1ltu00f3- vagy osztu00f3mu0171 specialistu00e1t.\"\n      }\n    },\n    {\n      \"@type\": \"Question\",\n      \"name\": \"Mi tu00f6rtu00e9nik, ha nem cseru00e9lem ki idu0151ben a kopott alkatru00e9szt?\",\n      \"acceptedAnswer\": {\n        \"@type\": \"Answer\",\n        \"text\": \"A hibu00e1s kuplung kosu00e1r miatt a lamellu00e1k tu00falmelegedhetnek, ami az osztu00f3mu0171 teljes belsu0151 szerkezetu00e9nek u2013 beleu00e9rtve a lu00e1ncot u00e9s a csapu00e1gyakat is u2013 a gyors tu00f6nkremenetelu00e9hez vezethet, ami jelentu0151sen magasabb javu00edtu00e1si ku00f6ltsu00e9get jelent.\"\n      }\n    }\n  ]\n}\n<\/script><\/p>","protected":false},"excerpt":{"rendered":"<p>A kuplung kos\u00e1r azt a c\u00e9lt szolg\u00e1lja, hogy a bel\u00e9 helyezett lamella sor \u00e9s kuplung rug\u00f3k illetve t\u00e1vtart\u00f3k megfelel\u0151en tudj\u00e1k biztosa\u00edtani az oszt\u00f3m\u0171 kuplungj\u00e1nak m\u0171k\u00f6d\u00e9s\u00e9t. &#8230; <\/p>\n<p class=\"read-more-container\"><a title=\"Oszt\u00f3m\u0171 kuplung kos\u00e1r (ATC350)\" class=\"read-more button\" href=\"https:\/\/transfercasepartshop.com\/hu\/bmw\/osztomu-kuplung-kosar-atc350\/#more-419696\" aria-label=\"Read more about Oszt\u00f3m\u0171 kuplung kos\u00e1r (ATC350)\">Tov\u00e1bb<\/a><\/p>","protected":false},"featured_media":419910,"comment_status":"open","ping_status":"closed","template":"","meta":{"_acf_changed":false},"product_brand":[],"product_cat":[86,89],"product_tag":[208,390],"class_list":{"0":"post-419696","1":"product","2":"type-product","3":"status-publish","4":"has-post-thumbnail","6":"product_cat-bmw","7":"product_cat-atc350","8":"product_tag-kuplung-alkatreszei","9":"product_tag-magna-powertrain","10":"infinite-scroll-item","11":"no-featured-image-padding","12":"resize-featured-image","13":"sales-flash-overlay","14":"woocommerce-text-align-center","15":"woocommerce-image-align-center","16":"wc-has-gallery","18":"first","19":"instock","20":"taxable","21":"shipping-taxable","22":"purchasable","23":"product-type-simple"},"acf":{"s-tec_number":"SP01100","oem-ref":"BMW 27107605406, 27107607638, 27107609191, 27107609194, 27107610582, 27107610584, 27107619176, 27107619177, 27107619777, 27107619928, 27107629604, 27107635755, 27107635756, 27107636172, 27107636477, 27107636478, 27107636479, 27107639260, 27107639266, 27107639268, 27107643748, 27107643749, 27107643750, 27108697976, 27108697977, 27108697978","tartalom":"","lamella-alert":"","transfer_case_application_v2":["BMW ATC350 2008-2015 7 series F01, F02","BMW ATC350 2009-2015 X1 E84","BMW ATC350 2010-2016 5 series F07 GT, F10, F11"],"transfer_case_application":"","kulso_raktar":1,"google_ads_kep":423349,"gtin":9009381052548},"_links":{"self":[{"href":"https:\/\/transfercasepartshop.com\/hu\/wp-json\/wp\/v2\/product\/419696","targetHints":{"allow":["GET"]}}],"collection":[{"href":"https:\/\/transfercasepartshop.com\/hu\/wp-json\/wp\/v2\/product"}],"about":[{"href":"https:\/\/transfercasepartshop.com\/hu\/wp-json\/wp\/v2\/types\/product"}],"replies":[{"embeddable":true,"href":"https:\/\/transfercasepartshop.com\/hu\/wp-json\/wp\/v2\/comments?post=419696"}],"wp:featuredmedia":[{"embeddable":true,"href":"https:\/\/transfercasepartshop.com\/hu\/wp-json\/wp\/v2\/media\/419910"}],"wp:attachment":[{"href":"https:\/\/transfercasepartshop.com\/hu\/wp-json\/wp\/v2\/media?parent=419696"}],"wp:term":[{"taxonomy":"product_brand","embeddable":true,"href":"https:\/\/transfercasepartshop.com\/hu\/wp-json\/wp\/v2\/product_brand?post=419696"},{"taxonomy":"product_cat","embeddable":true,"href":"https:\/\/transfercasepartshop.com\/hu\/wp-json\/wp\/v2\/product_cat?post=419696"},{"taxonomy":"product_tag","embeddable":true,"href":"https:\/\/transfercasepartshop.com\/hu\/wp-json\/wp\/v2\/product_tag?post=419696"}],"curies":[{"name":"wp","href":"https:\/\/api.w.org\/{rel}","templated":true}]}}