{"id":417326,"date":"2022-02-16T13:21:37","date_gmt":"2022-02-16T12:21:37","guid":{"rendered":"https:\/\/transfercasepartshop.com\/termek\/nem-kategorizalt\/osztomu-muanyag-alkatresz-szett-atc13-1\/"},"modified":"2026-03-23T09:44:03","modified_gmt":"2026-03-23T08:44:03","slug":"osztomu-muanyag-alkatresz-szett-atc13-1","status":"publish","type":"product","link":"https:\/\/transfercasepartshop.com\/hu\/bmw\/atc13-1\/osztomu-muanyag-alkatresz-szett-atc13-1\/","title":{"rendered":"Oszt\u00f3m\u0171 m\u0171anyag alkatr\u00e9sz szett (ATC13-1)"},"content":{"rendered":"<p>Az oszt\u00f3m\u0171 ken\u00e9s\u00e9t biztos\u00edt\u00f3 olajterel\u0151 m\u0171anyagokon kereszt\u00fcl juttatja el az olajat a sz\u00fcks\u00e9ges alkatr\u00e9szekhez.<\/p>\n<div>\n<details>\n<summary>Mi\u00e9rt fontos ez a m\u0171anyag alkatr\u00e9sz szett az ATC13-1 oszt\u00f3m\u0171ben?<\/summary>\n<p>Ezek az olajterel\u0151k biztos\u00edtj\u00e1k, hogy a ken\u0151anyag eljusson a kritikus bels\u0151 alkatr\u00e9szekhez. Megfelel\u0151 ken\u00e9s n\u00e9lk\u00fcl az oszt\u00f3m\u0171 t\u00falmelegedhet, ami a lamell\u00e1k \u00e9s a csap\u00e1gyak id\u0151 el\u0151tti kop\u00e1s\u00e1hoz vezet.<\/p>\n<\/details>\n<details>\n<summary>Milyen t\u00fcnetei vannak, ha elkopnak vagy elrepednek az olajterel\u0151k?<\/summary>\n<p>A leggyakoribb t\u00fcnet a r\u00e1ngat\u00e1s gyors\u00edt\u00e1skor vagy kanyarod\u00e1skor, illetve a szokatlan mechanikai zajok az oszt\u00f3m\u0171 fel\u0151l. Ha az olaj\u00e1raml\u00e1s nem megfelel\u0151, az oszt\u00f3m\u0171 bels\u0151 szerkezete k\u00e1rosodhat.<\/p>\n<\/details>\n<details>\n<summary>Kompatibilis ez a szett az \u00e9n BMW-mmel?<\/summary>\n<p>Ez a k\u00e9szlet kifejezetten a BMW ATC13-1 t\u00edpus\u00fa oszt\u00f3m\u0171vekhez k\u00e9sz\u00fclt. K\u00e9rj\u00fck, ellen\u0151rizze az aut\u00f3ja alv\u00e1zsz\u00e1ma alapj\u00e1n, hogy val\u00f3ban ezzel az oszt\u00f3m\u0171vel szerelt\u00e9k-e a j\u00e1rm\u0171vet.<\/p>\n<\/details>\n<details>\n<summary>Beszerelhetem \u00e9n is otthon ezeket az alkatr\u00e9szeket?<\/summary>\n<p>A beszerel\u00e9shez az oszt\u00f3m\u0171 teljes sz\u00e9tszerel\u00e9se sz\u00fcks\u00e9ges, ami speci\u00e1lis szersz\u00e1mokat \u00e9s szak\u00e9rtelmet ig\u00e9nyel. Javasoljuk, hogy a cser\u00e9t b\u00edzza tapasztalt BMW specialista szerel\u0151re.<\/p>\n<\/details>\n<details>\n<summary>Mi\u00e9rt \u00e9rdemes kicser\u00e9lni ezeket, ha m\u00e9g nem hib\u00e1sodott meg az oszt\u00f3m\u0171?<\/summary>\n<p>Ez egy kiv\u00e1l\u00f3 megel\u0151z\u0151 karbantart\u00e1s. A megkem\u00e9nyedett vagy el\u00f6regedett m\u0171anyagok b\u00e1rmikor elt\u00f6rhetnek, elz\u00e1rva az olaj \u00fatj\u00e1t. Egy ilyen olcs\u00f3 szett cser\u00e9j\u00e9vel megel\u0151zhet\u0151 egy t\u00f6bbsz\u00e1zezer forintos oszt\u00f3m\u0171 fel\u00faj\u00edt\u00e1s.<\/p>\n<\/details>\n<\/div>\n<p><script type=\"application\/ld+json\">\n{\n  \"@context\": \"https:\/\/schema.org\",\n  \"@type\": \"FAQPage\",\n  \"mainEntity\": [\n    {\n      \"@type\": \"Question\",\n      \"name\": \"Miu00e9rt fontos ez a mu0171anyag alkatru00e9sz szett az ATC13-1 osztu00f3mu0171ben?\",\n      \"acceptedAnswer\": {\n        \"@type\": \"Answer\",\n        \"text\": \"Ezek az olajterelu0151k biztosu00edtju00e1k, hogy a kenu0151anyag eljusson a kritikus belsu0151 alkatru00e9szekhez. Megfelelu0151 kenu00e9s nu00e9lku00fcl az osztu00f3mu0171 tu00falmelegedhet, ami a lamellu00e1k u00e9s a csapu00e1gyak idu0151 elu0151tti kopu00e1su00e1hoz vezet.\"\n      }\n    },\n    {\n      \"@type\": \"Question\",\n      \"name\": \"Milyen tu00fcnetei vannak, ha elkopnak vagy elrepednek az olajterelu0151k?\",\n      \"acceptedAnswer\": {\n        \"@type\": \"Answer\",\n        \"text\": \"A leggyakoribb tu00fcnet a ru00e1ngatu00e1s gyorsu00edtu00e1skor vagy kanyarodu00e1skor, illetve a szokatlan mechanikai zajok az osztu00f3mu0171 felu0151l. Ha az olaju00e1ramlu00e1s nem megfelelu0151, az osztu00f3mu0171 belsu0151 szerkezete ku00e1rosodhat.\"\n      }\n    },\n    {\n      \"@type\": \"Question\",\n      \"name\": \"Kompatibilis ez a szett az u00e9n BMW-mmel?\",\n      \"acceptedAnswer\": {\n        \"@type\": \"Answer\",\n        \"text\": \"Ez a ku00e9szlet kifejezetten a BMW ATC13-1 tu00edpusu00fa osztu00f3mu0171vekhez ku00e9szu00fclt. Ku00e9rju00fck, ellenu0151rizze az autu00f3ja alvu00e1zszu00e1ma alapju00e1n, hogy valu00f3ban ezzel az osztu00f3mu0171vel szereltu00e9k-e a ju00e1rmu0171vet.\"\n      }\n    },\n    {\n      \"@type\": \"Question\",\n      \"name\": \"Beszerelhetem u00e9n is otthon ezeket az alkatru00e9szeket?\",\n      \"acceptedAnswer\": {\n        \"@type\": \"Answer\",\n        \"text\": \"A beszerelu00e9shez az osztu00f3mu0171 teljes szu00e9tszerelu00e9se szu00fcksu00e9ges, ami speciu00e1lis szerszu00e1mokat u00e9s szaku00e9rtelmet igu00e9nyel. Javasoljuk, hogy a cseru00e9t bu00edzza tapasztalt BMW specialista szerelu0151re.\"\n      }\n    },\n    {\n      \"@type\": \"Question\",\n      \"name\": \"Miu00e9rt u00e9rdemes kicseru00e9lni ezeket, ha mu00e9g nem hibu00e1sodott meg az osztu00f3mu0171?\",\n      \"acceptedAnswer\": {\n        \"@type\": \"Answer\",\n        \"text\": \"Ez egy kivu00e1lu00f3 megelu0151zu0151 karbantartu00e1s. A megkemu00e9nyedett vagy elu00f6regedett mu0171anyagok bu00e1rmikor eltu00f6rhetnek, elzu00e1rva az olaj u00fatju00e1t. Egy ilyen olcsu00f3 szett cseru00e9ju00e9vel megelu0151zhetu0151 egy tu00f6bbszu00e1zezer forintos osztu00f3mu0171 felu00faju00edtu00e1s.\"\n      }\n    }\n  ]\n}\n<\/script><\/p>","protected":false},"excerpt":{"rendered":"<p>Az oszt\u00f3m\u0171 ken\u00e9s\u00e9t biztos\u00edt\u00f3 olajterel\u0151 m\u0171anyagokon kereszt\u00fcl juttatja el az olajat a sz\u00fcks\u00e9ges alkatr\u00e9szekhez. Mi\u00e9rt fontos ez a m\u0171anyag alkatr\u00e9sz szett az ATC13-1 oszt\u00f3m\u0171ben? Ezek &#8230; <\/p>\n<p class=\"read-more-container\"><a title=\"Oszt\u00f3m\u0171 m\u0171anyag alkatr\u00e9sz szett (ATC13-1)\" class=\"read-more button\" href=\"https:\/\/transfercasepartshop.com\/hu\/bmw\/atc13-1\/osztomu-muanyag-alkatresz-szett-atc13-1\/#more-417326\" aria-label=\"Read more about Oszt\u00f3m\u0171 m\u0171anyag alkatr\u00e9sz szett (ATC13-1)\">Tov\u00e1bb<\/a><\/p>","protected":false},"featured_media":419100,"comment_status":"open","ping_status":"closed","template":"","meta":{"_acf_changed":false},"product_brand":[],"product_cat":[86,87],"product_tag":[390,263],"class_list":{"0":"post-417326","1":"product","2":"type-product","3":"status-publish","4":"has-post-thumbnail","6":"product_cat-bmw","7":"product_cat-atc13-1","8":"product_tag-magna-powertrain","9":"product_tag-muanyag-alkatreszek","10":"infinite-scroll-item","11":"no-featured-image-padding","12":"resize-featured-image","13":"sales-flash-overlay","14":"woocommerce-text-align-center","15":"woocommerce-image-align-center","16":"wc-has-gallery","18":"first","19":"instock","20":"taxable","21":"shipping-taxable","22":"purchasable","23":"product-type-simple"},"acf":{"s-tec_number":"SP04509","oem-ref":"","tartalom":"A csomag tartalmazza az oszt\u00f3m\u0171ben tal\u00e1lhat\u00f3 \u00f6sszes m\u0171anyag alkatr\u00e9szeket \u00e9s 1db rug\u00f3t","lamella-alert":"","transfer_case_application_v2":["BMW ATC13-1 2015- 7 series G11, G11 LCI, G12, G12 LCI","BMW ATC13-1 2017- 5 series G30, G31, G38","BMW ATC13-1 2017- 6 series G32 GT","BMW ATC13-1 2017- X3 G01, G08","BMW ATC13-1 2018- X4 G02","BMW ATC13-1 2018- X5 G05","BMW ATC13-1 2019- 3 series G20, G21, G28","BMW ATC13-1 2019- X6 G06","BMW ATC13-1 2019- X7 G07"],"transfer_case_application":"","kulso_raktar":18,"google_ads_kep":423503,"gtin":9009381175865},"_links":{"self":[{"href":"https:\/\/transfercasepartshop.com\/hu\/wp-json\/wp\/v2\/product\/417326","targetHints":{"allow":["GET"]}}],"collection":[{"href":"https:\/\/transfercasepartshop.com\/hu\/wp-json\/wp\/v2\/product"}],"about":[{"href":"https:\/\/transfercasepartshop.com\/hu\/wp-json\/wp\/v2\/types\/product"}],"replies":[{"embeddable":true,"href":"https:\/\/transfercasepartshop.com\/hu\/wp-json\/wp\/v2\/comments?post=417326"}],"wp:featuredmedia":[{"embeddable":true,"href":"https:\/\/transfercasepartshop.com\/hu\/wp-json\/wp\/v2\/media\/419100"}],"wp:attachment":[{"href":"https:\/\/transfercasepartshop.com\/hu\/wp-json\/wp\/v2\/media?parent=417326"}],"wp:term":[{"taxonomy":"product_brand","embeddable":true,"href":"https:\/\/transfercasepartshop.com\/hu\/wp-json\/wp\/v2\/product_brand?post=417326"},{"taxonomy":"product_cat","embeddable":true,"href":"https:\/\/transfercasepartshop.com\/hu\/wp-json\/wp\/v2\/product_cat?post=417326"},{"taxonomy":"product_tag","embeddable":true,"href":"https:\/\/transfercasepartshop.com\/hu\/wp-json\/wp\/v2\/product_tag?post=417326"}],"curies":[{"name":"wp","href":"https:\/\/api.w.org\/{rel}","templated":true}]}}