{"id":413863,"date":"2022-02-02T17:32:01","date_gmt":"2022-02-02T16:32:01","guid":{"rendered":"https:\/\/transfercasepartshop.com\/termek\/nem-kategorizalt\/osztomu-kuplung-dob-atc400\/"},"modified":"2026-03-23T09:43:48","modified_gmt":"2026-03-23T08:43:48","slug":"osztomu-kuplung-dob-atc400","status":"publish","type":"product","link":"https:\/\/transfercasepartshop.com\/hu\/bmw\/atc400\/osztomu-kuplung-dob-atc400\/","title":{"rendered":"Oszt\u00f3m\u0171 kuplung dob (ATC400)"},"content":{"rendered":"<p>Ennek az alkatr\u00e9sznek funkci\u00f3j\u00e1t tekintve igen fontos szerepe az, hogy az oszt\u00f3m\u0171ben tal\u00e1lhat\u00f3 kuplung t\u00f6k\u00e9letes z\u00e1r\u00e1s\u00e1t biztos\u00edtsa.<\/p>\n<div>\n<details>\n<summary>Milyen t\u00fcnetek utalnak az ATC400 oszt\u00f3m\u0171 kuplung dob meghib\u00e1sod\u00e1s\u00e1ra?<\/summary>\n<p>A leggyakoribb jelek k\u00f6z\u00e9 tartozik a gyors\u00edt\u00e1skor tapasztalhat\u00f3 r\u00e1ngat\u00e1s, a kanyarod\u00e1skor jelentkez\u0151 fesz\u00fcl\u00e9s a hajt\u00e1sl\u00e1ncban, vagy a m\u0171szerfalon kigyullad\u00f3 4&#215;4\/ABS hibal\u00e1mpa. Ha a kuplung dob megkopik vagy deform\u00e1l\u00f3dik, a lamell\u00e1k nem tudnak megfelel\u0151en z\u00e1rni, ami a n\u00e9gyker\u00e9khajt\u00e1s bizonytalans\u00e1g\u00e1t okozza.<\/p>\n<\/details>\n<details>\n<summary>Pontosan melyik BMW t\u00edpusokhoz j\u00f3 ez az oszt\u00f3m\u0171 kuplung dob?<\/summary>\n<p>Ez az alkatr\u00e9sz az ATC400-as oszt\u00f3m\u0171vel szerelt modellekhez k\u00e9sz\u00fclt, ami els\u0151sorban a BMW X3 E83-as sz\u00e9ri\u00e1t jelenti (2003-2010 k\u00f6z\u00f6tt gy\u00e1rtott modellek). Ha nem biztos a kompatibilit\u00e1sban, k\u00e9rj\u00fck, ellen\u0151rizze az oszt\u00f3m\u0171 t\u00edpust\u00e1bl\u00e1j\u00e1t.<\/p>\n<\/details>\n<details>\n<summary>Mi\u00e9rt fontos a kuplung dob szerepe az oszt\u00f3m\u0171ben?<\/summary>\n<p>A kuplung dob (vagy kos\u00e1r) felel\u0151s a kuplunglamell\u00e1k \u00f6sszefog\u00e1s\u00e1\u00e9rt. Funkci\u00f3ja kritikus: ez biztos\u00edtja, hogy az oszt\u00f3m\u0171 motorja \u00e1ltal kifejtett nyom\u00e1s hat\u00e1s\u00e1ra a kuplungcsomag t\u00f6k\u00e9letesen z\u00e1rjon, \u00edgy az er\u0151\u00e1tvitel z\u00f6kken\u0151mentes legyen az els\u0151 \u00e9s h\u00e1ts\u00f3 tengelyek k\u00f6z\u00f6tt.<\/p>\n<\/details>\n<details>\n<summary>Elegend\u0151 csak a dobot cser\u00e9lni, vagy m\u00e1s alkatr\u00e9sz is kell a fel\u00faj\u00edt\u00e1shoz?<\/summary>\n<p>Szakmai tapasztalatunk szerint a dob cser\u00e9jekor \u00e9rdemes ellen\u0151rizni a kuplunglamell\u00e1k \u00e1llapot\u00e1t \u00e9s a kinyom\u00f3villa csap\u00e1gyaz\u00e1s\u00e1t is. Gyakran a nem megfelel\u0151 olaj vagy az olajcsere hi\u00e1nya okozza a dob id\u0151 el\u0151tti elhaszn\u00e1l\u00f3d\u00e1s\u00e1t, ez\u00e9rt a friss, gy\u00e1ri specifik\u00e1ci\u00f3j\u00fa oszt\u00f3m\u0171olaj haszn\u00e1lata elengedhetetlen.<\/p>\n<\/details>\n<details>\n<summary>Hogyan el\u0151zhetem meg az oszt\u00f3m\u0171 kuplungj\u00e1nak id\u0151 el\u0151tti kop\u00e1s\u00e1t?<\/summary>\n<p>A legfontosabb a rendszeres (kb. 60-80 ezer kilom\u00e9terenk\u00e9nti) oszt\u00f3m\u0171olaj-csere, valamint a gumiabroncsok egyenletes kop\u00e1s\u00e1nak biztos\u00edt\u00e1sa. Az elt\u00e9r\u0151 profilm\u00e9lys\u00e9g\u0171 gumik folyamatos munk\u00e1ra k\u00e9nyszer\u00edtik a kuplungot, ami a dob \u00e9s a lamell\u00e1k t\u00falmeleged\u00e9s\u00e9hez vezet.<\/p>\n<\/details>\n<\/div>\n<p><script type=\"application\/ld+json\">\n{\n  \"@context\": \"https:\/\/schema.org\",\n  \"@type\": \"FAQPage\",\n  \"mainEntity\": [\n    {\n      \"@type\": \"Question\",\n      \"name\": \"Milyen tu00fcnetek utalnak az ATC400 osztu00f3mu0171 kuplung dob meghibu00e1sodu00e1su00e1ra?\",\n      \"acceptedAnswer\": {\n        \"@type\": \"Answer\",\n        \"text\": \"A leggyakoribb jelek ku00f6zu00e9 tartozik a gyorsu00edtu00e1skor tapasztalhatu00f3 ru00e1ngatu00e1s, a kanyarodu00e1skor jelentkezu0151 feszu00fclu00e9s a hajtu00e1slu00e1ncban, vagy a mu0171szerfalon kigyulladu00f3 4x4\/ABS hibalu00e1mpa.\"\n      }\n    },\n    {\n      \"@type\": \"Question\",\n      \"name\": \"Pontosan melyik BMW tu00edpusokhoz ju00f3 ez az osztu00f3mu0171 kuplung dob?\",\n      \"acceptedAnswer\": {\n        \"@type\": \"Answer\",\n        \"text\": \"Ez az alkatru00e9sz az ATC400-as osztu00f3mu0171vel szerelt modellekhez ku00e9szu00fclt, ami elsu0151sorban a BMW X3 E83-as szu00e9riu00e1t jelenti (2003-2010).\"\n      }\n    },\n    {\n      \"@type\": \"Question\",\n      \"name\": \"Miu00e9rt fontos a kuplung dob szerepe az osztu00f3mu0171ben?\",\n      \"acceptedAnswer\": {\n        \"@type\": \"Answer\",\n        \"text\": \"A kuplung dob felelu0151s a kuplunglamellu00e1k u00f6sszefogu00e1su00e1u00e9rt, biztosu00edtva a tu00f6ku00e9letes zu00e1ru00e1st u00e9s a zu00f6kkenu0151mentes eru0151u00e1tvitelt az elsu0151 u00e9s hu00e1tsu00f3 tengelyek ku00f6zu00f6tt.\"\n      }\n    },\n    {\n      \"@type\": \"Question\",\n      \"name\": \"Elegendu0151 csak a dobot cseru00e9lni, vagy mu00e1s alkatru00e9sz is kell a felu00faju00edtu00e1shoz?\",\n      \"acceptedAnswer\": {\n        \"@type\": \"Answer\",\n        \"text\": \"u00c9rdemes ellenu0151rizni a lamellu00e1kat u00e9s a kinyomu00f3villa csapu00e1gyazu00e1su00e1t is. A felu00faju00edtu00e1s soru00e1n a friss, gyu00e1ri specifiku00e1ciu00f3ju00fa osztu00f3mu0171olaj betu00f6ltu00e9se ku00f6telezu0151.\"\n      }\n    },\n    {\n      \"@type\": \"Question\",\n      \"name\": \"Hogyan elu0151zhetem meg az osztu00f3mu0171 kuplungju00e1nak idu0151 elu0151tti kopu00e1su00e1t?\",\n      \"acceptedAnswer\": {\n        \"@type\": \"Answer\",\n        \"text\": \"Rendszeres osztu00f3mu0171olaj-cseru00e9vel (60-80 ezer km) u00e9s az egyforma profilmu00e9lysu00e9gu0171 gumiabroncsok hasznu00e1latu00e1val megelu0151zhetu0151 a tu00falzott kopu00e1s.\"\n      }\n    }\n  ]\n}\n<\/script><\/p>","protected":false},"excerpt":{"rendered":"<p>Ennek az alkatr\u00e9sznek funkci\u00f3j\u00e1t tekintve igen fontos szerepe az, hogy az oszt\u00f3m\u0171ben tal\u00e1lhat\u00f3 kuplung t\u00f6k\u00e9letes z\u00e1r\u00e1s\u00e1t biztos\u00edtsa. Milyen t\u00fcnetek utalnak az ATC400 oszt\u00f3m\u0171 kuplung dob &#8230; <\/p>\n<p class=\"read-more-container\"><a title=\"Oszt\u00f3m\u0171 kuplung dob (ATC400)\" class=\"read-more button\" href=\"https:\/\/transfercasepartshop.com\/hu\/bmw\/atc400\/osztomu-kuplung-dob-atc400\/#more-413863\" aria-label=\"Read more about Oszt\u00f3m\u0171 kuplung dob (ATC400)\">Tov\u00e1bb<\/a><\/p>","protected":false},"featured_media":415947,"comment_status":"open","ping_status":"closed","template":"","meta":{"_acf_changed":false},"product_brand":[],"product_cat":[86,65],"product_tag":[208,390],"class_list":{"0":"post-413863","1":"product","2":"type-product","3":"status-publish","4":"has-post-thumbnail","6":"product_cat-bmw","7":"product_cat-atc400","8":"product_tag-kuplung-alkatreszei","9":"product_tag-magna-powertrain","10":"infinite-scroll-item","11":"no-featured-image-padding","12":"resize-featured-image","13":"sales-flash-overlay","14":"woocommerce-text-align-center","15":"woocommerce-image-align-center","16":"wc-has-gallery","18":"first","19":"outofstock","20":"taxable","21":"shipping-taxable","22":"purchasable","23":"product-type-simple"},"acf":{"s-tec_number":"SP00179","oem-ref":"","tartalom":"","lamella-alert":"","transfer_case_application_v2":["BMW ATC400 2003-2010 X3 E83, E83 LCI"],"transfer_case_application":"","kulso_raktar":3,"google_ads_kep":423499,"gtin":9009381000921},"_links":{"self":[{"href":"https:\/\/transfercasepartshop.com\/hu\/wp-json\/wp\/v2\/product\/413863","targetHints":{"allow":["GET"]}}],"collection":[{"href":"https:\/\/transfercasepartshop.com\/hu\/wp-json\/wp\/v2\/product"}],"about":[{"href":"https:\/\/transfercasepartshop.com\/hu\/wp-json\/wp\/v2\/types\/product"}],"replies":[{"embeddable":true,"href":"https:\/\/transfercasepartshop.com\/hu\/wp-json\/wp\/v2\/comments?post=413863"}],"wp:featuredmedia":[{"embeddable":true,"href":"https:\/\/transfercasepartshop.com\/hu\/wp-json\/wp\/v2\/media\/415947"}],"wp:attachment":[{"href":"https:\/\/transfercasepartshop.com\/hu\/wp-json\/wp\/v2\/media?parent=413863"}],"wp:term":[{"taxonomy":"product_brand","embeddable":true,"href":"https:\/\/transfercasepartshop.com\/hu\/wp-json\/wp\/v2\/product_brand?post=413863"},{"taxonomy":"product_cat","embeddable":true,"href":"https:\/\/transfercasepartshop.com\/hu\/wp-json\/wp\/v2\/product_cat?post=413863"},{"taxonomy":"product_tag","embeddable":true,"href":"https:\/\/transfercasepartshop.com\/hu\/wp-json\/wp\/v2\/product_tag?post=413863"}],"curies":[{"name":"wp","href":"https:\/\/api.w.org\/{rel}","templated":true}]}}