{"id":413862,"date":"2022-02-02T17:32:01","date_gmt":"2022-02-02T16:32:01","guid":{"rendered":"https:\/\/transfercasepartshop.com\/termek\/nem-kategorizalt\/osztomu-lamella-szett-itc-pla\/"},"modified":"2026-03-23T09:43:46","modified_gmt":"2026-03-23T08:43:46","slug":"osztomu-lamella-szett-itc-pla","status":"publish","type":"product","link":"https:\/\/transfercasepartshop.com\/hu\/land-rover\/itc-pla\/osztomu-lamella-szett-itc-pla\/","title":{"rendered":"Oszt\u00f3m\u0171 lamella szett (ITC PLA)"},"content":{"rendered":"<p>A lamell\u00e1k k\u00e9pesek egym\u00e1shoz surl\u00f3dva, igen nagy nyomat\u00e9kot tov\u00e1bb\u00edtani. Egy bels\u0151 \u00e9s egy k\u00fcls\u0151 kuplung kos\u00e1rban kapaszkodva hajtj\u00e1k v\u00e9gre ezt a feladatot. Szerep\u00fck a nyomat\u00e9k \u00e1tvitel\u00e9ben igen nagy.<\/p>\n<section>\n<details>\n<summary>Hogyan ismerem fel, ha az ITC PLA oszt\u00f3m\u0171 lamell\u00e1i elhaszn\u00e1l\u00f3dtak?<\/summary>\n<p>A leggyakoribb t\u00fcnet a kanyarod\u00e1skor vagy intenz\u00edv gyors\u00edt\u00e1skor tapasztalhat\u00f3 r\u00e1ngat\u00e1s, l\u00f6kd\u00f6s\u0151d\u00e9s a hajt\u00e1sl\u00e1ncban. Ha a lamell\u00e1k elkopnak vagy meg\u00e9gnek, a nyomat\u00e9k\u00e1tvitel szaggatott\u00e1 v\u00e1lik, ami rontja a vezet\u00e9s \u00e9lm\u00e9ny\u00e9t \u00e9s k\u00e1ros\u00edthatja az oszt\u00f3m\u0171 t\u00f6bbi alkatr\u00e9sz\u00e9t is.<\/p>\n<\/details>\n<details>\n<summary>Melyik Land Rover modellekhez haszn\u00e1lhat\u00f3 ez a lamella k\u00e9szlet?<\/summary>\n<p>Ez a szett kifejezetten az ITC PLA t\u00edpus\u00fa oszt\u00f3m\u0171vel szerelt Land Rover (p\u00e9ld\u00e1ul Discovery, Range Rover) modellekhez k\u00e9sz\u00fclt. V\u00e1s\u00e1rl\u00e1s el\u0151tt javasolt ellen\u0151rizni az oszt\u00f3m\u0171v\u00f6n tal\u00e1lhat\u00f3 t\u00edpust\u00e1bl\u00e1t a pontos azonos\u00edt\u00e1s \u00e9rdek\u00e9ben.<\/p>\n<\/details>\n<details>\n<summary>Mi a pontos feladata a lamell\u00e1knak az oszt\u00f3m\u0171ben?<\/summary>\n<p>A lamell\u00e1k a bels\u0151 \u00e9s k\u00fcls\u0151 kuplungkos\u00e1rban helyezkednek el, \u00e9s egym\u00e1shoz surl\u00f3dva tov\u00e1bb\u00edtj\u00e1k a hatalmas forgat\u00f3nyomat\u00e9kot az els\u0151 \u00e9s h\u00e1ts\u00f3 tengelyek k\u00f6z\u00f6tt. Kulcsszerep\u00fck van abban, hogy az aut\u00f3 \u00f6sszker\u00e9khajt\u00e1sa z\u00f6kken\u0151mentesen \u00e9s hat\u00e9konyan m\u0171k\u00f6dj\u00f6n.<\/p>\n<\/details>\n<details>\n<summary>Sz\u00fcks\u00e9ges-e speci\u00e1lis olaj a lamell\u00e1k cser\u00e9je ut\u00e1n?<\/summary>\n<p>Igen, a lamell\u00e1k cser\u00e9jekor k\u00f6telez\u0151 a friss, gy\u00e1ri specifik\u00e1ci\u00f3nak megfelel\u0151 oszt\u00f3m\u0171olaj bet\u00f6lt\u00e9se. A r\u00e9gi, elhaszn\u00e1lt olajban l\u00e9v\u0151 f\u00e9mr\u00e9szecsk\u00e9k \u00e9s szennyez\u0151d\u00e9sek rendk\u00edv\u00fcl gyorsan t\u00f6nkretehetik az \u00faj lamell\u00e1k fel\u00fclet\u00e9t.<\/p>\n<\/details>\n<details>\n<summary>Otthon is kicser\u00e9lhetem az oszt\u00f3m\u0171 lamella szettet?<\/summary>\n<p>Az oszt\u00f3m\u0171 lamell\u00e1inak cser\u00e9je \u00f6sszetett feladat, amely az oszt\u00f3m\u0171 teljes sz\u00e9tszerel\u00e9s\u00e9t, speci\u00e1lis szersz\u00e1mokat \u00e9s prec\u00edz be\u00e1ll\u00edt\u00e1st ig\u00e9nyel. A nem megfelel\u0151 beszerel\u00e9s s\u00falyos mechanikai hib\u00e1khoz vezethet, ez\u00e9rt javasoljuk, hogy b\u00edzza szakm\u0171helyre a jav\u00edt\u00e1st.<\/p>\n<\/details>\n<\/section>\n<p><script type=\"application\/ld+json\">\n{\n  \"@context\": \"https:\/\/schema.org\",\n  \"@type\": \"FAQPage\",\n  \"mainEntity\": [\n    {\n      \"@type\": \"Question\",\n      \"name\": \"Hogyan ismerem fel, ha az ITC PLA osztu00f3mu0171 lamellu00e1i elhasznu00e1lu00f3dtak?\",\n      \"acceptedAnswer\": {\n        \"@type\": \"Answer\",\n        \"text\": \"A leggyakoribb tu00fcnet a kanyarodu00e1skor vagy intenzu00edv gyorsu00edtu00e1skor tapasztalhatu00f3 ru00e1ngatu00e1s, lu00f6kdu00f6su0151du00e9s a hajtu00e1slu00e1ncban. Ha a lamellu00e1k elkopnak vagy megu00e9gnek, a nyomatu00e9ku00e1tvitel szaggatottu00e1 vu00e1lik.\"\n      }\n    },\n    {\n      \"@type\": \"Question\",\n      \"name\": \"Melyik Land Rover modellekhez hasznu00e1lhatu00f3 ez a lamella ku00e9szlet?\",\n      \"acceptedAnswer\": {\n        \"@type\": \"Answer\",\n        \"text\": \"Ez a szett kifejezetten az ITC PLA tu00edpusu00fa osztu00f3mu0171vel szerelt Land Rover (pu00e9ldu00e1ul Discovery, Range Rover) modellekhez ku00e9szu00fclt. Vu00e1su00e1rlu00e1s elu0151tt javasolt ellenu0151rizni az osztu00f3mu0171vu00f6n talu00e1lhatu00f3 tu00edpustu00e1blu00e1t.\"\n      }\n    },\n    {\n      \"@type\": \"Question\",\n      \"name\": \"Mi a pontos feladata a lamellu00e1knak az osztu00f3mu0171ben?\",\n      \"acceptedAnswer\": {\n        \"@type\": \"Answer\",\n        \"text\": \"A lamellu00e1k a belsu0151 u00e9s ku00fclsu0151 kuplungkosu00e1rban helyezkednek el, u00e9s egymu00e1shoz surlu00f3dva tovu00e1bbu00edtju00e1k a hatalmas forgatu00f3nyomatu00e9kot az elsu0151 u00e9s hu00e1tsu00f3 tengelyek ku00f6zu00f6tt a megfelelu0151 tapadu00e1s u00e9rdeku00e9ben.\"\n      }\n    },\n    {\n      \"@type\": \"Question\",\n      \"name\": \"Szu00fcksu00e9ges-e speciu00e1lis olaj a lamellu00e1k cseru00e9je utu00e1n?\",\n      \"acceptedAnswer\": {\n        \"@type\": \"Answer\",\n        \"text\": \"Igen, a lamellu00e1k cseru00e9jekor ku00f6telezu0151 a friss, gyu00e1ri specifiku00e1ciu00f3nak megfelelu0151 osztu00f3mu0171olaj betu00f6ltu00e9se, mivel a szennyezett olaj ku00e1rosu00edtja az u00faj alkatru00e9szeket.\"\n      }\n    },\n    {\n      \"@type\": \"Question\",\n      \"name\": \"Otthon is kicseru00e9lhetem az osztu00f3mu0171 lamella szettet?\",\n      \"acceptedAnswer\": {\n        \"@type\": \"Answer\",\n        \"text\": \"Az osztu00f3mu0171 lamellu00e1inak cseru00e9je u00f6sszetett feladat, amely szaktudu00e1st u00e9s speciu00e1lis szerszu00e1mokat igu00e9nyel. A kocku00e1zatok elkeru00fclu00e9se u00e9rdeku00e9ben javasoljuk, hogy forduljon szakmu0171helyhez.\"\n      }\n    }\n  ]\n}\n<\/script><\/p>","protected":false},"excerpt":{"rendered":"<p>A lamell\u00e1k k\u00e9pesek egym\u00e1shoz surl\u00f3dva, igen nagy nyomat\u00e9kot tov\u00e1bb\u00edtani. Egy bels\u0151 \u00e9s egy k\u00fcls\u0151 kuplung kos\u00e1rban kapaszkodva hajtj\u00e1k v\u00e9gre ezt a feladatot. Szerep\u00fck a nyomat\u00e9k &#8230; <\/p>\n<p class=\"read-more-container\"><a title=\"Oszt\u00f3m\u0171 lamella szett (ITC PLA)\" class=\"read-more button\" href=\"https:\/\/transfercasepartshop.com\/hu\/land-rover\/itc-pla\/osztomu-lamella-szett-itc-pla\/#more-413862\" aria-label=\"Read more about Oszt\u00f3m\u0171 lamella szett (ITC PLA)\">Tov\u00e1bb<\/a><\/p>","protected":false},"featured_media":417045,"comment_status":"open","ping_status":"closed","template":"","meta":{"_acf_changed":false},"product_brand":[],"product_cat":[100,102],"product_tag":[376,208],"class_list":{"0":"post-413862","1":"product","2":"type-product","3":"status-publish","4":"has-post-thumbnail","6":"product_cat-land-rover","7":"product_cat-itc-pla","8":"product_tag-dynax-corporation","9":"product_tag-kuplung-alkatreszei","10":"infinite-scroll-item","11":"no-featured-image-padding","12":"resize-featured-image","13":"sales-flash-overlay","14":"woocommerce-text-align-center","15":"woocommerce-image-align-center","16":"wc-has-gallery","18":"first","19":"instock","20":"taxable","21":"shipping-taxable","22":"purchasable","23":"product-type-simple"},"acf":{"s-tec_number":"-","oem-ref":"CPLA7K780AA, CPLA7K780AB, CPLA7K780AC, CPLA7K780BA, CPLA7K780BB, IAB500240, IAB500241, IAB500243, IAB500244, IAB500280, LR006016, LR008206, LR023011, LR035617, LR045477, LR049160, LR052611, LR089535","tartalom":"10db lamella, 10db surl\u00f3d\u00f3 lemez","lamella-alert":"A lamell\u00e1k javasolt \u00e1ztat\u00e1si ideje, a megfelel\u0151 specifik\u00e1ci\u00f3j\u00fa olajban minimum 4 \u00f3ra (DTF-1-es olaj).","transfer_case_application_v2":["Land Rover ITC PLA 2004- Discovery3","Land Rover ITC PLA 2004- Discovery4","Land Rover ITC PLA 2004- Range Rover","Land Rover ITC PLA 2004- Range Rover Sport"],"transfer_case_application":"","kulso_raktar":0,"google_ads_kep":423497,"gtin":""},"_links":{"self":[{"href":"https:\/\/transfercasepartshop.com\/hu\/wp-json\/wp\/v2\/product\/413862","targetHints":{"allow":["GET"]}}],"collection":[{"href":"https:\/\/transfercasepartshop.com\/hu\/wp-json\/wp\/v2\/product"}],"about":[{"href":"https:\/\/transfercasepartshop.com\/hu\/wp-json\/wp\/v2\/types\/product"}],"replies":[{"embeddable":true,"href":"https:\/\/transfercasepartshop.com\/hu\/wp-json\/wp\/v2\/comments?post=413862"}],"wp:featuredmedia":[{"embeddable":true,"href":"https:\/\/transfercasepartshop.com\/hu\/wp-json\/wp\/v2\/media\/417045"}],"wp:attachment":[{"href":"https:\/\/transfercasepartshop.com\/hu\/wp-json\/wp\/v2\/media?parent=413862"}],"wp:term":[{"taxonomy":"product_brand","embeddable":true,"href":"https:\/\/transfercasepartshop.com\/hu\/wp-json\/wp\/v2\/product_brand?post=413862"},{"taxonomy":"product_cat","embeddable":true,"href":"https:\/\/transfercasepartshop.com\/hu\/wp-json\/wp\/v2\/product_cat?post=413862"},{"taxonomy":"product_tag","embeddable":true,"href":"https:\/\/transfercasepartshop.com\/hu\/wp-json\/wp\/v2\/product_tag?post=413862"}],"curies":[{"name":"wp","href":"https:\/\/api.w.org\/{rel}","templated":true}]}}