{"id":413861,"date":"2022-02-02T17:32:00","date_gmt":"2022-02-02T16:32:00","guid":{"rendered":"https:\/\/transfercasepartshop.com\/termek\/nem-kategorizalt\/osztomu-lamella-szett-itc-dd295\/"},"modified":"2026-03-23T09:43:44","modified_gmt":"2026-03-23T08:43:44","slug":"osztomu-lamella-szett-itc-dd295","status":"publish","type":"product","link":"https:\/\/transfercasepartshop.com\/hu\/land-rover\/itc-dd295-2\/osztomu-lamella-szett-itc-dd295\/","title":{"rendered":"Oszt\u00f3m\u0171 lamella szett (ITC DD295)"},"content":{"rendered":"<p>A lamell\u00e1k k\u00e9pesek egym\u00e1shoz surl\u00f3dva, igen nagy nyomat\u00e9kot tov\u00e1bb\u00edtani. Egy bels\u0151 \u00e9s egy k\u00fcls\u0151 kuplung kos\u00e1rban kapaszkodva hajtj\u00e1k v\u00e9gre ezt a feladatot. Szerep\u00fck a nyomat\u00e9k \u00e1tvitel\u00e9ben igen nagy.<\/p>\n<details>\n<summary>Mi\u00e9rt r\u00e1ngat az aut\u00f3m kanyarod\u00e1skor vagy er\u0151s gyors\u00edt\u00e1skor?<\/summary>\n<p>A r\u00e1ngat\u00e1s vagy remeg\u00e9s gyakran az oszt\u00f3m\u0171ben l\u00e9v\u0151 lamell\u00e1k elhaszn\u00e1l\u00f3d\u00e1s\u00e1nak a jele. Ha a lamell\u00e1k fel\u00fclete megkopik vagy meg\u00e9g, a nyomat\u00e9k\u00e1tvitel szakadozott\u00e1 v\u00e1lik, ami mechanikai vibr\u00e1ci\u00f3t okoz a hajt\u00e1sl\u00e1ncban. Az ITC DD295 lamella szett cser\u00e9je megoldja ezt a probl\u00e9m\u00e1t.<\/p>\n<\/details>\n<details>\n<summary>Honnan tudhatom, hogy ez a lamella szett j\u00f3 az \u00e9n Land Roveremhez?<\/summary>\n<p>Ez a szett kifejezetten az ITC DD295 t\u00edpus\u00fa oszt\u00f3m\u0171vekhez k\u00e9sz\u00fclt. Ha az \u00d6n Land Rover\u00e9ben ez a t\u00edpus\u00fa egys\u00e9g tal\u00e1lhat\u00f3, a szett kompatibilis lesz. Javasoljuk, hogy ellen\u0151rizze az oszt\u00f3m\u0171v\u00f6n tal\u00e1lhat\u00f3 azonos\u00edt\u00f3 t\u00e1bl\u00e1t a v\u00e1s\u00e1rl\u00e1s el\u0151tt.<\/p>\n<\/details>\n<details>\n<summary>Milyen szerepet t\u00f6ltenek be a lamell\u00e1k az oszt\u00f3m\u0171 m\u0171k\u00f6d\u00e9s\u00e9ben?<\/summary>\n<p>A lamell\u00e1k felelnek a nyomat\u00e9k eloszt\u00e1s\u00e1\u00e9rt az els\u0151 \u00e9s a h\u00e1ts\u00f3 tengelyek k\u00f6z\u00f6tt. A bels\u0151 \u00e9s k\u00fcls\u0151 kuplungkosarakban elhelyezkedve, egym\u00e1shoz szorulva viszik \u00e1t az er\u0151t. Ha elkopnak, az aut\u00f3 elvesz\u00edtheti a megfelel\u0151 \u00f6sszker\u00e9khajt\u00e1si k\u00e9pess\u00e9g\u00e9t.<\/p>\n<\/details>\n<details>\n<summary>Milyen olajat \u00e9rdemes haszn\u00e1lnom a lamell\u00e1k cser\u00e9je ut\u00e1n?<\/summary>\n<p>Az ITC DD295 oszt\u00f3m\u0171vek rendk\u00edv\u00fcl \u00e9rz\u00e9kenyek az olaj min\u0151s\u00e9g\u00e9re. A lamell\u00e1k cser\u00e9jekor minden esetben a gy\u00e1ri Land Rover specifik\u00e1ci\u00f3nak megfelel\u0151 oszt\u00f3m\u0171olajat kell haszn\u00e1lni, hogy elker\u00fclje az \u00faj lamell\u00e1k id\u0151 el\u0151tti meg\u00e9g\u00e9s\u00e9t \u00e9s a tapad\u00e1si hib\u00e1kat.<\/p>\n<\/details>\n<details>\n<summary>Milyen jelei vannak, ha teljesen elhaszn\u00e1l\u00f3dtak a lamell\u00e1k?<\/summary>\n<p>A leggyakoribb t\u00fcnetek a kattog\u00f3 hang alacsony sebess\u00e9g\u0171 man\u0151verez\u00e9sn\u00e9l, a &#8222;szorul\u00f3&#8221; \u00e9rz\u00e9s \u00e9les kanyarokban, valamint a m\u0171szerfalon megjelen\u0151 4&#215;4 vagy oszt\u00f3m\u0171 hiba\u00fczenetek.<\/p>\n<\/details>\n<p><script type=\"application\/ld+json\">\n{\n  \"@context\": \"https:\/\/schema.org\",\n  \"@type\": \"FAQPage\",\n  \"mainEntity\": [\n    {\n      \"@type\": \"Question\",\n      \"name\": \"Miu00e9rt ru00e1ngat az autu00f3m kanyarodu00e1skor vagy eru0151s gyorsu00edtu00e1skor?\",\n      \"acceptedAnswer\": {\n        \"@type\": \"Answer\",\n        \"text\": \"A ru00e1ngatu00e1s vagy remegu00e9s gyakran az osztu00f3mu0171ben lu00e9vu0151 lamellu00e1k elhasznu00e1lu00f3du00e1su00e1nak a jele. Ha a lamellu00e1k felu00fclete megkopik vagy megu00e9g, a nyomatu00e9ku00e1tvitel szakadozottu00e1 vu00e1lik, ami mechanikai vibru00e1ciu00f3t okoz a hajtu00e1slu00e1ncban.\"\n      }\n    },\n    {\n      \"@type\": \"Question\",\n      \"name\": \"Honnan tudhatom, hogy ez a lamella szett ju00f3 az u00e9n Land Roveremhez?\",\n      \"acceptedAnswer\": {\n        \"@type\": \"Answer\",\n        \"text\": \"Ez a szett kifejezetten az ITC DD295 tu00edpusu00fa osztu00f3mu0171vekhez ku00e9szu00fclt. Ha az u00d6n Land Roveru00e9ben ez a tu00edpusu00fa egysu00e9g talu00e1lhatu00f3, a szett kompatibilis lesz.\"\n      }\n    },\n    {\n      \"@type\": \"Question\",\n      \"name\": \"Milyen szerepet tu00f6ltenek be a lamellu00e1k az osztu00f3mu0171 mu0171ku00f6du00e9su00e9ben?\",\n      \"acceptedAnswer\": {\n        \"@type\": \"Answer\",\n        \"text\": \"A lamellu00e1k felelnek a nyomatu00e9k elosztu00e1su00e1u00e9rt az elsu0151 u00e9s a hu00e1tsu00f3 tengelyek ku00f6zu00f6tt. A belsu0151 u00e9s ku00fclsu0151 kuplungkosarakban elhelyezkedve, egymu00e1shoz szorulva viszik u00e1t az eru0151t.\"\n      }\n    },\n    {\n      \"@type\": \"Question\",\n      \"name\": \"Milyen olajat u00e9rdemes hasznu00e1lnom a lamellu00e1k cseru00e9je utu00e1n?\",\n      \"acceptedAnswer\": {\n        \"@type\": \"Answer\",\n        \"text\": \"Az ITC DD295 osztu00f3mu0171vek rendku00edvu00fcl u00e9rzu00e9kenyek az olaj minu0151su00e9gu00e9re. A lamellu00e1k cseru00e9jekor minden esetben a gyu00e1ri Land Rover specifiku00e1ciu00f3nak megfelelu0151 osztu00f3mu0171olajat kell hasznu00e1lni.\"\n      }\n    },\n    {\n      \"@type\": \"Question\",\n      \"name\": \"Milyen jelei vannak, ha teljesen elhasznu00e1lu00f3dtak a lamellu00e1k?\",\n      \"acceptedAnswer\": {\n        \"@type\": \"Answer\",\n        \"text\": \"A leggyakoribb tu00fcnetek a kattogu00f3 hang alacsony sebessu00e9gu0171 manu0151verezu00e9snu00e9l, a szorulu00f3 u00e9rzu00e9s u00e9les kanyarokban, valamint a mu0171szerfalon megjelenu0151 4x4 vagy osztu00f3mu0171 hibau00fczenetek.\"\n      }\n    }\n  ]\n}\n<\/script><\/p>","protected":false},"excerpt":{"rendered":"<p>A lamell\u00e1k k\u00e9pesek egym\u00e1shoz surl\u00f3dva, igen nagy nyomat\u00e9kot tov\u00e1bb\u00edtani. Egy bels\u0151 \u00e9s egy k\u00fcls\u0151 kuplung kos\u00e1rban kapaszkodva hajtj\u00e1k v\u00e9gre ezt a feladatot. Szerep\u00fck a nyomat\u00e9k &#8230; <\/p>\n<p class=\"read-more-container\"><a title=\"Oszt\u00f3m\u0171 lamella szett (ITC DD295)\" class=\"read-more button\" href=\"https:\/\/transfercasepartshop.com\/hu\/land-rover\/itc-dd295-2\/osztomu-lamella-szett-itc-dd295\/#more-413861\" aria-label=\"Read more about Oszt\u00f3m\u0171 lamella szett (ITC DD295)\">Tov\u00e1bb<\/a><\/p>","protected":false},"featured_media":417045,"comment_status":"open","ping_status":"closed","template":"","meta":{"_acf_changed":false},"product_brand":[],"product_cat":[100,101],"product_tag":[376,208],"class_list":{"0":"post-413861","1":"product","2":"type-product","3":"status-publish","4":"has-post-thumbnail","6":"product_cat-land-rover","7":"product_cat-itc-dd295-2","8":"product_tag-dynax-corporation","9":"product_tag-kuplung-alkatreszei","10":"infinite-scroll-item","11":"no-featured-image-padding","12":"resize-featured-image","13":"sales-flash-overlay","14":"woocommerce-text-align-center","15":"woocommerce-image-align-center","16":"wc-has-gallery","18":"first","19":"outofstock","20":"taxable","21":"shipping-taxable","22":"purchasable","23":"product-type-simple"},"acf":{"s-tec_number":"-","oem-ref":"CPLA7K780AA, CPLA7K780AB, CPLA7K780AC, CPLA7K780BA, CPLA7K780BB, IAB500240, IAB500241, IAB500243, IAB500244, IAB500280, LR006016, LR008206, LR023011, LR035617, LR045477, LR049160, LR052611, LR089531","tartalom":"10db lamella, 10db surl\u00f3d\u00f3 lemez","lamella-alert":"A lamell\u00e1k javasolt \u00e1ztat\u00e1si ideje, a megfelel\u0151 specifik\u00e1ci\u00f3j\u00fa olajban minimum 4 \u00f3ra (DTF-1-es olaj).","transfer_case_application_v2":["Land Rover ITC DD295 2004- Discovery3","Land Rover ITC DD295 2004- Discovery4","Land Rover ITC DD295 2004- Range Rover","Land Rover ITC DD295 2004- Range Rover Sport"],"transfer_case_application":"","kulso_raktar":2,"google_ads_kep":423497,"gtin":""},"_links":{"self":[{"href":"https:\/\/transfercasepartshop.com\/hu\/wp-json\/wp\/v2\/product\/413861","targetHints":{"allow":["GET"]}}],"collection":[{"href":"https:\/\/transfercasepartshop.com\/hu\/wp-json\/wp\/v2\/product"}],"about":[{"href":"https:\/\/transfercasepartshop.com\/hu\/wp-json\/wp\/v2\/types\/product"}],"replies":[{"embeddable":true,"href":"https:\/\/transfercasepartshop.com\/hu\/wp-json\/wp\/v2\/comments?post=413861"}],"wp:featuredmedia":[{"embeddable":true,"href":"https:\/\/transfercasepartshop.com\/hu\/wp-json\/wp\/v2\/media\/417045"}],"wp:attachment":[{"href":"https:\/\/transfercasepartshop.com\/hu\/wp-json\/wp\/v2\/media?parent=413861"}],"wp:term":[{"taxonomy":"product_brand","embeddable":true,"href":"https:\/\/transfercasepartshop.com\/hu\/wp-json\/wp\/v2\/product_brand?post=413861"},{"taxonomy":"product_cat","embeddable":true,"href":"https:\/\/transfercasepartshop.com\/hu\/wp-json\/wp\/v2\/product_cat?post=413861"},{"taxonomy":"product_tag","embeddable":true,"href":"https:\/\/transfercasepartshop.com\/hu\/wp-json\/wp\/v2\/product_tag?post=413861"}],"curies":[{"name":"wp","href":"https:\/\/api.w.org\/{rel}","templated":true}]}}