{"id":413860,"date":"2022-02-02T17:32:00","date_gmt":"2022-02-02T16:32:00","guid":{"rendered":"https:\/\/transfercasepartshop.com\/termek\/nem-kategorizalt\/osztomu-lamella-szett-dcd\/"},"modified":"2026-03-23T09:43:42","modified_gmt":"2026-03-23T08:43:42","slug":"osztomu-lamella-szett-dcd","status":"publish","type":"product","link":"https:\/\/transfercasepartshop.com\/hu\/mercedes-benz\/dcd\/osztomu-lamella-szett-dcd\/","title":{"rendered":"Oszt\u00f3m\u0171 lamella szett (DCD)"},"content":{"rendered":"<p>A lamell\u00e1k k\u00e9pesek egym\u00e1shoz surl\u00f3dva, igen nagy nyomat\u00e9kot tov\u00e1bb\u00edtani. Egy bels\u0151 \u00e9s egy k\u00fcls\u0151 kuplung kos\u00e1rban kapaszkodva hajtj\u00e1k v\u00e9gre ezt a feladatot. Szerep\u00fck a nyomat\u00e9k \u00e1tvitel\u00e9ben igen nagy.<\/p>\n<details>\n<summary>Honnan tudhatom, hogy elkoptak a lamell\u00e1k az oszt\u00f3m\u0171ben?<\/summary>\n<p>A leggyakoribb t\u00fcnet a kanyarod\u00e1skor jelentkez\u0151 r\u00e1ngat\u00e1s, \u00fct\u00e9s vagy remeg\u00e9s, illetve ha az aut\u00f3 nem k\u00e9pes megfelel\u0151en tov\u00e1bb\u00edtani a nyomat\u00e9kot az els\u0151 tengelyre. Ha gyors\u00edt\u00e1skor bizonytalans\u00e1got \u00e9rez az \u00f6sszker\u00e9khajt\u00e1sban, \u00e9rdemes ellen\u0151rizni a lamell\u00e1kat.<\/p>\n<\/details>\n<details>\n<summary>Ez a szett j\u00f3 a Mercedes-Benz DCD t\u00edpus\u00fa oszt\u00f3m\u0171vekhez?<\/summary>\n<p>Igen, ezt a lamella k\u00e9szletet kifejezetten a Mercedes-Benz DCD OFFROAD oszt\u00f3m\u0171veihez tervezt\u00e9k. Fontos a pontos illeszked\u00e9s, mivel a bels\u0151 \u00e9s k\u00fcls\u0151 kos\u00e1rban elhelyezked\u0151 lamell\u00e1k k\u00f6zvetlen\u00fcl felel\u0151sek a nagy nyomat\u00e9k \u00e1tvitel\u00e9\u00e9rt.<\/p>\n<\/details>\n<details>\n<summary>Mi t\u00f6rt\u00e9nik, ha nem cser\u00e9lem ki id\u0151ben a kopott lamell\u00e1kat?<\/summary>\n<p>A kopott lamell\u00e1k t\u00falmelegedhetnek, ami az oszt\u00f3m\u0171 olaj\u00e1nak meg\u00e9g\u00e9s\u00e9hez \u00e9s a bels\u0151 kuplungkos\u00e1r k\u00e1rosod\u00e1s\u00e1hoz vezethet. Hosszabb t\u00e1von ez az oszt\u00f3m\u0171 teljes meghib\u00e1sod\u00e1s\u00e1t \u00e9s k\u00f6lts\u00e9gesebb jav\u00edt\u00e1st eredm\u00e9nyezhet.<\/p>\n<\/details>\n<details>\n<summary>Kell-e speci\u00e1lis olaj a lamell\u00e1k cser\u00e9je ut\u00e1n?<\/summary>\n<p>Igen, az oszt\u00f3m\u0171 lamell\u00e1k cser\u00e9jekor minden esetben k\u00f6telez\u0151 a gy\u00e1rt\u00f3 \u00e1ltal el\u0151\u00edrt specifik\u00e1ci\u00f3j\u00fa friss olaj bet\u00f6lt\u00e9se. Ez biztos\u00edtja a megfelel\u0151 s\u00farl\u00f3d\u00e1si t\u00e9nyez\u0151t \u00e9s a lamell\u00e1k h\u0171t\u00e9s\u00e9t.<\/p>\n<\/details>\n<details>\n<summary>Beszerelhetem a lamella szettet otthon is?<\/summary>\n<p>B\u00e1r elm\u00e9letileg lehets\u00e9ges, a csere az oszt\u00f3m\u0171 teljes sz\u00e9tszerel\u00e9s\u00e9t \u00e9s speci\u00e1lis szersz\u00e1mokat ig\u00e9nyel. A prec\u00edz h\u00e9zagol\u00e1s \u00e9s a megfelel\u0151 m\u0171k\u00f6d\u00e9s \u00e9rdek\u00e9ben javasoljuk, hogy b\u00edzza szakm\u0171helyre a beszerel\u00e9st.<\/p>\n<\/details>\n<p><script type=\"application\/ld+json\">\n{\n  \"@context\": \"https:\/\/schema.org\",\n  \"@type\": \"FAQPage\",\n  \"mainEntity\": [\n    {\n      \"@type\": \"Question\",\n      \"name\": \"Honnan tudhatom, hogy elkoptak a lamellu00e1k az osztu00f3mu0171ben?\",\n      \"acceptedAnswer\": {\n        \"@type\": \"Answer\",\n        \"text\": \"A leggyakoribb tu00fcnet a kanyarodu00e1skor jelentkezu0151 ru00e1ngatu00e1s, u00fctu00e9s vagy remegu00e9s, illetve ha az autu00f3 nem ku00e9pes megfelelu0151en tovu00e1bbu00edtani a nyomatu00e9kot az elsu0151 tengelyre. Ha gyorsu00edtu00e1skor bizonytalansu00e1got u00e9rez az u00f6sszkeru00e9khajtu00e1sban, u00e9rdemes ellenu0151rizni a lamellu00e1kat.\"\n      }\n    },\n    {\n      \"@type\": \"Question\",\n      \"name\": \"Ez a szett ju00f3 a Mercedes-Benz DCD tu00edpusu00fa osztu00f3mu0171vekhez?\",\n      \"acceptedAnswer\": {\n        \"@type\": \"Answer\",\n        \"text\": \"Igen, ezt a lamella ku00e9szletet kifejezetten a Mercedes-Benz DCD OFFROAD osztu00f3mu0171veihez terveztu00e9k. Fontos a pontos illeszkedu00e9s, mivel a belsu0151 u00e9s ku00fclsu0151 kosu00e1rban elhelyezkedu0151 lamellu00e1k ku00f6zvetlenu00fcl felelu0151sek a nagy nyomatu00e9k u00e1tvitelu00e9u00e9rt.\"\n      }\n    },\n    {\n      \"@type\": \"Question\",\n      \"name\": \"Mi tu00f6rtu00e9nik, ha nem cseru00e9lem ki idu0151ben a kopott lamellu00e1kat?\",\n      \"acceptedAnswer\": {\n        \"@type\": \"Answer\",\n        \"text\": \"A kopott lamellu00e1k tu00falmelegedhetnek, ami az osztu00f3mu0171 olaju00e1nak megu00e9gu00e9su00e9hez u00e9s a belsu0151 kuplungkosu00e1r ku00e1rosodu00e1su00e1hoz vezethet. Hosszabb tu00e1von ez az osztu00f3mu0171 teljes meghibu00e1sodu00e1su00e1t u00e9s ku00f6ltsu00e9gesebb javu00edtu00e1st eredmu00e9nyezhet.\"\n      }\n    },\n    {\n      \"@type\": \"Question\",\n      \"name\": \"Kell-e speciu00e1lis olaj a lamellu00e1k cseru00e9je utu00e1n?\",\n      \"acceptedAnswer\": {\n        \"@type\": \"Answer\",\n        \"text\": \"Igen, az osztu00f3mu0171 lamellu00e1k cseru00e9jekor minden esetben ku00f6telezu0151 a gyu00e1rtu00f3 u00e1ltal elu0151u00edrt specifiku00e1ciu00f3ju00fa friss olaj betu00f6ltu00e9se. Ez biztosu00edtja a megfelelu0151 su00farlu00f3du00e1si tu00e9nyezu0151t u00e9s a lamellu00e1k hu0171tu00e9su00e9t.\"\n      }\n    },\n    {\n      \"@type\": \"Question\",\n      \"name\": \"Beszerelhetem a lamella szettet otthon is?\",\n      \"acceptedAnswer\": {\n        \"@type\": \"Answer\",\n        \"text\": \"Bu00e1r elmu00e9letileg lehetsu00e9ges, a csere az osztu00f3mu0171 teljes szu00e9tszerelu00e9su00e9t u00e9s speciu00e1lis szerszu00e1mokat igu00e9nyel. A precu00edz hu00e9zagolu00e1s u00e9s a megfelelu0151 mu0171ku00f6du00e9s u00e9rdeku00e9ben javasoljuk, hogy bu00edzza szakmu0171helyre a beszerelu00e9st.\"\n      }\n    }\n  ]\n}\n<\/script><\/p>","protected":false},"excerpt":{"rendered":"<p>A lamell\u00e1k k\u00e9pesek egym\u00e1shoz surl\u00f3dva, igen nagy nyomat\u00e9kot tov\u00e1bb\u00edtani. Egy bels\u0151 \u00e9s egy k\u00fcls\u0151 kuplung kos\u00e1rban kapaszkodva hajtj\u00e1k v\u00e9gre ezt a feladatot. Szerep\u00fck a nyomat\u00e9k &#8230; <\/p>\n<p class=\"read-more-container\"><a title=\"Oszt\u00f3m\u0171 lamella szett (DCD)\" class=\"read-more button\" href=\"https:\/\/transfercasepartshop.com\/hu\/mercedes-benz\/dcd\/osztomu-lamella-szett-dcd\/#more-413860\" aria-label=\"Read more about Oszt\u00f3m\u0171 lamella szett (DCD)\">Tov\u00e1bb<\/a><\/p>","protected":false},"featured_media":417018,"comment_status":"open","ping_status":"closed","template":"","meta":{"_acf_changed":false},"product_brand":[],"product_cat":[105,106],"product_tag":[376,208],"class_list":{"0":"post-413860","1":"product","2":"type-product","3":"status-publish","4":"has-post-thumbnail","6":"product_cat-mercedes-benz","7":"product_cat-dcd","8":"product_tag-dynax-corporation","9":"product_tag-kuplung-alkatreszei","10":"infinite-scroll-item","11":"no-featured-image-padding","12":"resize-featured-image","13":"sales-flash-overlay","14":"woocommerce-text-align-center","15":"woocommerce-image-align-center","16":"wc-has-gallery","18":"first","19":"instock","20":"taxable","21":"shipping-taxable","22":"purchasable","23":"product-type-simple"},"acf":{"s-tec_number":"-","oem-ref":"A1642800800, A1642800900, A1642801000, A1642801100, A1642801200, A1642801300, A1642801400, A1662800300, A1662800800","tartalom":"10db lamella, 10db surl\u00f3d\u00f3 lemez","lamella-alert":"A lamell\u00e1k javasolt \u00e1ztat\u00e1si ideje, a megfelel\u0151 specifik\u00e1ci\u00f3j\u00fa olajban minimum 4 \u00f3ra (DTF-1-es olaj).","transfer_case_application_v2":["Mercedes-Benz DCD 2004- GL offroad package","Mercedes-Benz DCD 2004- ML offroad package","Mercedes-Benz DCD 2015- GLE Class","Mercedes-Benz DCD 2015- GLE Class Coupe","Mercedes-Benz DCD 2015- GLS"],"transfer_case_application":"","kulso_raktar":1,"google_ads_kep":423497,"gtin":""},"_links":{"self":[{"href":"https:\/\/transfercasepartshop.com\/hu\/wp-json\/wp\/v2\/product\/413860","targetHints":{"allow":["GET"]}}],"collection":[{"href":"https:\/\/transfercasepartshop.com\/hu\/wp-json\/wp\/v2\/product"}],"about":[{"href":"https:\/\/transfercasepartshop.com\/hu\/wp-json\/wp\/v2\/types\/product"}],"replies":[{"embeddable":true,"href":"https:\/\/transfercasepartshop.com\/hu\/wp-json\/wp\/v2\/comments?post=413860"}],"wp:featuredmedia":[{"embeddable":true,"href":"https:\/\/transfercasepartshop.com\/hu\/wp-json\/wp\/v2\/media\/417018"}],"wp:attachment":[{"href":"https:\/\/transfercasepartshop.com\/hu\/wp-json\/wp\/v2\/media?parent=413860"}],"wp:term":[{"taxonomy":"product_brand","embeddable":true,"href":"https:\/\/transfercasepartshop.com\/hu\/wp-json\/wp\/v2\/product_brand?post=413860"},{"taxonomy":"product_cat","embeddable":true,"href":"https:\/\/transfercasepartshop.com\/hu\/wp-json\/wp\/v2\/product_cat?post=413860"},{"taxonomy":"product_tag","embeddable":true,"href":"https:\/\/transfercasepartshop.com\/hu\/wp-json\/wp\/v2\/product_tag?post=413860"}],"curies":[{"name":"wp","href":"https:\/\/api.w.org\/{rel}","templated":true}]}}