{"id":413859,"date":"2022-02-02T17:31:59","date_gmt":"2022-02-02T16:31:59","guid":{"rendered":"https:\/\/transfercasepartshop.com\/termek\/nem-kategorizalt\/osztomu-lamella-szett-atc500-atc700\/"},"modified":"2026-03-23T09:43:40","modified_gmt":"2026-03-23T08:43:40","slug":"osztomu-lamella-szett-atc500-atc700","status":"publish","type":"product","link":"https:\/\/transfercasepartshop.com\/hu\/bmw\/atc500\/osztomu-lamella-szett-atc500-atc700\/","title":{"rendered":"Oszt\u00f3m\u0171 lamella szett (ATC500, ATC700)"},"content":{"rendered":"<p>A lamell\u00e1k k\u00e9pesek egym\u00e1shoz surl\u00f3dva, igen nagy nyomat\u00e9kot tov\u00e1bb\u00edtani. Egy bels\u0151 \u00e9s egy k\u00fcls\u0151 kuplung kos\u00e1rban kapaszkodva hajtj\u00e1k v\u00e9gre ezt a feladatot. Szerep\u00fck a nyomat\u00e9k \u00e1tvitel\u00e9ben igen nagy.<\/p>\n<div class=\"faq-section\">\n<details>\n<summary>Honnan tudom, hogy elhaszn\u00e1l\u00f3dtak a lamell\u00e1k az oszt\u00f3m\u0171vemben?<\/summary>\n<p>A leggyakoribb t\u00fcnet a kanyarod\u00e1skor vagy intenz\u00edv gyors\u00edt\u00e1skor jelentkez\u0151 r\u00e1ngat\u00e1s, szaggat\u00e1s. Ha a lamell\u00e1k elkopnak vagy meg\u00e9gnek, a nyomat\u00e9k\u00e1tvitel bizonytalann\u00e1 v\u00e1lik, ami mechanikai \u00fct\u00e9seket \u00e9s rezg\u00e9st okozhat az oszt\u00f3m\u0171 fel\u0151l.<\/p>\n<\/details>\n<details>\n<summary>Pontosan melyik BMW t\u00edpusokba szerelhet\u0151 be ez a szett?<\/summary>\n<p>Ez a lamella k\u00e9szlet az ATC500 (p\u00e9ld\u00e1ul BMW X5 E53 facelift) \u00e9s az ATC700 (p\u00e9ld\u00e1ul BMW X5 E70 \u00e9s X6 E71) oszt\u00f3m\u0171vekkel kompatibilis. Ha bizonytalan a t\u00edpust illet\u0151en, ellen\u0151rizze az oszt\u00f3m\u0171v\u00f6n tal\u00e1lhat\u00f3 gy\u00e1ri adatt\u00e1bl\u00e1t.<\/p>\n<\/details>\n<details>\n<summary>Mi okozza a lamell\u00e1k korai kop\u00e1s\u00e1t?<\/summary>\n<p>A legt\u00f6bb esetben az el\u00f6regedett, nem megfelel\u0151en cser\u00e9lt oszt\u00f3m\u0171olaj, a nem egyforma m\u00e9ret\u0171 vagy kopotts\u00e1g\u00fa gumiabroncsok, illetve a folyamatos extr\u00e9m terhel\u00e9s vezet a lamell\u00e1k t\u00falmeleged\u00e9s\u00e9hez \u00e9s id\u0151 el\u0151tti elhaszn\u00e1l\u00f3d\u00e1s\u00e1hoz.<\/p>\n<\/details>\n<details>\n<summary>Megoldja ez a szett a 4&#215;4 hiba\u00fczenetemet?<\/summary>\n<p>Ha a diagnosztika mechanikai cs\u00fasz\u00e1st vagy az oszt\u00f3m\u0171 bels\u0151 szerkezet\u00e9nek hib\u00e1j\u00e1t \u00e1llap\u00edtotta meg, akkor a lamell\u00e1k cser\u00e9je sz\u00fcks\u00e9ges a jav\u00edt\u00e1shoz. Ugyanakkor \u00e9rdemes ellen\u0151rizni az oszt\u00f3m\u0171\u00e1ll\u00edt\u00f3 motort (aktu\u00e1tor) is, mert gyakran az is okozhat hasonl\u00f3 hibak\u00f3dot.<\/p>\n<\/details>\n<details>\n<summary>Sz\u00fcks\u00e9ges speci\u00e1lis olaj a lamell\u00e1k cser\u00e9je ut\u00e1n?<\/summary>\n<p>Igen, a lamell\u00e1k cser\u00e9j\u00e9t k\u00f6vet\u0151en mindenk\u00e9ppen gy\u00e1ri specifik\u00e1ci\u00f3j\u00fa (p\u00e9ld\u00e1ul BMW DTF 1 vagy azzal egyen\u00e9rt\u00e9k\u0171) oszt\u00f3m\u0171olaj felt\u00f6lt\u00e9se sz\u00fcks\u00e9ges, hogy a s\u00farl\u00f3d\u00f3 fel\u00fcletek megfelel\u0151en tudjanak m\u0171k\u00f6dni \u00e9s ne \u00e9gjenek meg.<\/p>\n<\/details>\n<\/div>\n<p><script type=\"application\/ld+json\">\n{\n  \"@context\": \"https:\/\/schema.org\",\n  \"@type\": \"FAQPage\",\n  \"mainEntity\": [\n    {\n      \"@type\": \"Question\",\n      \"name\": \"Honnan tudom, hogy elhasznu00e1lu00f3dtak a lamellu00e1k az osztu00f3mu0171vemben?\",\n      \"acceptedAnswer\": {\n        \"@type\": \"Answer\",\n        \"text\": \"A leggyakoribb tu00fcnet a kanyarodu00e1skor vagy intenzu00edv gyorsu00edtu00e1skor jelentkezu0151 ru00e1ngatu00e1s, szaggatu00e1s. Ha a lamellu00e1k elkopnak vagy megu00e9gnek, a nyomatu00e9ku00e1tvitel bizonytalannu00e1 vu00e1lik.\"\n      }\n    },\n    {\n      \"@type\": \"Question\",\n      \"name\": \"Pontosan melyik BMW tu00edpusokba szerelhetu0151 be ez a szett?\",\n      \"acceptedAnswer\": {\n        \"@type\": \"Answer\",\n        \"text\": \"Ez a lamella ku00e9szlet az ATC500 (BMW X5 E53 facelift) u00e9s az ATC700 (BMW X5 E70 u00e9s X6 E71) osztu00f3mu0171vekkel kompatibilis.\"\n      }\n    },\n    {\n      \"@type\": \"Question\",\n      \"name\": \"Mi okozza a lamellu00e1k korai kopu00e1su00e1t?\",\n      \"acceptedAnswer\": {\n        \"@type\": \"Answer\",\n        \"text\": \"Az elu00f6regedett osztu00f3mu0171olaj, a nem egyforma gumiabroncsok u00e9s az extru00e9m terhelu00e9s a legfu0151bb okok, amelyek a lamellu00e1k tu00falmelegedu00e9su00e9hez vezetnek.\"\n      }\n    },\n    {\n      \"@type\": \"Question\",\n      \"name\": \"Megoldja ez a szett a 4x4 hibau00fczenetemet?\",\n      \"acceptedAnswer\": {\n        \"@type\": \"Answer\",\n        \"text\": \"Ha a diagnosztika belsu0151 mechanikai hibu00e1t vagy csu00faszu00e1st jelez, a csere megoldu00e1st jelent, de az u00e1llu00edtu00f3motor hibu00e1ju00e1t is u00e9rdemes kizu00e1rni.\"\n      }\n    },\n    {\n      \"@type\": \"Question\",\n      \"name\": \"Szu00fcksu00e9ges speciu00e1lis olaj a lamellu00e1k cseru00e9je utu00e1n?\",\n      \"acceptedAnswer\": {\n        \"@type\": \"Answer\",\n        \"text\": \"Igen, mindenku00e9ppen gyu00e1ri specifiku00e1ciu00f3ju00fa osztu00f3mu0171olaj (pl. BMW DTF 1) hasznu00e1lata javasolt a megfelelu0151 su00farlu00f3du00e1s u00e9s u00e9lettartam biztosu00edtu00e1sa u00e9rdeku00e9ben.\"\n      }\n    }\n  ]\n}\n<\/script><\/p>","protected":false},"excerpt":{"rendered":"<p>A lamell\u00e1k k\u00e9pesek egym\u00e1shoz surl\u00f3dva, igen nagy nyomat\u00e9kot tov\u00e1bb\u00edtani. Egy bels\u0151 \u00e9s egy k\u00fcls\u0151 kuplung kos\u00e1rban kapaszkodva hajtj\u00e1k v\u00e9gre ezt a feladatot. Szerep\u00fck a nyomat\u00e9k &#8230; <\/p>\n<p class=\"read-more-container\"><a title=\"Oszt\u00f3m\u0171 lamella szett (ATC500, ATC700)\" class=\"read-more button\" href=\"https:\/\/transfercasepartshop.com\/hu\/bmw\/atc500\/osztomu-lamella-szett-atc500-atc700\/#more-413859\" aria-label=\"Read more about Oszt\u00f3m\u0171 lamella szett (ATC500, ATC700)\">Tov\u00e1bb<\/a><\/p>","protected":false},"featured_media":416832,"comment_status":"open","ping_status":"closed","template":"","meta":{"_acf_changed":false},"product_brand":[],"product_cat":[86,67,68],"product_tag":[376,208],"class_list":{"0":"post-413859","1":"product","2":"type-product","3":"status-publish","4":"has-post-thumbnail","6":"product_cat-bmw","7":"product_cat-atc500","8":"product_cat-atc700","9":"product_tag-dynax-corporation","10":"product_tag-kuplung-alkatreszei","11":"infinite-scroll-item","12":"no-featured-image-padding","13":"resize-featured-image","14":"sales-flash-overlay","15":"woocommerce-text-align-center","16":"woocommerce-image-align-center","17":"wc-has-gallery","19":"first","20":"instock","21":"taxable","22":"shipping-taxable","23":"purchasable","24":"product-type-simple"},"acf":{"s-tec_number":"-","oem-ref":"","tartalom":"7db lamella, 8db surl\u00f3d\u00f3 lemez","lamella-alert":"","transfer_case_application_v2":["BMW ATC500 2003-2006 X5 E53","BMW ATC700 2006-2013 X5 E70, E70 LCI","BMW ATC700 2008-2014 X6 E71, E72 hybrid"],"transfer_case_application":"","kulso_raktar":3,"google_ads_kep":423493,"gtin":""},"_links":{"self":[{"href":"https:\/\/transfercasepartshop.com\/hu\/wp-json\/wp\/v2\/product\/413859","targetHints":{"allow":["GET"]}}],"collection":[{"href":"https:\/\/transfercasepartshop.com\/hu\/wp-json\/wp\/v2\/product"}],"about":[{"href":"https:\/\/transfercasepartshop.com\/hu\/wp-json\/wp\/v2\/types\/product"}],"replies":[{"embeddable":true,"href":"https:\/\/transfercasepartshop.com\/hu\/wp-json\/wp\/v2\/comments?post=413859"}],"wp:featuredmedia":[{"embeddable":true,"href":"https:\/\/transfercasepartshop.com\/hu\/wp-json\/wp\/v2\/media\/416832"}],"wp:attachment":[{"href":"https:\/\/transfercasepartshop.com\/hu\/wp-json\/wp\/v2\/media?parent=413859"}],"wp:term":[{"taxonomy":"product_brand","embeddable":true,"href":"https:\/\/transfercasepartshop.com\/hu\/wp-json\/wp\/v2\/product_brand?post=413859"},{"taxonomy":"product_cat","embeddable":true,"href":"https:\/\/transfercasepartshop.com\/hu\/wp-json\/wp\/v2\/product_cat?post=413859"},{"taxonomy":"product_tag","embeddable":true,"href":"https:\/\/transfercasepartshop.com\/hu\/wp-json\/wp\/v2\/product_tag?post=413859"}],"curies":[{"name":"wp","href":"https:\/\/api.w.org\/{rel}","templated":true}]}}