{"id":390635,"date":"2021-11-17T15:05:08","date_gmt":"2021-11-17T14:05:08","guid":{"rendered":"https:\/\/transfercasepartshop.com\/?post_type=product&#038;p=390635"},"modified":"2026-03-23T09:43:31","modified_gmt":"2026-03-23T08:43:31","slug":"lanc-vezeto-csuszka-atc13-1","status":"publish","type":"product","link":"https:\/\/transfercasepartshop.com\/hu\/bmw\/atc13-1\/lanc-vezeto-csuszka-atc13-1\/","title":{"rendered":"L\u00e1nc vezet\u0151 cs\u00faszka (ATC13-1)"},"content":{"rendered":"<p>Speci\u00e1lis h\u0151\u00e1ll\u00f3 m\u0171anyagb\u00f3l k\u00e9sz\u00fclt alkatr\u00e9sz. A szerep egy\u00e9rtelm\u0171, a l\u00e1nc mozg\u00e1s\u00e1t stabiliz\u00e1lja.<\/p>\n<details>\n<summary>Milyen feladatot l\u00e1t el az ATC13-1 l\u00e1nc vezet\u0151 cs\u00faszka?<\/summary>\n<p>Ez az alkatr\u00e9sz felel az oszt\u00f3m\u0171ben l\u00e9v\u0151 l\u00e1nc prec\u00edz megvezet\u00e9s\u00e9\u00e9rt \u00e9s stabiliz\u00e1l\u00e1s\u00e1\u00e9rt. Megakad\u00e1lyozza a l\u00e1nc felesleges kileng\u00e9s\u00e9t, \u00edgy megel\u0151zi a bels\u0151 alkatr\u00e9szek \u00e9s az oszt\u00f3m\u0171 h\u00e1z\u00e1nak mechanikai k\u00e1rosod\u00e1s\u00e1t.<\/p>\n<\/details>\n<details>\n<summary>Milyen t\u00fcnetei vannak, ha elkopott a l\u00e1ncvezet\u0151 a BMW-mben?<\/summary>\n<p>A leggyakoribb jelek k\u00f6z\u00e9 tartozik a gyors\u00edt\u00e1skor hallhat\u00f3 kattog\u00f3, f\u00e9mes hang vagy a hajt\u00e1sl\u00e1nc fel\u0151l \u00e9rkez\u0151 r\u00e1ngat\u00e1s. Ha a cs\u00faszka elkopik, a l\u00e1nc nem fut egyenesen, ami vibr\u00e1ci\u00f3hoz \u00e9s a l\u00e1nc id\u0151 el\u0151tti megny\u00fal\u00e1s\u00e1hoz vezet.<\/p>\n<\/details>\n<details>\n<summary>B\u00edrni fogja az oszt\u00f3m\u0171ben keletkez\u0151 nagy h\u0151t ez a m\u0171anyag?<\/summary>\n<p>Igen, ez a term\u00e9k speci\u00e1lis, magas h\u0151m\u00e9rs\u00e9kletnek ellen\u00e1ll\u00f3 m\u0171anyagb\u00f3l k\u00e9sz\u00fcl. \u00dagy tervezt\u00e9k, hogy b\u00edrja az oszt\u00f3m\u0171ben fell\u00e9p\u0151 folyamatos s\u00farl\u00f3d\u00e1st \u00e9s a forr\u00f3 olajjal val\u00f3 \u00e9rintkez\u00e9st an\u00e9lk\u00fcl, hogy deform\u00e1l\u00f3dna.<\/p>\n<\/details>\n<details>\n<summary>Honnan tudom, hogy ez a cs\u00faszka j\u00f3-e az \u00e9n aut\u00f3mhoz?<\/summary>\n<p>Ez a specifikus alkatr\u00e9sz a BMW ATC13-1 t\u00edpus\u00fa oszt\u00f3m\u0171veihez k\u00e9sz\u00fclt. Javasoljuk, hogy ellen\u0151rizze az oszt\u00f3m\u0171 t\u00edpust\u00e1bl\u00e1j\u00e1t vagy konzult\u00e1ljon szerel\u0151j\u00e9vel az alv\u00e1zsz\u00e1m alapj\u00e1n a pontos kompatibilit\u00e1s \u00e9rdek\u00e9ben.<\/p>\n<\/details>\n<details>\n<summary>Mi\u00e9rt javasolt a cs\u00faszka cser\u00e9je a l\u00e1nccal egy\u00fctt?<\/summary>\n<p>Ha \u00faj l\u00e1ncot szerel be, de a r\u00e9gi, esetleg m\u00e1r megkopott vagy \u00e9rdes fel\u00fclet\u0171 cs\u00faszk\u00e1t hagyja bent, az \u00faj l\u00e1nc \u00e9lettartama jelent\u0151sen ler\u00f6vid\u00fclhet. A stabil megvezet\u00e9s elengedhetetlen a hossz\u00fa t\u00e1v\u00fa, zajmentes m\u0171k\u00f6d\u00e9shez.<\/p>\n<\/details>\n<p><script type=\"application\/ld+json\">\n{\n  \"@context\": \"https:\/\/schema.org\",\n  \"@type\": \"FAQPage\",\n  \"mainEntity\": [\n    {\n      \"@type\": \"Question\",\n      \"name\": \"Milyen feladatot lu00e1t el az ATC13-1 lu00e1nc vezetu0151 csu00faszka?\",\n      \"acceptedAnswer\": {\n        \"@type\": \"Answer\",\n        \"text\": \"Ez az alkatru00e9sz felel az osztu00f3mu0171ben lu00e9vu0151 lu00e1nc precu00edz megvezetu00e9su00e9u00e9rt u00e9s stabilizu00e1lu00e1su00e1u00e9rt. Megakadu00e1lyozza a lu00e1nc felesleges kilengu00e9su00e9t, u00edgy megelu0151zi a belsu0151 alkatru00e9szek u00e9s az osztu00f3mu0171 hu00e1zu00e1nak mechanikai ku00e1rosodu00e1su00e1t.\"\n      }\n    },\n    {\n      \"@type\": \"Question\",\n      \"name\": \"Milyen tu00fcnetei vannak, ha elkopott a lu00e1ncvezetu0151 a BMW-mben?\",\n      \"acceptedAnswer\": {\n        \"@type\": \"Answer\",\n        \"text\": \"A leggyakoribb jelek ku00f6zu00e9 tartozik a gyorsu00edtu00e1skor hallhatu00f3 kattogu00f3, fu00e9mes hang vagy a hajtu00e1slu00e1nc felu0151l u00e9rkezu0151 ru00e1ngatu00e1s. Ha a csu00faszka elkopik, a lu00e1nc nem fut egyenesen, ami vibru00e1ciu00f3hoz u00e9s a lu00e1nc idu0151 elu0151tti megnyu00falu00e1su00e1hoz vezet.\"\n      }\n    },\n    {\n      \"@type\": \"Question\",\n      \"name\": \"Bu00edrni fogja az osztu00f3mu0171ben keletkezu0151 nagy hu0151t ez a mu0171anyag?\",\n      \"acceptedAnswer\": {\n        \"@type\": \"Answer\",\n        \"text\": \"Igen, ez a termu00e9k speciu00e1lis, magas hu0151mu00e9rsu00e9kletnek ellenu00e1llu00f3 mu0171anyagbu00f3l ku00e9szu00fcl. u00dagy terveztu00e9k, hogy bu00edrja az osztu00f3mu0171ben fellu00e9pu0151 folyamatos su00farlu00f3du00e1st u00e9s a forru00f3 olajjal valu00f3 u00e9rintkezu00e9st anu00e9lku00fcl, hogy deformu00e1lu00f3dna.\"\n      }\n    },\n    {\n      \"@type\": \"Question\",\n      \"name\": \"Honnan tudom, hogy ez a csu00faszka ju00f3-e az u00e9n autu00f3mhoz?\",\n      \"acceptedAnswer\": {\n        \"@type\": \"Answer\",\n        \"text\": \"Ez a specifikus alkatru00e9sz a BMW ATC13-1 tu00edpusu00fa osztu00f3mu0171veihez ku00e9szu00fclt. Javasoljuk, hogy ellenu0151rizze az osztu00f3mu0171 tu00edpustu00e1blu00e1ju00e1t vagy konzultu00e1ljon szerelu0151ju00e9vel az alvu00e1zszu00e1m alapju00e1n a pontos kompatibilitu00e1s u00e9rdeku00e9ben.\"\n      }\n    },\n    {\n      \"@type\": \"Question\",\n      \"name\": \"Miu00e9rt javasolt a csu00faszka cseru00e9je a lu00e1nccal egyu00fctt?\",\n      \"acceptedAnswer\": {\n        \"@type\": \"Answer\",\n        \"text\": \"Ha u00faj lu00e1ncot szerel be, de a ru00e9gi, esetleg mu00e1r megkopott vagy u00e9rdes felu00fcletu0171 csu00faszku00e1t hagyja bent, az u00faj lu00e1nc u00e9lettartama jelentu0151sen leru00f6vidu00fclhet. A stabil megvezetu00e9s elengedhetetlen a hosszu00fa tu00e1vu00fa, zajmentes mu0171ku00f6du00e9shez.\"\n      }\n    }\n  ]\n}\n<\/script><\/p>","protected":false},"excerpt":{"rendered":"<p>Speci\u00e1lis h\u0151\u00e1ll\u00f3 m\u0171anyagb\u00f3l k\u00e9sz\u00fclt alkatr\u00e9sz. A szerep egy\u00e9rtelm\u0171, a l\u00e1nc mozg\u00e1s\u00e1t stabiliz\u00e1lja. Milyen feladatot l\u00e1t el az ATC13-1 l\u00e1nc vezet\u0151 cs\u00faszka? Ez az alkatr\u00e9sz felel &#8230; <\/p>\n<p class=\"read-more-container\"><a title=\"L\u00e1nc vezet\u0151 cs\u00faszka (ATC13-1)\" class=\"read-more button\" href=\"https:\/\/transfercasepartshop.com\/hu\/bmw\/atc13-1\/lanc-vezeto-csuszka-atc13-1\/#more-390635\" aria-label=\"Read more about L\u00e1nc vezet\u0151 cs\u00faszka (ATC13-1)\">Tov\u00e1bb<\/a><\/p>","protected":false},"featured_media":418793,"comment_status":"open","ping_status":"closed","template":"","meta":{"_acf_changed":false},"product_brand":[],"product_cat":[86,87],"product_tag":[212,390],"class_list":{"0":"post-390635","1":"product","2":"type-product","3":"status-publish","4":"has-post-thumbnail","6":"product_cat-bmw","7":"product_cat-atc13-1","8":"product_tag-lancok","9":"product_tag-magna-powertrain","10":"infinite-scroll-item","11":"no-featured-image-padding","12":"resize-featured-image","13":"sales-flash-overlay","14":"woocommerce-text-align-center","15":"woocommerce-image-align-center","16":"wc-has-gallery","18":"first","19":"instock","20":"taxable","21":"shipping-taxable","22":"purchasable","23":"product-type-simple"},"acf":{"s-tec_number":"SP03575","oem-ref":"","tartalom":"","lamella-alert":"","transfer_case_application_v2":["BMW ATC13-1 2015- 7 series G11, G11 LCI, G12, G12 LCI","BMW ATC13-1 2017- 5 series G30, G31, G38","BMW ATC13-1 2017- 6 series G32 GT","BMW ATC13-1 2017- X3 G01, G08","BMW ATC13-1 2018- X4 G02","BMW ATC13-1 2018- X5 G05","BMW ATC13-1 2019- 3 series G20, G21, G28","BMW ATC13-1 2019- X6 G06","BMW ATC13-1 2019- X7 G07"],"transfer_case_application":"","kulso_raktar":15,"google_ads_kep":423485,"gtin":9009381153764},"_links":{"self":[{"href":"https:\/\/transfercasepartshop.com\/hu\/wp-json\/wp\/v2\/product\/390635","targetHints":{"allow":["GET"]}}],"collection":[{"href":"https:\/\/transfercasepartshop.com\/hu\/wp-json\/wp\/v2\/product"}],"about":[{"href":"https:\/\/transfercasepartshop.com\/hu\/wp-json\/wp\/v2\/types\/product"}],"replies":[{"embeddable":true,"href":"https:\/\/transfercasepartshop.com\/hu\/wp-json\/wp\/v2\/comments?post=390635"}],"wp:featuredmedia":[{"embeddable":true,"href":"https:\/\/transfercasepartshop.com\/hu\/wp-json\/wp\/v2\/media\/418793"}],"wp:attachment":[{"href":"https:\/\/transfercasepartshop.com\/hu\/wp-json\/wp\/v2\/media?parent=390635"}],"wp:term":[{"taxonomy":"product_brand","embeddable":true,"href":"https:\/\/transfercasepartshop.com\/hu\/wp-json\/wp\/v2\/product_brand?post=390635"},{"taxonomy":"product_cat","embeddable":true,"href":"https:\/\/transfercasepartshop.com\/hu\/wp-json\/wp\/v2\/product_cat?post=390635"},{"taxonomy":"product_tag","embeddable":true,"href":"https:\/\/transfercasepartshop.com\/hu\/wp-json\/wp\/v2\/product_tag?post=390635"}],"curies":[{"name":"wp","href":"https:\/\/api.w.org\/{rel}","templated":true}]}}