{"id":390633,"date":"2021-11-17T15:05:07","date_gmt":"2021-11-17T14:05:07","guid":{"rendered":"https:\/\/transfercasepartshop.com\/?post_type=product&#038;p=390633"},"modified":"2026-03-23T09:43:28","modified_gmt":"2026-03-23T08:43:28","slug":"osztomu-tengely-kapcsolo-kar-atc13-1","status":"publish","type":"product","link":"https:\/\/transfercasepartshop.com\/hu\/bmw\/atc13-1\/osztomu-tengely-kapcsolo-kar-atc13-1\/","title":{"rendered":"Oszt\u00f3m\u0171 tengely kapcsol\u00f3 kar (ATC13-1)"},"content":{"rendered":"<p>A tengely kapcsol\u00f3 kar felel a hi\u00e1nytalan nyomat\u00e9k \u00e1tvitel\u00e9rt \u00e9s a tengelyek id\u0151szakonk\u00e9nti sz\u00e9t illetve \u00f6sszekapcsol\u00e1s\u00e1\u00e9rt.<\/p>\n<section>\n<details>\n<summary>Honnan tudom, hogy az ATC13-1 oszt\u00f3m\u0171 kapcsol\u00f3 karja meghib\u00e1sodott?<\/summary>\n<p>A leggyakoribb t\u00fcnetek k\u00f6z\u00e9 tartozik a gyors\u00edt\u00e1skor jelentkez\u0151 r\u00e1ngat\u00e1s, a tengelyek k\u00f6z\u00f6tti neh\u00e9zkes v\u00e1lt\u00e1s, vagy a m\u0171szerfalon megjelen\u0151 4&#215;4-es hajt\u00e1sl\u00e1nc hiba\u00fczenet. Ha kopott a kar, a nyomat\u00e9k\u00e1tvitel bizonytalann\u00e1 v\u00e1lik, ami hossz\u00fa t\u00e1von az oszt\u00f3m\u0171 bels\u0151 szerkezet\u00e9t is k\u00e1ros\u00edthatja.<\/p>\n<\/details>\n<details>\n<summary>Pontosan mi a feladata ennek a kapcsol\u00f3 karnak az oszt\u00f3m\u0171ben?<\/summary>\n<p>Ez az alkatr\u00e9sz a mechanikus \u00f6sszek\u00f6t\u0151 elem, amely fizikailag mozgatja a tengelykapcsol\u00f3 mechanizmust. Ez felel az\u00e9rt, hogy az els\u0151 \u00e9s h\u00e1ts\u00f3 tengelyek k\u00f6z\u00f6tti nyomat\u00e9k\u00e1tvitel (\u00f6sszekapcsol\u00e1s \u00e9s sz\u00e9tv\u00e1laszt\u00e1s) z\u00f6kken\u0151mentesen \u00e9s id\u0151ben megt\u00f6rt\u00e9njen.<\/p>\n<\/details>\n<details>\n<summary>Kompatibilis ez az alkatr\u00e9sz az \u00e9n BMW-m ATC13-1 oszt\u00f3m\u0171v\u00e9vel?<\/summary>\n<p>Igen, ez a kapcsol\u00f3 kar kifejezetten az ATC13-1 t\u00edpus\u00fa oszt\u00f3m\u0171vekhez lett tervezve. Ezek az oszt\u00f3m\u0171vek gyakran megtal\u00e1lhat\u00f3ak az \u00fajabb BMW F \u00e9s G sorozat\u00fa modellekben (pl. 5-\u00f6s, 7-es sz\u00e9ria, X3, X4). Javasoljuk, hogy v\u00e1s\u00e1rl\u00e1s el\u0151tt ellen\u0151rizze az oszt\u00f3m\u0171 t\u00edpust\u00e1bl\u00e1j\u00e1t.<\/p>\n<\/details>\n<details>\n<summary>Okozhatja-e a kapcsol\u00f3 kar hib\u00e1ja a kocsi r\u00e1ngat\u00e1s\u00e1t alacsony sebess\u00e9gn\u00e9l?<\/summary>\n<p>Igen, ha a kar elkopott vagy deform\u00e1l\u00f3dott, a tengelyek \u00f6sszekapcsol\u00e1sa nem t\u00f6rt\u00e9nik meg hat\u00e1rozottan. Ez bizonytalan tapad\u00e1st \u00e9s \u201edarabos\u201d halad\u00e1st eredm\u00e9nyezhet kanyarod\u00e1skor vagy lass\u00fa temp\u00f3j\u00fa gyors\u00edt\u00e1skor.<\/p>\n<\/details>\n<details>\n<summary>Sz\u00fcks\u00e9ges speci\u00e1lis szoftveres kalibr\u00e1ci\u00f3 a csere ut\u00e1n?<\/summary>\n<p>Mivel a kapcsol\u00f3 kar cser\u00e9je az oszt\u00f3m\u0171 mechanikai megbont\u00e1s\u00e1val j\u00e1r, az alkatr\u00e9sz be\u00e9p\u00edt\u00e9se ut\u00e1n er\u0151sen aj\u00e1nlott az oszt\u00f3m\u0171 vez\u00e9rl\u0151egys\u00e9g\u00e9nek (VTG) alaphelyzetbe \u00e1ll\u00edt\u00e1sa \u00e9s az adapt\u00e1ci\u00f3s \u00e9rt\u00e9kek t\u00f6rl\u00e9se diagnosztikai eszk\u00f6zzel.<\/p>\n<\/details>\n<\/section>\n<p><script type=\"application\/ld+json\">\n{\n  \"@context\": \"https:\/\/schema.org\",\n  \"@type\": \"FAQPage\",\n  \"mainEntity\": [\n    {\n      \"@type\": \"Question\",\n      \"name\": \"Honnan tudom, hogy az ATC13-1 osztu00f3mu0171 kapcsolu00f3 karja meghibu00e1sodott?\",\n      \"acceptedAnswer\": {\n        \"@type\": \"Answer\",\n        \"text\": \"A leggyakoribb tu00fcnetek ku00f6zu00e9 tartozik a gyorsu00edtu00e1skor jelentkezu0151 ru00e1ngatu00e1s, a tengelyek ku00f6zu00f6tti nehu00e9zkes vu00e1ltu00e1s, vagy a mu0171szerfalon megjelenu0151 4x4-es hajtu00e1slu00e1nc hibau00fczenet. Ha kopott a kar, a nyomatu00e9ku00e1tvitel bizonytalannu00e1 vu00e1lik.\"\n      }\n    },\n    {\n      \"@type\": \"Question\",\n      \"name\": \"Pontosan mi a feladata ennek a kapcsolu00f3 karnak az osztu00f3mu0171ben?\",\n      \"acceptedAnswer\": {\n        \"@type\": \"Answer\",\n        \"text\": \"Ez az alkatru00e9sz a mechanikus u00f6sszeku00f6tu0151 elem, amely fizikailag mozgatja a tengelykapcsolu00f3 mechanizmust. Ez felel azu00e9rt, hogy az elsu0151 u00e9s hu00e1tsu00f3 tengelyek ku00f6zu00f6tti nyomatu00e9ku00e1tvitel zu00f6kkenu0151mentesen megtu00f6rtu00e9njen.\"\n      }\n    },\n    {\n      \"@type\": \"Question\",\n      \"name\": \"Kompatibilis ez az alkatru00e9sz az u00e9n BMW-m ATC13-1 osztu00f3mu0171vu00e9vel?\",\n      \"acceptedAnswer\": {\n        \"@type\": \"Answer\",\n        \"text\": \"Igen, ez a kapcsolu00f3 kar kifejezetten az ATC13-1 tu00edpusu00fa osztu00f3mu0171vekhez lett tervezve, amelyek az u00fajabb BMW F u00e9s G sorozatu00fa modellekben talu00e1lhatu00f3ak meg.\"\n      }\n    },\n    {\n      \"@type\": \"Question\",\n      \"name\": \"Okozhatja-e a kapcsolu00f3 kar hibu00e1ja a kocsi ru00e1ngatu00e1su00e1t alacsony sebessu00e9gnu00e9l?\",\n      \"acceptedAnswer\": {\n        \"@type\": \"Answer\",\n        \"text\": \"Igen, ha a kar elkopott vagy deformu00e1lu00f3dott, a tengelyek u00f6sszekapcsolu00e1sa bizonytalannu00e1 vu00e1lik, ami darabos haladu00e1st u00e9s ru00e1ngatu00e1st eredmu00e9nyezhet kanyarodu00e1skor vagy gyorsu00edtu00e1skor.\"\n      }\n    },\n    {\n      \"@type\": \"Question\",\n      \"name\": \"Szu00fcksu00e9ges speciu00e1lis szoftveres kalibru00e1ciu00f3 a csere utu00e1n?\",\n      \"acceptedAnswer\": {\n        \"@type\": \"Answer\",\n        \"text\": \"Igen, az alkatru00e9sz beu00e9pu00edtu00e9se utu00e1n eru0151sen aju00e1nlott az osztu00f3mu0171 vezu00e9rlu0151egysu00e9gu00e9nek (VTG) alaphelyzetbe u00e1llu00edtu00e1sa u00e9s az adaptu00e1ciu00f3s u00e9rtu00e9kek tu00f6rlu00e9se diagnosztikai eszku00f6zzel.\"\n      }\n    }\n  ]\n}\n<\/script><\/p>","protected":false},"excerpt":{"rendered":"<p>A tengely kapcsol\u00f3 kar felel a hi\u00e1nytalan nyomat\u00e9k \u00e1tvitel\u00e9rt \u00e9s a tengelyek id\u0151szakonk\u00e9nti sz\u00e9t illetve \u00f6sszekapcsol\u00e1s\u00e1\u00e9rt. Honnan tudom, hogy az ATC13-1 oszt\u00f3m\u0171 kapcsol\u00f3 karja meghib\u00e1sodott? &#8230; <\/p>\n<p class=\"read-more-container\"><a title=\"Oszt\u00f3m\u0171 tengely kapcsol\u00f3 kar (ATC13-1)\" class=\"read-more button\" href=\"https:\/\/transfercasepartshop.com\/hu\/bmw\/atc13-1\/osztomu-tengely-kapcsolo-kar-atc13-1\/#more-390633\" aria-label=\"Read more about Oszt\u00f3m\u0171 tengely kapcsol\u00f3 kar (ATC13-1)\">Tov\u00e1bb<\/a><\/p>","protected":false},"featured_media":412102,"comment_status":"open","ping_status":"closed","template":"","meta":{"_acf_changed":false},"product_brand":[],"product_cat":[86,87],"product_tag":[208,390],"class_list":{"0":"post-390633","1":"product","2":"type-product","3":"status-publish","4":"has-post-thumbnail","6":"product_cat-bmw","7":"product_cat-atc13-1","8":"product_tag-kuplung-alkatreszei","9":"product_tag-magna-powertrain","10":"infinite-scroll-item","11":"no-featured-image-padding","12":"resize-featured-image","13":"sales-flash-overlay","14":"woocommerce-text-align-center","15":"woocommerce-image-align-center","16":"wc-has-gallery","18":"first","19":"instock","20":"taxable","21":"shipping-taxable","22":"purchasable","23":"product-type-simple"},"acf":{"s-tec_number":"SP03571","oem-ref":"","tartalom":"","lamella-alert":"","transfer_case_application_v2":["BMW ATC13-1 2015- 7 series G11, G11 LCI, G12, G12 LCI","BMW ATC13-1 2017- 5 series G30, G31, G38","BMW ATC13-1 2017- 6 series G32 GT","BMW ATC13-1 2017- X3 G01, G08","BMW ATC13-1 2018- X4 G02","BMW ATC13-1 2018- X5 G05","BMW ATC13-1 2019- 3 series G20, G21, G28","BMW ATC13-1 2019- X6 G06","BMW ATC13-1 2019- X7 G07"],"transfer_case_application":"","kulso_raktar":4,"google_ads_kep":423483,"gtin":9009381153726},"_links":{"self":[{"href":"https:\/\/transfercasepartshop.com\/hu\/wp-json\/wp\/v2\/product\/390633","targetHints":{"allow":["GET"]}}],"collection":[{"href":"https:\/\/transfercasepartshop.com\/hu\/wp-json\/wp\/v2\/product"}],"about":[{"href":"https:\/\/transfercasepartshop.com\/hu\/wp-json\/wp\/v2\/types\/product"}],"replies":[{"embeddable":true,"href":"https:\/\/transfercasepartshop.com\/hu\/wp-json\/wp\/v2\/comments?post=390633"}],"wp:featuredmedia":[{"embeddable":true,"href":"https:\/\/transfercasepartshop.com\/hu\/wp-json\/wp\/v2\/media\/412102"}],"wp:attachment":[{"href":"https:\/\/transfercasepartshop.com\/hu\/wp-json\/wp\/v2\/media?parent=390633"}],"wp:term":[{"taxonomy":"product_brand","embeddable":true,"href":"https:\/\/transfercasepartshop.com\/hu\/wp-json\/wp\/v2\/product_brand?post=390633"},{"taxonomy":"product_cat","embeddable":true,"href":"https:\/\/transfercasepartshop.com\/hu\/wp-json\/wp\/v2\/product_cat?post=390633"},{"taxonomy":"product_tag","embeddable":true,"href":"https:\/\/transfercasepartshop.com\/hu\/wp-json\/wp\/v2\/product_tag?post=390633"}],"curies":[{"name":"wp","href":"https:\/\/api.w.org\/{rel}","templated":true}]}}