{"id":390630,"date":"2021-11-17T15:05:06","date_gmt":"2021-11-17T14:05:06","guid":{"rendered":"https:\/\/transfercasepartshop.com\/?post_type=product&#038;p=390630"},"modified":"2026-03-23T09:43:19","modified_gmt":"2026-03-23T08:43:19","slug":"tengely-kihajtas-elso-atc13-1","status":"publish","type":"product","link":"https:\/\/transfercasepartshop.com\/hu\/bmw\/atc13-1\/tengely-kihajtas-elso-atc13-1\/","title":{"rendered":"Tengely kihajt\u00e1s els\u0151 (ATC13-1)"},"content":{"rendered":"<p>Egyedi tengely m\u00e9retekhez gy\u00e1rtott hajt\u00e1sl\u00e1nc elem. K\u00e9t tengely egym\u00e1sba val\u00f3 csatlakoz\u00e1s\u00e1t teszi lehet\u0151v\u00e9. A megfelel\u0151 forgat\u00f3 nyomat\u00e9k lead\u00e1s\u00e1ban elengedhetelen szerepe van.<\/p>\n<div class=\"faq-container\">\n<details>\n<summary>Hogyan tudom eld\u00f6nteni, hogy az ATC13-1 els\u0151 kihajt\u00e1som hib\u00e1s?<\/summary>\n<p>A leggyakoribb t\u00fcnet a gyors\u00edt\u00e1skor jelentkez\u0151 r\u00e1ngat\u00e1s, f\u00e9mes kattog\u00f3 hang az aut\u00f3 al\u00f3l, vagy sz\u00e9ls\u0151s\u00e9ges esetben az els\u0151 kerekek hajt\u00e1s\u00e1nak teljes megsz\u0171n\u00e9se. Ha a bord\u00e1s h\u00fcvely ricnijei elkoptak, a nyomat\u00e9k\u00e1tvitel megszakad.<\/p>\n<\/details>\n<details>\n<summary>Milyen BMW modellekbe szerelhet\u0151 be ez az ATC13-1 alkatr\u00e9sz?<\/summary>\n<p>Ez a kihajt\u00e1s az ATC13-1 t\u00edpus\u00fa oszt\u00f3m\u0171vekkel szerelt BMW xDrive modellekhez k\u00e9sz\u00fclt. Jellemz\u0151en az \u00fajabb G-sz\u00e9ri\u00e1s 3-as, 5-\u00f6s, 7-es sorozatokban, valamint X3, X4, X5 \u00e9s X6 modellekben fordul el\u0151. Rendel\u00e9s el\u0151tt ellen\u0151rizze az oszt\u00f3m\u0171 adatt\u00e1bl\u00e1j\u00e1t!<\/p>\n<\/details>\n<details>\n<summary>Mi okozza a tengely kihajt\u00e1s id\u0151 el\u0151tti kop\u00e1s\u00e1t?<\/summary>\n<p>A kop\u00e1st \u00e1ltal\u00e1ban a nagy forgat\u00f3nyomat\u00e9k folyamatos terhel\u00e9se, a nem megfelel\u0151 ken\u00e9s, vagy a nedvess\u00e9g bejut\u00e1sa miatti korr\u00f3zi\u00f3 okozza, ami \u201ekikezdi\u201d a csatlakoz\u00f3 bord\u00e1kat (ricniket).<\/p>\n<\/details>\n<details>\n<summary>Otthon is kicser\u00e9lhet\u0151 ez a hajt\u00e1sl\u00e1nc elem?<\/summary>\n<p>A csere az oszt\u00f3m\u0171 r\u00e9szleges megbont\u00e1s\u00e1t ig\u00e9nyli, amihez speci\u00e1lis leh\u00faz\u00f3kra \u00e9s szak\u00e9rtelemre van sz\u00fcks\u00e9g. A prec\u00edz illeszt\u00e9s \u00e9s a t\u00f6m\u00edtetts\u00e9g miatt javasoljuk, hogy keressen fel egy BMW hajt\u00e1sl\u00e1nc specialist\u00e1t.<\/p>\n<\/details>\n<details>\n<summary>Sz\u00fcks\u00e9ges olajcsere az alkatr\u00e9sz beszerel\u00e9sekor?<\/summary>\n<p>Igen, az oszt\u00f3m\u0171 megbont\u00e1sakor minden esetben javasolt a gy\u00e1ri specifik\u00e1ci\u00f3nak megfelel\u0151 oszt\u00f3m\u0171olaj cser\u00e9je, valamint az \u00e9rintett szimeringek ellen\u0151rz\u00e9se \u00e9s sz\u00fcks\u00e9g eset\u00e9n p\u00f3tl\u00e1sa.<\/p>\n<\/details>\n<\/div>\n<p><script type=\"application\/ld+json\">\n{\n  \"@context\": \"https:\/\/schema.org\",\n  \"@type\": \"FAQPage\",\n  \"mainEntity\": [\n    {\n      \"@type\": \"Question\",\n      \"name\": \"Hogyan tudom eldu00f6nteni, hogy az ATC13-1 elsu0151 kihajtu00e1som hibu00e1s?\",\n      \"acceptedAnswer\": {\n        \"@type\": \"Answer\",\n        \"text\": \"A leggyakoribb tu00fcnet a gyorsu00edtu00e1skor jelentkezu0151 ru00e1ngatu00e1s, fu00e9mes kattogu00f3 hang az autu00f3 alu00f3l, vagy szu00e9lsu0151su00e9ges esetben az elsu0151 kerekek hajtu00e1su00e1nak teljes megszu0171nu00e9se. Ha a bordu00e1s hu00fcvely ricnijei elkoptak, a nyomatu00e9ku00e1tvitel megszakad.\"\n      }\n    },\n    {\n      \"@type\": \"Question\",\n      \"name\": \"Milyen BMW modellekbe szerelhetu0151 be ez az ATC13-1 alkatru00e9sz?\",\n      \"acceptedAnswer\": {\n        \"@type\": \"Answer\",\n        \"text\": \"Ez a kihajtu00e1s az ATC13-1 tu00edpusu00fa osztu00f3mu0171vekkel szerelt BMW xDrive modellekhez ku00e9szu00fclt. Jellemzu0151en az u00fajabb G-szu00e9riu00e1s 3-as, 5-u00f6s, 7-es sorozatokban, valamint X3, X4, X5 u00e9s X6 modellekben fordul elu0151. Rendelu00e9s elu0151tt ellenu0151rizze az osztu00f3mu0171 adattu00e1blu00e1ju00e1t!\"\n      }\n    },\n    {\n      \"@type\": \"Question\",\n      \"name\": \"Mi okozza a tengely kihajtu00e1s idu0151 elu0151tti kopu00e1su00e1t?\",\n      \"acceptedAnswer\": {\n        \"@type\": \"Answer\",\n        \"text\": \"A kopu00e1st u00e1ltalu00e1ban a nagy forgatu00f3nyomatu00e9k folyamatos terhelu00e9se, a nem megfelelu0151 kenu00e9s, vagy a nedvessu00e9g bejutu00e1sa miatti korru00f3ziu00f3 okozza, ami u201ekikezdiu201d a csatlakozu00f3 bordu00e1kat (ricniket).\"\n      }\n    },\n    {\n      \"@type\": \"Question\",\n      \"name\": \"Otthon is kicseru00e9lhetu0151 ez a hajtu00e1slu00e1nc elem?\",\n      \"acceptedAnswer\": {\n        \"@type\": \"Answer\",\n        \"text\": \"A csere az osztu00f3mu0171 ru00e9szleges megbontu00e1su00e1t igu00e9nyli, amihez speciu00e1lis lehu00fazu00f3kra u00e9s szaku00e9rtelemre van szu00fcksu00e9g. A precu00edz illesztu00e9s u00e9s a tu00f6mu00edtettsu00e9g miatt javasoljuk, hogy keressen fel egy BMW hajtu00e1slu00e1nc specialistu00e1t.\"\n      }\n    },\n    {\n      \"@type\": \"Question\",\n      \"name\": \"Szu00fcksu00e9ges olajcsere az alkatru00e9sz beszerelu00e9sekor?\",\n      \"acceptedAnswer\": {\n        \"@type\": \"Answer\",\n        \"text\": \"Igen, az osztu00f3mu0171 megbontu00e1sakor minden esetben javasolt a gyu00e1ri specifiku00e1ciu00f3nak megfelelu0151 osztu00f3mu0171olaj cseru00e9je, valamint az u00e9rintett szimeringek ellenu0151rzu00e9se u00e9s szu00fcksu00e9g esetu00e9n pu00f3tlu00e1sa.\"\n      }\n    }\n  ]\n}\n<\/script><\/p>","protected":false},"excerpt":{"rendered":"<p>Egyedi tengely m\u00e9retekhez gy\u00e1rtott hajt\u00e1sl\u00e1nc elem. K\u00e9t tengely egym\u00e1sba val\u00f3 csatlakoz\u00e1s\u00e1t teszi lehet\u0151v\u00e9. A megfelel\u0151 forgat\u00f3 nyomat\u00e9k lead\u00e1s\u00e1ban elengedhetelen szerepe van. Hogyan tudom eld\u00f6nteni, hogy &#8230; <\/p>\n<p class=\"read-more-container\"><a title=\"Tengely kihajt\u00e1s els\u0151 (ATC13-1)\" class=\"read-more button\" href=\"https:\/\/transfercasepartshop.com\/hu\/bmw\/atc13-1\/tengely-kihajtas-elso-atc13-1\/#more-390630\" aria-label=\"Read more about Tengely kihajt\u00e1s els\u0151 (ATC13-1)\">Tov\u00e1bb<\/a><\/p>","protected":false},"featured_media":412894,"comment_status":"open","ping_status":"closed","template":"","meta":{"_acf_changed":false},"product_brand":[],"product_cat":[86,87],"product_tag":[208,390],"class_list":{"0":"post-390630","1":"product","2":"type-product","3":"status-publish","4":"has-post-thumbnail","6":"product_cat-bmw","7":"product_cat-atc13-1","8":"product_tag-kuplung-alkatreszei","9":"product_tag-magna-powertrain","10":"infinite-scroll-item","11":"no-featured-image-padding","12":"resize-featured-image","13":"sales-flash-overlay","14":"woocommerce-text-align-center","15":"woocommerce-image-align-center","16":"wc-has-gallery","18":"first","19":"instock","20":"taxable","21":"shipping-taxable","22":"purchasable","23":"product-type-simple"},"acf":{"s-tec_number":"SP03559","oem-ref":"","tartalom":"","lamella-alert":"","transfer_case_application_v2":["BMW ATC13-1 2015- 7 series G11, G11 LCI, G12, G12 LCI","BMW ATC13-1 2017- 5 series G30, G31, G38","BMW ATC13-1 2017- 6 series G32 GT","BMW ATC13-1 2017- X3 G01, G08","BMW ATC13-1 2018- X4 G02","BMW ATC13-1 2018- X5 G05","BMW ATC13-1 2019- 3 series G20, G21, G28","BMW ATC13-1 2019- X6 G06","BMW ATC13-1 2019- X7 G07"],"transfer_case_application":"","kulso_raktar":1,"google_ads_kep":423477,"gtin":9009381153603},"_links":{"self":[{"href":"https:\/\/transfercasepartshop.com\/hu\/wp-json\/wp\/v2\/product\/390630","targetHints":{"allow":["GET"]}}],"collection":[{"href":"https:\/\/transfercasepartshop.com\/hu\/wp-json\/wp\/v2\/product"}],"about":[{"href":"https:\/\/transfercasepartshop.com\/hu\/wp-json\/wp\/v2\/types\/product"}],"replies":[{"embeddable":true,"href":"https:\/\/transfercasepartshop.com\/hu\/wp-json\/wp\/v2\/comments?post=390630"}],"wp:featuredmedia":[{"embeddable":true,"href":"https:\/\/transfercasepartshop.com\/hu\/wp-json\/wp\/v2\/media\/412894"}],"wp:attachment":[{"href":"https:\/\/transfercasepartshop.com\/hu\/wp-json\/wp\/v2\/media?parent=390630"}],"wp:term":[{"taxonomy":"product_brand","embeddable":true,"href":"https:\/\/transfercasepartshop.com\/hu\/wp-json\/wp\/v2\/product_brand?post=390630"},{"taxonomy":"product_cat","embeddable":true,"href":"https:\/\/transfercasepartshop.com\/hu\/wp-json\/wp\/v2\/product_cat?post=390630"},{"taxonomy":"product_tag","embeddable":true,"href":"https:\/\/transfercasepartshop.com\/hu\/wp-json\/wp\/v2\/product_tag?post=390630"}],"curies":[{"name":"wp","href":"https:\/\/api.w.org\/{rel}","templated":true}]}}