{"id":390629,"date":"2021-11-17T15:05:06","date_gmt":"2021-11-17T14:05:06","guid":{"rendered":"https:\/\/transfercasepartshop.com\/?post_type=product&#038;p=390629"},"modified":"2026-03-23T09:43:17","modified_gmt":"2026-03-23T08:43:17","slug":"osztomu-csapagy-szett-atc13-1","status":"publish","type":"product","link":"https:\/\/transfercasepartshop.com\/hu\/bmw\/atc13-1\/osztomu-csapagy-szett-atc13-1\/","title":{"rendered":"Oszt\u00f3m\u0171 csap\u00e1gy szett (ATC13-1)"},"content":{"rendered":"<p>Ezek az oszt\u00f3m\u0171ben tal\u00e1lhat\u00f3 csap\u00e1gyak, biztos\u00edtj\u00e1k a tengelyek al\u00e1t\u00e1maszt\u00e1s\u00e1t \u00e9s a megfelel\u0151 forgat\u00f3nyomat\u00e9k er\u0151\u00e1tvitel\u00e9nek kiegyenes\u00falyozotts\u00e1g\u00e1t.<\/p>\n<div>\n<details>\n<summary>Mib\u0151l tudom, hogy az ATC13-1 oszt\u00f3m\u0171 csap\u00e1gyai elhaszn\u00e1l\u00f3dtak?<\/summary>\n<p>A leggyakoribb t\u00fcnet a b\u00fag\u00f3, morajl\u00f3 hang az aut\u00f3 al\u00f3l, amely a sebess\u00e9g n\u00f6vel\u00e9s\u00e9vel er\u0151s\u00f6dik. Emellett gyors\u00edt\u00e1skor tapasztalhat\u00f3 r\u00e1ngat\u00e1s vagy vibr\u00e1ci\u00f3 is jelezheti, hogy a csap\u00e1gyak m\u00e1r nem biztos\u00edtj\u00e1k a tengelyek megfelel\u0151 al\u00e1t\u00e1maszt\u00e1s\u00e1t.<\/p>\n<\/details>\n<details>\n<summary>Pontosan melyik aut\u00f3khoz j\u00f3 ez az ATC13-1 csap\u00e1gy szett?<\/summary>\n<p>Ez a k\u00e9szlet kifejezetten a BMW ATC13-1 t\u00edpus\u00fa oszt\u00f3m\u0171veihez k\u00e9sz\u00fclt. Jellemz\u0151en az \u00fajabb F \u00e9s G sz\u00e9ri\u00e1s BMW xDrive modellekben tal\u00e1lhat\u00f3 meg. V\u00e1s\u00e1rl\u00e1s el\u0151tt javasolt az oszt\u00f3m\u0171 h\u00e1z\u00e1n l\u00e9v\u0151 t\u00edpussz\u00e1m ellen\u0151rz\u00e9se.<\/p>\n<\/details>\n<details>\n<summary>Mi\u00e9rt \u00e9rdemesebb csap\u00e1gyat cser\u00e9lni a teljes oszt\u00f3m\u0171 helyett?<\/summary>\n<p>A teljes oszt\u00f3m\u0171 cser\u00e9je rendk\u00edv\u00fcl k\u00f6lts\u00e9ges, ak\u00e1r milli\u00f3s t\u00e9tel is lehet. Ha a h\u00e1z \u00e9s a bels\u0151 fogaskerekek \u00e9pek, a min\u0151s\u00e9gi csap\u00e1gyakkal t\u00f6rt\u00e9n\u0151 fel\u00faj\u00edt\u00e1s gy\u00e1ri k\u00f6zeli \u00e1llapotot eredm\u00e9nyez az \u00faj \u00e1r t\u00f6red\u00e9k\u00e9\u00e9rt.<\/p>\n<\/details>\n<details>\n<summary>Otthon is elv\u00e9gezhet\u0151 a csap\u00e1gyak cser\u00e9je?<\/summary>\n<p>Nem javasoljuk az otthoni szerel\u00e9st. Az oszt\u00f3m\u0171 sz\u00e9tszerel\u00e9se, a csap\u00e1gyak leh\u00faz\u00e1sa \u00e9s az \u00faj szett pontos beilleszt\u00e9se speci\u00e1lis pr\u00e9sszersz\u00e1mokat \u00e9s szak\u00e9rtelmet ig\u00e9nyel. A nem megfelel\u0151 h\u00e9zagol\u00e1s r\u00f6vid id\u0151n bel\u00fcl az \u00faj csap\u00e1gyak t\u00f6nkremenetel\u00e9hez vezethet.<\/p>\n<\/details>\n<details>\n<summary>Mi t\u00f6rt\u00e9nik, ha tov\u00e1bb vezetek zajos oszt\u00f3m\u0171 csap\u00e1gyakkal?<\/summary>\n<p>A kopott csap\u00e1gy fokozott h\u0151t \u00e9s f\u00e9mreszel\u00e9ket termel, ami bejut az oszt\u00f3m\u0171 olaj\u00e1ba. Ez k\u00e1ros\u00edtja a lamell\u00e1kat \u00e9s a fogaskerekeket is. V\u00e9gs\u0151 esetben a csap\u00e1gy megszorulhat, ami az oszt\u00f3m\u0171 h\u00e1z\u00e1nak reped\u00e9s\u00e9hez vagy a hajt\u00e1sl\u00e1nc teljes blokkol\u00e1s\u00e1hoz vezethet.<\/p>\n<\/details>\n<\/div>\n<p><script type=\"application\/ld+json\">\n{\n  \"@context\": \"https:\/\/schema.org\",\n  \"@type\": \"FAQPage\",\n  \"mainEntity\": [\n    {\n      \"@type\": \"Question\",\n      \"name\": \"Mibu0151l tudom, hogy az ATC13-1 osztu00f3mu0171 csapu00e1gyai elhasznu00e1lu00f3dtak?\",\n      \"acceptedAnswer\": {\n        \"@type\": \"Answer\",\n        \"text\": \"A leggyakoribb tu00fcnet a bu00fagu00f3, morajlu00f3 hang az autu00f3 alu00f3l, amely a sebessu00e9g nu00f6velu00e9su00e9vel eru0151su00f6dik. Emellett gyorsu00edtu00e1skor tapasztalhatu00f3 ru00e1ngatu00e1s vagy vibru00e1ciu00f3 is jelezheti, hogy a csapu00e1gyak mu00e1r nem biztosu00edtju00e1k a tengelyek megfelelu0151 alu00e1tu00e1masztu00e1su00e1t.\"\n      }\n    },\n    {\n      \"@type\": \"Question\",\n      \"name\": \"Pontosan melyik autu00f3khoz ju00f3 ez az ATC13-1 csapu00e1gy szett?\",\n      \"acceptedAnswer\": {\n        \"@type\": \"Answer\",\n        \"text\": \"Ez a ku00e9szlet kifejezetten a BMW ATC13-1 tu00edpusu00fa osztu00f3mu0171veihez ku00e9szu00fclt. Jellemzu0151en az u00fajabb F u00e9s G szu00e9riu00e1s BMW xDrive modellekben talu00e1lhatu00f3 meg. Vu00e1su00e1rlu00e1s elu0151tt javasolt az osztu00f3mu0171 hu00e1zu00e1n lu00e9vu0151 tu00edpusszu00e1m ellenu0151rzu00e9se.\"\n      }\n    },\n    {\n      \"@type\": \"Question\",\n      \"name\": \"Miu00e9rt u00e9rdemesebb csapu00e1gyat cseru00e9lni a teljes osztu00f3mu0171 helyett?\",\n      \"acceptedAnswer\": {\n        \"@type\": \"Answer\",\n        \"text\": \"A teljes osztu00f3mu0171 cseru00e9je rendku00edvu00fcl ku00f6ltsu00e9ges, aku00e1r milliu00f3s tu00e9tel is lehet. Ha a hu00e1z u00e9s a belsu0151 fogaskerekek u00e9pek, a minu0151su00e9gi csapu00e1gyakkal tu00f6rtu00e9nu0151 felu00faju00edtu00e1s gyu00e1ri ku00f6zeli u00e1llapotot eredmu00e9nyez az u00faj u00e1r tu00f6redu00e9ku00e9u00e9rt.\"\n      }\n    },\n    {\n      \"@type\": \"Question\",\n      \"name\": \"Otthon is elvu00e9gezhetu0151 a csapu00e1gyak cseru00e9je?\",\n      \"acceptedAnswer\": {\n        \"@type\": \"Answer\",\n        \"text\": \"Nem javasoljuk az otthoni szerelu00e9st. Az osztu00f3mu0171 szu00e9tszerelu00e9se, a csapu00e1gyak lehu00fazu00e1sa u00e9s az u00faj szett pontos beillesztu00e9se speciu00e1lis pru00e9sszerszu00e1mokat u00e9s szaku00e9rtelmet igu00e9nyel. A nem megfelelu0151 hu00e9zagolu00e1s ru00f6vid idu0151n belu00fcl az u00faj csapu00e1gyak tu00f6nkremenetelu00e9hez vezethet.\"\n      }\n    },\n    {\n      \"@type\": \"Question\",\n      \"name\": \"Mi tu00f6rtu00e9nik, ha tovu00e1bb vezetek zajos osztu00f3mu0171 csapu00e1gyakkal?\",\n      \"acceptedAnswer\": {\n        \"@type\": \"Answer\",\n        \"text\": \"A kopott csapu00e1gy fokozott hu0151t u00e9s fu00e9mreszelu00e9ket termel, ami bejut az osztu00f3mu0171 olaju00e1ba. Ez ku00e1rosu00edtja a lamellu00e1kat u00e9s a fogaskerekeket is. Vu00e9gsu0151 esetben a csapu00e1gy megszorulhat, ami az osztu00f3mu0171 hu00e1zu00e1nak repedu00e9su00e9hez vagy a hajtu00e1slu00e1nc teljes blokkolu00e1su00e1hoz vezethet.\"\n      }\n    }\n  ]\n}\n<\/script><\/p>","protected":false},"excerpt":{"rendered":"<p>Ezek az oszt\u00f3m\u0171ben tal\u00e1lhat\u00f3 csap\u00e1gyak, biztos\u00edtj\u00e1k a tengelyek al\u00e1t\u00e1maszt\u00e1s\u00e1t \u00e9s a megfelel\u0151 forgat\u00f3nyomat\u00e9k er\u0151\u00e1tvitel\u00e9nek kiegyenes\u00falyozotts\u00e1g\u00e1t. Mib\u0151l tudom, hogy az ATC13-1 oszt\u00f3m\u0171 csap\u00e1gyai elhaszn\u00e1l\u00f3dtak? A leggyakoribb &#8230; <\/p>\n<p class=\"read-more-container\"><a title=\"Oszt\u00f3m\u0171 csap\u00e1gy szett (ATC13-1)\" class=\"read-more button\" href=\"https:\/\/transfercasepartshop.com\/hu\/bmw\/atc13-1\/osztomu-csapagy-szett-atc13-1\/#more-390629\" aria-label=\"Read more about Oszt\u00f3m\u0171 csap\u00e1gy szett (ATC13-1)\">Tov\u00e1bb<\/a><\/p>","protected":false},"featured_media":415671,"comment_status":"open","ping_status":"closed","template":"","meta":{"_acf_changed":false},"product_brand":[],"product_cat":[86,87],"product_tag":[207,390],"class_list":{"0":"post-390629","1":"product","2":"type-product","3":"status-publish","4":"has-post-thumbnail","6":"product_cat-bmw","7":"product_cat-atc13-1","8":"product_tag-csapagyak","9":"product_tag-magna-powertrain","10":"infinite-scroll-item","11":"no-featured-image-padding","12":"resize-featured-image","13":"sales-flash-overlay","14":"woocommerce-text-align-center","15":"woocommerce-image-align-center","16":"wc-has-gallery","18":"first","19":"instock","20":"taxable","21":"shipping-taxable","22":"purchasable","23":"product-type-simple"},"acf":{"s-tec_number":"SP03558","oem-ref":"BMW 27109469019, 27108689416, 27108676407, 27108684859, 27108487143, 27108485036, 27108485037, 27108485038, 27108485039, 27108485040, 27108485041, 27108485042, 27108485043, 27108485044","tartalom":"A fel\u00faj\u00edt\u00f3 szett tartalmazza az oszt\u00f3m\u0171ben tal\u00e1lhat\u00f3 \u00f6sszes csap\u00e1gyat!","lamella-alert":"","transfer_case_application_v2":["BMW ATC13-1 2015- 7 series G11, G11 LCI, G12, G12 LCI","BMW ATC13-1 2017- 5 series G30, G31, G38","BMW ATC13-1 2017- 6 series G32 GT","BMW ATC13-1 2017- X3 G01, G08","BMW ATC13-1 2018- X4 G02","BMW ATC13-1 2018- X5 G05","BMW ATC13-1 2019- 3 series G20, G21, G28","BMW ATC13-1 2019- X6 G06","BMW ATC13-1 2019- X7 G07"],"transfer_case_application":"","kulso_raktar":11,"google_ads_kep":423475,"gtin":9009381153597},"_links":{"self":[{"href":"https:\/\/transfercasepartshop.com\/hu\/wp-json\/wp\/v2\/product\/390629","targetHints":{"allow":["GET"]}}],"collection":[{"href":"https:\/\/transfercasepartshop.com\/hu\/wp-json\/wp\/v2\/product"}],"about":[{"href":"https:\/\/transfercasepartshop.com\/hu\/wp-json\/wp\/v2\/types\/product"}],"replies":[{"embeddable":true,"href":"https:\/\/transfercasepartshop.com\/hu\/wp-json\/wp\/v2\/comments?post=390629"}],"wp:featuredmedia":[{"embeddable":true,"href":"https:\/\/transfercasepartshop.com\/hu\/wp-json\/wp\/v2\/media\/415671"}],"wp:attachment":[{"href":"https:\/\/transfercasepartshop.com\/hu\/wp-json\/wp\/v2\/media?parent=390629"}],"wp:term":[{"taxonomy":"product_brand","embeddable":true,"href":"https:\/\/transfercasepartshop.com\/hu\/wp-json\/wp\/v2\/product_brand?post=390629"},{"taxonomy":"product_cat","embeddable":true,"href":"https:\/\/transfercasepartshop.com\/hu\/wp-json\/wp\/v2\/product_cat?post=390629"},{"taxonomy":"product_tag","embeddable":true,"href":"https:\/\/transfercasepartshop.com\/hu\/wp-json\/wp\/v2\/product_tag?post=390629"}],"curies":[{"name":"wp","href":"https:\/\/api.w.org\/{rel}","templated":true}]}}