{"id":390628,"date":"2021-11-17T15:05:05","date_gmt":"2021-11-17T14:05:05","guid":{"rendered":"https:\/\/transfercasepartshop.com\/?post_type=product&#038;p=390628"},"modified":"2026-03-27T10:25:04","modified_gmt":"2026-03-27T09:25:04","slug":"osztomu-kuplung-dob-atc300-atc400-atc500-atc700","status":"publish","type":"product","link":"https:\/\/transfercasepartshop.com\/hu\/bmw\/atc300\/osztomu-kuplung-dob-atc300-atc400-atc500-atc700\/","title":{"rendered":"Oszt\u00f3m\u0171 kuplung dob (ATC300, ATC400, ATC500, ATC700)"},"content":{"rendered":"<p>Ennek az alkatr\u00e9sznek funkci\u00f3j\u00e1t tekintve igen fontos szerepe az, hogy az oszt\u00f3m\u0171ben tal\u00e1lhat\u00f3 kuplung t\u00f6k\u00e9letes z\u00e1r\u00e1s\u00e1t biztos\u00edtsa.<\/p>\n<div class=\"faq-section\">\n<details>\n<summary>Mi\u00e9rt r\u00e1ngat a BMW-m gyors\u00edt\u00e1s k\u00f6zben? Lehet ez az oszt\u00f3m\u0171 kuplung dob hib\u00e1ja?<\/summary>\n<p>Igen, a r\u00e1ngat\u00e1s vagy remeg\u00e9s gyors\u00edt\u00e1skor gyakran az oszt\u00f3m\u0171ben l\u00e9v\u0151 kuplung dob kop\u00e1s\u00e1ra vagy deform\u00e1l\u00f3d\u00e1s\u00e1ra utal. Ha a dob nem biztos\u00edt t\u00f6k\u00e9letes z\u00e1r\u00e1st, a lamell\u00e1k megcs\u00faszhatnak, ami bizonytalan nyomat\u00e9k\u00e1tvitelt \u00e9s r\u00e1ngat\u00e1st eredm\u00e9nyez.<\/p>\n<\/details>\n<details>\n<summary>Pontosan melyik BMW modellekhez j\u00f3 ez az alkatr\u00e9sz?<\/summary>\n<p>Ez a kuplung dob kompatibilis az ATC300 (pl. E60, E90 xDrive), ATC400 (E83 X3), ATC500 (E53 X5) \u00e9s ATC700 (E70 X5, E71 X6) oszt\u00f3m\u0171vekkel szerelt BMW t\u00edpusokkal. K\u00e9rj\u00fck, ellen\u0151rizze az aut\u00f3ja oszt\u00f3m\u0171 t\u00edpus\u00e1t a v\u00e1s\u00e1rl\u00e1s el\u0151tt!<\/p>\n<\/details>\n<details>\n<summary>Mi t\u00f6rt\u00e9nik, ha nem cser\u00e9lem ki id\u0151ben a hib\u00e1s kuplung dobot?<\/summary>\n<p>A hib\u00e1s dob miatt a kuplunglamell\u00e1k egyenetlen\u00fcl kopnak, ami fokozott h\u0151k\u00e9pz\u0151d\u00e9shez vezet. Ez v\u00e9g\u00fcl az oszt\u00f3m\u0171 bels\u0151 szerkezet\u00e9nek s\u00falyos k\u00e1rosod\u00e1s\u00e1t, az olaj elszennyez\u0151d\u00e9s\u00e9t \u00e9s az \u00f6sszker\u00e9khajt\u00e1s teljes meghib\u00e1sod\u00e1s\u00e1t okozhatja.<\/p>\n<\/details>\n<details>\n<summary>Sz\u00fcks\u00e9ges-e speci\u00e1lis szersz\u00e1m a be\u00e9p\u00edt\u00e9shez?<\/summary>\n<p>Igen, az oszt\u00f3m\u0171 sz\u00e9tszerel\u00e9se \u00e9s a kuplung dob cser\u00e9je prec\u00edzi\u00f3s munka, amely szak\u00e9rtelmet \u00e9s speci\u00e1lis leh\u00faz\u00f3kat, illetve pr\u00e9sszersz\u00e1mokat ig\u00e9nyelhet. Javasoljuk, hogy a cser\u00e9t b\u00edzza tapasztalt BMW specialista szerel\u0151re.<\/p>\n<\/details>\n<details>\n<summary>Milyen karbantart\u00e1ssal hosszabb\u00edthat\u00f3 meg az oszt\u00f3m\u0171 \u00e9lettartama?<\/summary>\n<p>A kuplung dob \u00e9s a lamell\u00e1k \u00e9lettartam\u00e1t legink\u00e1bb a rendszeres (kb. 60-80 ezer kilom\u00e9terenk\u00e9nti) oszt\u00f3m\u0171-olajcsere, valamint az el\u0151\u00edrt, egyforma kopotts\u00e1g\u00fa gumiabroncsok haszn\u00e1lata hosszabb\u00edtja meg.<\/p>\n<\/details>\n<\/div>\n<p><script type=\"application\/ld+json\">\n{\n  \"@context\": \"https:\/\/schema.org\",\n  \"@type\": \"FAQPage\",\n  \"mainEntity\": [\n    {\n      \"@type\": \"Question\",\n      \"name\": \"Miu00e9rt ru00e1ngat a BMW-m gyorsu00edtu00e1s ku00f6zben? Lehet ez az osztu00f3mu0171 kuplung dob hibu00e1ja?\",\n      \"acceptedAnswer\": {\n        \"@type\": \"Answer\",\n        \"text\": \"Igen, a ru00e1ngatu00e1s vagy remegu00e9s gyorsu00edtu00e1skor gyakran az osztu00f3mu0171ben lu00e9vu0151 kuplung dob kopu00e1su00e1ra vagy deformu00e1lu00f3du00e1su00e1ra utal. Ha a dob nem biztosu00edt tu00f6ku00e9letes zu00e1ru00e1st, a lamellu00e1k megcsu00faszhatnak, ami bizonytalan nyomatu00e9ku00e1tvitelt u00e9s ru00e1ngatu00e1st eredmu00e9nyez.\"\n      }\n    },\n    {\n      \"@type\": \"Question\",\n      \"name\": \"Pontosan melyik BMW modellekhez ju00f3 ez az alkatru00e9sz?\",\n      \"acceptedAnswer\": {\n        \"@type\": \"Answer\",\n        \"text\": \"Ez a kuplung dob kompatibilis az ATC300 (pl. E60, E90 xDrive), ATC400 (E83 X3), ATC500 (E53 X5) u00e9s ATC700 (E70 X5, E71 X6) osztu00f3mu0171vekkel szerelt BMW tu00edpusokkal.\"\n      }\n    },\n    {\n      \"@type\": \"Question\",\n      \"name\": \"Mi tu00f6rtu00e9nik, ha nem cseru00e9lem ki idu0151ben a hibu00e1s kuplung dobot?\",\n      \"acceptedAnswer\": {\n        \"@type\": \"Answer\",\n        \"text\": \"A hibu00e1s dob miatt a kuplunglamellu00e1k egyenetlenu00fcl kopnak, ami fokozott hu0151ku00e9pzu0151du00e9shez vezet. Ez vu00e9gu00fcl az osztu00f3mu0171 belsu0151 szerkezetu00e9nek su00falyos ku00e1rosodu00e1su00e1t u00e9s az u00f6sszkeru00e9khajtu00e1s teljes meghibu00e1sodu00e1su00e1t okozhatja.\"\n      }\n    },\n    {\n      \"@type\": \"Question\",\n      \"name\": \"Szu00fcksu00e9ges-e speciu00e1lis szerszu00e1m a beu00e9pu00edtu00e9shez?\",\n      \"acceptedAnswer\": {\n        \"@type\": \"Answer\",\n        \"text\": \"Igen, az osztu00f3mu0171 szu00e9tszerelu00e9se u00e9s a kuplung dob cseru00e9je precu00edziu00f3s munka, amely szaku00e9rtelmet u00e9s speciu00e1lis szerszu00e1mokat igu00e9nyel. Javasoljuk, hogy bu00edzza szakemberre a beu00e9pu00edtu00e9st.\"\n      }\n    },\n    {\n      \"@type\": \"Question\",\n      \"name\": \"Milyen karbantartu00e1ssal hosszabbu00edthatu00f3 meg az osztu00f3mu0171 u00e9lettartama?\",\n      \"acceptedAnswer\": {\n        \"@type\": \"Answer\",\n        \"text\": \"A rendszeres (60-80 ezer km utu00e1ni) osztu00f3mu0171-olajcsere u00e9s az egyforma u00e1tmu00e9ru0151ju0171\/kopottsu00e1gu00fa gumiabroncsok hasznu00e1lata a legfontosabb a hosszu00fa u00e9lettartam u00e9rdeku00e9ben.\"\n      }\n    }\n  ]\n}\n<\/script><\/p>","protected":false},"excerpt":{"rendered":"<p>Ennek az alkatr\u00e9sznek funkci\u00f3j\u00e1t tekintve igen fontos szerepe az, hogy az oszt\u00f3m\u0171ben tal\u00e1lhat\u00f3 kuplung t\u00f6k\u00e9letes z\u00e1r\u00e1s\u00e1t biztos\u00edtsa. Mi\u00e9rt r\u00e1ngat a BMW-m gyors\u00edt\u00e1s k\u00f6zben? Lehet ez &#8230; <\/p>\n<p class=\"read-more-container\"><a title=\"Oszt\u00f3m\u0171 kuplung dob (ATC300, ATC400, ATC500, ATC700)\" class=\"read-more button\" href=\"https:\/\/transfercasepartshop.com\/hu\/bmw\/atc300\/osztomu-kuplung-dob-atc300-atc400-atc500-atc700\/#more-390628\" aria-label=\"Read more about Oszt\u00f3m\u0171 kuplung dob (ATC300, ATC400, ATC500, ATC700)\">Tov\u00e1bb<\/a><\/p>","protected":false},"featured_media":391528,"comment_status":"open","ping_status":"closed","template":"","meta":{"_acf_changed":false},"product_brand":[],"product_cat":[86,64,65,67,68],"product_tag":[208,390],"class_list":{"0":"post-390628","1":"product","2":"type-product","3":"status-publish","4":"has-post-thumbnail","6":"product_cat-bmw","7":"product_cat-atc300","8":"product_cat-atc400","9":"product_cat-atc500","10":"product_cat-atc700","11":"product_tag-kuplung-alkatreszei","12":"product_tag-magna-powertrain","13":"infinite-scroll-item","14":"no-featured-image-padding","15":"resize-featured-image","16":"sales-flash-overlay","17":"woocommerce-text-align-center","18":"woocommerce-image-align-center","19":"wc-has-gallery","21":"first","22":"instock","23":"taxable","24":"shipping-taxable","25":"purchasable","26":"product-type-simple"},"acf":{"s-tec_number":"SP00145","oem-ref":"","tartalom":"","lamella-alert":"","transfer_case_application_v2":["BMW ATC300 2003-2010 5 series E60, E61","BMW ATC300 2004-2010 3 series E90, E91, E92","BMW ATC400 2003-2010 X3 E83, E83 LCI","BMW ATC500 2003-2006 X5 E53","BMW ATC700 2006-2013 X5 E70, E70 LCI","BMW ATC700 2008-2014 X6 E71, E72 hybrid"],"transfer_case_application":"","kulso_raktar":2,"google_ads_kep":423263,"gtin":9009381001249},"_links":{"self":[{"href":"https:\/\/transfercasepartshop.com\/hu\/wp-json\/wp\/v2\/product\/390628","targetHints":{"allow":["GET"]}}],"collection":[{"href":"https:\/\/transfercasepartshop.com\/hu\/wp-json\/wp\/v2\/product"}],"about":[{"href":"https:\/\/transfercasepartshop.com\/hu\/wp-json\/wp\/v2\/types\/product"}],"replies":[{"embeddable":true,"href":"https:\/\/transfercasepartshop.com\/hu\/wp-json\/wp\/v2\/comments?post=390628"}],"wp:featuredmedia":[{"embeddable":true,"href":"https:\/\/transfercasepartshop.com\/hu\/wp-json\/wp\/v2\/media\/391528"}],"wp:attachment":[{"href":"https:\/\/transfercasepartshop.com\/hu\/wp-json\/wp\/v2\/media?parent=390628"}],"wp:term":[{"taxonomy":"product_brand","embeddable":true,"href":"https:\/\/transfercasepartshop.com\/hu\/wp-json\/wp\/v2\/product_brand?post=390628"},{"taxonomy":"product_cat","embeddable":true,"href":"https:\/\/transfercasepartshop.com\/hu\/wp-json\/wp\/v2\/product_cat?post=390628"},{"taxonomy":"product_tag","embeddable":true,"href":"https:\/\/transfercasepartshop.com\/hu\/wp-json\/wp\/v2\/product_tag?post=390628"}],"curies":[{"name":"wp","href":"https:\/\/api.w.org\/{rel}","templated":true}]}}