{"id":390626,"date":"2021-11-17T15:05:05","date_gmt":"2021-11-17T14:05:05","guid":{"rendered":"https:\/\/transfercasepartshop.com\/?post_type=product&#038;p=390626"},"modified":"2026-03-23T09:43:09","modified_gmt":"2026-03-23T08:43:09","slug":"osztomu-lanckerek-atc13-1","status":"publish","type":"product","link":"https:\/\/transfercasepartshop.com\/hu\/bmw\/atc13-1\/osztomu-lanckerek-atc13-1\/","title":{"rendered":"Oszt\u00f3m\u0171 l\u00e1ncker\u00e9k (ATC13-1)"},"content":{"rendered":"<p>Rendk\u00edv\u00fcl edzett anyagb\u00f3l, prec\u00edzen megmunk\u00e1lt, igen sz\u00e9ls\u0151s\u00e9ges k\u00f6r\u00fclm\u00e9nyeket is elvisel\u0151 alkatr\u00e9sz. A folyamatos er\u0151\u00e1tvitel n\u00e9lk\u00fcl\u00f6zhetetlen eleme egy oszt\u00f3m\u0171ben.<\/p>\n<div class=\"faq-section\">\n<details>\n<summary>Mi\u00e9rt r\u00e1ngat az aut\u00f3m gyors\u00edt\u00e1skor? Lehet ez az ATC13-1 l\u00e1ncker\u00e9k hib\u00e1ja?<\/summary>\n<p>Igen, a r\u00e1ngat\u00f3 vagy szakaszos er\u0151\u00e1tvitel gyakori jele a l\u00e1ncker\u00e9k kop\u00e1s\u00e1nak. Ha a fogak elhaszn\u00e1l\u00f3dnak, a l\u00e1nc \u00e1tugorhat rajtuk, ami kellemetlen vibr\u00e1ci\u00f3t vagy r\u00e1nt\u00e1st okoz, k\u00fcl\u00f6n\u00f6sen nagyobb terhel\u00e9s alatt. Ez az edzett l\u00e1ncker\u00e9k seg\u00edt megsz\u00fcntetni ezt a jelens\u00e9get.<\/p>\n<\/details>\n<details>\n<summary>Mennyire tart\u00f3s ez az alkatr\u00e9sz a gy\u00e1ri BMW l\u00e1ncker\u00e9khez k\u00e9pest?<\/summary>\n<p>Ez a term\u00e9k rendk\u00edv\u00fcl edzett anyagb\u00f3l, prec\u00edzi\u00f3s megmunk\u00e1l\u00e1ssal k\u00e9sz\u00fcl. Kifejezetten a gy\u00e1ri alkatr\u00e9szek gyenge pontjainak kik\u00fcsz\u00f6b\u00f6l\u00e9s\u00e9re tervezt\u00e9k, \u00edgy b\u00edrja a sz\u00e9ls\u0151s\u00e9ges mechanikai ig\u00e9nybev\u00e9telt is, \u00e9lettartama pedig el\u00e9ri vagy meghaladja a gy\u00e1ri specifik\u00e1ci\u00f3kat.<\/p>\n<\/details>\n<details>\n<summary>Honnan tudom biztosan, hogy az \u00e9n aut\u00f3mban ATC13-1 oszt\u00f3m\u0171 van?<\/summary>\n<p>Az ATC13-1 t\u00edpus\u00fa oszt\u00f3m\u0171vek jellemz\u0151en az \u00fajabb gener\u00e1ci\u00f3s BMW xDrive modellekben tal\u00e1lhat\u00f3k meg. A legegyszer\u0171bb m\u00f3dja az ellen\u0151rz\u00e9snek az oszt\u00f3m\u0171 h\u00e1z\u00e1n tal\u00e1lhat\u00f3 gy\u00e1ri adatt\u00e1bla leolvas\u00e1sa vagy az alv\u00e1zsz\u00e1m alap\u00fa keres\u00e9s.<\/p>\n<\/details>\n<details>\n<summary>Mire kell figyelnem az oszt\u00f3m\u0171 l\u00e1ncker\u00e9k cser\u00e9je sor\u00e1n?<\/summary>\n<p>A l\u00e1ncker\u00e9k cser\u00e9jekor mindenk\u00e9ppen ellen\u0151rizni kell az oszt\u00f3m\u0171 l\u00e1nc\u00e1nak ny\u00fal\u00e1s\u00e1t is. Ha a l\u00e1nc is megny\u00falt, az \u00faj l\u00e1ncker\u00e9k is gyorsabban elkophat. Emellett elengedhetetlen a friss, gy\u00e1ri specifik\u00e1ci\u00f3j\u00fa oszt\u00f3m\u0171olaj haszn\u00e1lata a beszerel\u00e9s ut\u00e1n.<\/p>\n<\/details>\n<details>\n<summary>Hogyan el\u0151zhetem meg a l\u00e1ncker\u00e9k id\u0151 el\u0151tti kop\u00e1s\u00e1t?<\/summary>\n<p>A legfontosabb a megfelel\u0151 gumiabroncs-m\u00e9ret \u00e9s a guminyom\u00e1s betart\u00e1sa mind a n\u00e9gy ker\u00e9ken, mivel az elt\u00e9r\u0151 ker\u00e9k\u00e1tm\u00e9r\u0151 felesleges fesz\u00fclts\u00e9get kelt az oszt\u00f3m\u0171ben. Emellett a rendszeres, 60-80 ezer kilom\u00e9terenk\u00e9nti olajcsere kulcsfontoss\u00e1g\u00fa.<\/p>\n<\/details>\n<\/div>\n<p><script type=\"application\/ld+json\">\n{\n  \"@context\": \"https:\/\/schema.org\",\n  \"@type\": \"FAQPage\",\n  \"mainEntity\": [\n    {\n      \"@type\": \"Question\",\n      \"name\": \"Miu00e9rt ru00e1ngat az autu00f3m gyorsu00edtu00e1skor? Lehet ez az ATC13-1 lu00e1nckeru00e9k hibu00e1ja?\",\n      \"acceptedAnswer\": {\n        \"@type\": \"Answer\",\n        \"text\": \"Igen, a ru00e1ngatu00f3 vagy szakaszos eru0151u00e1tvitel gyakori jele a lu00e1nckeru00e9k kopu00e1su00e1nak. Ha a fogak elhasznu00e1lu00f3dnak, a lu00e1nc u00e1tugorhat rajtuk, ami kellemetlen vibru00e1ciu00f3t vagy ru00e1ntu00e1st okoz, ku00fclu00f6nu00f6sen nagyobb terhelu00e9s alatt.\"\n      }\n    },\n    {\n      \"@type\": \"Question\",\n      \"name\": \"Mennyire tartu00f3s ez az alkatru00e9sz a gyu00e1ri BMW lu00e1nckeru00e9khez ku00e9pest?\",\n      \"acceptedAnswer\": {\n        \"@type\": \"Answer\",\n        \"text\": \"Ez a termu00e9k rendku00edvu00fcl edzett anyagbu00f3l, precu00edziu00f3s megmunku00e1lu00e1ssal ku00e9szu00fcl. Kifejezetten a gyu00e1ri alkatru00e9szek gyenge pontjainak kiku00fcszu00f6bu00f6lu00e9su00e9re terveztu00e9k, u00edgy bu00edrja a szu00e9lsu0151su00e9ges mechanikai igu00e9nybevu00e9telt is.\"\n      }\n    },\n    {\n      \"@type\": \"Question\",\n      \"name\": \"Honnan tudom biztosan, hogy az u00e9n autu00f3mban ATC13-1 osztu00f3mu0171 van?\",\n      \"acceptedAnswer\": {\n        \"@type\": \"Answer\",\n        \"text\": \"Az ATC13-1 tu00edpusu00fa osztu00f3mu0171vek jellemzu0151en az u00fajabb generu00e1ciu00f3s BMW xDrive modellekben talu00e1lhatu00f3k meg. Ellenu0151rizze az osztu00f3mu0171 hu00e1zu00e1n talu00e1lhatu00f3 gyu00e1ri adattu00e1blu00e1t a pontos azonosu00edtu00e1shoz.\"\n      }\n    },\n    {\n      \"@type\": \"Question\",\n      \"name\": \"Mire kell figyelnem az osztu00f3mu0171 lu00e1nckeru00e9k cseru00e9je soru00e1n?\",\n      \"acceptedAnswer\": {\n        \"@type\": \"Answer\",\n        \"text\": \"A lu00e1nckeru00e9k cseru00e9jekor mindenku00e9ppen ellenu0151rizni kell az osztu00f3mu0171 lu00e1ncu00e1nak nyu00falu00e1su00e1t is, u00e9s elengedhetetlen a friss, gyu00e1ri specifiku00e1ciu00f3ju00fa osztu00f3mu0171olaj hasznu00e1lata.\"\n      }\n    },\n    {\n      \"@type\": \"Question\",\n      \"name\": \"Hogyan elu0151zhetem meg a lu00e1nckeru00e9k idu0151 elu0151tti kopu00e1su00e1t?\",\n      \"acceptedAnswer\": {\n        \"@type\": \"Answer\",\n        \"text\": \"A legfontosabb a megfelelu0151 gumiabroncs-mu00e9ret u00e9s azonos kopottsu00e1g betartu00e1sa minden tengelyen, valamint a rendszeres, 60-80 ezer kilomu00e9terenku00e9nti olajcsere az osztu00f3mu0171ben.\"\n      }\n    }\n  ]\n}\n<\/script><\/p>","protected":false},"excerpt":{"rendered":"<p>Rendk\u00edv\u00fcl edzett anyagb\u00f3l, prec\u00edzen megmunk\u00e1lt, igen sz\u00e9ls\u0151s\u00e9ges k\u00f6r\u00fclm\u00e9nyeket is elvisel\u0151 alkatr\u00e9sz. A folyamatos er\u0151\u00e1tvitel n\u00e9lk\u00fcl\u00f6zhetetlen eleme egy oszt\u00f3m\u0171ben. Mi\u00e9rt r\u00e1ngat az aut\u00f3m gyors\u00edt\u00e1skor? Lehet ez &#8230; <\/p>\n<p class=\"read-more-container\"><a title=\"Oszt\u00f3m\u0171 l\u00e1ncker\u00e9k (ATC13-1)\" class=\"read-more button\" href=\"https:\/\/transfercasepartshop.com\/hu\/bmw\/atc13-1\/osztomu-lanckerek-atc13-1\/#more-390626\" aria-label=\"Read more about Oszt\u00f3m\u0171 l\u00e1ncker\u00e9k (ATC13-1)\">Tov\u00e1bb<\/a><\/p>","protected":false},"featured_media":411238,"comment_status":"open","ping_status":"closed","template":"","meta":{"_acf_changed":false},"product_brand":[],"product_cat":[86,87],"product_tag":[390,210],"class_list":{"0":"post-390626","1":"product","2":"type-product","3":"status-publish","4":"has-post-thumbnail","6":"product_cat-bmw","7":"product_cat-atc13-1","8":"product_tag-magna-powertrain","9":"product_tag-tengelyek-fogaskerekek","10":"infinite-scroll-item","11":"no-featured-image-padding","12":"resize-featured-image","13":"sales-flash-overlay","14":"woocommerce-text-align-center","15":"woocommerce-image-align-center","16":"wc-has-gallery","18":"first","19":"instock","20":"taxable","21":"shipping-taxable","22":"purchasable","23":"product-type-simple"},"acf":{"s-tec_number":"SP03555","oem-ref":"","tartalom":"","lamella-alert":"","transfer_case_application_v2":["BMW ATC13-1 2015- 7 series G11, G11 LCI, G12, G12 LCI","BMW ATC13-1 2017- 5 series G30, G31, G38","BMW ATC13-1 2017- 6 series G32 GT","BMW ATC13-1 2017- X3 G01, G08","BMW ATC13-1 2018- X4 G02","BMW ATC13-1 2018- X5 G05","BMW ATC13-1 2019- 3 series G20, G21, G28","BMW ATC13-1 2019- X6 G06","BMW ATC13-1 2019- X7 G07"],"transfer_case_application":"","kulso_raktar":4,"google_ads_kep":423471,"gtin":9009381153566},"_links":{"self":[{"href":"https:\/\/transfercasepartshop.com\/hu\/wp-json\/wp\/v2\/product\/390626","targetHints":{"allow":["GET"]}}],"collection":[{"href":"https:\/\/transfercasepartshop.com\/hu\/wp-json\/wp\/v2\/product"}],"about":[{"href":"https:\/\/transfercasepartshop.com\/hu\/wp-json\/wp\/v2\/types\/product"}],"replies":[{"embeddable":true,"href":"https:\/\/transfercasepartshop.com\/hu\/wp-json\/wp\/v2\/comments?post=390626"}],"wp:featuredmedia":[{"embeddable":true,"href":"https:\/\/transfercasepartshop.com\/hu\/wp-json\/wp\/v2\/media\/411238"}],"wp:attachment":[{"href":"https:\/\/transfercasepartshop.com\/hu\/wp-json\/wp\/v2\/media?parent=390626"}],"wp:term":[{"taxonomy":"product_brand","embeddable":true,"href":"https:\/\/transfercasepartshop.com\/hu\/wp-json\/wp\/v2\/product_brand?post=390626"},{"taxonomy":"product_cat","embeddable":true,"href":"https:\/\/transfercasepartshop.com\/hu\/wp-json\/wp\/v2\/product_cat?post=390626"},{"taxonomy":"product_tag","embeddable":true,"href":"https:\/\/transfercasepartshop.com\/hu\/wp-json\/wp\/v2\/product_tag?post=390626"}],"curies":[{"name":"wp","href":"https:\/\/api.w.org\/{rel}","templated":true}]}}