{"id":390624,"date":"2021-11-17T15:05:04","date_gmt":"2021-11-17T14:05:04","guid":{"rendered":"https:\/\/transfercasepartshop.com\/?post_type=product&#038;p=390624"},"modified":"2026-05-05T10:09:51","modified_gmt":"2026-05-05T08:09:51","slug":"osztomu-lanc-pl72-atc","status":"publish","type":"product","link":"https:\/\/transfercasepartshop.com\/hu\/porsche\/pl72-atc\/osztomu-lanc-pl72-atc\/","title":{"rendered":"Oszt\u00f3m\u0171 l\u00e1nc (PL72 ATC) 1,25&#8243; inch"},"content":{"rendered":"<p>Az oszt\u00f3m\u0171ben tal\u00e1lhat\u00f3 l\u00e1nc felel az \u00e1lland\u00f3 egys\u00e9ges er\u0151\u00e1tvitel\u00e9rt. \u00d6sszek\u00f6ttet\u00e9st biztos\u00edt az els\u0151 \u00e9s h\u00e1ts\u00f3 tengely optim\u00e1lis m\u0171k\u00f6d\u00e9s\u00e9hez. Ezzel biztos\u00edtva a 4&#215;4 hajt\u00e1st.<\/p>\n<div class=\"faq-section\">\n<details>\n<summary>Milyen t\u00fcnetei vannak, ha megny\u00falt a PL72 ATC oszt\u00f3m\u0171 l\u00e1nc?<\/summary>\n<p>A legjellemz\u0151bb t\u00fcnet az er\u0151s gyors\u00edt\u00e1skor jelentkez\u0151 kattog\u00f3, ugr\u00e1l\u00f3 hang vagy r\u00e1ngat\u00e1s. Ez az\u00e9rt t\u00f6rt\u00e9nik, mert a megny\u00falt l\u00e1nc m\u00e1r nem fesz\u00fcl megfelel\u0151en, \u00e9s \u00e1tugrik a fogaskerekeken, ami vesz\u00e9lyezteti a stabil 4&#215;4 hajt\u00e1st.<\/p>\n<\/details>\n<details>\n<summary>Pontosan melyik aut\u00f3khoz j\u00f3 ez a 1,25&#8243; inch-es l\u00e1nc?<\/summary>\n<p>Ez a l\u00e1nc a PL72 ATC t\u00edpus\u00fa oszt\u00f3m\u0171vekhez k\u00e9sz\u00fclt, amelyeket els\u0151sorban Porsche Cayenne modellekben alkalmaztak. V\u00e1s\u00e1rl\u00e1s el\u0151tt javasolt ellen\u0151rizni az oszt\u00f3m\u0171 h\u00e1z\u00e1n tal\u00e1lhat\u00f3 t\u00edpusjelz\u00e9st, hogy biztosan kompatibilis legyen.<\/p>\n<\/details>\n<details>\n<summary>Mi t\u00f6rt\u00e9nik, ha nem cser\u00e9lem ki id\u0151ben a megny\u00falt l\u00e1ncot?<\/summary>\n<p>A megny\u00falt l\u00e1nc nemcsak zavar\u00f3 hangot ad, hanem folyamatosan koptatja az oszt\u00f3m\u0171 bels\u0151 fogaskerekeit is. Hosszabb t\u00e1von a l\u00e1nc elszakadhat vagy teljesen t\u00f6nkreteheti az oszt\u00f3m\u0171 h\u00e1z\u00e1t, ami sokkal dr\u00e1g\u00e1bb jav\u00edt\u00e1st eredm\u00e9nyez.<\/p>\n<\/details>\n<details>\n<summary>Sz\u00fcks\u00e9ges-e egy\u00e9b alkatr\u00e9sz a l\u00e1nc cser\u00e9j\u00e9hez?<\/summary>\n<p>Igen, a l\u00e1nc cser\u00e9je sor\u00e1n minden esetben k\u00f6telez\u0151 az oszt\u00f3m\u0171 olaj cser\u00e9je is a gy\u00e1ri specifik\u00e1ci\u00f3nak megfelel\u0151 folyad\u00e9kkal. \u00c9rdemes tov\u00e1bb\u00e1 ellen\u0151rizni a szimeringeket \u00e9s a csap\u00e1gyak \u00e1llapot\u00e1t is, ha m\u00e1r sz\u00e9t van szerelve az egys\u00e9g.<\/p>\n<\/details>\n<details>\n<summary>Ez a l\u00e1nc megegyezik a gy\u00e1ri min\u0151s\u00e9ggel?<\/summary>\n<p>Igen, ez a l\u00e1nc az \u00e1lland\u00f3 \u00e9s egys\u00e9ges er\u0151\u00e1tvitelre lett tervezve, megfelelve a gy\u00e1ri param\u00e9tereknek (1,25&#8243; sz\u00e9less\u00e9g). Biztos\u00edtja az optim\u00e1lis kapcsolatot az els\u0151 \u00e9s h\u00e1ts\u00f3 tengelyek k\u00f6z\u00f6tt, helyre\u00e1ll\u00edtva a gy\u00e1ri 4&#215;4 teljes\u00edtm\u00e9nyt.<\/p>\n<\/details>\n<\/div>\n<p><script type=\"application\/ld+json\">\n{\n  \"@context\": \"https:\/\/schema.org\",\n  \"@type\": \"FAQPage\",\n  \"mainEntity\": [\n    {\n      \"@type\": \"Question\",\n      \"name\": \"Milyen tu00fcnetei vannak, ha megnyu00falt a PL72 ATC osztu00f3mu0171 lu00e1nc?\",\n      \"acceptedAnswer\": {\n        \"@type\": \"Answer\",\n        \"text\": \"A legjellemzu0151bb tu00fcnet az eru0151s gyorsu00edtu00e1skor jelentkezu0151 kattogu00f3, ugru00e1lu00f3 hang vagy ru00e1ngatu00e1s. Ez azu00e9rt tu00f6rtu00e9nik, mert a megnyu00falt lu00e1nc mu00e1r nem feszu00fcl megfelelu0151en, u00e9s u00e1tugrik a fogaskerekeken, ami veszu00e9lyezteti a stabil 4x4 hajtu00e1st.\"\n      }\n    },\n    {\n      \"@type\": \"Question\",\n      \"name\": \"Pontosan melyik autu00f3khoz ju00f3 ez a 1,25\" inch-es lu00e1nc?\",\n      \"acceptedAnswer\": {\n        \"@type\": \"Answer\",\n        \"text\": \"Ez a lu00e1nc a PL72 ATC tu00edpusu00fa osztu00f3mu0171vekhez ku00e9szu00fclt, amelyeket elsu0151sorban Porsche Cayenne modellekben alkalmaztak. Vu00e1su00e1rlu00e1s elu0151tt javasolt ellenu0151rizni az osztu00f3mu0171 hu00e1zu00e1n talu00e1lhatu00f3 tu00edpusjelzu00e9st, hogy biztosan kompatibilis legyen.\"\n      }\n    },\n    {\n      \"@type\": \"Question\",\n      \"name\": \"Mi tu00f6rtu00e9nik, ha nem cseru00e9lem ki idu0151ben a megnyu00falt lu00e1ncot?\",\n      \"acceptedAnswer\": {\n        \"@type\": \"Answer\",\n        \"text\": \"A megnyu00falt lu00e1nc nemcsak zavaru00f3 hangot ad, hanem folyamatosan koptatja az osztu00f3mu0171 belsu0151 fogaskerekeit is. Hosszabb tu00e1von a lu00e1nc elszakadhat vagy teljesen tu00f6nkreteheti az osztu00f3mu0171 hu00e1zu00e1t, ami sokkal dru00e1gu00e1bb javu00edtu00e1st eredmu00e9nyez.\"\n      }\n    },\n    {\n      \"@type\": \"Question\",\n      \"name\": \"Szu00fcksu00e9ges-e egyu00e9b alkatru00e9sz a lu00e1nc cseru00e9ju00e9hez?\",\n      \"acceptedAnswer\": {\n        \"@type\": \"Answer\",\n        \"text\": \"Igen, a lu00e1nc cseru00e9je soru00e1n minden esetben ku00f6telezu0151 az osztu00f3mu0171 olaj cseru00e9je is a gyu00e1ri specifiku00e1ciu00f3nak megfelelu0151 folyadu00e9kkal. u00c9rdemes tovu00e1bbu00e1 ellenu0151rizni a szimeringeket u00e9s a csapu00e1gyak u00e1llapotu00e1t is, ha mu00e1r szu00e9t van szerelve az egysu00e9g.\"\n      }\n    },\n    {\n      \"@type\": \"Question\",\n      \"name\": \"Ez a lu00e1nc megegyezik a gyu00e1ri minu0151su00e9ggel?\",\n      \"acceptedAnswer\": {\n        \"@type\": \"Answer\",\n        \"text\": \"Igen, ez a lu00e1nc az u00e1llandu00f3 u00e9s egysu00e9ges eru0151u00e1tvitelre lett tervezve, megfelelve a gyu00e1ri paramu00e9tereknek (1,25\" szu00e9lessu00e9g). Biztosu00edtja az optimu00e1lis kapcsolatot az elsu0151 u00e9s hu00e1tsu00f3 tengelyek ku00f6zu00f6tt, helyreu00e1llu00edtva a gyu00e1ri 4x4 teljesu00edtmu00e9nyt.\"\n      }\n    }\n  ]\n}\n<\/script><\/p>","protected":false},"excerpt":{"rendered":"<p>Az oszt\u00f3m\u0171ben tal\u00e1lhat\u00f3 l\u00e1nc felel az \u00e1lland\u00f3 egys\u00e9ges er\u0151\u00e1tvitel\u00e9rt. \u00d6sszek\u00f6ttet\u00e9st biztos\u00edt az els\u0151 \u00e9s h\u00e1ts\u00f3 tengely optim\u00e1lis m\u0171k\u00f6d\u00e9s\u00e9hez. Ezzel biztos\u00edtva a 4&#215;4 hajt\u00e1st. Milyen t\u00fcnetei &#8230; <\/p>\n<p class=\"read-more-container\"><a title=\"Oszt\u00f3m\u0171 l\u00e1nc (PL72 ATC) 1,25&#8243; inch\" class=\"read-more button\" href=\"https:\/\/transfercasepartshop.com\/hu\/porsche\/pl72-atc\/osztomu-lanc-pl72-atc\/#more-390624\" aria-label=\"Read more about Oszt\u00f3m\u0171 l\u00e1nc (PL72 ATC) 1,25&#8243; inch\">Tov\u00e1bb<\/a><\/p>","protected":false},"featured_media":409726,"comment_status":"open","ping_status":"closed","template":"","meta":{"_acf_changed":false},"product_brand":[],"product_cat":[110,114],"product_tag":[373,212],"class_list":{"0":"post-390624","1":"product","2":"type-product","3":"status-publish","4":"has-post-thumbnail","6":"product_cat-porsche","7":"product_cat-pl72-atc","8":"product_tag-borg-warner","9":"product_tag-lancok","10":"infinite-scroll-item","11":"no-featured-image-padding","12":"resize-featured-image","13":"sales-flash-overlay","14":"woocommerce-text-align-center","15":"woocommerce-image-align-center","16":"wc-has-gallery","18":"first","19":"instock","20":"taxable","21":"shipping-taxable","22":"purchasable","23":"product-type-simple"},"acf":{"s-tec_number":"SP02004","oem-ref":"0C2341013A, 0C2341013C, 0C2341013E, 0C2341013G, 0C2341013J, 0C2341013L, 0C2341013M, 0C2341013N, 0C2341013S, 0C2341041, 0C2341041B, 0C2341041D, 0C2341041J, 0C2341041M, 95834101200, 95834101201, 95834101202, 95834101204, 95834101210, 95834101211, 95834101212, 95834101214, 958341012AX, 958341012KX, 958341012LX, 958341012MX, 958341012PX, 958341012X, 95834101008, 95834101009, 95834101033, 95834101034","tartalom":"L\u00e1nc sz\u00e9less\u00e9ge 1,25 inch - 3,175 cm.","lamella-alert":"","transfer_case_application_v2":["Porsche PL72 ATC 2010- Cayenne"],"transfer_case_application":"","kulso_raktar":11,"google_ads_kep":423431,"gtin":9009381089384},"_links":{"self":[{"href":"https:\/\/transfercasepartshop.com\/hu\/wp-json\/wp\/v2\/product\/390624","targetHints":{"allow":["GET"]}}],"collection":[{"href":"https:\/\/transfercasepartshop.com\/hu\/wp-json\/wp\/v2\/product"}],"about":[{"href":"https:\/\/transfercasepartshop.com\/hu\/wp-json\/wp\/v2\/types\/product"}],"replies":[{"embeddable":true,"href":"https:\/\/transfercasepartshop.com\/hu\/wp-json\/wp\/v2\/comments?post=390624"}],"wp:featuredmedia":[{"embeddable":true,"href":"https:\/\/transfercasepartshop.com\/hu\/wp-json\/wp\/v2\/media\/409726"}],"wp:attachment":[{"href":"https:\/\/transfercasepartshop.com\/hu\/wp-json\/wp\/v2\/media?parent=390624"}],"wp:term":[{"taxonomy":"product_brand","embeddable":true,"href":"https:\/\/transfercasepartshop.com\/hu\/wp-json\/wp\/v2\/product_brand?post=390624"},{"taxonomy":"product_cat","embeddable":true,"href":"https:\/\/transfercasepartshop.com\/hu\/wp-json\/wp\/v2\/product_cat?post=390624"},{"taxonomy":"product_tag","embeddable":true,"href":"https:\/\/transfercasepartshop.com\/hu\/wp-json\/wp\/v2\/product_tag?post=390624"}],"curies":[{"name":"wp","href":"https:\/\/api.w.org\/{rel}","templated":true}]}}