{"id":390617,"date":"2021-11-17T15:04:59","date_gmt":"2021-11-17T14:04:59","guid":{"rendered":"https:\/\/transfercasepartshop.com\/?post_type=product&#038;p=390617"},"modified":"2026-04-29T22:30:06","modified_gmt":"2026-04-29T20:30:06","slug":"osztomu-lanc-pl72-t","status":"publish","type":"product","link":"https:\/\/transfercasepartshop.com\/hu\/vw\/pl72-t-2\/osztomu-lanc-pl72-t\/","title":{"rendered":"Oszt\u00f3m\u0171 l\u00e1nc (PL72 T) &#8211; 1 inch \/ 2,54 cm"},"content":{"rendered":"<p>Az oszt\u00f3m\u0171ben tal\u00e1lhat\u00f3 l\u00e1nc felel az \u00e1lland\u00f3 egys\u00e9ges er\u0151\u00e1tvitel\u00e9rt. \u00d6sszek\u00f6ttet\u00e9st biztos\u00edt az els\u0151 \u00e9s h\u00e1ts\u00f3 tengely optim\u00e1lis m\u0171k\u00f6d\u00e9s\u00e9hez. Ezzel biztos\u00edtva a 4&#215;4 hajt\u00e1st.<\/p>\n<div class=\"faq-section\">\n<details>\n<summary>Mik a jelei annak, hogy megny\u00falt az oszt\u00f3m\u0171 l\u00e1nc az aut\u00f3mban?<\/summary>\n<p>A leggyakoribb t\u00fcnet a gyors\u00edt\u00e1skor jelentkez\u0151 kattog\u00f3, ugr\u00e1l\u00f3 hang vagy r\u00e1ngat\u00e1s, amit a l\u00e1nc \u00e1tugr\u00e1sa okoz a fogaskerekeken. Ha 4&#215;4 \u00fczemm\u00f3dban bizonytalann\u00e1 v\u00e1lik az er\u0151\u00e1tvitel, az gyakran a megny\u00falt l\u00e1nc sz\u00e1ml\u00e1j\u00e1ra \u00edrhat\u00f3.<\/p>\n<\/details>\n<details>\n<summary>Kompatibilis ez a l\u00e1nc az \u00e9n PL72 T oszt\u00f3m\u0171vel szerelt aut\u00f3mhoz?<\/summary>\n<p>Igen, ez az 1 inch (2,54 cm) sz\u00e9less\u00e9g\u0171 l\u00e1nc kifejezetten a PL72 T t\u00edpus\u00fa oszt\u00f3m\u0171vekhez k\u00e9sz\u00fclt, amelyek gyakoriak bizonyos Audi, Porsche (pl. Cayenne) \u00e9s VW (pl. Touareg) modellekben. K\u00e9rj\u00fck, ellen\u0151rizze az oszt\u00f3m\u0171 t\u00edpust\u00e1bl\u00e1j\u00e1t a pontos egyez\u00e9s \u00e9rdek\u00e9ben.<\/p>\n<\/details>\n<details>\n<summary>Megoldja a l\u00e1nccsere a hajt\u00e1sl\u00e1nc r\u00e1ngat\u00e1s\u00e1t?<\/summary>\n<p>Amennyiben a r\u00e1ngat\u00e1st a l\u00e1nc megny\u00fal\u00e1sa \u00e9s az oszt\u00f3m\u0171 belsej\u00e9ben t\u00f6rt\u00e9n\u0151 \u00e1tugr\u00e1s okozza, a csere teljes m\u00e9rt\u00e9kben orvosolja a probl\u00e9m\u00e1t. Javasoljuk, hogy a csere sor\u00e1n az oszt\u00f3m\u0171 olajat is cser\u00e9lje le.<\/p>\n<\/details>\n<details>\n<summary>Otthon is kicser\u00e9lhetem az oszt\u00f3m\u0171 l\u00e1ncot, vagy szakember kell hozz\u00e1?<\/summary>\n<p>Az oszt\u00f3m\u0171 l\u00e1nc cser\u00e9je komplex m\u0171velet, amely az oszt\u00f3m\u0171 kiszerel\u00e9s\u00e9t \u00e9s sz\u00e9tbont\u00e1s\u00e1t ig\u00e9nyli. A prec\u00edz illeszt\u00e9sek \u00e9s a speci\u00e1lis szersz\u00e1mig\u00e9ny miatt javasoljuk, hogy forduljon aut\u00f3szerel\u0151h\u00f6z vagy hajt\u00e1sl\u00e1nc-specialist\u00e1hoz.<\/p>\n<\/details>\n<details>\n<summary>Milyen min\u0151s\u00e9get k\u00e9pvisel ez a PL72 T l\u00e1nc?<\/summary>\n<p>Ez a l\u00e1nc nagy teherb\u00edr\u00e1s\u00fa, \u00f6tv\u00f6z\u00f6tt ac\u00e9lb\u00f3l k\u00e9sz\u00fcl, hogy megfeleljen a gy\u00e1ri specifik\u00e1ci\u00f3knak. Kialak\u00edt\u00e1sa biztos\u00edtja a tart\u00f3s \u00e9s egyenletes er\u0151\u00e1tvitelt az els\u0151 \u00e9s h\u00e1ts\u00f3 tengelyek k\u00f6z\u00f6tt, minimaliz\u00e1lva a j\u00f6v\u0151beni ny\u00fal\u00e1st.<\/p>\n<\/details>\n<\/div>\n<p><script type=\"application\/ld+json\">\n{\n  \"@context\": \"https:\/\/schema.org\",\n  \"@type\": \"FAQPage\",\n  \"mainEntity\": [\n    {\n      \"@type\": \"Question\",\n      \"name\": \"Mik a jelei annak, hogy megnyu00falt az osztu00f3mu0171 lu00e1nc az autu00f3mban?\",\n      \"acceptedAnswer\": {\n        \"@type\": \"Answer\",\n        \"text\": \"A leggyakoribb tu00fcnet a gyorsu00edtu00e1skor jelentkezu0151 kattogu00f3, ugru00e1lu00f3 hang vagy ru00e1ngatu00e1s, amit a lu00e1nc u00e1tugru00e1sa okoz a fogaskerekeken. Ha 4x4 u00fczemmu00f3dban bizonytalannu00e1 vu00e1lik az eru0151u00e1tvitel, az gyakran a megnyu00falt lu00e1nc szu00e1mlu00e1ju00e1ra u00edrhatu00f3.\"\n      }\n    },\n    {\n      \"@type\": \"Question\",\n      \"name\": \"Kompatibilis ez a lu00e1nc az u00e9n PL72 T osztu00f3mu0171vel szerelt autu00f3mhoz?\",\n      \"acceptedAnswer\": {\n        \"@type\": \"Answer\",\n        \"text\": \"Igen, ez az 1 inch (2,54 cm) szu00e9lessu00e9gu0171 lu00e1nc kifejezetten a PL72 T tu00edpusu00fa osztu00f3mu0171vekhez ku00e9szu00fclt, amelyek gyakoriak bizonyos Audi, Porsche (pl. Cayenne) u00e9s VW (pl. Touareg) modellekben.\"\n      }\n    },\n    {\n      \"@type\": \"Question\",\n      \"name\": \"Megoldja a lu00e1nccsere a hajtu00e1slu00e1nc ru00e1ngatu00e1su00e1t?\",\n      \"acceptedAnswer\": {\n        \"@type\": \"Answer\",\n        \"text\": \"Amennyiben a ru00e1ngatu00e1st a lu00e1nc megnyu00falu00e1sa u00e9s az osztu00f3mu0171 belseju00e9ben tu00f6rtu00e9nu0151 u00e1tugru00e1s okozza, a csere teljes mu00e9rtu00e9kben orvosolja a problu00e9mu00e1t. Javasoljuk, hogy a csere soru00e1n az osztu00f3mu0171 olajat is cseru00e9lje le.\"\n      }\n    },\n    {\n      \"@type\": \"Question\",\n      \"name\": \"Otthon is kicseru00e9lhetem az osztu00f3mu0171 lu00e1ncot, vagy szakember kell hozzu00e1?\",\n      \"acceptedAnswer\": {\n        \"@type\": \"Answer\",\n        \"text\": \"Az osztu00f3mu0171 lu00e1nc cseru00e9je komplex mu0171velet, amely az osztu00f3mu0171 kiszerelu00e9su00e9t u00e9s szu00e9tbontu00e1su00e1t igu00e9nyli. A precu00edz illesztu00e9sek u00e9s a speciu00e1lis szerszu00e1migu00e9ny miatt javasoljuk, hogy forduljon autu00f3szerelu0151hu00f6z vagy hajtu00e1slu00e1nc-specialistu00e1hoz.\"\n      }\n    },\n    {\n      \"@type\": \"Question\",\n      \"name\": \"Milyen minu0151su00e9get ku00e9pvisel ez a PL72 T lu00e1nc?\",\n      \"acceptedAnswer\": {\n        \"@type\": \"Answer\",\n        \"text\": \"Ez a lu00e1nc nagy teherbu00edru00e1su00fa, u00f6tvu00f6zu00f6tt acu00e9lbu00f3l ku00e9szu00fcl, hogy megfeleljen a gyu00e1ri specifiku00e1ciu00f3knak. Kialaku00edtu00e1sa biztosu00edtja a tartu00f3s u00e9s egyenletes eru0151u00e1tvitelt az elsu0151 u00e9s hu00e1tsu00f3 tengelyek ku00f6zu00f6tt, minimalizu00e1lva a ju00f6vu0151beni nyu00falu00e1st.\"\n      }\n    }\n  ]\n}\n<\/script><\/p>","protected":false},"excerpt":{"rendered":"<p>Az oszt\u00f3m\u0171ben tal\u00e1lhat\u00f3 l\u00e1nc felel az \u00e1lland\u00f3 egys\u00e9ges er\u0151\u00e1tvitel\u00e9rt. \u00d6sszek\u00f6ttet\u00e9st biztos\u00edt az els\u0151 \u00e9s h\u00e1ts\u00f3 tengely optim\u00e1lis m\u0171k\u00f6d\u00e9s\u00e9hez. Ezzel biztos\u00edtva a 4&#215;4 hajt\u00e1st. Mik a &#8230; <\/p>\n<p class=\"read-more-container\"><a title=\"Oszt\u00f3m\u0171 l\u00e1nc (PL72 T) &#8211; 1 inch \/ 2,54 cm\" class=\"read-more button\" href=\"https:\/\/transfercasepartshop.com\/hu\/vw\/pl72-t-2\/osztomu-lanc-pl72-t\/#more-390617\" aria-label=\"Read more about Oszt\u00f3m\u0171 l\u00e1nc (PL72 T) &#8211; 1 inch \/ 2,54 cm\">Tov\u00e1bb<\/a><\/p>","protected":false},"featured_media":415272,"comment_status":"open","ping_status":"closed","template":"","meta":{"_acf_changed":false},"product_brand":[],"product_cat":[74,63,110,111,116,117],"product_tag":[373,212],"class_list":{"0":"post-390617","1":"product","2":"type-product","3":"status-publish","4":"has-post-thumbnail","6":"product_cat-audi","7":"product_cat-pl72-t","8":"product_cat-porsche","9":"product_cat-pl72t","10":"product_cat-vw","11":"product_cat-pl72-t-2","12":"product_tag-borg-warner","13":"product_tag-lancok","14":"infinite-scroll-item","15":"no-featured-image-padding","16":"resize-featured-image","17":"sales-flash-overlay","18":"woocommerce-text-align-center","19":"woocommerce-image-align-center","20":"wc-has-gallery","22":"first","23":"instock","24":"taxable","25":"shipping-taxable","26":"purchasable","27":"product-type-simple"},"acf":{"s-tec_number":"SP01839","oem-ref":"0BU341010C, 0BU341010D, 0BU341010L, 0BU341010N, 0BU341010Q, 0BU341010S, 0BU341010T, 0BU341011B, 0BU341011H, 0BU341011J, 0BU341011N, 0BU341011R, 0BU341011T, 95834102020, 95834102021, 9583410202X, 9583410203X, 95834102001 (0BU341010B, 0BU341010R), 95834102002 (0BU341011G), 95834102003 (0BU341011Q), 95834102011 (0BU341010M, 0BU341011C), 0BU341010F, 0BU341011A, 0BU341011S","tartalom":"L\u00e1nc sz\u00e9less\u00e9ge 1 inch - 2,54 cm.","lamella-alert":"","transfer_case_application_v2":["Audi PL72 T 2009- Q7","Porsche PL72 T 2009- Cayenne","VW PL72 T 2009- Amarok","VW PL72 T 2009- Touareg"],"transfer_case_application":"","kulso_raktar":7,"google_ads_kep":423413,"gtin":9009381081463},"_links":{"self":[{"href":"https:\/\/transfercasepartshop.com\/hu\/wp-json\/wp\/v2\/product\/390617","targetHints":{"allow":["GET"]}}],"collection":[{"href":"https:\/\/transfercasepartshop.com\/hu\/wp-json\/wp\/v2\/product"}],"about":[{"href":"https:\/\/transfercasepartshop.com\/hu\/wp-json\/wp\/v2\/types\/product"}],"replies":[{"embeddable":true,"href":"https:\/\/transfercasepartshop.com\/hu\/wp-json\/wp\/v2\/comments?post=390617"}],"wp:featuredmedia":[{"embeddable":true,"href":"https:\/\/transfercasepartshop.com\/hu\/wp-json\/wp\/v2\/media\/415272"}],"wp:attachment":[{"href":"https:\/\/transfercasepartshop.com\/hu\/wp-json\/wp\/v2\/media?parent=390617"}],"wp:term":[{"taxonomy":"product_brand","embeddable":true,"href":"https:\/\/transfercasepartshop.com\/hu\/wp-json\/wp\/v2\/product_brand?post=390617"},{"taxonomy":"product_cat","embeddable":true,"href":"https:\/\/transfercasepartshop.com\/hu\/wp-json\/wp\/v2\/product_cat?post=390617"},{"taxonomy":"product_tag","embeddable":true,"href":"https:\/\/transfercasepartshop.com\/hu\/wp-json\/wp\/v2\/product_tag?post=390617"}],"curies":[{"name":"wp","href":"https:\/\/api.w.org\/{rel}","templated":true}]}}