{"id":390616,"date":"2021-11-17T15:04:59","date_gmt":"2021-11-17T14:04:59","guid":{"rendered":"https:\/\/transfercasepartshop.com\/?post_type=product&#038;p=390616"},"modified":"2026-03-23T09:42:50","modified_gmt":"2026-03-23T08:42:50","slug":"osztomu-lanc-atc450","status":"publish","type":"product","link":"https:\/\/transfercasepartshop.com\/hu\/bmw\/atc450\/osztomu-lanc-atc450\/","title":{"rendered":"Oszt\u00f3m\u0171 l\u00e1nc (ATC450)"},"content":{"rendered":"<p>Az oszt\u00f3m\u0171ben tal\u00e1lhat\u00f3 l\u00e1nc felel az \u00e1lland\u00f3 egys\u00e9ges er\u0151\u00e1tvitel\u00e9rt. \u00d6sszek\u00f6ttet\u00e9st biztos\u00edt az els\u0151 \u00e9s h\u00e1ts\u00f3 tengely optim\u00e1lis m\u0171k\u00f6d\u00e9s\u00e9hez. Ezzel biztos\u00edtva a 4&#215;4 hajt\u00e1st.<\/p>\n<section>\n<details>\n<summary>Honnan tudom, hogy megny\u00falt a l\u00e1nc az ATC450 oszt\u00f3m\u0171ben?<\/summary>\n<p>A leggyakoribb t\u00fcnet az er\u0151s gyors\u00edt\u00e1skor jelentkez\u0151 r\u00e1ngat\u00e1s vagy kattog\u00f3 hang az aut\u00f3 al\u00f3l. Ez az\u00e9rt t\u00f6rt\u00e9nik, mert a megny\u00falt l\u00e1nc \u00e1tugrik a fogaskerekeken, ami bizonytalan er\u0151\u00e1tvitelt eredm\u00e9nyez az els\u0151 \u00e9s h\u00e1ts\u00f3 tengely k\u00f6z\u00f6tt.<\/p>\n<\/details>\n<details>\n<summary>Milyen BMW t\u00edpusokhoz haszn\u00e1lhat\u00f3 ez az ATC450 l\u00e1nc?<\/summary>\n<p>Ez a l\u00e1nc kifejezetten a BMW ATC450-es oszt\u00f3m\u0171veihez k\u00e9sz\u00fclt, amelyeket jellemz\u0151en a BMW X3 (F25), valamint bizonyos X5 (E70 LCI) \u00e9s X6 (E71) modellekben haszn\u00e1ltak a 2010 ut\u00e1ni id\u0151szakban.<\/p>\n<\/details>\n<details>\n<summary>Megoldja a l\u00e1nccsere a 4&#215;4 hajt\u00e1s r\u00e1ngat\u00e1si probl\u00e9m\u00e1j\u00e1t?<\/summary>\n<p>Igen, ha a r\u00e1ngat\u00e1st a l\u00e1nc megny\u00fal\u00e1sa okozza. Fontos azonban megjegyezni, hogy a l\u00e1nc megny\u00fal\u00e1sa sokszor a rossz \u00e1llapot\u00fa oszt\u00f3m\u0171olaj vagy a nem megfelel\u0151 gumiabroncs-m\u00e9retek k\u00f6vetkezm\u00e9nye, ez\u00e9rt a csere mell\u00e9 friss olaj is k\u00f6telez\u0151.<\/p>\n<\/details>\n<details>\n<summary>H\u00e1zilag is kicser\u00e9lhetem az oszt\u00f3m\u0171 l\u00e1ncot?<\/summary>\n<p>B\u00e1r nem lehetetlen, a csere az oszt\u00f3m\u0171 teljes sz\u00e9tszerel\u00e9s\u00e9t ig\u00e9nyli, amihez speci\u00e1lis szersz\u00e1mok \u00e9s szak\u00e9rtelem sz\u00fcks\u00e9ges. Javasoljuk, hogy forduljon szakm\u0171helyhez a pontos illeszt\u00e9s \u00e9s a t\u00f6m\u00edtetts\u00e9g biztos\u00edt\u00e1sa \u00e9rdek\u00e9ben.<\/p>\n<\/details>\n<details>\n<summary>Milyen min\u0151s\u00e9g\u0171 ez a l\u00e1nc a gy\u00e1rihoz k\u00e9pest?<\/summary>\n<p>Ez egy emelt szak\u00edt\u00f3szil\u00e1rds\u00e1g\u00fa, ut\u00e1ngy\u00e1rtott pr\u00e9mium alkatr\u00e9sz, amelyet kifejezetten a gy\u00e1ri specifik\u00e1ci\u00f3k szerint gy\u00e1rtottak, hogy tart\u00f3ss\u00e1gban \u00e9s precizit\u00e1sban megfeleljen az eredeti l\u00e1ncnak.<\/p>\n<\/details>\n<\/section>\n<p><script type=\"application\/ld+json\">\n{\n  \"@context\": \"https:\/\/schema.org\",\n  \"@type\": \"FAQPage\",\n  \"mainEntity\": [\n    {\n      \"@type\": \"Question\",\n      \"name\": \"Honnan tudom, hogy megnyu00falt a lu00e1nc az ATC450 osztu00f3mu0171ben?\",\n      \"acceptedAnswer\": {\n        \"@type\": \"Answer\",\n        \"text\": \"A leggyakoribb tu00fcnet az eru0151s gyorsu00edtu00e1skor jelentkezu0151 ru00e1ngatu00e1s vagy kattogu00f3 hang az autu00f3 alu00f3l. Ez azu00e9rt tu00f6rtu00e9nik, mert a megnyu00falt lu00e1nc u00e1tugrik a fogaskerekeken, ami bizonytalan eru0151u00e1tvitelt eredmu00e9nyez az elsu0151 u00e9s hu00e1tsu00f3 tengely ku00f6zu00f6tt.\"\n      }\n    },\n    {\n      \"@type\": \"Question\",\n      \"name\": \"Milyen BMW tu00edpusokhoz hasznu00e1lhatu00f3 ez az ATC450 lu00e1nc?\",\n      \"acceptedAnswer\": {\n        \"@type\": \"Answer\",\n        \"text\": \"Ez a lu00e1nc kifejezetten a BMW ATC450-es osztu00f3mu0171veihez ku00e9szu00fclt, amelyeket jellemzu0151en a BMW X3 (F25), valamint bizonyos X5 (E70 LCI) u00e9s X6 (E71) modellekben hasznu00e1ltak a 2010 utu00e1ni idu0151szakban.\"\n      }\n    },\n    {\n      \"@type\": \"Question\",\n      \"name\": \"Megoldja a lu00e1nccsere a 4x4 hajtu00e1s ru00e1ngatu00e1si problu00e9mu00e1ju00e1t?\",\n      \"acceptedAnswer\": {\n        \"@type\": \"Answer\",\n        \"text\": \"Igen, ha a ru00e1ngatu00e1st a lu00e1nc megnyu00falu00e1sa okozza. Fontos azonban megjegyezni, hogy a lu00e1nc megnyu00falu00e1sa sokszor a rossz u00e1llapotu00fa osztu00f3mu0171olaj vagy a nem megfelelu0151 gumiabroncs-mu00e9retek ku00f6vetkezmu00e9nye, ezu00e9rt a csere mellu00e9 friss olaj is ku00f6telezu0151.\"\n      }\n    },\n    {\n      \"@type\": \"Question\",\n      \"name\": \"Hu00e1zilag is kicseru00e9lhetem az osztu00f3mu0171 lu00e1ncot?\",\n      \"acceptedAnswer\": {\n        \"@type\": \"Answer\",\n        \"text\": \"Bu00e1r nem lehetetlen, a csere az osztu00f3mu0171 teljes szu00e9tszerelu00e9su00e9t igu00e9nyli, amihez speciu00e1lis szerszu00e1mok u00e9s szaku00e9rtelem szu00fcksu00e9ges. Javasoljuk, hogy forduljon szakmu0171helyhez a pontos illesztu00e9s u00e9s a tu00f6mu00edtettsu00e9g biztosu00edtu00e1sa u00e9rdeku00e9ben.\"\n      }\n    },\n    {\n      \"@type\": \"Question\",\n      \"name\": \"Milyen minu0151su00e9gu0171 ez a lu00e1nc a gyu00e1rihoz ku00e9pest?\",\n      \"acceptedAnswer\": {\n        \"@type\": \"Answer\",\n        \"text\": \"Ez egy emelt szaku00edtu00f3szilu00e1rdsu00e1gu00fa, utu00e1ngyu00e1rtott pru00e9mium alkatru00e9sz, amelyet kifejezetten a gyu00e1ri specifiku00e1ciu00f3k szerint gyu00e1rtottak, hogy tartu00f3ssu00e1gban u00e9s precizitu00e1sban megfeleljen az eredeti lu00e1ncnak.\"\n      }\n    }\n  ]\n}\n<\/script><\/p>","protected":false},"excerpt":{"rendered":"<p>Az oszt\u00f3m\u0171ben tal\u00e1lhat\u00f3 l\u00e1nc felel az \u00e1lland\u00f3 egys\u00e9ges er\u0151\u00e1tvitel\u00e9rt. \u00d6sszek\u00f6ttet\u00e9st biztos\u00edt az els\u0151 \u00e9s h\u00e1ts\u00f3 tengely optim\u00e1lis m\u0171k\u00f6d\u00e9s\u00e9hez. Ezzel biztos\u00edtva a 4&#215;4 hajt\u00e1st. Honnan tudom, &#8230; <\/p>\n<p class=\"read-more-container\"><a title=\"Oszt\u00f3m\u0171 l\u00e1nc (ATC450)\" class=\"read-more button\" href=\"https:\/\/transfercasepartshop.com\/hu\/bmw\/atc450\/osztomu-lanc-atc450\/#more-390616\" aria-label=\"Read more about Oszt\u00f3m\u0171 l\u00e1nc (ATC450)\">Tov\u00e1bb<\/a><\/p>","protected":false},"featured_media":412584,"comment_status":"open","ping_status":"closed","template":"","meta":{"_acf_changed":false},"product_brand":[],"product_cat":[86,66],"product_tag":[373,212],"class_list":{"0":"post-390616","1":"product","2":"type-product","3":"status-publish","4":"has-post-thumbnail","6":"product_cat-bmw","7":"product_cat-atc450","8":"product_tag-borg-warner","9":"product_tag-lancok","10":"infinite-scroll-item","11":"no-featured-image-padding","12":"resize-featured-image","13":"sales-flash-overlay","14":"woocommerce-text-align-center","15":"woocommerce-image-align-center","16":"wc-has-gallery","18":"first","19":"instock","20":"taxable","21":"shipping-taxable","22":"purchasable","23":"product-type-simple"},"acf":{"s-tec_number":"SP01717","oem-ref":"BMW 27107605344, 27107605345, 27107609193, 27107609196, 27107609197, 27107610586, 27107610587, 27107610588, 27107619178, 27107619179, 27107619180, 27107619776, 27107627944, 27107627945, 27107629405, 27107629406, 27107629605, 27107629606, 27107635753, 27107635754, 27107636480, 27107636481, 27107636482, 27107639264, 27107639271, 27107639272, 27107643751, 27107643752, 27107643753, 27108697972, 27108697973, 27108697974","tartalom":"","lamella-alert":"","transfer_case_application_v2":["BMW ATC450 2006-2013 X5 E70, E70 LCI","BMW ATC450 2008-2014 X6 E71, E72 hybrid","BMW ATC450 2010-2017 X3 F25"],"transfer_case_application":"","kulso_raktar":2,"google_ads_kep":423411,"gtin":9009381075158},"_links":{"self":[{"href":"https:\/\/transfercasepartshop.com\/hu\/wp-json\/wp\/v2\/product\/390616","targetHints":{"allow":["GET"]}}],"collection":[{"href":"https:\/\/transfercasepartshop.com\/hu\/wp-json\/wp\/v2\/product"}],"about":[{"href":"https:\/\/transfercasepartshop.com\/hu\/wp-json\/wp\/v2\/types\/product"}],"replies":[{"embeddable":true,"href":"https:\/\/transfercasepartshop.com\/hu\/wp-json\/wp\/v2\/comments?post=390616"}],"wp:featuredmedia":[{"embeddable":true,"href":"https:\/\/transfercasepartshop.com\/hu\/wp-json\/wp\/v2\/media\/412584"}],"wp:attachment":[{"href":"https:\/\/transfercasepartshop.com\/hu\/wp-json\/wp\/v2\/media?parent=390616"}],"wp:term":[{"taxonomy":"product_brand","embeddable":true,"href":"https:\/\/transfercasepartshop.com\/hu\/wp-json\/wp\/v2\/product_brand?post=390616"},{"taxonomy":"product_cat","embeddable":true,"href":"https:\/\/transfercasepartshop.com\/hu\/wp-json\/wp\/v2\/product_cat?post=390616"},{"taxonomy":"product_tag","embeddable":true,"href":"https:\/\/transfercasepartshop.com\/hu\/wp-json\/wp\/v2\/product_tag?post=390616"}],"curies":[{"name":"wp","href":"https:\/\/api.w.org\/{rel}","templated":true}]}}