{"id":390614,"date":"2021-11-17T15:04:58","date_gmt":"2021-11-17T14:04:58","guid":{"rendered":"https:\/\/transfercasepartshop.com\/?post_type=product&#038;p=390614"},"modified":"2026-03-30T14:14:57","modified_gmt":"2026-03-30T12:14:57","slug":"tengely-kihajtas-hatso-atc35l-atc350","status":"publish","type":"product","link":"https:\/\/transfercasepartshop.com\/hu\/bmw\/atc35l\/tengely-kihajtas-hatso-atc35l-atc350\/","title":{"rendered":"Tengely kihajt\u00e1s h\u00e1ts\u00f3 (ATC35L, ATC350)"},"content":{"rendered":"<p>Egyedi tengely m\u00e9retekhez gy\u00e1rtott hajt\u00e1sl\u00e1nc elem. K\u00e9t tengely egym\u00e1sba val\u00f3 csatlakoz\u00e1s\u00e1t teszi lehet\u0151v\u00e9. A megfelel\u0151 forgat\u00f3 nyomat\u00e9k lead\u00e1s\u00e1ban elengedhetelen szerepe van.<\/p>\n<details>\n<summary>Milyen t\u00fcnetek utalnak a BMW ATC35L h\u00e1ts\u00f3 tengely kihajt\u00e1s kop\u00e1s\u00e1ra?<\/summary>\n<p>A leggyakoribb jelek a gyors\u00edt\u00e1skor jelentkez\u0151 r\u00e1ngat\u00e1s, az aut\u00f3 al\u00f3l \u00e9rkez\u0151 f\u00e9mes kattan\u00f3 hang elindul\u00e1skor, vagy a vibr\u00e1ci\u00f3 nagy sebess\u00e9gn\u00e9l. Ezeket \u00e1ltal\u00e1ban a bord\u00e1s h\u00fcvely \u00e9s a tengely k\u00f6z\u00f6tti kikopott csatlakoz\u00e1s okozza.<\/p>\n<\/details>\n<details>\n<summary>Honnan tudhatom, hogy az \u00e9n BMW-mben ATC350 vagy ATC35L oszt\u00f3m\u0171 van?<\/summary>\n<p>Ezek az egys\u00e9gek jellemz\u0151en az F-sz\u00e9ri\u00e1s BMW-kben (5-\u00f6s, 7-es sorozat, X-modellek) tal\u00e1lhat\u00f3k meg. A pontos azonos\u00edt\u00e1shoz ellen\u0151rizze az oszt\u00f3m\u0171 oldal\u00e1n l\u00e9v\u0151 adatt\u00e1bl\u00e1t vagy k\u00e9rdezze meg szak\u00e9rt\u0151nket az alv\u00e1zsz\u00e1m megad\u00e1s\u00e1val.<\/p>\n<\/details>\n<details>\n<summary>Mi\u00e9rt kopik el ez az alkatr\u00e9sz az oszt\u00f3m\u0171ben?<\/summary>\n<p>A h\u00e1ts\u00f3 tengely kihajt\u00e1s nagy ig\u00e9nybev\u00e9telnek van kit\u00e9ve, k\u00fcl\u00f6n\u00f6sen nagy teljes\u00edtm\u00e9ny\u0171 motorokn\u00e1l. A ken\u0151anyag el\u00f6reged\u00e9se, a nedvess\u00e9g bejut\u00e1sa \u00e9s a bord\u00e1k term\u00e9szetes elhaszn\u00e1l\u00f3d\u00e1sa miatt a csatlakoz\u00e1s meglazulhat, ami v\u00e9g\u00fcl a hajt\u00e1s megsz\u0171n\u00e9s\u00e9hez vezethet.<\/p>\n<\/details>\n<details>\n<summary>Sz\u00fcks\u00e9ges-e speci\u00e1lis szersz\u00e1m a tengely kihajt\u00e1s cser\u00e9j\u00e9hez?<\/summary>\n<p>Igen, a cser\u00e9hez az oszt\u00f3m\u0171 r\u00e9szleges sz\u00e9tszerel\u00e9se sz\u00fcks\u00e9ges. Javasolt szakm\u0171helyben v\u00e9geztetni a jav\u00edt\u00e1st, mivel a tengelyek pontos illeszt\u00e9se \u00e9s a t\u00f6m\u00edt\u00e9sek cser\u00e9je kritikus a hossz\u00fa \u00e9lettartam \u00e9rdek\u00e9ben.<\/p>\n<\/details>\n<details>\n<summary>Ez az alkatr\u00e9sz gy\u00e1ri vagy ut\u00e1ngy\u00e1rtott min\u0151s\u00e9g?<\/summary>\n<p>Ez a term\u00e9k egyedi tengelym\u00e9retekhez gy\u00e1rtott, meger\u0151s\u00edtett hajt\u00e1sl\u00e1nc elem, amely megfelel a gy\u00e1ri specifik\u00e1ci\u00f3knak. A tart\u00f3ss\u00e1ga \u00e9s az illeszked\u00e9se garanci\u00e1t jelent a hossz\u00fa t\u00e1v\u00fa, r\u00e1ngat\u00e1smentes m\u0171k\u00f6d\u00e9sre.<\/p>\n<\/details>\n<p><script type=\"application\/ld+json\">\n{\n  \"@context\": \"https:\/\/schema.org\",\n  \"@type\": \"FAQPage\",\n  \"mainEntity\": [\n    {\n      \"@type\": \"Question\",\n      \"name\": \"Milyen tu00fcnetek utalnak a BMW ATC35L hu00e1tsu00f3 tengely kihajtu00e1s kopu00e1su00e1ra?\",\n      \"acceptedAnswer\": {\n        \"@type\": \"Answer\",\n        \"text\": \"A leggyakoribb jelek a gyorsu00edtu00e1skor jelentkezu0151 ru00e1ngatu00e1s, az autu00f3 alu00f3l u00e9rkezu0151 fu00e9mes kattanu00f3 hang elindulu00e1skor, vagy a vibru00e1ciu00f3 nagy sebessu00e9gnu00e9l. Ezeket u00e1ltalu00e1ban a bordu00e1s hu00fcvely u00e9s a tengely ku00f6zu00f6tti kikopott csatlakozu00e1s okozza.\"\n      }\n    },\n    {\n      \"@type\": \"Question\",\n      \"name\": \"Honnan tudhatom, hogy az u00e9n BMW-mben ATC350 vagy ATC35L osztu00f3mu0171 van?\",\n      \"acceptedAnswer\": {\n        \"@type\": \"Answer\",\n        \"text\": \"Ezek az egysu00e9gek jellemzu0151en az F-szu00e9riu00e1s BMW-kben (5-u00f6s, 7-es sorozat, X-modellek) talu00e1lhatu00f3k meg. A pontos azonosu00edtu00e1shoz ellenu0151rizze az osztu00f3mu0171 oldalu00e1n lu00e9vu0151 adattu00e1blu00e1t vagy ku00e9rdezze meg szaku00e9rtu0151nket az alvu00e1zszu00e1m megadu00e1su00e1val.\"\n      }\n    },\n    {\n      \"@type\": \"Question\",\n      \"name\": \"Miu00e9rt kopik el ez az alkatru00e9sz az osztu00f3mu0171ben?\",\n      \"acceptedAnswer\": {\n        \"@type\": \"Answer\",\n        \"text\": \"A hu00e1tsu00f3 tengely kihajtu00e1s nagy igu00e9nybevu00e9telnek van kitu00e9ve, ku00fclu00f6nu00f6sen nagy teljesu00edtmu00e9nyu0171 motoroknu00e1l. A kenu0151anyag elu00f6regedu00e9se, a nedvessu00e9g bejutu00e1sa u00e9s a bordu00e1k termu00e9szetes elhasznu00e1lu00f3du00e1sa miatt a csatlakozu00e1s meglazulhat, ami vu00e9gu00fcl a hajtu00e1s megszu0171nu00e9su00e9hez vezethet.\"\n      }\n    },\n    {\n      \"@type\": \"Question\",\n      \"name\": \"Szu00fcksu00e9ges-e speciu00e1lis szerszu00e1m a tengely kihajtu00e1s cseru00e9ju00e9hez?\",\n      \"acceptedAnswer\": {\n        \"@type\": \"Answer\",\n        \"text\": \"Igen, a cseru00e9hez az osztu00f3mu0171 ru00e9szleges szu00e9tszerelu00e9se szu00fcksu00e9ges. Javasolt szakmu0171helyben vu00e9geztetni a javu00edtu00e1st, mivel a tengelyek pontos illesztu00e9se u00e9s a tu00f6mu00edtu00e9sek cseru00e9je kritikus a hosszu00fa u00e9lettartam u00e9rdeku00e9ben.\"\n      }\n    },\n    {\n      \"@type\": \"Question\",\n      \"name\": \"Ez az alkatru00e9sz gyu00e1ri vagy utu00e1ngyu00e1rtott minu0151su00e9g?\",\n      \"acceptedAnswer\": {\n        \"@type\": \"Answer\",\n        \"text\": \"Ez a termu00e9k egyedi tengelymu00e9retekhez gyu00e1rtott, megeru0151su00edtett hajtu00e1slu00e1nc elem, amely megfelel a gyu00e1ri specifiku00e1ciu00f3knak. A tartu00f3ssu00e1ga u00e9s az illeszkedu00e9se garanciu00e1t jelent a hosszu00fa tu00e1vu00fa, ru00e1ngatu00e1smentes mu0171ku00f6du00e9sre.\"\n      }\n    }\n  ]\n}\n<\/script><\/p>","protected":false},"excerpt":{"rendered":"<p>Egyedi tengely m\u00e9retekhez gy\u00e1rtott hajt\u00e1sl\u00e1nc elem. K\u00e9t tengely egym\u00e1sba val\u00f3 csatlakoz\u00e1s\u00e1t teszi lehet\u0151v\u00e9. A megfelel\u0151 forgat\u00f3 nyomat\u00e9k lead\u00e1s\u00e1ban elengedhetelen szerepe van. Milyen t\u00fcnetek utalnak a &#8230; <\/p>\n<p class=\"read-more-container\"><a title=\"Tengely kihajt\u00e1s h\u00e1ts\u00f3 (ATC35L, ATC350)\" class=\"read-more button\" href=\"https:\/\/transfercasepartshop.com\/hu\/bmw\/atc35l\/tengely-kihajtas-hatso-atc35l-atc350\/#more-390614\" aria-label=\"Read more about Tengely kihajt\u00e1s h\u00e1ts\u00f3 (ATC35L, ATC350)\">Tov\u00e1bb<\/a><\/p>","protected":false},"featured_media":408430,"comment_status":"open","ping_status":"closed","template":"","meta":{"_acf_changed":false},"product_brand":[],"product_cat":[86,89,88],"product_tag":[390,210],"class_list":{"0":"post-390614","1":"product","2":"type-product","3":"status-publish","4":"has-post-thumbnail","6":"product_cat-bmw","7":"product_cat-atc350","8":"product_cat-atc35l","9":"product_tag-magna-powertrain","10":"product_tag-tengelyek-fogaskerekek","11":"infinite-scroll-item","12":"no-featured-image-padding","13":"resize-featured-image","14":"sales-flash-overlay","15":"woocommerce-text-align-center","16":"woocommerce-image-align-center","17":"wc-has-gallery","19":"first","20":"instock","21":"taxable","22":"shipping-taxable","23":"purchasable","24":"product-type-simple"},"acf":{"s-tec_number":"SP01682","oem-ref":"27107593440","tartalom":"13db h\u00e9zagol\u00f3 al\u00e1t\u00e9t, 1db t\u00f6m\u00edt\u0151 gy\u0171r\u0171, 1db z\u00e1r\u00f3 gy\u0171r\u0171, 1db h\u00e1ts\u00f3 tengely kihajt\u00e1s","lamella-alert":"","transfer_case_application_v2":["BMW ATC350 2008-2015 7 series F02, F02 LCI","BMW ATC35L 2008-2015 7 series F01, F01 LCI","BMW ATC35L 2010-2016 5 series F07 GT, F07 GT LCI, F10, F10 LCI, F11, F11 LCI, F18 LCI","BMW ATC35L 2011-2017 6 series F06, F06 LCI, F12, F12 LCI, F13, F13 LCI","BMW ATC35L 2011-2019 1 series F20, F20 LCI, F21, F21 LCI","BMW ATC35L 2012-2018 3 series F30, F30 LCI, F31, F31 LCI, F34 GT, F34 GT LCI, F35, F35 LCI","BMW ATC35L 2013- 4 series F32, F32 LCI, F33, F33 LCI, F36, F36 LCI,","BMW ATC35L 2014- 2 series F22, F22 LCI, F23, F23 LCI"],"transfer_case_application":"","kulso_raktar":4,"google_ads_kep":423407,"gtin":9009381074588},"_links":{"self":[{"href":"https:\/\/transfercasepartshop.com\/hu\/wp-json\/wp\/v2\/product\/390614","targetHints":{"allow":["GET"]}}],"collection":[{"href":"https:\/\/transfercasepartshop.com\/hu\/wp-json\/wp\/v2\/product"}],"about":[{"href":"https:\/\/transfercasepartshop.com\/hu\/wp-json\/wp\/v2\/types\/product"}],"replies":[{"embeddable":true,"href":"https:\/\/transfercasepartshop.com\/hu\/wp-json\/wp\/v2\/comments?post=390614"}],"wp:featuredmedia":[{"embeddable":true,"href":"https:\/\/transfercasepartshop.com\/hu\/wp-json\/wp\/v2\/media\/408430"}],"wp:attachment":[{"href":"https:\/\/transfercasepartshop.com\/hu\/wp-json\/wp\/v2\/media?parent=390614"}],"wp:term":[{"taxonomy":"product_brand","embeddable":true,"href":"https:\/\/transfercasepartshop.com\/hu\/wp-json\/wp\/v2\/product_brand?post=390614"},{"taxonomy":"product_cat","embeddable":true,"href":"https:\/\/transfercasepartshop.com\/hu\/wp-json\/wp\/v2\/product_cat?post=390614"},{"taxonomy":"product_tag","embeddable":true,"href":"https:\/\/transfercasepartshop.com\/hu\/wp-json\/wp\/v2\/product_tag?post=390614"}],"curies":[{"name":"wp","href":"https:\/\/api.w.org\/{rel}","templated":true}]}}