{"id":390613,"date":"2021-11-17T15:04:57","date_gmt":"2021-11-17T14:04:57","guid":{"rendered":"https:\/\/transfercasepartshop.com\/?post_type=product&#038;p=390613"},"modified":"2026-03-23T09:42:43","modified_gmt":"2026-03-23T08:42:43","slug":"osztomu-csapagy-szett-bw4430","status":"publish","type":"product","link":"https:\/\/transfercasepartshop.com\/hu\/audi\/bw4430\/osztomu-csapagy-szett-bw4430\/","title":{"rendered":"Oszt\u00f3m\u0171 csap\u00e1gy szett (BW4430)"},"content":{"rendered":"<p>Ezek az oszt\u00f3m\u0171ben tal\u00e1lhat\u00f3 csap\u00e1gyak, biztos\u00edtj\u00e1k a tengelyek al\u00e1t\u00e1maszt\u00e1s\u00e1t \u00e9s a megfelel\u0151 forgat\u00f3nyomat\u00e9k er\u0151\u00e1tvitel\u00e9nek kiegyenes\u00falyozotts\u00e1g\u00e1t.<\/p>\n<section>\n<details>\n<summary>Milyen t\u00fcnetek utalnak a BW4430 oszt\u00f3m\u0171 csap\u00e1gyainak meghib\u00e1sod\u00e1s\u00e1ra?<\/summary>\n<p>A leggyakoribb jel a g\u00e9pj\u00e1rm\u0171 al\u00f3l \u00e9rkez\u0151 b\u00fag\u00f3 vagy morg\u00f3 hang, amely a sebess\u00e9g n\u00f6vel\u00e9s\u00e9vel er\u0151s\u00f6dik. Gyakran tapasztalhat\u00f3 vibr\u00e1ci\u00f3 az utast\u00e9rben, vagy finom r\u00e1ngat\u00e1s kanyarod\u00e1s k\u00f6zben, ami a tengelyek nem megfelel\u0151 al\u00e1t\u00e1maszt\u00e1s\u00e1ra utal.<\/p>\n<\/details>\n<details>\n<summary>Pontosan melyik Audi modellekhez j\u00f3 ez a BW4430 csap\u00e1gy k\u00e9szlet?<\/summary>\n<p>Ez a szett kifejezetten a BW4430 t\u00edpus\u00fa oszt\u00f3m\u0171vel szerelt Audi modellekhez k\u00e9sz\u00fclt. Javasoljuk, hogy v\u00e1s\u00e1rl\u00e1s el\u0151tt ellen\u0151rizze az oszt\u00f3m\u0171 adatt\u00e1bl\u00e1j\u00e1t vagy k\u00e9rdezze meg szerel\u0151j\u00e9t a pontos kompatibilit\u00e1sr\u00f3l.<\/p>\n<\/details>\n<details>\n<summary>Mi\u00e9rt \u00e9rdemes a teljes szettet cser\u00e9lni, ha csak egy csap\u00e1gy t\u0171nik rossznak?<\/summary>\n<p>Az oszt\u00f3m\u0171 megbont\u00e1sa munkaig\u00e9nyes \u00e9s k\u00f6lts\u00e9ges folyamat. Ha egy csap\u00e1gy elkopott, a t\u00f6bbi is hasonl\u00f3 \u00e1llapotban van. A teljes szett cser\u00e9j\u00e9vel megel\u0151zheti, hogy r\u00f6vid id\u0151n bel\u00fcl \u00fajra sz\u00e9t kelljen szedni az egys\u00e9get egy m\u00e1sik csap\u00e1gy hib\u00e1ja miatt.<\/p>\n<\/details>\n<details>\n<summary>H\u00e1zilag is kicser\u00e9lhet\u0151 ez az oszt\u00f3m\u0171 csap\u00e1gy szett?<\/summary>\n<p>A csere speci\u00e1lis szersz\u00e1mokat, p\u00e9ld\u00e1ul leh\u00faz\u00f3kat \u00e9s hidraulikus pr\u00e9st ig\u00e9nyel, valamint prec\u00edz be\u00e1ll\u00edt\u00e1st. A megfelel\u0151 h\u00e9zagol\u00e1s elengedhetetlen a hossz\u00fa \u00e9lettartamhoz, ez\u00e9rt javasoljuk, hogy b\u00edzza szakm\u0171helyre a beszerel\u00e9st.<\/p>\n<\/details>\n<details>\n<summary>Milyen min\u0151s\u00e9get k\u00e9pviselnek a szettben tal\u00e1lhat\u00f3 csap\u00e1gyak?<\/summary>\n<p>A k\u00e9szletben tal\u00e1lhat\u00f3 alkatr\u00e9szek megfelelnek a gy\u00e1ri (OE) el\u0151\u00edr\u00e1soknak. Olyan anyagokb\u00f3l k\u00e9sz\u00fcltek, amelyek b\u00edrj\u00e1k a nagy forgat\u00f3nyomat\u00e9kot \u00e9s a folyamatos ig\u00e9nybev\u00e9telt, biztos\u00edtva a sima \u00e9s kiegyens\u00falyozott er\u0151\u00e1tvitelt.<\/p>\n<\/details>\n<\/section>\n<p><script type=\"application\/ld+json\">\n{\n  \"@context\": \"https:\/\/schema.org\",\n  \"@type\": \"FAQPage\",\n  \"mainEntity\": [\n    {\n      \"@type\": \"Question\",\n      \"name\": \"Milyen tu00fcnetek utalnak a BW4430 osztu00f3mu0171 csapu00e1gyainak meghibu00e1sodu00e1su00e1ra?\",\n      \"acceptedAnswer\": {\n        \"@type\": \"Answer\",\n        \"text\": \"A leggyakoribb jel a gu00e9pju00e1rmu0171 alu00f3l u00e9rkezu0151 bu00fagu00f3 vagy morgu00f3 hang, amely a sebessu00e9g nu00f6velu00e9su00e9vel eru0151su00f6dik. Gyakran tapasztalhatu00f3 vibru00e1ciu00f3 az utastu00e9rben, vagy finom ru00e1ngatu00e1s kanyarodu00e1s ku00f6zben.\"\n      }\n    },\n    {\n      \"@type\": \"Question\",\n      \"name\": \"Pontosan melyik Audi modellekhez ju00f3 ez a BW4430 csapu00e1gy ku00e9szlet?\",\n      \"acceptedAnswer\": {\n        \"@type\": \"Answer\",\n        \"text\": \"Ez a szett kifejezetten a BW4430 tu00edpusu00fa osztu00f3mu0171vel szerelt Audi modellekhez ku00e9szu00fclt. Javasoljuk az osztu00f3mu0171 adattu00e1blu00e1ju00e1nak ellenu0151rzu00e9su00e9t a pontos azonosu00edtu00e1shoz.\"\n      }\n    },\n    {\n      \"@type\": \"Question\",\n      \"name\": \"Miu00e9rt u00e9rdemes a teljes szettet cseru00e9lni, ha csak egy csapu00e1gy tu0171nik rossznak?\",\n      \"acceptedAnswer\": {\n        \"@type\": \"Answer\",\n        \"text\": \"Az osztu00f3mu0171 megbontu00e1sa magas munkadu00edjjal ju00e1r. Mivel a csapu00e1gyak azonos terhelu00e9snek vannak kitu00e9ve, a teljes szett cseru00e9je gazdasu00e1gosabb u00e9s biztonsu00e1gosabb hosszu00fa tu00e1von.\"\n      }\n    },\n    {\n      \"@type\": \"Question\",\n      \"name\": \"Hu00e1zilag is kicseru00e9lhetu0151 ez az osztu00f3mu0171 csapu00e1gy szett?\",\n      \"acceptedAnswer\": {\n        \"@type\": \"Answer\",\n        \"text\": \"A beszerelu00e9s speciu00e1lis szaku00e9rtelmet u00e9s mu0171helyfelszerelu00e9st (pru00e9s, lehu00fazu00f3) igu00e9nyel, ezu00e9rt otthoni szerelu00e9s helyett szakembert javasolunk.\"\n      }\n    },\n    {\n      \"@type\": \"Question\",\n      \"name\": \"Milyen minu0151su00e9get ku00e9pviselnek a szettben talu00e1lhatu00f3 csapu00e1gyak?\",\n      \"acceptedAnswer\": {\n        \"@type\": \"Answer\",\n        \"text\": \"A ku00e9szletben talu00e1lhatu00f3 alkatru00e9szek OE minu0151su00e9gu0171ek, biztosu00edtva a gyu00e1ri specifiku00e1ciu00f3knak megfelelu0151 tartu00f3ssu00e1got u00e9s precu00edz eru0151u00e1tvitelt.\"\n      }\n    }\n  ]\n}\n<\/script><\/p>","protected":false},"excerpt":{"rendered":"<p>Ezek az oszt\u00f3m\u0171ben tal\u00e1lhat\u00f3 csap\u00e1gyak, biztos\u00edtj\u00e1k a tengelyek al\u00e1t\u00e1maszt\u00e1s\u00e1t \u00e9s a megfelel\u0151 forgat\u00f3nyomat\u00e9k er\u0151\u00e1tvitel\u00e9nek kiegyenes\u00falyozotts\u00e1g\u00e1t. Milyen t\u00fcnetek utalnak a BW4430 oszt\u00f3m\u0171 csap\u00e1gyainak meghib\u00e1sod\u00e1s\u00e1ra? A leggyakoribb &#8230; <\/p>\n<p class=\"read-more-container\"><a title=\"Oszt\u00f3m\u0171 csap\u00e1gy szett (BW4430)\" class=\"read-more button\" href=\"https:\/\/transfercasepartshop.com\/hu\/audi\/bw4430\/osztomu-csapagy-szett-bw4430\/#more-390613\" aria-label=\"Read more about Oszt\u00f3m\u0171 csap\u00e1gy szett (BW4430)\">Tov\u00e1bb<\/a><\/p>","protected":false},"featured_media":410374,"comment_status":"open","ping_status":"closed","template":"","meta":{"_acf_changed":false},"product_brand":[],"product_cat":[74,62],"product_tag":[207,390],"class_list":{"0":"post-390613","1":"product","2":"type-product","3":"status-publish","4":"has-post-thumbnail","6":"product_cat-audi","7":"product_cat-bw4430","8":"product_tag-csapagyak","9":"product_tag-magna-powertrain","10":"infinite-scroll-item","11":"no-featured-image-padding","12":"resize-featured-image","13":"sales-flash-overlay","14":"woocommerce-text-align-center","15":"woocommerce-image-align-center","16":"wc-has-gallery","18":"first","19":"instock","20":"taxable","21":"shipping-taxable","22":"purchasable","23":"product-type-simple"},"acf":{"s-tec_number":"SP01674","oem-ref":"0AQ341010D, 0AQ341010E, 0AQ341010J","tartalom":"A fel\u00faj\u00edt\u00f3 szett tartalmazza az oszt\u00f3m\u0171ben tal\u00e1lhat\u00f3 \u00f6sszes csap\u00e1gyat!","lamella-alert":"","transfer_case_application_v2":["Audi BW4430 2005-2011 Q7"],"transfer_case_application":"","kulso_raktar":1,"google_ads_kep":423461,"gtin":9009381102205},"_links":{"self":[{"href":"https:\/\/transfercasepartshop.com\/hu\/wp-json\/wp\/v2\/product\/390613","targetHints":{"allow":["GET"]}}],"collection":[{"href":"https:\/\/transfercasepartshop.com\/hu\/wp-json\/wp\/v2\/product"}],"about":[{"href":"https:\/\/transfercasepartshop.com\/hu\/wp-json\/wp\/v2\/types\/product"}],"replies":[{"embeddable":true,"href":"https:\/\/transfercasepartshop.com\/hu\/wp-json\/wp\/v2\/comments?post=390613"}],"wp:featuredmedia":[{"embeddable":true,"href":"https:\/\/transfercasepartshop.com\/hu\/wp-json\/wp\/v2\/media\/410374"}],"wp:attachment":[{"href":"https:\/\/transfercasepartshop.com\/hu\/wp-json\/wp\/v2\/media?parent=390613"}],"wp:term":[{"taxonomy":"product_brand","embeddable":true,"href":"https:\/\/transfercasepartshop.com\/hu\/wp-json\/wp\/v2\/product_brand?post=390613"},{"taxonomy":"product_cat","embeddable":true,"href":"https:\/\/transfercasepartshop.com\/hu\/wp-json\/wp\/v2\/product_cat?post=390613"},{"taxonomy":"product_tag","embeddable":true,"href":"https:\/\/transfercasepartshop.com\/hu\/wp-json\/wp\/v2\/product_tag?post=390613"}],"curies":[{"name":"wp","href":"https:\/\/api.w.org\/{rel}","templated":true}]}}