{"id":390611,"date":"2021-11-17T15:04:56","date_gmt":"2021-11-17T14:04:56","guid":{"rendered":"https:\/\/transfercasepartshop.com\/?post_type=product&#038;p=390611"},"modified":"2026-03-23T09:42:39","modified_gmt":"2026-03-23T08:42:39","slug":"zarokor-atc45l-atc45l-hyundai-atc-maserati-atc","status":"publish","type":"product","link":"https:\/\/transfercasepartshop.com\/hu\/bmw\/atc35l\/zarokor-atc45l-atc45l-hyundai-atc-maserati-atc\/","title":{"rendered":"Z\u00e1r\u00f3k\u00f6r (ATC35L, ATC45L, Hyundai ATC)"},"content":{"rendered":"<p>Rozsdamentes ac\u00e9lb\u00f3l kialak\u00edtott alkatr\u00e9sz. Az oszt\u00f3m\u0171ben tal\u00e1lhat\u00f3 t\u00e1vtart\u00f3k \u00e9s t\u0171g\u00f6rg\u0151s csap\u00e1gyak r\u00f6gz\u00edt\u00e9s\u00e9hez haszn\u00e1lhat\u00f3.<\/p>\n<details>\n<summary>Milyen funkci\u00f3t t\u00f6lt be ez a z\u00e1r\u00f3k\u00f6r az oszt\u00f3m\u0171ben?<\/summary>\n<p>Ez a rozsdamentes ac\u00e9lb\u00f3l k\u00e9sz\u00fclt z\u00e1r\u00f3k\u00f6r kritikus szerepet j\u00e1tszik az oszt\u00f3m\u0171 bels\u0151 szerkezet\u00e9ben: a t\u00e1vtart\u00f3k \u00e9s a t\u0171g\u00f6rg\u0151s csap\u00e1gyak pontos \u00e9s stabil r\u00f6gz\u00edt\u00e9s\u00e9\u00e9rt felel, megakad\u00e1lyozva azok elmozdul\u00e1s\u00e1t m\u0171k\u00f6d\u00e9s k\u00f6zben.<\/p>\n<\/details>\n<details>\n<summary>Kompatibilis ez az alkatr\u00e9sz a BMW X5-\u00f6s\u00f6m ATC45L oszt\u00f3m\u0171v\u00e9vel?<\/summary>\n<p>Igen, ez a z\u00e1r\u00f3k\u00f6r kifejezetten a BMW ATC35L \u00e9s ATC45L t\u00edpus\u00fa oszt\u00f3m\u0171vekhez, valamint bizonyos Hyundai ATC rendszerekhez lett tervezve, \u00edgy t\u00f6k\u00e9letesen illeszkedik ezekbe a modellekbe.<\/p>\n<\/details>\n<details>\n<summary>Mi\u00e9rt el\u0151ny\u00f6sebb a rozsdamentes ac\u00e9l kivitel a gy\u00e1rihoz k\u00e9pest?<\/summary>\n<p>A rozsdamentes ac\u00e9l kiv\u00e1l\u00f3 korr\u00f3zi\u00f3\u00e1ll\u00f3s\u00e1got \u00e9s nagy mechanikai szil\u00e1rds\u00e1got biztos\u00edt. Az oszt\u00f3m\u0171ben uralkod\u00f3 magas h\u0151m\u00e9rs\u00e9klet \u00e9s s\u00farl\u00f3d\u00e1s mellett is meg\u0151rzi form\u00e1j\u00e1t, \u00edgy hosszabb \u00e9lettartamot garant\u00e1l a csap\u00e1gyaknak.<\/p>\n<\/details>\n<details>\n<summary>Milyen t\u00fcneteket \u00e9szlelek, ha elkopott a z\u00e1r\u00f3k\u00f6r vagy a t\u00e1vtart\u00f3?<\/summary>\n<p>Ha a r\u00f6gz\u00edt\u00e9s meggyeng\u00fcl, az oszt\u00f3m\u0171 fel\u0151l rendellenes z\u00fag\u00f3 vagy dar\u00e1l\u00f3 hang \u00e9rkezhet, fokozott vibr\u00e1ci\u00f3 l\u00e9phet fel, vagy ak\u00e1r az oszt\u00f3m\u0171 id\u0151 el\u0151tti meghib\u00e1sod\u00e1s\u00e1hoz is vezethet a csap\u00e1gyak f\u00e9lrekop\u00e1sa miatt.<\/p>\n<\/details>\n<details>\n<summary>Otthoni k\u00f6r\u00fclm\u00e9nyek k\u00f6z\u00f6tt is cser\u00e9lhet\u0151 ez az alkatr\u00e9sz?<\/summary>\n<p>A csere az oszt\u00f3m\u0171 sz\u00e9tbont\u00e1s\u00e1t ig\u00e9nyli, amihez speci\u00e1lis szersz\u00e1mok \u00e9s szak\u00e9rtelem sz\u00fcks\u00e9ges. Javasoljuk, hogy a beszerel\u00e9st b\u00edzza aut\u00f3szerel\u0151re vagy oszt\u00f3m\u0171 specialist\u00e1ra a pontos illeszt\u00e9s \u00e9rdek\u00e9ben.<\/p>\n<\/details>\n<p><script type=\"application\/ld+json\">\n{\n  \"@context\": \"https:\/\/schema.org\",\n  \"@type\": \"FAQPage\",\n  \"mainEntity\": [\n    {\n      \"@type\": \"Question\",\n      \"name\": \"Milyen funkciu00f3t tu00f6lt be ez a zu00e1ru00f3ku00f6r az osztu00f3mu0171ben?\",\n      \"acceptedAnswer\": {\n        \"@type\": \"Answer\",\n        \"text\": \"Ez a rozsdamentes acu00e9lbu00f3l ku00e9szu00fclt zu00e1ru00f3ku00f6r kritikus szerepet ju00e1tszik az osztu00f3mu0171 belsu0151 szerkezetu00e9ben: a tu00e1vtartu00f3k u00e9s a tu0171gu00f6rgu0151s csapu00e1gyak pontos u00e9s stabil ru00f6gzu00edtu00e9su00e9u00e9rt felel, megakadu00e1lyozva azok elmozdulu00e1su00e1t mu0171ku00f6du00e9s ku00f6zben.\"\n      }\n    },\n    {\n      \"@type\": \"Question\",\n      \"name\": \"Kompatibilis ez az alkatru00e9sz a BMW X5-u00f6su00f6m ATC45L osztu00f3mu0171vu00e9vel?\",\n      \"acceptedAnswer\": {\n        \"@type\": \"Answer\",\n        \"text\": \"Igen, ez a zu00e1ru00f3ku00f6r kifejezetten a BMW ATC35L u00e9s ATC45L tu00edpusu00fa osztu00f3mu0171vekhez, valamint bizonyos Hyundai ATC rendszerekhez lett tervezve, u00edgy tu00f6ku00e9letesen illeszkedik ezekbe a modellekbe.\"\n      }\n    },\n    {\n      \"@type\": \"Question\",\n      \"name\": \"Miu00e9rt elu0151nyu00f6sebb a rozsdamentes acu00e9l kivitel a gyu00e1rihoz ku00e9pest?\",\n      \"acceptedAnswer\": {\n        \"@type\": \"Answer\",\n        \"text\": \"A rozsdamentes acu00e9l kivu00e1lu00f3 korru00f3ziu00f3u00e1llu00f3su00e1got u00e9s nagy mechanikai szilu00e1rdsu00e1got biztosu00edt. Az osztu00f3mu0171ben uralkodu00f3 magas hu0151mu00e9rsu00e9klet u00e9s su00farlu00f3du00e1s mellett is megu0151rzi formu00e1ju00e1t, u00edgy hosszabb u00e9lettartamot garantu00e1l a csapu00e1gyaknak.\"\n      }\n    },\n    {\n      \"@type\": \"Question\",\n      \"name\": \"Milyen tu00fcneteket u00e9szlelek, ha elkopott a zu00e1ru00f3ku00f6r vagy a tu00e1vtartu00f3?\",\n      \"acceptedAnswer\": {\n        \"@type\": \"Answer\",\n        \"text\": \"Ha a ru00f6gzu00edtu00e9s meggyengu00fcl, az osztu00f3mu0171 felu0151l rendellenes zu00fagu00f3 vagy daru00e1lu00f3 hang u00e9rkezhet, fokozott vibru00e1ciu00f3 lu00e9phet fel, vagy aku00e1r az osztu00f3mu0171 idu0151 elu0151tti meghibu00e1sodu00e1su00e1hoz is vezethet a csapu00e1gyak fu00e9lrekopu00e1sa miatt.\"\n      }\n    },\n    {\n      \"@type\": \"Question\",\n      \"name\": \"Otthoni ku00f6ru00fclmu00e9nyek ku00f6zu00f6tt is cseru00e9lhetu0151 ez az alkatru00e9sz?\",\n      \"acceptedAnswer\": {\n        \"@type\": \"Answer\",\n        \"text\": \"A csere az osztu00f3mu0171 szu00e9tbontu00e1su00e1t igu00e9nyli, amihez speciu00e1lis szerszu00e1mok u00e9s szaku00e9rtelem szu00fcksu00e9ges. Javasoljuk, hogy a beszerelu00e9st bu00edzza autu00f3szerelu0151re vagy osztu00f3mu0171 specialistu00e1ra a pontos illesztu00e9s u00e9rdeku00e9ben.\"\n      }\n    }\n  ]\n}\n<\/script><\/p>","protected":false},"excerpt":{"rendered":"<p>Rozsdamentes ac\u00e9lb\u00f3l kialak\u00edtott alkatr\u00e9sz. Az oszt\u00f3m\u0171ben tal\u00e1lhat\u00f3 t\u00e1vtart\u00f3k \u00e9s t\u0171g\u00f6rg\u0151s csap\u00e1gyak r\u00f6gz\u00edt\u00e9s\u00e9hez haszn\u00e1lhat\u00f3. Milyen funkci\u00f3t t\u00f6lt be ez a z\u00e1r\u00f3k\u00f6r az oszt\u00f3m\u0171ben? Ez a rozsdamentes &#8230; <\/p>\n<p class=\"read-more-container\"><a title=\"Z\u00e1r\u00f3k\u00f6r (ATC35L, ATC45L, Hyundai ATC)\" class=\"read-more button\" href=\"https:\/\/transfercasepartshop.com\/hu\/bmw\/atc35l\/zarokor-atc45l-atc45l-hyundai-atc-maserati-atc\/#more-390611\" aria-label=\"Read more about Z\u00e1r\u00f3k\u00f6r (ATC35L, ATC45L, Hyundai ATC)\">Tov\u00e1bb<\/a><\/p>","protected":false},"featured_media":407782,"comment_status":"open","ping_status":"closed","template":"","meta":{"_acf_changed":false},"product_brand":[],"product_cat":[86,88,90,99],"product_tag":[208,390],"class_list":{"0":"post-390611","1":"product","2":"type-product","3":"status-publish","4":"has-post-thumbnail","6":"product_cat-bmw","7":"product_cat-atc35l","8":"product_cat-atc45l","9":"product_cat-hyundai-atc","10":"product_tag-kuplung-alkatreszei","11":"product_tag-magna-powertrain","12":"infinite-scroll-item","13":"no-featured-image-padding","14":"resize-featured-image","15":"sales-flash-overlay","16":"woocommerce-text-align-center","17":"woocommerce-image-align-center","18":"wc-has-gallery","20":"first","21":"instock","22":"taxable","23":"shipping-taxable","24":"purchasable","25":"product-type-simple"},"acf":{"s-tec_number":"SP01667","oem-ref":"","tartalom":"","lamella-alert":"","transfer_case_application_v2":["BMW ATC35L 2008-2015 7 series F01, F01 LCI, F02 LCI","BMW ATC35L 2009-2015 X1 E84","BMW ATC35L 2010-2016 5 series F10, F10 LCI, F11, F11 LCI, F07 GT, F07 GT LCI","BMW ATC35L 2011-2017 6 series F06, F06 LCI, F12, F12 LCI, F13 F13 LCI","BMW ATC35L 2011-2019 1 series F20, F20 LCI, F21, F21 LCI","BMW ATC35L 2012-2018 3 series F30, F30 LCI, F31, F31 LCI, F34 GT, F34 GT LCI","BMW ATC35L 2013- 4 series F32, F32 LCI, F33, F33 LCI","BMW ATC35L 2014- 2 series F22","BMW ATC45L 2006-2013 X5 E70, E70 LCI","BMW ATC45L 2008-2014 X6 E71, E72 hybrid","BMW ATC45L 2010-2017 X3 F25","BMW ATC45L 2013-2018 X5 F15","BMW ATC45L 2014- X6 M F86","BMW ATC45L 2014-2018 X4 F26","BMW ATC45L 2014-2018 X6 F16","Hyundai ATC 2008- Equus","Hyundai ATC 2008- Genesis DH"],"transfer_case_application":"","kulso_raktar":7,"google_ads_kep":423403,"gtin":9009381074434},"_links":{"self":[{"href":"https:\/\/transfercasepartshop.com\/hu\/wp-json\/wp\/v2\/product\/390611","targetHints":{"allow":["GET"]}}],"collection":[{"href":"https:\/\/transfercasepartshop.com\/hu\/wp-json\/wp\/v2\/product"}],"about":[{"href":"https:\/\/transfercasepartshop.com\/hu\/wp-json\/wp\/v2\/types\/product"}],"replies":[{"embeddable":true,"href":"https:\/\/transfercasepartshop.com\/hu\/wp-json\/wp\/v2\/comments?post=390611"}],"wp:featuredmedia":[{"embeddable":true,"href":"https:\/\/transfercasepartshop.com\/hu\/wp-json\/wp\/v2\/media\/407782"}],"wp:attachment":[{"href":"https:\/\/transfercasepartshop.com\/hu\/wp-json\/wp\/v2\/media?parent=390611"}],"wp:term":[{"taxonomy":"product_brand","embeddable":true,"href":"https:\/\/transfercasepartshop.com\/hu\/wp-json\/wp\/v2\/product_brand?post=390611"},{"taxonomy":"product_cat","embeddable":true,"href":"https:\/\/transfercasepartshop.com\/hu\/wp-json\/wp\/v2\/product_cat?post=390611"},{"taxonomy":"product_tag","embeddable":true,"href":"https:\/\/transfercasepartshop.com\/hu\/wp-json\/wp\/v2\/product_tag?post=390611"}],"curies":[{"name":"wp","href":"https:\/\/api.w.org\/{rel}","templated":true}]}}