{"id":390609,"date":"2021-11-17T15:04:55","date_gmt":"2021-11-17T14:04:55","guid":{"rendered":"https:\/\/transfercasepartshop.com\/?post_type=product&#038;p=390609"},"modified":"2026-04-23T11:32:14","modified_gmt":"2026-04-23T09:32:14","slug":"osztomu-tomites-szett-pl72-atc","status":"publish","type":"product","link":"https:\/\/transfercasepartshop.com\/hu\/porsche\/pl72-atc\/osztomu-tomites-szett-pl72-atc\/","title":{"rendered":"Oszt\u00f3m\u0171 t\u00f6m\u00edt\u00e9s szett (PL72 ATC)"},"content":{"rendered":"<p>Ezek az alkatr\u00e9szek t\u00f6m\u00edtik az oszt\u00f3m\u0171vet. K\u00e9pesek a tengelyek v\u00e9g\u00e9hez r\u00f6gz\u00fclve megakad\u00e1lyozni az olajfoly\u00e1st \u00e9s sziv\u00e1rg\u00e1st.<\/p>\n<div>\n<details>\n<summary>Hogyan vehetem \u00e9szre, ha sziv\u00e1rog a Porsche PL72 ATC oszt\u00f3m\u0171vem?<\/summary>\n<p>A leggyakoribb jel az aut\u00f3 alatt megjelen\u0151 olajfolt, vagy az oszt\u00f3m\u0171 h\u00e1z\u00e1n l\u00e1that\u00f3 nedves, olajsaras lerak\u00f3d\u00e1s. Ha menet k\u00f6zben \u00e9gett olajszagot \u00e9rzel, az is utalhat arra, hogy a sziv\u00e1rg\u00f3 olaj r\u00e1ker\u00fclt a forr\u00f3 kipufog\u00f3rendszerre.<\/p>\n<\/details>\n<details>\n<summary>Mi\u00e9rt kritikus a t\u00f6m\u00edt\u00e9sek cser\u00e9je, ha minim\u00e1lis olajfoly\u00e1st tapasztalok?<\/summary>\n<p>Az oszt\u00f3m\u0171 viszonylag kev\u00e9s olajjal \u00fczemel. M\u00e9g egy lass\u00fa sziv\u00e1rg\u00e1s is kritikus szint al\u00e1 cs\u00f6kkentheti a ken\u0151anyag mennyis\u00e9g\u00e9t, ami a bels\u0151 alkatr\u00e9szek, p\u00e9ld\u00e1ul a l\u00e1nc vagy a lamell\u00e1k id\u0151 el\u0151tti kop\u00e1s\u00e1hoz \u00e9s m\u00e9regdr\u00e1ga meghib\u00e1sod\u00e1shoz vezethet.<\/p>\n<\/details>\n<details>\n<summary>Kompatibilis ez a szett az \u00f6sszes PL72 ATC t\u00edpus\u00fa Porsche oszt\u00f3m\u0171vel?<\/summary>\n<p>Igen, ezt a k\u00e9szletet kifejezetten a PL72 ATC egys\u00e9gekhez tervezt\u00e9k, amelyeket gyakran Porsche modellekben haszn\u00e1lnak. A szett tartalmazza a tengelyv\u00e9gekn\u00e9l sz\u00fcks\u00e9ges kritikus t\u00f6m\u00edt\u00e9seket a sziv\u00e1rg\u00e1smentes z\u00e1r\u00e1s \u00e9rdek\u00e9ben.<\/p>\n<\/details>\n<details>\n<summary>Otthon is ki tudom cser\u00e9lni ezeket a t\u00f6m\u00edt\u00e9seket, vagy szakemberre van sz\u00fcks\u00e9g?<\/summary>\n<p>A csere precizit\u00e1st \u00e9s speci\u00e1lis szersz\u00e1mokat ig\u00e9nyel a tengelyek \u00e9s szimeringek szakszer\u0171 szerel\u00e9s\u00e9hez. Ha nem rendelkezel aut\u00f3mechanikai tapasztalattal \u00e9s megfelel\u0151 emel\u0151vel, javasoljuk, hogy fordulj szakszervizhez a t\u00f6k\u00e9letes illeszked\u00e9s \u00e9rdek\u00e9ben.<\/p>\n<\/details>\n<details>\n<summary>Milyen min\u0151s\u00e9g\u0171ek a szettben tal\u00e1lhat\u00f3 alkatr\u00e9szek a gy\u00e1rihoz k\u00e9pest?<\/summary>\n<p>A t\u00f6m\u00edt\u00e9s szett alkatr\u00e9szei megfelelnek vagy meghaladj\u00e1k a gy\u00e1ri (OEM) specifik\u00e1ci\u00f3kat. Olyan anyagokb\u00f3l k\u00e9sz\u00fclnek, amelyek ellen\u00e1llnak a magas \u00fczemi h\u0151m\u00e9rs\u00e9kletnek \u00e9s az agressz\u00edv hajt\u00f3m\u0171olajoknak, \u00edgy hossz\u00fa t\u00e1v\u00fa megold\u00e1st ny\u00fajtanak.<\/p>\n<\/details>\n<\/div>\n<p><script type=\"application\/ld+json\">\n{\n  \"@context\": \"https:\/\/schema.org\",\n  \"@type\": \"FAQPage\",\n  \"mainEntity\": [\n    {\n      \"@type\": \"Question\",\n      \"name\": \"Hogyan vehetem u00e9szre, ha szivu00e1rog a Porsche PL72 ATC osztu00f3mu0171vem?\",\n      \"acceptedAnswer\": {\n        \"@type\": \"Answer\",\n        \"text\": \"A leggyakoribb jel az autu00f3 alatt megjelenu0151 olajfolt, vagy az osztu00f3mu0171 hu00e1zu00e1n lu00e1thatu00f3 nedves, olajsaras leraku00f3du00e1s. Ha menet ku00f6zben u00e9gett olajszagot u00e9rzel, az is utalhat arra, hogy a szivu00e1rgu00f3 olaj ru00e1keru00fclt a forru00f3 kipufogu00f3rendszerre.\"\n      }\n    },\n    {\n      \"@type\": \"Question\",\n      \"name\": \"Miu00e9rt kritikus a tu00f6mu00edtu00e9sek cseru00e9je, ha minimu00e1lis olajfolyu00e1st tapasztalok?\",\n      \"acceptedAnswer\": {\n        \"@type\": \"Answer\",\n        \"text\": \"Az osztu00f3mu0171 viszonylag kevu00e9s olajjal u00fczemel. Mu00e9g egy lassu00fa szivu00e1rgu00e1s is kritikus szint alu00e1 csu00f6kkentheti a kenu0151anyag mennyisu00e9gu00e9t, ami a belsu0151 alkatru00e9szek, pu00e9ldu00e1ul a lu00e1nc vagy a lamellu00e1k idu0151 elu0151tti kopu00e1su00e1hoz u00e9s mu00e9regdru00e1ga meghibu00e1sodu00e1shoz vezethet.\"\n      }\n    },\n    {\n      \"@type\": \"Question\",\n      \"name\": \"Kompatibilis ez a szett az u00f6sszes PL72 ATC tu00edpusu00fa Porsche osztu00f3mu0171vel?\",\n      \"acceptedAnswer\": {\n        \"@type\": \"Answer\",\n        \"text\": \"Igen, ezt a ku00e9szletet kifejezetten a PL72 ATC egysu00e9gekhez terveztu00e9k, amelyeket gyakran Porsche modellekben hasznu00e1lnak. A szett tartalmazza a tengelyvu00e9geknu00e9l szu00fcksu00e9ges kritikus tu00f6mu00edtu00e9seket a szivu00e1rgu00e1smentes zu00e1ru00e1s u00e9rdeku00e9ben.\"\n      }\n    },\n    {\n      \"@type\": \"Question\",\n      \"name\": \"Otthon is ki tudom cseru00e9lni ezeket a tu00f6mu00edtu00e9seket, vagy szakemberre van szu00fcksu00e9g?\",\n      \"acceptedAnswer\": {\n        \"@type\": \"Answer\",\n        \"text\": \"A csere precizitu00e1st u00e9s speciu00e1lis szerszu00e1mokat igu00e9nyel a tengelyek u00e9s szimeringek szakszeru0171 szerelu00e9su00e9hez. Ha nem rendelkezel autu00f3mechanikai tapasztalattal u00e9s megfelelu0151 emelu0151vel, javasoljuk, hogy fordulj szakszervizhez a tu00f6ku00e9letes illeszkedu00e9s u00e9rdeku00e9ben.\"\n      }\n    },\n    {\n      \"@type\": \"Question\",\n      \"name\": \"Milyen minu0151su00e9gu0171ek a szettben talu00e1lhatu00f3 alkatru00e9szek a gyu00e1rihoz ku00e9pest?\",\n      \"acceptedAnswer\": {\n        \"@type\": \"Answer\",\n        \"text\": \"A tu00f6mu00edtu00e9s szett alkatru00e9szei megfelelnek vagy meghaladju00e1k a gyu00e1ri (OEM) specifiku00e1ciu00f3kat. Olyan anyagokbu00f3l ku00e9szu00fclnek, amelyek ellenu00e1llnak a magas u00fczemi hu0151mu00e9rsu00e9kletnek u00e9s az agresszu00edv hajtu00f3mu0171olajoknak, u00edgy hosszu00fa tu00e1vu00fa megoldu00e1st nyu00fajtanak.\"\n      }\n    }\n  ]\n}\n<\/script><\/p>","protected":false},"excerpt":{"rendered":"<p>Ezek az alkatr\u00e9szek t\u00f6m\u00edtik az oszt\u00f3m\u0171vet. K\u00e9pesek a tengelyek v\u00e9g\u00e9hez r\u00f6gz\u00fclve megakad\u00e1lyozni az olajfoly\u00e1st \u00e9s sziv\u00e1rg\u00e1st. Hogyan vehetem \u00e9szre, ha sziv\u00e1rog a Porsche PL72 ATC &#8230; <\/p>\n<p class=\"read-more-container\"><a title=\"Oszt\u00f3m\u0171 t\u00f6m\u00edt\u00e9s szett (PL72 ATC)\" class=\"read-more button\" href=\"https:\/\/transfercasepartshop.com\/hu\/porsche\/pl72-atc\/osztomu-tomites-szett-pl72-atc\/#more-390609\" aria-label=\"Read more about Oszt\u00f3m\u0171 t\u00f6m\u00edt\u00e9s szett (PL72 ATC)\">Tov\u00e1bb<\/a><\/p>","protected":false},"featured_media":407998,"comment_status":"open","ping_status":"closed","template":"","meta":{"_acf_changed":false},"product_brand":[],"product_cat":[110,114],"product_tag":[209],"class_list":{"0":"post-390609","1":"product","2":"type-product","3":"status-publish","4":"has-post-thumbnail","6":"product_cat-porsche","7":"product_cat-pl72-atc","8":"product_tag-szimeringek-tomitesek","9":"infinite-scroll-item","10":"no-featured-image-padding","11":"resize-featured-image","12":"sales-flash-overlay","13":"woocommerce-text-align-center","14":"woocommerce-image-align-center","15":"wc-has-gallery","17":"first","18":"instock","19":"taxable","20":"shipping-taxable","21":"purchasable","22":"product-type-simple"},"acf":{"s-tec_number":"SP01662","oem-ref":"0C2341010M, 0C2341010P, 0C2341010Q, 0C2341010R, 0C2341010S, 0C2341011_, 0C2341011A, 0C2341011B, 0C2341011C, 0C2341011F, 0C2341011G, 0C2341011H, 0C2341011K, 0C2341011L, 0C2341011M, 0C2341011N, 0C2341011P, 0C2341011Q, 0C2341011R, 0C2341011S, 0C2341011T, 0C2341012F, 0C2341012G, 0C2341012H, 0C2341012J, 0C2341012K, 0C2341012L, 0C2341012M, 0C2341012N, 0C2341013, 0C2341013A, 0C2341013B, 0C2341013C, 0C2341013D, 0C2341013E, 0C2341013F, 0C2341013G, 0C2341013H, 0C2341013J, 0C2341013K, 0C2341013L, 0C2341013M, 0C2341013N, 0C2341013P, 0C2341013Q, 0C2341013R, 0C2341013S, 0C2341013T, 0C2341041, 0C2341041A, 0C2341041B, 0C2341041C, 0C2341041D, 0C2341041J, 0C2341041K, 0C2341041L, 0C2341041M, 4311011, 4311013, 95834101001, 95834101002, 95834101003, 95834101004, 95834101005, 95834101006, 95834101007, 95834101008, 95834101009, 95834101011, 95834101012, 95834101013, 95834101014, 95834101015, 95834101016, 95834101017, 95834101018, 95834101019, 95834101020, 95834101021, 95834101022, 95834101023, 95834101024, 95834101025, 95834101026, 95834101027, 95834101028, 95834101030, 95834101031, 95834101032, 95834101033, 95834101034, 9583410103X, 9583410104X, 9583410105X, 9583410106X, 9583410107X, 9583410108X, 9583410109X, 958341010AX, 958341010BX, 958341010CX, 958341010DX, 958341010EX, 958341010FX, 958341010GX, 958341010HX, 958341010MX, 958341010NX, 958341010PX, 958341010QX, 958341010RX, 958341010SX, 958341011AX, 958341011BX, 958341011CX, 958341011DX, 958341011X, 95834101200, 95834101201, 95834101202, 95834101204, 95834101210, 95834101211, 95834101212, 95834101214, 95834101220, 9583410122X, 958341012AX, 958341012KX, 958341012LX, 958341012MX, 958341012PX, 958341012X, 95834101300, 95834101301, 95834101303, 95834101305, 95834101306, 95834101308, 958341013EX, 958341013FX, 958341013HX, 958341013X","tartalom":"A fel\u00faj\u00edt\u00f3 szett tartalmazza az oszt\u00f3m\u0171ben tal\u00e1lhat\u00f3 \u00f6sszes t\u00f6m\u00edt\u00e9st.","lamella-alert":"","transfer_case_application_v2":["Porsche PL72 ATC 2008- Cayenne"],"transfer_case_application":"","kulso_raktar":10,"google_ads_kep":423401,"gtin":9009381074380},"_links":{"self":[{"href":"https:\/\/transfercasepartshop.com\/hu\/wp-json\/wp\/v2\/product\/390609","targetHints":{"allow":["GET"]}}],"collection":[{"href":"https:\/\/transfercasepartshop.com\/hu\/wp-json\/wp\/v2\/product"}],"about":[{"href":"https:\/\/transfercasepartshop.com\/hu\/wp-json\/wp\/v2\/types\/product"}],"replies":[{"embeddable":true,"href":"https:\/\/transfercasepartshop.com\/hu\/wp-json\/wp\/v2\/comments?post=390609"}],"wp:featuredmedia":[{"embeddable":true,"href":"https:\/\/transfercasepartshop.com\/hu\/wp-json\/wp\/v2\/media\/407998"}],"wp:attachment":[{"href":"https:\/\/transfercasepartshop.com\/hu\/wp-json\/wp\/v2\/media?parent=390609"}],"wp:term":[{"taxonomy":"product_brand","embeddable":true,"href":"https:\/\/transfercasepartshop.com\/hu\/wp-json\/wp\/v2\/product_brand?post=390609"},{"taxonomy":"product_cat","embeddable":true,"href":"https:\/\/transfercasepartshop.com\/hu\/wp-json\/wp\/v2\/product_cat?post=390609"},{"taxonomy":"product_tag","embeddable":true,"href":"https:\/\/transfercasepartshop.com\/hu\/wp-json\/wp\/v2\/product_tag?post=390609"}],"curies":[{"name":"wp","href":"https:\/\/api.w.org\/{rel}","templated":true}]}}