{"id":390608,"date":"2021-11-17T15:04:55","date_gmt":"2021-11-17T14:04:55","guid":{"rendered":"https:\/\/transfercasepartshop.com\/?post_type=product&#038;p=390608"},"modified":"2026-03-23T09:42:34","modified_gmt":"2026-03-23T08:42:34","slug":"osztomu-tengely-kapcsolo-kar-atc35l-atc-45l-hyundai-atc-maserati-atc","status":"publish","type":"product","link":"https:\/\/transfercasepartshop.com\/hu\/bmw\/atc35l\/osztomu-tengely-kapcsolo-kar-atc35l-atc-45l-hyundai-atc-maserati-atc\/","title":{"rendered":"Oszt\u00f3m\u0171 tengely kapcsol\u00f3 kar (ATC35L, ATC45L, Hyundai ATC)"},"content":{"rendered":"<p>A tengely kapcsol\u00f3 kar felel a hi\u00e1nytalan nyomat\u00e9k \u00e1tvitel\u00e9rt \u00e9s a tengelyek id\u0151szakonk\u00e9nti sz\u00e9t illetve \u00f6sszekapcsol\u00e1s\u00e1\u00e9rt.<\/p>\n<section>\n<details>\n<summary>Milyen t\u00fcnetei vannak az ATC35L vagy ATC45L oszt\u00f3m\u0171 kapcsol\u00f3 kar hib\u00e1j\u00e1nak?<\/summary>\n<p>A leggyakoribb jelek k\u00f6z\u00e9 tartozik a gyors\u00edt\u00e1skor \u00e9rezhet\u0151 r\u00e1ngat\u00e1s, a darabos \u00f6sszker\u00e9khajt\u00e1s-kapcsol\u00e1s, vagy a v\u00e1lt\u00f3 al\u00f3l \u00e9rkez\u0151 mechanikus kattog\u00f3 zajok. Ha a kar megkopik, a nyomat\u00e9k\u00e1tvitel szakaszoss\u00e1 v\u00e1lik.<\/p>\n<\/details>\n<details>\n<summary>Pontosan mi a feladata a tengely kapcsol\u00f3 karnak az oszt\u00f3m\u0171ben?<\/summary>\n<p>Ez az alkatr\u00e9sz felel\u0151s a mechanikai kapcsolat l\u00e9trehoz\u00e1s\u00e1\u00e9rt az els\u0151 \u00e9s h\u00e1ts\u00f3 tengelyek k\u00f6z\u00f6tt. Ez mozgatja a lamell\u00e1kat, biztos\u00edtva a tengelyek id\u0151szakos sz\u00e9t- \u00e9s \u00f6sszekapcsol\u00e1s\u00e1t a tapad\u00e1si viszonyoknak megfelel\u0151en.<\/p>\n<\/details>\n<details>\n<summary>Kompatibilis ez az alkatr\u00e9sz a BMW xDrive rendszeremmel?<\/summary>\n<p>Igen, amennyiben az aut\u00f3ja ATC35L vagy ATC45L t\u00edpus\u00fa oszt\u00f3m\u0171vel van szerelve. Ezek jellemz\u0151en a modernebb BMW F-sz\u00e9ri\u00e1s modellekben (pl. F10, F30, F15, F16) \u00e9s bizonyos Hyundai ATC rendszerekben tal\u00e1lhat\u00f3ak meg.<\/p>\n<\/details>\n<details>\n<summary>Mi\u00e9rt megy t\u00f6nkre ez a kapcsol\u00f3 kar?<\/summary>\n<p>A legf\u0151bb ok a term\u00e9szetes mechanikai kop\u00e1s, de a szennyezett vagy el\u00f6regedett oszt\u00f3m\u0171olaj is felgyors\u00edthatja a folyamatot. A ken\u00e9s hi\u00e1nya miatt a kar mozg\u00e1sa neh\u00e9zkess\u00e9 v\u00e1lik, ami v\u00e9g\u00fcl a kapcsol\u00f3 mechanika deform\u00e1ci\u00f3j\u00e1hoz vezet.<\/p>\n<\/details>\n<details>\n<summary>Cser\u00e9lhet\u0151 a kapcsol\u00f3 kar an\u00e9lk\u00fcl, hogy a teljes oszt\u00f3m\u0171vet ki kellene cser\u00e9lnem?<\/summary>\n<p>Igen, az oszt\u00f3m\u0171 fel\u00faj\u00edthat\u00f3. A kapcsol\u00f3 kar cser\u00e9je egy k\u00f6lts\u00e9ghat\u00e9kony megold\u00e1s a teljes egys\u00e9g cser\u00e9j\u00e9hez k\u00e9pest, felt\u00e9ve, hogy a bels\u0151 fogaskerekek \u00e9s a lamell\u00e1k m\u00e9g j\u00f3 \u00e1llapotban vannak.<\/p>\n<\/details>\n<\/section>\n<p><script type=\"application\/ld+json\">\n{\n  \"@context\": \"https:\/\/schema.org\",\n  \"@type\": \"FAQPage\",\n  \"mainEntity\": [\n    {\n      \"@type\": \"Question\",\n      \"name\": \"Milyen tu00fcnetei vannak az ATC35L vagy ATC45L osztu00f3mu0171 kapcsolu00f3 kar hibu00e1ju00e1nak?\",\n      \"acceptedAnswer\": {\n        \"@type\": \"Answer\",\n        \"text\": \"A leggyakoribb jelek ku00f6zu00e9 tartozik a gyorsu00edtu00e1skor u00e9rezhetu0151 ru00e1ngatu00e1s, a darabos u00f6sszkeru00e9khajtu00e1s-kapcsolu00e1s, vagy a vu00e1ltu00f3 alu00f3l u00e9rkezu0151 mechanikus kattogu00f3 zajok. Ha a kar megkopik, a nyomatu00e9ku00e1tvitel szakaszossu00e1 vu00e1lik.\"\n      }\n    },\n    {\n      \"@type\": \"Question\",\n      \"name\": \"Pontosan mi a feladata a tengely kapcsolu00f3 karnak az osztu00f3mu0171ben?\",\n      \"acceptedAnswer\": {\n        \"@type\": \"Answer\",\n        \"text\": \"Ez az alkatru00e9sz felelu0151s a mechanikai kapcsolat lu00e9trehozu00e1su00e1u00e9rt az elsu0151 u00e9s hu00e1tsu00f3 tengelyek ku00f6zu00f6tt. Ez mozgatja a lamellu00e1kat, biztosu00edtva a tengelyek idu0151szakos szu00e9t- u00e9s u00f6sszekapcsolu00e1su00e1t a tapadu00e1si viszonyoknak megfelelu0151en.\"\n      }\n    },\n    {\n      \"@type\": \"Question\",\n      \"name\": \"Kompatibilis ez az alkatru00e9sz a BMW xDrive rendszeremmel?\",\n      \"acceptedAnswer\": {\n        \"@type\": \"Answer\",\n        \"text\": \"Igen, amennyiben az autu00f3ja ATC35L vagy ATC45L tu00edpusu00fa osztu00f3mu0171vel van szerelve. Ezek jellemzu0151en a modernebb BMW F-szu00e9riu00e1s modellekben (pl. F10, F30, F15, F16) u00e9s bizonyos Hyundai ATC rendszerekben talu00e1lhatu00f3ak meg.\"\n      }\n    },\n    {\n      \"@type\": \"Question\",\n      \"name\": \"Miu00e9rt megy tu00f6nkre ez a kapcsolu00f3 kar?\",\n      \"acceptedAnswer\": {\n        \"@type\": \"Answer\",\n        \"text\": \"A legfu0151bb ok a termu00e9szetes mechanikai kopu00e1s, de a szennyezett vagy elu00f6regedett osztu00f3mu0171olaj is felgyorsu00edthatja a folyamatot. A kenu00e9s hiu00e1nya miatt a kar mozgu00e1sa nehu00e9zkessu00e9 vu00e1lik, ami vu00e9gu00fcl a kapcsolu00f3 mechanika deformu00e1ciu00f3ju00e1hoz vezet.\"\n      }\n    },\n    {\n      \"@type\": \"Question\",\n      \"name\": \"Cseru00e9lhetu0151 a kapcsolu00f3 kar anu00e9lku00fcl, hogy a teljes osztu00f3mu0171vet ki kellene cseru00e9lnem?\",\n      \"acceptedAnswer\": {\n        \"@type\": \"Answer\",\n        \"text\": \"Igen, az osztu00f3mu0171 felu00faju00edthatu00f3. A kapcsolu00f3 kar cseru00e9je egy ku00f6ltsu00e9ghatu00e9kony megoldu00e1s a teljes egysu00e9g cseru00e9ju00e9hez ku00e9pest, feltu00e9ve, hogy a belsu0151 fogaskerekek u00e9s a lamellu00e1k mu00e9g ju00f3 u00e1llapotban vannak.\"\n      }\n    }\n  ]\n}\n<\/script><\/p>","protected":false},"excerpt":{"rendered":"<p>A tengely kapcsol\u00f3 kar felel a hi\u00e1nytalan nyomat\u00e9k \u00e1tvitel\u00e9rt \u00e9s a tengelyek id\u0151szakonk\u00e9nti sz\u00e9t illetve \u00f6sszekapcsol\u00e1s\u00e1\u00e9rt. Milyen t\u00fcnetei vannak az ATC35L vagy ATC45L oszt\u00f3m\u0171 kapcsol\u00f3 &#8230; <\/p>\n<p class=\"read-more-container\"><a title=\"Oszt\u00f3m\u0171 tengely kapcsol\u00f3 kar (ATC35L, ATC45L, Hyundai ATC)\" class=\"read-more button\" href=\"https:\/\/transfercasepartshop.com\/hu\/bmw\/atc35l\/osztomu-tengely-kapcsolo-kar-atc35l-atc-45l-hyundai-atc-maserati-atc\/#more-390608\" aria-label=\"Read more about Oszt\u00f3m\u0171 tengely kapcsol\u00f3 kar (ATC35L, ATC45L, Hyundai ATC)\">Tov\u00e1bb<\/a><\/p>","protected":false},"featured_media":407446,"comment_status":"open","ping_status":"closed","template":"","meta":{"_acf_changed":false},"product_brand":[],"product_cat":[86,88,90,99],"product_tag":[208,390],"class_list":{"0":"post-390608","1":"product","2":"type-product","3":"status-publish","4":"has-post-thumbnail","6":"product_cat-bmw","7":"product_cat-atc35l","8":"product_cat-atc45l","9":"product_cat-hyundai-atc","10":"product_tag-kuplung-alkatreszei","11":"product_tag-magna-powertrain","12":"infinite-scroll-item","13":"no-featured-image-padding","14":"resize-featured-image","15":"sales-flash-overlay","16":"woocommerce-text-align-center","17":"woocommerce-image-align-center","18":"wc-has-gallery","20":"first","21":"instock","22":"taxable","23":"shipping-taxable","24":"purchasable","25":"product-type-simple"},"acf":{"s-tec_number":"SP01661","oem-ref":"","tartalom":"","lamella-alert":"","transfer_case_application_v2":["BMW ATC35L 2008-2015 7 series F01, F01 LCI, F02 LCI","BMW ATC35L 2009-2015 X1 E84","BMW ATC35L 2010-2016 5 series F10, F10 LCI, F11, F11 LCI, F07 GT, F07 GT LCI","BMW ATC35L 2011-2017 6 series F06, F06 LCI, F12, F12 LCI, F13 F13 LCI","BMW ATC35L 2011-2019 1 series F20, F20 LCI, F21, F21 LCI","BMW ATC35L 2012-2018 3 series F30, F30 LCI, F31, F31 LCI, F34 GT, F34 GT LCI","BMW ATC35L 2013- 4 series F32, F32 LCI, F33, F33 LCI","BMW ATC35L 2014- 2 series F22","BMW ATC45L 2006-2013 X5 E70, E70 LCI","BMW ATC45L 2008-2014 X6 E71, E72 hybrid","BMW ATC45L 2010-2017 X3 F25","BMW ATC45L 2013-2018 X5 F15","BMW ATC45L 2014- X6 M F86","BMW ATC45L 2014-2018 X4 F26","BMW ATC45L 2014-2018 X6 F16","Hyundai ATC 2008- Equus","Hyundai ATC 2008- Genesis DH"],"transfer_case_application":"","kulso_raktar":1,"google_ads_kep":423399,"gtin":9009381074373},"_links":{"self":[{"href":"https:\/\/transfercasepartshop.com\/hu\/wp-json\/wp\/v2\/product\/390608","targetHints":{"allow":["GET"]}}],"collection":[{"href":"https:\/\/transfercasepartshop.com\/hu\/wp-json\/wp\/v2\/product"}],"about":[{"href":"https:\/\/transfercasepartshop.com\/hu\/wp-json\/wp\/v2\/types\/product"}],"replies":[{"embeddable":true,"href":"https:\/\/transfercasepartshop.com\/hu\/wp-json\/wp\/v2\/comments?post=390608"}],"wp:featuredmedia":[{"embeddable":true,"href":"https:\/\/transfercasepartshop.com\/hu\/wp-json\/wp\/v2\/media\/407446"}],"wp:attachment":[{"href":"https:\/\/transfercasepartshop.com\/hu\/wp-json\/wp\/v2\/media?parent=390608"}],"wp:term":[{"taxonomy":"product_brand","embeddable":true,"href":"https:\/\/transfercasepartshop.com\/hu\/wp-json\/wp\/v2\/product_brand?post=390608"},{"taxonomy":"product_cat","embeddable":true,"href":"https:\/\/transfercasepartshop.com\/hu\/wp-json\/wp\/v2\/product_cat?post=390608"},{"taxonomy":"product_tag","embeddable":true,"href":"https:\/\/transfercasepartshop.com\/hu\/wp-json\/wp\/v2\/product_tag?post=390608"}],"curies":[{"name":"wp","href":"https:\/\/api.w.org\/{rel}","templated":true}]}}