{"id":390607,"date":"2021-11-17T15:04:55","date_gmt":"2021-11-17T14:04:55","guid":{"rendered":"https:\/\/transfercasepartshop.com\/?post_type=product&#038;p=390607"},"modified":"2026-04-23T11:32:46","modified_gmt":"2026-04-23T09:32:46","slug":"osztomu-csapagy-szett-pl72-atc","status":"publish","type":"product","link":"https:\/\/transfercasepartshop.com\/hu\/porsche\/pl72-atc\/osztomu-csapagy-szett-pl72-atc\/","title":{"rendered":"Oszt\u00f3m\u0171 csap\u00e1gy szett (PL72 ATC)"},"content":{"rendered":"<p>Ezek az oszt\u00f3m\u0171ben tal\u00e1lhat\u00f3 csap\u00e1gyak, biztos\u00edtj\u00e1k a tengelyek al\u00e1t\u00e1maszt\u00e1s\u00e1t \u00e9s a megfelel\u0151 forgat\u00f3nyomat\u00e9k er\u0151\u00e1tvitel\u00e9nek kiegyenes\u00falyozotts\u00e1g\u00e1t.<\/p>\n<div>\n<details>\n<summary>Milyen t\u00fcnetek utalnak a Porsche PL72 ATC oszt\u00f3m\u0171 csap\u00e1gyainak meghib\u00e1sod\u00e1s\u00e1ra?<\/summary>\n<p>A leggyakoribb jelek k\u00f6z\u00e9 tartozik a k\u00f6z\u00e9pkonzol fel\u0151l \u00e9rkez\u0151 b\u00fag\u00f3, morg\u00f3 vagy f\u00fcty\u00fcl\u0151 hang, amely a sebess\u00e9g n\u00f6vel\u00e9s\u00e9vel er\u0151s\u00f6dik. Emellett vibr\u00e1ci\u00f3 jelentkezhet gyors\u00edt\u00e1skor, vagy bizonytalann\u00e1 v\u00e1lhat a nyomat\u00e9keloszt\u00e1s, ami r\u00e1ngat\u00f3 \u00e9rz\u00e9st kelthet az aut\u00f3ban.<\/p>\n<\/details>\n<details>\n<summary>Kompatibilis ez a k\u00e9szlet az \u00e9n aut\u00f3mhoz?<\/summary>\n<p>Ez a szett kifejezetten a Porsche modellekben haszn\u00e1lt PL72 ATC t\u00edpus\u00fa oszt\u00f3m\u0171vekhez k\u00e9sz\u00fclt. Jellemz\u0151en a Porsche Cayenne bizonyos sz\u00e9ri\u00e1iban tal\u00e1lhat\u00f3 meg ez az egys\u00e9g. Ha nem biztos a dolg\u00e1ban, ellen\u0151rizze az oszt\u00f3m\u0171v\u00f6n tal\u00e1lhat\u00f3 t\u00edpust\u00e1bl\u00e1t.<\/p>\n<\/details>\n<details>\n<summary>Mi\u00e9rt \u00e9rdemes teljes szettet venni egyetlen csap\u00e1gy cser\u00e9je helyett?<\/summary>\n<p>Az oszt\u00f3m\u0171 megbont\u00e1sa munkaig\u00e9nyes folyamat. Ha egy csap\u00e1gy elhaszn\u00e1l\u00f3dott, a t\u00f6bbi is hasonl\u00f3 terhel\u00e9st kapott, \u00e9s val\u00f3sz\u00edn\u0171leg hamarosan azok is t\u00f6nkremennek. A teljes szett cser\u00e9j\u00e9vel hossz\u00fa t\u00e1vra biztos\u00edthatja a mechanika stabilit\u00e1s\u00e1t \u00e9s elker\u00fclheti a dupla munkak\u00f6lts\u00e9get.<\/p>\n<\/details>\n<details>\n<summary>Sz\u00fcks\u00e9gem van speci\u00e1lis szersz\u00e1mokra a beszerel\u00e9shez?<\/summary>\n<p>Igen, a csap\u00e1gyak cser\u00e9j\u00e9hez professzion\u00e1lis pr\u00e9sszersz\u00e1mokra \u00e9s leh\u00faz\u00f3kra van sz\u00fcks\u00e9g. A PL72 ATC oszt\u00f3m\u0171 prec\u00edzi\u00f3s m\u0171szer, \u00edgy a beszerel\u00e9st javasolt szakm\u0171helyre b\u00edzni a tengelyek pontos illeszt\u00e9se \u00e9rdek\u00e9ben.<\/p>\n<\/details>\n<details>\n<summary>Milyen min\u0151s\u00e9get k\u00e9pvisel ez a csap\u00e1gy szett a gy\u00e1rihoz k\u00e9pest?<\/summary>\n<p>A k\u00e9szletben tal\u00e1lhat\u00f3 csap\u00e1gyak megfelelnek vagy meghaladj\u00e1k a gy\u00e1ri (OEM) specifik\u00e1ci\u00f3kat, biztos\u00edtva a megfelel\u0151 teherb\u00edr\u00e1st \u00e9s a vibr\u00e1ci\u00f3mentes forgat\u00f3nyomat\u00e9k-\u00e1tvitelt a Porsche hajt\u00e1sl\u00e1nc\u00e1ban.<\/p>\n<\/details>\n<\/div>\n<p><script type=\"application\/ld+json\">\n{\n  \"@context\": \"https:\/\/schema.org\",\n  \"@type\": \"FAQPage\",\n  \"mainEntity\": [\n    {\n      \"@type\": \"Question\",\n      \"name\": \"Milyen tu00fcnetek utalnak a Porsche PL72 ATC osztu00f3mu0171 csapu00e1gyainak meghibu00e1sodu00e1su00e1ra?\",\n      \"acceptedAnswer\": {\n        \"@type\": \"Answer\",\n        \"text\": \"A leggyakoribb jelek ku00f6zu00e9 tartozik a ku00f6zu00e9pkonzol felu0151l u00e9rkezu0151 bu00fagu00f3, morgu00f3 vagy fu00fctyu00fclu0151 hang, amely a sebessu00e9g nu00f6velu00e9su00e9vel eru0151su00f6dik. Emellett vibru00e1ciu00f3 jelentkezhet gyorsu00edtu00e1skor, vagy bizonytalannu00e1 vu00e1lhat a nyomatu00e9kelosztu00e1s.\"\n      }\n    },\n    {\n      \"@type\": \"Question\",\n      \"name\": \"Kompatibilis ez a ku00e9szlet az u00e9n autu00f3mhoz?\",\n      \"acceptedAnswer\": {\n        \"@type\": \"Answer\",\n        \"text\": \"Ez a szett kifejezetten a Porsche modellekben hasznu00e1lt PL72 ATC tu00edpusu00fa osztu00f3mu0171vekhez ku00e9szu00fclt, melyek leggyakrabban a Porsche Cayenne szu00e9riu00e1kban fordulnak elu0151.\"\n      }\n    },\n    {\n      \"@type\": \"Question\",\n      \"name\": \"Miu00e9rt u00e9rdemes teljes szettet venni egyetlen csapu00e1gy cseru00e9je helyett?\",\n      \"acceptedAnswer\": {\n        \"@type\": \"Answer\",\n        \"text\": \"Az osztu00f3mu0171 megbontu00e1sa magas munkaku00f6ltsu00e9ggel ju00e1r. A teljes szett cseru00e9je garantu00e1lja, hogy ne kelljen ru00f6vid idu0151n belu00fcl u00fajra szu00e9tszedni az egysu00e9get egy mu00e1sik elhasznu00e1lu00f3dott alkatru00e9sz miatt.\"\n      }\n    },\n    {\n      \"@type\": \"Question\",\n      \"name\": \"Szu00fcksu00e9gem van speciu00e1lis szerszu00e1mokra a beszerelu00e9shez?\",\n      \"acceptedAnswer\": {\n        \"@type\": \"Answer\",\n        \"text\": \"Igen, a csapu00e1gyak szakszeru0171 cseru00e9ju00e9hez pru00e9sszerszu00e1mok szu00fcksu00e9gesek. A pontos illesztu00e9s kritikus a tengelyek alu00e1tu00e1masztu00e1sa u00e9s az u00e9lettartam szempontju00e1bu00f3l.\"\n      }\n    },\n    {\n      \"@type\": \"Question\",\n      \"name\": \"Milyen minu0151su00e9get ku00e9pvisel ez a csapu00e1gy szett a gyu00e1rihoz ku00e9pest?\",\n      \"acceptedAnswer\": {\n        \"@type\": \"Answer\",\n        \"text\": \"A ku00e9szlet elemei megfelelnek az OEM elu0151u00edru00e1soknak, biztosu00edtva a gyu00e1ri futu00e1steljesu00edtmu00e9nyt u00e9s a precu00edz eru0151u00e1tvitelt a hajtu00e1slu00e1ncban.\"\n      }\n    }\n  ]\n}\n<\/script><\/p>","protected":false},"excerpt":{"rendered":"<p>Ezek az oszt\u00f3m\u0171ben tal\u00e1lhat\u00f3 csap\u00e1gyak, biztos\u00edtj\u00e1k a tengelyek al\u00e1t\u00e1maszt\u00e1s\u00e1t \u00e9s a megfelel\u0151 forgat\u00f3nyomat\u00e9k er\u0151\u00e1tvitel\u00e9nek kiegyenes\u00falyozotts\u00e1g\u00e1t. Milyen t\u00fcnetek utalnak a Porsche PL72 ATC oszt\u00f3m\u0171 csap\u00e1gyainak meghib\u00e1sod\u00e1s\u00e1ra? &#8230; <\/p>\n<p class=\"read-more-container\"><a title=\"Oszt\u00f3m\u0171 csap\u00e1gy szett (PL72 ATC)\" class=\"read-more button\" href=\"https:\/\/transfercasepartshop.com\/hu\/porsche\/pl72-atc\/osztomu-csapagy-szett-pl72-atc\/#more-390607\" aria-label=\"Read more about Oszt\u00f3m\u0171 csap\u00e1gy szett (PL72 ATC)\">Tov\u00e1bb<\/a><\/p>","protected":false},"featured_media":407350,"comment_status":"open","ping_status":"closed","template":"","meta":{"_acf_changed":false},"product_brand":[],"product_cat":[110,114],"product_tag":[207,390],"class_list":{"0":"post-390607","1":"product","2":"type-product","3":"status-publish","4":"has-post-thumbnail","6":"product_cat-porsche","7":"product_cat-pl72-atc","8":"product_tag-csapagyak","9":"product_tag-magna-powertrain","10":"infinite-scroll-item","11":"no-featured-image-padding","12":"resize-featured-image","13":"sales-flash-overlay","14":"woocommerce-text-align-center","15":"woocommerce-image-align-center","16":"wc-has-gallery","18":"first","19":"instock","20":"taxable","21":"shipping-taxable","22":"purchasable","23":"product-type-simple"},"acf":{"s-tec_number":"SP01660","oem-ref":"0C2341010M, 0C2341010P, 0C2341010Q, 0C2341010R, 0C2341010S, 0C2341011_, 0C2341011A, 0C2341011B, 0C2341011C, 0C2341011F, 0C2341011G, 0C2341011H, 0C2341011K, 0C2341011L, 0C2341011M, 0C2341011N, 0C2341011P, 0C2341011Q, 0C2341011R, 0C2341011S, 0C2341011T, 0C2341012F, 0C2341012G, 0C2341012H, 0C2341012J, 0C2341012K, 0C2341012L, 0C2341012M, 0C2341012N, 0C2341013, 0C2341013A, 0C2341013B, 0C2341013C, 0C2341013D, 0C2341013E, 0C2341013F, 0C2341013G, 0C2341013H, 0C2341013J, 0C2341013K, 0C2341013L, 0C2341013M, 0C2341013N, 0C2341013P, 0C2341013Q, 0C2341013R, 0C2341013S, 0C2341013T, 0C2341041, 0C2341041A, 0C2341041B, 0C2341041C, 0C2341041D, 0C2341041J, 0C2341041K, 0C2341041L, 0C2341041M, 4311011, 4311013, 95834101001, 95834101002, 95834101003, 95834101004, 95834101005, 95834101006, 95834101007, 95834101008, 95834101009, 95834101011, 95834101012, 95834101013, 95834101014, 95834101015, 95834101016, 95834101017, 95834101018, 95834101019, 95834101020, 95834101021, 95834101022, 95834101023, 95834101024, 95834101025, 95834101026, 95834101027, 95834101028, 95834101030, 95834101031, 95834101032, 95834101033, 95834101034, 9583410103X, 9583410104X, 9583410105X, 9583410106X, 9583410107X, 9583410108X, 9583410109X, 958341010AX, 958341010BX, 958341010CX, 958341010DX, 958341010EX, 958341010FX, 958341010GX, 958341010HX, 958341010MX, 958341010NX, 958341010PX, 958341010QX, 958341010RX, 958341010SX, 958341011AX, 958341011BX, 958341011CX, 958341011DX, 958341011X, 95834101200, 95834101201, 95834101202, 95834101204, 95834101210, 95834101211, 95834101212, 95834101214, 95834101220, 9583410122X, 958341012AX, 958341012KX, 958341012LX, 958341012MX, 958341012PX, 958341012X, 95834101300, 95834101301, 95834101303, 95834101305, 95834101306, 95834101308, 958341013EX, 958341013FX, 958341013HX, 958341013X","tartalom":"A fel\u00faj\u00edt\u00f3 szett tartalmazza az oszt\u00f3m\u0171ben tal\u00e1lhat\u00f3 \u00f6sszes csap\u00e1gyat!","lamella-alert":"","transfer_case_application_v2":["Porsche PL72 ATC 2008- Cayenne"],"transfer_case_application":"","kulso_raktar":8,"google_ads_kep":423397,"gtin":9009381074366},"_links":{"self":[{"href":"https:\/\/transfercasepartshop.com\/hu\/wp-json\/wp\/v2\/product\/390607","targetHints":{"allow":["GET"]}}],"collection":[{"href":"https:\/\/transfercasepartshop.com\/hu\/wp-json\/wp\/v2\/product"}],"about":[{"href":"https:\/\/transfercasepartshop.com\/hu\/wp-json\/wp\/v2\/types\/product"}],"replies":[{"embeddable":true,"href":"https:\/\/transfercasepartshop.com\/hu\/wp-json\/wp\/v2\/comments?post=390607"}],"wp:featuredmedia":[{"embeddable":true,"href":"https:\/\/transfercasepartshop.com\/hu\/wp-json\/wp\/v2\/media\/407350"}],"wp:attachment":[{"href":"https:\/\/transfercasepartshop.com\/hu\/wp-json\/wp\/v2\/media?parent=390607"}],"wp:term":[{"taxonomy":"product_brand","embeddable":true,"href":"https:\/\/transfercasepartshop.com\/hu\/wp-json\/wp\/v2\/product_brand?post=390607"},{"taxonomy":"product_cat","embeddable":true,"href":"https:\/\/transfercasepartshop.com\/hu\/wp-json\/wp\/v2\/product_cat?post=390607"},{"taxonomy":"product_tag","embeddable":true,"href":"https:\/\/transfercasepartshop.com\/hu\/wp-json\/wp\/v2\/product_tag?post=390607"}],"curies":[{"name":"wp","href":"https:\/\/api.w.org\/{rel}","templated":true}]}}