{"id":390606,"date":"2021-11-17T15:04:54","date_gmt":"2021-11-17T14:04:54","guid":{"rendered":"https:\/\/transfercasepartshop.com\/?post_type=product&#038;p=390606"},"modified":"2026-03-23T09:42:30","modified_gmt":"2026-03-23T08:42:30","slug":"osztomu-tengely-kapcsolo-kar-atc35l-atc45l-hyundaiatc-maserati-atc","status":"publish","type":"product","link":"https:\/\/transfercasepartshop.com\/hu\/bmw\/atc35l\/osztomu-tengely-kapcsolo-kar-atc35l-atc45l-hyundaiatc-maserati-atc\/","title":{"rendered":"Oszt\u00f3m\u0171 tengely kapcsol\u00f3 kar (ATC35L, ATC45L, Hyundai ATC)"},"content":{"rendered":"<p>A tengely kapcsol\u00f3 kar felel a hi\u00e1nytalan nyomat\u00e9k \u00e1tvitel\u00e9rt \u00e9s a tengelyek id\u0151szakonk\u00e9nti sz\u00e9t illetve \u00f6sszekapcsol\u00e1s\u00e1\u00e9rt.<\/p>\n<div class=\"faq-section\">\n<details>\n<summary>Milyen t\u00fcnetek utalnak az oszt\u00f3m\u0171 kapcsol\u00f3 kar meghib\u00e1sod\u00e1s\u00e1ra?<\/summary>\n<p>A leggyakoribb jelek k\u00f6z\u00e9 tartozik a r\u00e1ngat\u00e1s gyors\u00edt\u00e1skor, a neh\u00e9zkes v\u00e1lt\u00e1s az \u00f6sszker\u00e9khajt\u00e1s \u00e9s a h\u00e1ts\u00f3ker\u00e9k-hajt\u00e1s k\u00f6z\u00f6tt, vagy az oszt\u00f3m\u0171b\u0151l \u00e9rkez\u0151 f\u00e9mes kattog\u00f3 hangok. Ha a kar elkopik, nem tudja megfelel\u0151en z\u00e1rni vagy nyitni a tengelykapcsolatot.<\/p>\n<\/details>\n<details>\n<summary>J\u00f3 lesz ez a kapcsol\u00f3 kar az \u00e9n BMW X5-\u00f6s\u00f6mh\u00f6z?<\/summary>\n<p>Ez a konkr\u00e9t alkatr\u00e9sz az ATC35L \u00e9s ATC45L t\u00edpus\u00fa oszt\u00f3m\u0171vekkel kompatibilis, amelyek sz\u00e1mos BMW F-sz\u00e9ri\u00e1s modellben (p\u00e9ld\u00e1ul X3, X5, X6) megtal\u00e1lhat\u00f3ak, valamint bizonyos Hyundai ATC rendszerekben. K\u00e9rj\u00fck, ellen\u0151rizze az oszt\u00f3m\u0171 t\u00edpust\u00e1bl\u00e1j\u00e1t a pontos egyez\u00e9s\u00e9rt.<\/p>\n<\/details>\n<details>\n<summary>Mi a pontos feladata ennek az alkatr\u00e9sznek az oszt\u00f3m\u0171ben?<\/summary>\n<p>A tengely kapcsol\u00f3 kar a mechanikus sz\u00edv\u00e9t k\u00e9pezi a rendszernek: ez felel a nyomat\u00e9k hi\u00e1nytalan \u00e1tvitel\u00e9\u00e9rt, valamint a tengelyek (els\u0151 \u00e9s h\u00e1ts\u00f3) id\u0151szakonk\u00e9nti sz\u00e9t- illetve \u00f6sszekapcsol\u00e1s\u00e1\u00e9rt a vez\u00e9rl\u00e9s ig\u00e9nyei szerint.<\/p>\n<\/details>\n<details>\n<summary>Kell-e speci\u00e1lis szersz\u00e1m a kapcsol\u00f3 kar cser\u00e9j\u00e9hez?<\/summary>\n<p>Igen, az oszt\u00f3m\u0171 sz\u00e9tszerel\u00e9se komoly szak\u00e9rtelmet \u00e9s speci\u00e1lis leh\u00faz\u00f3kat, illetve r\u00f6gz\u00edt\u0151 szersz\u00e1mokat ig\u00e9nyel. A csere ut\u00e1n javasolt az oszt\u00f3m\u0171 kalibr\u00e1l\u00e1sa diagnosztikai eszk\u00f6zzel, hogy a rendszer felismerje az \u00faj alkatr\u00e9sz v\u00e9gpontjait.<\/p>\n<\/details>\n<details>\n<summary>Mi\u00e9rt \u00e9rdemes ezt a kart v\u00e1lasztani a gy\u00e1ri helyett?<\/summary>\n<p>Ez az alkatr\u00e9sz nagy szil\u00e1rds\u00e1g\u00fa anyagb\u00f3l k\u00e9sz\u00fcl, amely ellen\u00e1ll a folyamatos mechanikai ig\u00e9nybev\u00e9telnek. Kiv\u00e1l\u00f3 \u00e1r-\u00e9rt\u00e9k ar\u00e1ny\u00fa alternat\u00edva, amely megegyezik a gy\u00e1ri specifik\u00e1ci\u00f3kkal, \u00edgy hossz\u00fa t\u00e1v\u00fa megold\u00e1st ny\u00fajt a hajt\u00e1sl\u00e1nc probl\u00e9m\u00e1ira.<\/p>\n<\/details>\n<\/div>\n<p><script type=\"application\/ld+json\">\n{\n  \"@context\": \"https:\/\/schema.org\",\n  \"@type\": \"FAQPage\",\n  \"mainEntity\": [\n    {\n      \"@type\": \"Question\",\n      \"name\": \"Milyen tu00fcnetek utalnak az osztu00f3mu0171 kapcsolu00f3 kar meghibu00e1sodu00e1su00e1ra?\",\n      \"acceptedAnswer\": {\n        \"@type\": \"Answer\",\n        \"text\": \"A leggyakoribb jelek ku00f6zu00e9 tartozik a ru00e1ngatu00e1s gyorsu00edtu00e1skor, a nehu00e9zkes vu00e1ltu00e1s az u00f6sszkeru00e9khajtu00e1s u00e9s a hu00e1tsu00f3keru00e9k-hajtu00e1s ku00f6zu00f6tt, vagy az osztu00f3mu0171bu0151l u00e9rkezu0151 fu00e9mes kattogu00f3 hangok.\"\n      }\n    },\n    {\n      \"@type\": \"Question\",\n      \"name\": \"Ju00f3 lesz ez a kapcsolu00f3 kar az u00e9n BMW X5-u00f6su00f6mhu00f6z?\",\n      \"acceptedAnswer\": {\n        \"@type\": \"Answer\",\n        \"text\": \"Ez a konkru00e9t alkatru00e9sz az ATC35L u00e9s ATC45L tu00edpusu00fa osztu00f3mu0171vekkel kompatibilis, amelyek szu00e1mos BMW F-szu00e9riu00e1s modellben megtalu00e1lhatu00f3ak, valamint bizonyos Hyundai ATC rendszerekben.\"\n      }\n    },\n    {\n      \"@type\": \"Question\",\n      \"name\": \"Mi a pontos feladata ennek az alkatru00e9sznek az osztu00f3mu0171ben?\",\n      \"acceptedAnswer\": {\n        \"@type\": \"Answer\",\n        \"text\": \"A tengely kapcsolu00f3 kar felel a nyomatu00e9k hiu00e1nytalan u00e1tvitelu00e9u00e9rt, valamint a tengelyek (elsu0151 u00e9s hu00e1tsu00f3) idu0151szakonku00e9nti szu00e9t- illetve u00f6sszekapcsolu00e1su00e1u00e9rt.\"\n      }\n    },\n    {\n      \"@type\": \"Question\",\n      \"name\": \"Kell-e speciu00e1lis szerszu00e1m a kapcsolu00f3 kar cseru00e9ju00e9hez?\",\n      \"acceptedAnswer\": {\n        \"@type\": \"Answer\",\n        \"text\": \"Igen, az osztu00f3mu0171 szu00e9tszerelu00e9se komoly szaku00e9rtelmet igu00e9nyel. A csere utu00e1n javasolt az osztu00f3mu0171 szoftveres kalibru00e1lu00e1sa is.\"\n      }\n    },\n    {\n      \"@type\": \"Question\",\n      \"name\": \"Miu00e9rt u00e9rdemes ezt a kart vu00e1lasztani a gyu00e1ri helyett?\",\n      \"acceptedAnswer\": {\n        \"@type\": \"Answer\",\n        \"text\": \"Nagy szilu00e1rdsu00e1gu00fa anyagbu00f3l ku00e9szu00fcl, ellenu00e1ll a mechanikai igu00e9nybevu00e9telnek, u00e9s kivu00e1lu00f3 u00e1r-u00e9rtu00e9k aru00e1nyu00fa alternatu00edvu00e1t nyu00fajt a gyu00e1ri alkatru00e9sszel szemben.\"\n      }\n    }\n  ]\n}\n<\/script><\/p>","protected":false},"excerpt":{"rendered":"<p>A tengely kapcsol\u00f3 kar felel a hi\u00e1nytalan nyomat\u00e9k \u00e1tvitel\u00e9rt \u00e9s a tengelyek id\u0151szakonk\u00e9nti sz\u00e9t illetve \u00f6sszekapcsol\u00e1s\u00e1\u00e9rt. Milyen t\u00fcnetek utalnak az oszt\u00f3m\u0171 kapcsol\u00f3 kar meghib\u00e1sod\u00e1s\u00e1ra? A &#8230; <\/p>\n<p class=\"read-more-container\"><a title=\"Oszt\u00f3m\u0171 tengely kapcsol\u00f3 kar (ATC35L, ATC45L, Hyundai ATC)\" class=\"read-more button\" href=\"https:\/\/transfercasepartshop.com\/hu\/bmw\/atc35l\/osztomu-tengely-kapcsolo-kar-atc35l-atc45l-hyundaiatc-maserati-atc\/#more-390606\" aria-label=\"Read more about Oszt\u00f3m\u0171 tengely kapcsol\u00f3 kar (ATC35L, ATC45L, Hyundai ATC)\">Tov\u00e1bb<\/a><\/p>","protected":false},"featured_media":407134,"comment_status":"open","ping_status":"closed","template":"","meta":{"_acf_changed":false},"product_brand":[],"product_cat":[86,88,90,99],"product_tag":[208,390],"class_list":{"0":"post-390606","1":"product","2":"type-product","3":"status-publish","4":"has-post-thumbnail","6":"product_cat-bmw","7":"product_cat-atc35l","8":"product_cat-atc45l","9":"product_cat-hyundai-atc","10":"product_tag-kuplung-alkatreszei","11":"product_tag-magna-powertrain","12":"infinite-scroll-item","13":"no-featured-image-padding","14":"resize-featured-image","15":"sales-flash-overlay","16":"woocommerce-text-align-center","17":"woocommerce-image-align-center","18":"wc-has-gallery","20":"first","21":"instock","22":"taxable","23":"shipping-taxable","24":"purchasable","25":"product-type-simple"},"acf":{"s-tec_number":"SP01659","oem-ref":"","tartalom":"","lamella-alert":"","transfer_case_application_v2":["BMW ATC35L 2008-2015 7 series F01, F01 LCI, F02 LCI","BMW ATC35L 2009-2015 X1 E84","BMW ATC35L 2010-2016 5 series F10, F10 LCI, F11, F11 LCI, F07 GT, F07 GT LCI","BMW ATC35L 2011-2017 6 series F06, F06 LCI, F12, F12 LCI, F13 F13 LCI","BMW ATC35L 2011-2019 1 series F20, F20 LCI, F21, F21 LCI","BMW ATC35L 2012-2018 3 series F30, F30 LCI, F31, F31 LCI, F34 GT, F34 GT LCI","BMW ATC35L 2013- 4 series F32, F32 LCI, F33, F33 LCI","BMW ATC35L 2014- 2 series F22","BMW ATC45L 2006-2013 X5 E70, E70 LCI","BMW ATC45L 2008-2014 X6 E71, E72 hybrid","BMW ATC45L 2010-2017 X3 F25","BMW ATC45L 2013-2018 X5 F15","BMW ATC45L 2014- X6 M F86","BMW ATC45L 2014-2018 X4 F26","BMW ATC45L 2014-2018 X6 F16","Hyundai ATC 2008- Genesis DH"],"transfer_case_application":"","kulso_raktar":1,"google_ads_kep":423395,"gtin":9009381074359},"_links":{"self":[{"href":"https:\/\/transfercasepartshop.com\/hu\/wp-json\/wp\/v2\/product\/390606","targetHints":{"allow":["GET"]}}],"collection":[{"href":"https:\/\/transfercasepartshop.com\/hu\/wp-json\/wp\/v2\/product"}],"about":[{"href":"https:\/\/transfercasepartshop.com\/hu\/wp-json\/wp\/v2\/types\/product"}],"replies":[{"embeddable":true,"href":"https:\/\/transfercasepartshop.com\/hu\/wp-json\/wp\/v2\/comments?post=390606"}],"wp:featuredmedia":[{"embeddable":true,"href":"https:\/\/transfercasepartshop.com\/hu\/wp-json\/wp\/v2\/media\/407134"}],"wp:attachment":[{"href":"https:\/\/transfercasepartshop.com\/hu\/wp-json\/wp\/v2\/media?parent=390606"}],"wp:term":[{"taxonomy":"product_brand","embeddable":true,"href":"https:\/\/transfercasepartshop.com\/hu\/wp-json\/wp\/v2\/product_brand?post=390606"},{"taxonomy":"product_cat","embeddable":true,"href":"https:\/\/transfercasepartshop.com\/hu\/wp-json\/wp\/v2\/product_cat?post=390606"},{"taxonomy":"product_tag","embeddable":true,"href":"https:\/\/transfercasepartshop.com\/hu\/wp-json\/wp\/v2\/product_tag?post=390606"}],"curies":[{"name":"wp","href":"https:\/\/api.w.org\/{rel}","templated":true}]}}