{"id":390605,"date":"2021-11-17T15:04:53","date_gmt":"2021-11-17T14:04:53","guid":{"rendered":"https:\/\/transfercasepartshop.com\/?post_type=product&#038;p=390605"},"modified":"2026-03-23T09:42:29","modified_gmt":"2026-03-23T08:42:29","slug":"osztomu-csapagy-szett-dsc-amg","status":"publish","type":"product","link":"https:\/\/transfercasepartshop.com\/hu\/mercedes-benz\/dcs-amg\/osztomu-csapagy-szett-dsc-amg\/","title":{"rendered":"Oszt\u00f3m\u0171 csap\u00e1gy szett (DCS-AMG)"},"content":{"rendered":"<p>Ezek az oszt\u00f3m\u0171ben tal\u00e1lhat\u00f3 csap\u00e1gyak, biztos\u00edtj\u00e1k a tengelyek al\u00e1t\u00e1maszt\u00e1s\u00e1t \u00e9s a megfelel\u0151 forgat\u00f3nyomat\u00e9k er\u0151\u00e1tvitel\u00e9nek kiegyenes\u00falyozotts\u00e1g\u00e1t.<\/p>\n<section>\n<details>\n<summary>Milyen t\u00fcnetek utalnak a Mercedes DCS-AMG oszt\u00f3m\u0171 csap\u00e1gy hib\u00e1j\u00e1ra?<\/summary>\n<p>A leggyakoribb jelek k\u00f6z\u00e9 tartozik a menet k\u00f6zben hallhat\u00f3 b\u00fag\u00f3 vagy morajl\u00f3 hang, a gyors\u00edt\u00e1skor jelentkez\u0151 szokatlan vibr\u00e1ci\u00f3, illetve a hajt\u00e1sl\u00e1ncb\u00f3l \u00e9rkez\u0151 f\u00e9mes s\u00farl\u00f3d\u00e1si zajok. Ha ezeket tapasztalja, a csap\u00e1gyak val\u00f3sz\u00edn\u0171leg elkoptak \u00e9s cser\u00e9re szorulnak.<\/p>\n<\/details>\n<details>\n<summary>Mi\u00e9rt fontos a csap\u00e1gyak id\u0151ben t\u00f6rt\u00e9n\u0151 cser\u00e9je az oszt\u00f3m\u0171ben?<\/summary>\n<p>Ezek a csap\u00e1gyak biztos\u00edtj\u00e1k a tengelyek megfelel\u0151 al\u00e1t\u00e1maszt\u00e1s\u00e1t. Ha elhaszn\u00e1l\u00f3dnak, a tengelyek j\u00e1t\u00e9ka megn\u0151, ami egyenetlen forgat\u00f3nyomat\u00e9k-\u00e1tvitelt \u00e9s v\u00e9g\u00fcl az eg\u00e9sz DCS-AMG egys\u00e9g s\u00falyos k\u00e1rosod\u00e1s\u00e1t okozhatja.<\/p>\n<\/details>\n<details>\n<summary>Kompatibilis ez a k\u00e9szlet az \u00e9n AMG Mercedesemhez?<\/summary>\n<p>Ez a szett kifejezetten a Mercedes-Benz DCS-AMG t\u00edpus\u00fa oszt\u00f3m\u0171veihez k\u00e9sz\u00fclt. Javasoljuk, hogy v\u00e1s\u00e1rl\u00e1s el\u0151tt ellen\u0151rizze az aut\u00f3 alv\u00e1zsz\u00e1m\u00e1t vagy az oszt\u00f3m\u0171 gy\u00e1ri azonos\u00edt\u00f3j\u00e1t a pontos illeszked\u00e9s \u00e9rdek\u00e9ben.<\/p>\n<\/details>\n<details>\n<summary>Otthon is kicser\u00e9lhetem az oszt\u00f3m\u0171 csap\u00e1gyakat, vagy vigyem szervizbe?<\/summary>\n<p>Az oszt\u00f3m\u0171 csap\u00e1gyaz\u00e1sa prec\u00edzi\u00f3s munka, amely speci\u00e1lis leh\u00faz\u00f3kat, pr\u00e9st \u00e9s szak\u00e9rtelmet ig\u00e9nyel. A nem megfelel\u0151 be\u00e9p\u00edt\u00e9s id\u0151 el\u0151tti meghib\u00e1sod\u00e1shoz vezethet, ez\u00e9rt mindenk\u00e9ppen szakm\u0171helyt javasolunk a beszerel\u00e9shez.<\/p>\n<\/details>\n<details>\n<summary>Hogyan n\u00f6velhetem az \u00faj csap\u00e1gyak \u00e9lettartam\u00e1t?<\/summary>\n<p>A legfontosabb a rendszeres oszt\u00f3m\u0171-olajcsere \u00e9s a gy\u00e1ri el\u0151\u00edr\u00e1soknak megfelel\u0151 ken\u0151anyag haszn\u00e1lata. Emellett \u00fcgyeljen a gumiabroncsok egyenletes kop\u00e1s\u00e1ra, mivel az elt\u00e9r\u0151 ker\u00e9k\u00e1tm\u00e9r\u0151 extra terhel\u00e9st r\u00f3 az oszt\u00f3m\u0171 alkatr\u00e9szeire.<\/p>\n<\/details>\n<\/section>\n<p><script type=\"application\/ld+json\">\n{\n  \"@context\": \"https:\/\/schema.org\",\n  \"@type\": \"FAQPage\",\n  \"mainEntity\": [\n    {\n      \"@type\": \"Question\",\n      \"name\": \"Milyen tu00fcnetek utalnak a Mercedes DCS-AMG osztu00f3mu0171 csapu00e1gy hibu00e1ju00e1ra?\",\n      \"acceptedAnswer\": {\n        \"@type\": \"Answer\",\n        \"text\": \"A leggyakoribb jelek ku00f6zu00e9 tartozik a menet ku00f6zben hallhatu00f3 bu00fagu00f3 vagy morajlu00f3 hang, a gyorsu00edtu00e1skor jelentkezu0151 szokatlan vibru00e1ciu00f3, illetve a hajtu00e1slu00e1ncbu00f3l u00e9rkezu0151 fu00e9mes su00farlu00f3du00e1si zajok.\"\n      }\n    },\n    {\n      \"@type\": \"Question\",\n      \"name\": \"Miu00e9rt fontos a csapu00e1gyak idu0151ben tu00f6rtu00e9nu0151 cseru00e9je az osztu00f3mu0171ben?\",\n      \"acceptedAnswer\": {\n        \"@type\": \"Answer\",\n        \"text\": \"Ezek a csapu00e1gyak biztosu00edtju00e1k a tengelyek megfelelu0151 alu00e1tu00e1masztu00e1su00e1t. Ha elhasznu00e1lu00f3dnak, a tengelyek ju00e1tu00e9ka megnu0151, ami egyenetlen forgatu00f3nyomatu00e9k-u00e1tvitelt u00e9s vu00e9gu00fcl az egu00e9sz DCS-AMG egysu00e9g su00falyos ku00e1rosodu00e1su00e1t okozhatja.\"\n      }\n    },\n    {\n      \"@type\": \"Question\",\n      \"name\": \"Kompatibilis ez a ku00e9szlet az u00e9n AMG Mercedesemhez?\",\n      \"acceptedAnswer\": {\n        \"@type\": \"Answer\",\n        \"text\": \"Ez a szett kifejezetten a Mercedes-Benz DCS-AMG tu00edpusu00fa osztu00f3mu0171veihez ku00e9szu00fclt. Javasoljuk, hogy vu00e1su00e1rlu00e1s elu0151tt ellenu0151rizze az autu00f3 alvu00e1zszu00e1mu00e1t vagy az osztu00f3mu0171 gyu00e1ri azonosu00edtu00f3ju00e1t a pontos illeszkedu00e9s u00e9rdeku00e9ben.\"\n      }\n    },\n    {\n      \"@type\": \"Question\",\n      \"name\": \"Otthon is kicseru00e9lhetem az osztu00f3mu0171 csapu00e1gyakat, vagy vigyem szervizbe?\",\n      \"acceptedAnswer\": {\n        \"@type\": \"Answer\",\n        \"text\": \"Az osztu00f3mu0171 csapu00e1gyazu00e1sa precu00edziu00f3s munka, amely speciu00e1lis lehu00fazu00f3kat, pru00e9st u00e9s szaku00e9rtelmet igu00e9nyel. A nem megfelelu0151 beu00e9pu00edtu00e9s idu0151 elu0151tti meghibu00e1sodu00e1shoz vezethet, ezu00e9rt mindenku00e9ppen szakmu0171helyt javasolunk.\"\n      }\n    },\n    {\n      \"@type\": \"Question\",\n      \"name\": \"Hogyan nu00f6velhetem az u00faj csapu00e1gyak u00e9lettartamu00e1t?\",\n      \"acceptedAnswer\": {\n        \"@type\": \"Answer\",\n        \"text\": \"A legfontosabb a rendszeres osztu00f3mu0171-olajcsere u00e9s a gyu00e1ri elu0151u00edru00e1soknak megfelelu0151 kenu0151anyag hasznu00e1lata. Emellett u00fcgyeljen a gumiabroncsok egyenletes kopu00e1su00e1ra.\"\n      }\n    }\n  ]\n}\n<\/script><\/p>","protected":false},"excerpt":{"rendered":"<p>Ezek az oszt\u00f3m\u0171ben tal\u00e1lhat\u00f3 csap\u00e1gyak, biztos\u00edtj\u00e1k a tengelyek al\u00e1t\u00e1maszt\u00e1s\u00e1t \u00e9s a megfelel\u0151 forgat\u00f3nyomat\u00e9k er\u0151\u00e1tvitel\u00e9nek kiegyenes\u00falyozotts\u00e1g\u00e1t. Milyen t\u00fcnetek utalnak a Mercedes DCS-AMG oszt\u00f3m\u0171 csap\u00e1gy hib\u00e1j\u00e1ra? A &#8230; <\/p>\n<p class=\"read-more-container\"><a title=\"Oszt\u00f3m\u0171 csap\u00e1gy szett (DCS-AMG)\" class=\"read-more button\" href=\"https:\/\/transfercasepartshop.com\/hu\/mercedes-benz\/dcs-amg\/osztomu-csapagy-szett-dsc-amg\/#more-390605\" aria-label=\"Read more about Oszt\u00f3m\u0171 csap\u00e1gy szett (DCS-AMG)\">Tov\u00e1bb<\/a><\/p>","protected":false},"featured_media":410806,"comment_status":"open","ping_status":"closed","template":"","meta":{"_acf_changed":false},"product_brand":[],"product_cat":[105,109],"product_tag":[207,390],"class_list":{"0":"post-390605","1":"product","2":"type-product","3":"status-publish","4":"has-post-thumbnail","6":"product_cat-mercedes-benz","7":"product_cat-dcs-amg","8":"product_tag-csapagyak","9":"product_tag-magna-powertrain","10":"infinite-scroll-item","11":"no-featured-image-padding","12":"resize-featured-image","13":"sales-flash-overlay","14":"woocommerce-text-align-center","15":"woocommerce-image-align-center","16":"wc-has-gallery","18":"first","19":"instock","20":"taxable","21":"shipping-taxable","22":"purchasable","23":"product-type-simple"},"acf":{"s-tec_number":"SP01653","oem-ref":"A2512801100, A2512801400, A2512802200, A2512803200, A2512803201","tartalom":"A fel\u00faj\u00edt\u00f3 szett tartalmazza az oszt\u00f3m\u0171ben tal\u00e1lhat\u00f3 \u00f6sszes csap\u00e1gyat!","lamella-alert":"","transfer_case_application_v2":["Mercedes-Benz DCS (AMG) 2006- ML-Klasse W164, W166","Mercedes-Benz DCS (AMG) 2006- R-Klasse W251"],"transfer_case_application":"","kulso_raktar":1,"google_ads_kep":423467,"gtin":9009381102199},"_links":{"self":[{"href":"https:\/\/transfercasepartshop.com\/hu\/wp-json\/wp\/v2\/product\/390605","targetHints":{"allow":["GET"]}}],"collection":[{"href":"https:\/\/transfercasepartshop.com\/hu\/wp-json\/wp\/v2\/product"}],"about":[{"href":"https:\/\/transfercasepartshop.com\/hu\/wp-json\/wp\/v2\/types\/product"}],"replies":[{"embeddable":true,"href":"https:\/\/transfercasepartshop.com\/hu\/wp-json\/wp\/v2\/comments?post=390605"}],"wp:featuredmedia":[{"embeddable":true,"href":"https:\/\/transfercasepartshop.com\/hu\/wp-json\/wp\/v2\/media\/410806"}],"wp:attachment":[{"href":"https:\/\/transfercasepartshop.com\/hu\/wp-json\/wp\/v2\/media?parent=390605"}],"wp:term":[{"taxonomy":"product_brand","embeddable":true,"href":"https:\/\/transfercasepartshop.com\/hu\/wp-json\/wp\/v2\/product_brand?post=390605"},{"taxonomy":"product_cat","embeddable":true,"href":"https:\/\/transfercasepartshop.com\/hu\/wp-json\/wp\/v2\/product_cat?post=390605"},{"taxonomy":"product_tag","embeddable":true,"href":"https:\/\/transfercasepartshop.com\/hu\/wp-json\/wp\/v2\/product_tag?post=390605"}],"curies":[{"name":"wp","href":"https:\/\/api.w.org\/{rel}","templated":true}]}}