{"id":390604,"date":"2021-11-17T15:04:53","date_gmt":"2021-11-17T14:04:53","guid":{"rendered":"https:\/\/transfercasepartshop.com\/?post_type=product&#038;p=390604"},"modified":"2026-03-23T09:42:27","modified_gmt":"2026-03-23T08:42:27","slug":"kuplung-tanyer-3-atc45l-atc35l-hyundai-atc-maserati-atc","status":"publish","type":"product","link":"https:\/\/transfercasepartshop.com\/hu\/bmw\/atc35l\/kuplung-tanyer-3-atc45l-atc35l-hyundai-atc-maserati-atc\/","title":{"rendered":"Kuplung t\u00e1ny\u00e9r (ATC45L, ATC35L, Hyundai ATC)"},"content":{"rendered":"<p>Rozsdamentes ac\u00e9lb\u00f3l el\u0151\u00e1ll\u00edtott term\u00e9k. Az oszt\u00f3m\u0171 kuplung lamell\u00e1k \u00e9s a kuplungban tal\u00e1lhat\u00f3 nyom\u00f3lap illetve teny\u00e9r rug\u00f3k, kuplung rug\u00f3k t\u00e1vtart\u00e1s\u00e1\u00e9rt felel\u0151s.<\/p>\n<section>\n<details>\n<summary>Milyen szerepet t\u00f6lt be ez a kuplung t\u00e1ny\u00e9r az ATC35L\/ATC45L oszt\u00f3m\u0171ben?<\/summary>\n<p>Ez a rozsdamentes ac\u00e9lb\u00f3l k\u00e9sz\u00fclt kuplung t\u00e1ny\u00e9r kritikus alkatr\u00e9sz az oszt\u00f3m\u0171ben: feladata a kuplung lamell\u00e1k, a nyom\u00f3lap, valamint a t\u00e1ny\u00e9r- \u00e9s kuplungrug\u00f3k k\u00f6z\u00f6tti pontos t\u00e1vtart\u00e1s biztos\u00edt\u00e1sa. Ez garant\u00e1lja a megfelel\u0151 nyom\u00e1seloszl\u00e1st \u00e9s a tengelykapcsol\u00f3 sima m\u0171k\u00f6d\u00e9s\u00e9t.<\/p>\n<\/details>\n<details>\n<summary>Honnan tudom, ha elhaszn\u00e1l\u00f3dott a kuplung t\u00e1ny\u00e9r az aut\u00f3mban?<\/summary>\n<p>A leggyakoribb t\u00fcnetek k\u00f6z\u00e9 tartozik az oszt\u00f3m\u0171 fel\u0151l \u00e9rkez\u0151 r\u00e1ngat\u00e1s gyors\u00edt\u00e1skor, a kanyarod\u00e1skor hallhat\u00f3 mechanikus zajok, vagy a 4&#215;4 hajt\u00e1s bizonytalan m\u0171k\u00f6d\u00e9se. Ha a t\u00e1vtart\u00e1s nem megfelel\u0151, a lamell\u00e1k id\u0151 el\u0151tt elkophatnak vagy meg\u00e9ghetnek.<\/p>\n<\/details>\n<details>\n<summary>Kompatibilis ez az alkatr\u00e9sz az \u00e9n BMW vagy Hyundai modellemhez?<\/summary>\n<p>Igen, amennyiben az aut\u00f3ja ATC35L vagy ATC45L t\u00edpus\u00fa oszt\u00f3m\u0171vel van szerelve (gyakori a BMW X-sz\u00e9ri\u00e1s modellekben), illetve bizonyos Hyundai ATC rendszerekkel is kompatibilis. Javasoljuk, hogy ellen\u0151rizze az oszt\u00f3m\u0171 adatt\u00e1bl\u00e1j\u00e1t a pontos azonos\u00edt\u00e1shoz.<\/p>\n<\/details>\n<details>\n<summary>Mi\u00e9rt jobb a rozsdamentes ac\u00e9l v\u00e1ltozat a hagyom\u00e1nyos alkatr\u00e9szekn\u00e9l?<\/summary>\n<p>A rozsdamentes ac\u00e9l kivitel sokkal ellen\u00e1ll\u00f3bb a korr\u00f3zi\u00f3val \u00e9s a mechanikai kop\u00e1ssal szemben. Mivel az oszt\u00f3m\u0171ben fell\u00e9p\u0151 h\u0151ingadoz\u00e1s \u00e9s s\u00farl\u00f3d\u00e1s jelent\u0151s, ez az anyag hosszabb \u00e9lettartamot \u00e9s stabilabb m\u00e9rettart\u00e1st biztos\u00edt a gy\u00e1ri alapmegold\u00e1sokhoz k\u00e9pest.<\/p>\n<\/details>\n<details>\n<summary>Sz\u00fcks\u00e9ges szakm\u0171hely a cser\u00e9hez, vagy otthon is elv\u00e9gezhet\u0151?<\/summary>\n<p>Az oszt\u00f3m\u0171 megbont\u00e1sa prec\u00edzi\u00f3s m\u0171velet, amely speci\u00e1lis szersz\u00e1mokat \u00e9s szak\u00e9rtelmet ig\u00e9nyel. A kuplung t\u00e1ny\u00e9r cser\u00e9jekor a lamell\u00e1k h\u00e9zagol\u00e1s\u00e1t is ellen\u0151rizni kell, ez\u00e9rt mindenk\u00e9ppen szakm\u0171helyben t\u00f6rt\u00e9n\u0151 beszerel\u00e9st javasolunk a hajt\u00e1sl\u00e1nc \u00e9ps\u00e9g\u00e9nek meg\u0151rz\u00e9se \u00e9rdek\u00e9ben.<\/p>\n<\/details>\n<\/section>\n<p><script type=\"application\/ld+json\">\n{\n  \"@context\": \"https:\/\/schema.org\",\n  \"@type\": \"FAQPage\",\n  \"mainEntity\": [\n    {\n      \"@type\": \"Question\",\n      \"name\": \"Milyen szerepet tu00f6lt be ez a kuplung tu00e1nyu00e9r az ATC35L\/ATC45L osztu00f3mu0171ben?\",\n      \"acceptedAnswer\": {\n        \"@type\": \"Answer\",\n        \"text\": \"Ez a rozsdamentes acu00e9lbu00f3l ku00e9szu00fclt kuplung tu00e1nyu00e9r kritikus alkatru00e9sz az osztu00f3mu0171ben: feladata a kuplung lamellu00e1k, a nyomu00f3lap, valamint a tu00e1nyu00e9r- u00e9s kuplungrugu00f3k ku00f6zu00f6tti pontos tu00e1vtartu00e1s biztosu00edtu00e1sa. Ez garantu00e1lja a megfelelu0151 nyomu00e1seloszlu00e1st.\"\n      }\n    },\n    {\n      \"@type\": \"Question\",\n      \"name\": \"Honnan tudom, ha elhasznu00e1lu00f3dott a kuplung tu00e1nyu00e9r az autu00f3mban?\",\n      \"acceptedAnswer\": {\n        \"@type\": \"Answer\",\n        \"text\": \"A leggyakoribb tu00fcnetek ku00f6zu00e9 tartozik az osztu00f3mu0171 felu0151l u00e9rkezu0151 ru00e1ngatu00e1s gyorsu00edtu00e1skor, a kanyarodu00e1skor hallhatu00f3 mechanikus zajok, vagy a 4x4 hajtu00e1s bizonytalan mu0171ku00f6du00e9se.\"\n      }\n    },\n    {\n      \"@type\": \"Question\",\n      \"name\": \"Kompatibilis ez az alkatru00e9sz az u00e9n BMW vagy Hyundai modellemhez?\",\n      \"acceptedAnswer\": {\n        \"@type\": \"Answer\",\n        \"text\": \"Igen, amennyiben az autu00f3ja ATC35L vagy ATC45L tu00edpusu00fa osztu00f3mu0171vel van szerelve (gyakori a BMW X-szu00e9riu00e1s modellekben), illetve bizonyos Hyundai ATC rendszerekkel is kompatibilis.\"\n      }\n    },\n    {\n      \"@type\": \"Question\",\n      \"name\": \"Miu00e9rt jobb a rozsdamentes acu00e9l vu00e1ltozat a hagyomu00e1nyos alkatru00e9szeknu00e9l?\",\n      \"acceptedAnswer\": {\n        \"@type\": \"Answer\",\n        \"text\": \"A rozsdamentes acu00e9l kivitel sokkal ellenu00e1llu00f3bb a korru00f3ziu00f3val u00e9s a mechanikai kopu00e1ssal szemben, u00edgy hosszabb u00e9lettartamot u00e9s stabilabb mu00e9rettartu00e1st biztosu00edt extru00e9m hu0151terhelu00e9s mellett is.\"\n      }\n    },\n    {\n      \"@type\": \"Question\",\n      \"name\": \"Szu00fcksu00e9ges szakmu0171hely a cseru00e9hez, vagy otthon is elvu00e9gezhetu0151?\",\n      \"acceptedAnswer\": {\n        \"@type\": \"Answer\",\n        \"text\": \"Az osztu00f3mu0171 megbontu00e1sa precu00edziu00f3s mu0171velet, ezu00e9rt mindenku00e9ppen szakmu0171helyben tu00f6rtu00e9nu0151 beszerelu00e9st javasolunk a hajtu00e1slu00e1nc u00e9psu00e9gu00e9nek megu0151rzu00e9se u00e9s a pontos hu00e9zagolu00e1s u00e9rdeku00e9ben.\"\n      }\n    }\n  ]\n}\n<\/script><\/p>","protected":false},"excerpt":{"rendered":"<p>Rozsdamentes ac\u00e9lb\u00f3l el\u0151\u00e1ll\u00edtott term\u00e9k. Az oszt\u00f3m\u0171 kuplung lamell\u00e1k \u00e9s a kuplungban tal\u00e1lhat\u00f3 nyom\u00f3lap illetve teny\u00e9r rug\u00f3k, kuplung rug\u00f3k t\u00e1vtart\u00e1s\u00e1\u00e9rt felel\u0151s. Milyen szerepet t\u00f6lt be ez &#8230; <\/p>\n<p class=\"read-more-container\"><a title=\"Kuplung t\u00e1ny\u00e9r (ATC45L, ATC35L, Hyundai ATC)\" class=\"read-more button\" href=\"https:\/\/transfercasepartshop.com\/hu\/bmw\/atc35l\/kuplung-tanyer-3-atc45l-atc35l-hyundai-atc-maserati-atc\/#more-390604\" aria-label=\"Read more about Kuplung t\u00e1ny\u00e9r (ATC45L, ATC35L, Hyundai ATC)\">Tov\u00e1bb<\/a><\/p>","protected":false},"featured_media":406917,"comment_status":"open","ping_status":"closed","template":"","meta":{"_acf_changed":false},"product_brand":[],"product_cat":[86,88,90,99],"product_tag":[208,390],"class_list":{"0":"post-390604","1":"product","2":"type-product","3":"status-publish","4":"has-post-thumbnail","6":"product_cat-bmw","7":"product_cat-atc35l","8":"product_cat-atc45l","9":"product_cat-hyundai-atc","10":"product_tag-kuplung-alkatreszei","11":"product_tag-magna-powertrain","12":"infinite-scroll-item","13":"no-featured-image-padding","14":"resize-featured-image","15":"sales-flash-overlay","16":"woocommerce-text-align-center","17":"woocommerce-image-align-center","18":"wc-has-gallery","20":"first","21":"instock","22":"taxable","23":"shipping-taxable","24":"purchasable","25":"product-type-simple"},"acf":{"s-tec_number":"SP01650","oem-ref":"","tartalom":"","lamella-alert":"","transfer_case_application_v2":["BMW ATC35L 2008-2015 7 series F01, F01 LCI, F02 LCI","BMW ATC35L 2009-2015 X1 E84","BMW ATC35L 2010-2016 5 series F10, F10 LCI, F11, F11 LCI, F07 GT, F07 GT LCI","BMW ATC35L 2011-2017 6 series F06, F06 LCI, F12, F12 LCI, F13 F13 LCI","BMW ATC35L 2011-2019 1 series F20, F20 LCI, F21, F21 LCI","BMW ATC35L 2012-2018 3 series F30, F30 LCI, F31, F31 LCI, F34 GT, F34 GT LCI","BMW ATC35L 2013- 4 series F32, F32 LCI, F33, F33 LCI","BMW ATC35L 2014- 2 series F22","BMW ATC45L 2006-2013 X5 E70, E70 LCI","BMW ATC45L 2008-2014 X6 E71, E72 hybrid","BMW ATC45L 2010-2017 X3 F25","BMW ATC45L 2013-2018 X5 F15","BMW ATC45L 2014- X6 M F86","BMW ATC45L 2014-2018 X4 F26","BMW ATC45L 2014-2018 X6 F16","Hyundai ATC 2008- Equus","Hyundai ATC 2008- Genesis DH"],"transfer_case_application":"","kulso_raktar":1,"google_ads_kep":423393,"gtin":9009381074267},"_links":{"self":[{"href":"https:\/\/transfercasepartshop.com\/hu\/wp-json\/wp\/v2\/product\/390604","targetHints":{"allow":["GET"]}}],"collection":[{"href":"https:\/\/transfercasepartshop.com\/hu\/wp-json\/wp\/v2\/product"}],"about":[{"href":"https:\/\/transfercasepartshop.com\/hu\/wp-json\/wp\/v2\/types\/product"}],"replies":[{"embeddable":true,"href":"https:\/\/transfercasepartshop.com\/hu\/wp-json\/wp\/v2\/comments?post=390604"}],"wp:featuredmedia":[{"embeddable":true,"href":"https:\/\/transfercasepartshop.com\/hu\/wp-json\/wp\/v2\/media\/406917"}],"wp:attachment":[{"href":"https:\/\/transfercasepartshop.com\/hu\/wp-json\/wp\/v2\/media?parent=390604"}],"wp:term":[{"taxonomy":"product_brand","embeddable":true,"href":"https:\/\/transfercasepartshop.com\/hu\/wp-json\/wp\/v2\/product_brand?post=390604"},{"taxonomy":"product_cat","embeddable":true,"href":"https:\/\/transfercasepartshop.com\/hu\/wp-json\/wp\/v2\/product_cat?post=390604"},{"taxonomy":"product_tag","embeddable":true,"href":"https:\/\/transfercasepartshop.com\/hu\/wp-json\/wp\/v2\/product_tag?post=390604"}],"curies":[{"name":"wp","href":"https:\/\/api.w.org\/{rel}","templated":true}]}}