{"id":390603,"date":"2021-11-17T15:04:52","date_gmt":"2021-11-17T14:04:52","guid":{"rendered":"https:\/\/transfercasepartshop.com\/?post_type=product&#038;p=390603"},"modified":"2026-03-23T09:42:25","modified_gmt":"2026-03-23T08:42:25","slug":"osztomu-kuplung-kosar-atc35l-hyundai-atc-maserati-atc","status":"publish","type":"product","link":"https:\/\/transfercasepartshop.com\/hu\/bmw\/atc35l\/osztomu-kuplung-kosar-atc35l-hyundai-atc-maserati-atc\/","title":{"rendered":"Oszt\u00f3m\u0171 kuplung kos\u00e1r (ATC35L, Hyundai ATC)"},"content":{"rendered":"<p>A kuplung kos\u00e1r azt a c\u00e9lt szolg\u00e1lja, hogy a bel\u00e9 helyezett lamella sor \u00e9s kuplung rug\u00f3k illetve t\u00e1vtart\u00f3k megfelel\u0151en tudj\u00e1k biztosa\u00edtani az oszt\u00f3m\u0171 kuplungj\u00e1nak m\u0171k\u00f6d\u00e9s\u00e9t.<\/p>\n<section>\n<details>\n<summary>Milyen t\u00fcnetek utalnak az ATC35L oszt\u00f3m\u0171 kuplung kos\u00e1r meghib\u00e1sod\u00e1s\u00e1ra?<\/summary>\n<p>A leggyakoribb jelens\u00e9g a gyors\u00edt\u00e1skor vagy kanyarod\u00e1skor jelentkez\u0151 r\u00e1ngat\u00e1s, vibr\u00e1ci\u00f3 vagy \u201edar\u00e1l\u00e1s\u201d. Ha a kuplung kos\u00e1r megreped vagy deform\u00e1l\u00f3dik, a lamell\u00e1k nem tudnak megfelel\u0151en \u00f6sszez\u00e1rni, ami rontja az xDrive rendszer hat\u00e9konys\u00e1g\u00e1t \u00e9s zajos m\u0171k\u00f6d\u00e9st eredm\u00e9nyez.<\/p>\n<\/details>\n<details>\n<summary>Pontosan mi a szerepe a kuplung kos\u00e1rnak az oszt\u00f3m\u0171ben?<\/summary>\n<p>A kuplung kos\u00e1r a k\u00f6zponti eleme a tengelyek k\u00f6z\u00f6tti er\u0151\u00e1tvitelnek. Ez az alkatr\u00e9sz fogja \u00f6ssze \u00e9s vezeti meg a lamella sort, a kuplung rug\u00f3kat \u00e9s a t\u00e1vtart\u00f3kat. Biztos\u00edtja, hogy az oszt\u00f3m\u0171 bels\u0151 szerkezete stabil maradjon a nagy nyomat\u00e9k alatt is.<\/p>\n<\/details>\n<details>\n<summary>J\u00f3 ez az alkatr\u00e9sz az \u00e9n BMW xDrive aut\u00f3mhoz?<\/summary>\n<p>Ez a kos\u00e1r kifejezetten az ATC35L t\u00edpus\u00fa oszt\u00f3m\u0171vekhez k\u00e9sz\u00fclt, amelyeket gyakran szereltek az F-sz\u00e9ri\u00e1s BMW-kbe (pl. F10, F30, F15). Ha az aut\u00f3ja ATC35L oszt\u00f3m\u0171vel rendelkezik, ez az alkatr\u00e9sz kompatibilis lesz. K\u00e9rj\u00fck, ellen\u0151rizze az oszt\u00f3m\u0171 adatt\u00e1bl\u00e1j\u00e1t a pontos azonos\u00edt\u00e1shoz!<\/p>\n<\/details>\n<details>\n<summary>A csomag tartalmazza a lamell\u00e1kat \u00e9s a rug\u00f3kat is?<\/summary>\n<p>Nem, ez a term\u00e9k mag\u00e1t a kuplung kosarat tartalmazza. A lamellasort, a t\u00e1vtart\u00f3kat \u00e9s a nyom\u00f3rug\u00f3kat k\u00fcl\u00f6n kell megv\u00e1s\u00e1rolni, vagy a megl\u00e9v\u0151, j\u00f3 \u00e1llapot\u00fa alkatr\u00e9szeket kell visszahelyezni az \u00faj kos\u00e1rba a fel\u00faj\u00edt\u00e1s sor\u00e1n.<\/p>\n<\/details>\n<details>\n<summary>Haszn\u00e1lhat\u00f3 ez a Hyundai ATC oszt\u00f3m\u0171vekhez is?<\/summary>\n<p>Igen, bizonyos Hyundai \u00f6sszker\u00e9khajt\u00e1si rendszerek (ATC) ugyanazt a technol\u00f3giai alapot haszn\u00e1lj\u00e1k, mint a BMW egyes t\u00edpusai. Ha a szerel\u0151je meg\u00e1llap\u00edtotta, hogy az oszt\u00f3m\u0171 t\u00edpusa megegyezik a le\u00edr\u00e1sban szerepl\u0151vel, az alkatr\u00e9sz beszerelhet\u0151.<\/p>\n<\/details>\n<\/section>\n<p><script type=\"application\/ld+json\">\n{\n  \"@context\": \"https:\/\/schema.org\",\n  \"@type\": \"FAQPage\",\n  \"mainEntity\": [\n    {\n      \"@type\": \"Question\",\n      \"name\": \"Milyen tu00fcnetek utalnak az ATC35L osztu00f3mu0171 kuplung kosu00e1r meghibu00e1sodu00e1su00e1ra?\",\n      \"acceptedAnswer\": {\n        \"@type\": \"Answer\",\n        \"text\": \"A leggyakoribb jelensu00e9g a gyorsu00edtu00e1skor vagy kanyarodu00e1skor jelentkezu0151 ru00e1ngatu00e1s, vibru00e1ciu00f3 vagy u201edaru00e1lu00e1su201d. Ha a kuplung kosu00e1r megreped vagy deformu00e1lu00f3dik, a lamellu00e1k nem tudnak megfelelu0151en u00f6sszezu00e1rni.\"\n      }\n    },\n    {\n      \"@type\": \"Question\",\n      \"name\": \"Pontosan mi a szerepe a kuplung kosu00e1rnak az osztu00f3mu0171ben?\",\n      \"acceptedAnswer\": {\n        \"@type\": \"Answer\",\n        \"text\": \"A kuplung kosu00e1r a ku00f6zponti eleme a tengelyek ku00f6zu00f6tti eru0151u00e1tvitelnek. Ez az alkatru00e9sz fogja u00f6ssze u00e9s vezeti meg a lamella sort, a kuplung rugu00f3kat u00e9s a tu00e1vtartu00f3kat.\"\n      }\n    },\n    {\n      \"@type\": \"Question\",\n      \"name\": \"Ju00f3 ez az alkatru00e9sz az u00e9n BMW xDrive autu00f3mhoz?\",\n      \"acceptedAnswer\": {\n        \"@type\": \"Answer\",\n        \"text\": \"Ez a kosu00e1r kifejezetten az ATC35L tu00edpusu00fa osztu00f3mu0171vekhez ku00e9szu00fclt, amelyeket gyakran szereltek az F-szu00e9riu00e1s BMW-kbe (pl. F10, F30, F15). Mindig ellenu0151rizze az osztu00f3mu0171 adattu00e1blu00e1ju00e1t!\"\n      }\n    },\n    {\n      \"@type\": \"Question\",\n      \"name\": \"A csomag tartalmazza a lamellu00e1kat u00e9s a rugu00f3kat is?\",\n      \"acceptedAnswer\": {\n        \"@type\": \"Answer\",\n        \"text\": \"Nem, ez a termu00e9k magu00e1t a kuplung kosarat tartalmazza. A lamellasort, a tu00e1vtartu00f3kat u00e9s a nyomu00f3rugu00f3kat ku00fclu00f6n kell megvu00e1su00e1rolni.\"\n      }\n    },\n    {\n      \"@type\": \"Question\",\n      \"name\": \"Hasznu00e1lhatu00f3 ez a Hyundai ATC osztu00f3mu0171vekhez is?\",\n      \"acceptedAnswer\": {\n        \"@type\": \"Answer\",\n        \"text\": \"Igen, bizonyos Hyundai u00f6sszkeru00e9khajtu00e1si rendszerek (ATC) ugyanazt a technolu00f3giai alapot hasznu00e1lju00e1k. Ha az osztu00f3mu0171 tu00edpusa megegyezik, az alkatru00e9sz beszerelhetu0151.\"\n      }\n    }\n  ]\n}\n<\/script><\/p>","protected":false},"excerpt":{"rendered":"<p>A kuplung kos\u00e1r azt a c\u00e9lt szolg\u00e1lja, hogy a bel\u00e9 helyezett lamella sor \u00e9s kuplung rug\u00f3k illetve t\u00e1vtart\u00f3k megfelel\u0151en tudj\u00e1k biztosa\u00edtani az oszt\u00f3m\u0171 kuplungj\u00e1nak m\u0171k\u00f6d\u00e9s\u00e9t. &#8230; <\/p>\n<p class=\"read-more-container\"><a title=\"Oszt\u00f3m\u0171 kuplung kos\u00e1r (ATC35L, Hyundai ATC)\" class=\"read-more button\" href=\"https:\/\/transfercasepartshop.com\/hu\/bmw\/atc35l\/osztomu-kuplung-kosar-atc35l-hyundai-atc-maserati-atc\/#more-390603\" aria-label=\"Read more about Oszt\u00f3m\u0171 kuplung kos\u00e1r (ATC35L, Hyundai ATC)\">Tov\u00e1bb<\/a><\/p>","protected":false},"featured_media":406701,"comment_status":"open","ping_status":"closed","template":"","meta":{"_acf_changed":false},"product_brand":[],"product_cat":[86,88,99],"product_tag":[208,390],"class_list":{"0":"post-390603","1":"product","2":"type-product","3":"status-publish","4":"has-post-thumbnail","6":"product_cat-bmw","7":"product_cat-atc35l","8":"product_cat-hyundai-atc","9":"product_tag-kuplung-alkatreszei","10":"product_tag-magna-powertrain","11":"infinite-scroll-item","12":"no-featured-image-padding","13":"resize-featured-image","14":"sales-flash-overlay","15":"woocommerce-text-align-center","16":"woocommerce-image-align-center","17":"wc-has-gallery","19":"first","20":"instock","21":"taxable","22":"shipping-taxable","23":"purchasable","24":"product-type-simple"},"acf":{"s-tec_number":"SP01647","oem-ref":"BMW 27104603370, 27107505374, 27107505375, 27107617503, 27107619643, 27107621378, 27107622018, 27107629172, 27107629175, 27107629176, 27107629349, 27107629521, 27107629523, 27107629524, 27107631536, 27107635757, 27107635758, 27107636174, 27107636178, 27107636483, 27107636484, 27107636485, 27107636486, 27107639262, 27107639263, 27107639269, 27107639270, 27107643754, 27107643755, 27107643756, 27107643757, 27107649181, 27107649718, 27107649725, 27107649782, 27107649783, 27108604768, 27108604769, 27108612556, 27108612557, 27108623346, 27108623347, 27108643149, 27108643150, 27108662300, 27108662968, 27108697968, 473004 E000, 670007315, 670008138, 670033011, 670033866, 670035039, 670038072, 670100396.","tartalom":"","lamella-alert":"","transfer_case_application_v2":["BMW ATC35L 2008-2015 7 series F01, F01 LCI, F02 LCI","BMW ATC35L 2009-2015 X1 E84","BMW ATC35L 2010-2016 5 series F10, F10 LCI, F11, F11 LCI, F07 GT, F07 GT LCI","BMW ATC35L 2011-2017 6 series F06, F06 LCI, F12, F12 LCI, F13 F13 LCI","BMW ATC35L 2011-2019 1 series F20, F20 LCI, F21, F21 LCI","BMW ATC35L 2012-2018 3 series F30, F30 LCI, F31, F31 LCI, F34 GT, F34 GT LCI","BMW ATC35L 2013- 4 series F32, F32 LCI, F33, F33 LCI","BMW ATC35L 2014- 2 series F22","Hyundai ATC 2008- Genesis DH"],"transfer_case_application":"","kulso_raktar":1,"google_ads_kep":423391,"gtin":9009381074236},"_links":{"self":[{"href":"https:\/\/transfercasepartshop.com\/hu\/wp-json\/wp\/v2\/product\/390603","targetHints":{"allow":["GET"]}}],"collection":[{"href":"https:\/\/transfercasepartshop.com\/hu\/wp-json\/wp\/v2\/product"}],"about":[{"href":"https:\/\/transfercasepartshop.com\/hu\/wp-json\/wp\/v2\/types\/product"}],"replies":[{"embeddable":true,"href":"https:\/\/transfercasepartshop.com\/hu\/wp-json\/wp\/v2\/comments?post=390603"}],"wp:featuredmedia":[{"embeddable":true,"href":"https:\/\/transfercasepartshop.com\/hu\/wp-json\/wp\/v2\/media\/406701"}],"wp:attachment":[{"href":"https:\/\/transfercasepartshop.com\/hu\/wp-json\/wp\/v2\/media?parent=390603"}],"wp:term":[{"taxonomy":"product_brand","embeddable":true,"href":"https:\/\/transfercasepartshop.com\/hu\/wp-json\/wp\/v2\/product_brand?post=390603"},{"taxonomy":"product_cat","embeddable":true,"href":"https:\/\/transfercasepartshop.com\/hu\/wp-json\/wp\/v2\/product_cat?post=390603"},{"taxonomy":"product_tag","embeddable":true,"href":"https:\/\/transfercasepartshop.com\/hu\/wp-json\/wp\/v2\/product_tag?post=390603"}],"curies":[{"name":"wp","href":"https:\/\/api.w.org\/{rel}","templated":true}]}}