{"id":390600,"date":"2021-11-17T15:04:50","date_gmt":"2021-11-17T14:04:50","guid":{"rendered":"https:\/\/transfercasepartshop.com\/?post_type=product&#038;p=390600"},"modified":"2026-03-23T09:42:19","modified_gmt":"2026-03-23T08:42:19","slug":"osztomu-tomites-szett-atc45l","status":"publish","type":"product","link":"https:\/\/transfercasepartshop.com\/hu\/bmw\/atc45l\/osztomu-tomites-szett-atc45l\/","title":{"rendered":"Oszt\u00f3m\u0171 t\u00f6m\u00edt\u00e9s szett (ATC45L)"},"content":{"rendered":"<p>Ezek az alkatr\u00e9szek t\u00f6m\u00edtik az oszt\u00f3m\u0171vet. K\u00e9pesek a tengelyek v\u00e9g\u00e9hez r\u00f6gz\u00fclve megakad\u00e1lyozni az olajfoly\u00e1st \u00e9s sziv\u00e1rg\u00e1st.<\/p>\n<div class=\"faq-container\">\n<details>\n<summary>Honnan tudom, hogy az ATC45L oszt\u00f3m\u0171 t\u00f6m\u00edt\u00e9se sziv\u00e1rog?<\/summary>\n<p>A legszembet\u0171n\u0151bb jel az aut\u00f3 alatt megjelen\u0151 friss olajfolt, vagy az oszt\u00f3m\u0171 h\u00e1z\u00e1n felgy\u00fclemlett olajos por \u00e9s s\u00e1r. Ha a sziv\u00e1rg\u00e1s miatt lecs\u00f6kken az olajszint, az oszt\u00f3m\u0171 r\u00e1ngatni kezdhet kanyarod\u00e1skor vagy gyors\u00edt\u00e1skor.<\/p>\n<\/details>\n<details>\n<summary>Melyik BMW modellekbe szerelt\u00e9k ezt az ATC45L t\u00f6m\u00edt\u00e9s szettet?<\/summary>\n<p>Ez a k\u00e9szlet az ATC45L t\u00edpus\u00fa oszt\u00f3m\u0171vekhez k\u00e9sz\u00fclt, amelyeket jellemz\u0151en a modern BMW X-sz\u00e9ri\u00e1s modellekben (pl. BMW X3 F25, X4 F26, X5 F15, X6 F16) alkalmaznak. V\u00e1s\u00e1rl\u00e1s el\u0151tt mindig ellen\u0151rizze az oszt\u00f3m\u0171 adatt\u00e1bl\u00e1j\u00e1t.<\/p>\n<\/details>\n<details>\n<summary>Otthon is elv\u00e9gezhet\u0151 a t\u00f6m\u00edt\u00e9sek cser\u00e9je?<\/summary>\n<p>B\u00e1r elm\u00e9letileg lehets\u00e9ges, a csere speci\u00e1lis leh\u00faz\u00f3kat \u00e9s be\u00fct\u0151 szersz\u00e1mokat ig\u00e9nyel, hogy a t\u00f6m\u00edt\u0151gy\u0171r\u0171k (szimmeringek) pontosan \u00e9s s\u00e9r\u00fcl\u00e9smentesen ker\u00fcljenek a hely\u00fckre. A nem megfelel\u0151 beszerel\u00e9s azonnali sziv\u00e1rg\u00e1shoz vezethet, ez\u00e9rt szakm\u0171hely javasolt.<\/p>\n<\/details>\n<details>\n<summary>Mi\u00e9rt \u00e9rdemes szettben cser\u00e9lni a t\u00f6m\u00edt\u00e9seket?<\/summary>\n<p>Az oszt\u00f3m\u0171 megbont\u00e1sa munkaig\u00e9nyes folyamat. Ha az egyik t\u00f6m\u00edt\u00e9s elf\u00e1radt, a t\u00f6bbi is hasonl\u00f3 \u00e1llapotban van a h\u0151terhel\u00e9s miatt. A teljes szett cser\u00e9j\u00e9vel elker\u00fclheti, hogy p\u00e1r h\u00f3nap m\u00falva egy m\u00e1sik sziv\u00e1rg\u00e1s miatt \u00fajra sz\u00e9t kelljen szedni az aut\u00f3t.<\/p>\n<\/details>\n<details>\n<summary>Kell-e olajat is cser\u00e9lnem a t\u00f6m\u00edt\u00e9sek cser\u00e9jekor?<\/summary>\n<p>Igen, er\u0151sen aj\u00e1nlott. A t\u00f6m\u00edt\u00e9sek cser\u00e9je sor\u00e1n az olaj egy r\u00e9sze kifolyik, \u00e9s ilyenkor \u00e9rdemes friss, gy\u00e1ri specifik\u00e1ci\u00f3j\u00fa oszt\u00f3m\u0171olajjal felt\u00f6lteni a rendszert a maxim\u00e1lis \u00e9lettartam \u00e9rdek\u00e9ben.<\/p>\n<\/details>\n<\/div>\n<p><script type=\"application\/ld+json\">\n{\n  \"@context\": \"https:\/\/schema.org\",\n  \"@type\": \"FAQPage\",\n  \"mainEntity\": [\n    {\n      \"@type\": \"Question\",\n      \"name\": \"Honnan tudom, hogy az ATC45L osztu00f3mu0171 tu00f6mu00edtu00e9se szivu00e1rog?\",\n      \"acceptedAnswer\": {\n        \"@type\": \"Answer\",\n        \"text\": \"A legszembetu0171nu0151bb jel az autu00f3 alatt megjelenu0151 friss olajfolt, vagy az osztu00f3mu0171 hu00e1zu00e1n felgyu00fclemlett olajos por u00e9s su00e1r. Ha a szivu00e1rgu00e1s miatt lecsu00f6kken az olajszint, az osztu00f3mu0171 ru00e1ngatni kezdhet kanyarodu00e1skor vagy gyorsu00edtu00e1skor.\"\n      }\n    },\n    {\n      \"@type\": \"Question\",\n      \"name\": \"Melyik BMW modellekbe szereltu00e9k ezt az ATC45L tu00f6mu00edtu00e9s szettet?\",\n      \"acceptedAnswer\": {\n        \"@type\": \"Answer\",\n        \"text\": \"Ez a ku00e9szlet az ATC45L tu00edpusu00fa osztu00f3mu0171vekhez ku00e9szu00fclt, amelyeket jellemzu0151en a modern BMW X-szu00e9riu00e1s modellekben (pl. BMW X3 F25, X4 F26, X5 F15, X6 F16) alkalmaznak.\"\n      }\n    },\n    {\n      \"@type\": \"Question\",\n      \"name\": \"Otthon is elvu00e9gezhetu0151 a tu00f6mu00edtu00e9sek cseru00e9je?\",\n      \"acceptedAnswer\": {\n        \"@type\": \"Answer\",\n        \"text\": \"Bu00e1r elmu00e9letileg lehetsu00e9ges, a csere speciu00e1lis lehu00fazu00f3kat u00e9s beu00fctu0151 szerszu00e1mokat igu00e9nyel. A nem megfelelu0151 beszerelu00e9s azonnali szivu00e1rgu00e1shoz vezethet, ezu00e9rt szakmu0171hely javasolt.\"\n      }\n    },\n    {\n      \"@type\": \"Question\",\n      \"name\": \"Miu00e9rt u00e9rdemes szettben cseru00e9lni a tu00f6mu00edtu00e9seket?\",\n      \"acceptedAnswer\": {\n        \"@type\": \"Answer\",\n        \"text\": \"Az osztu00f3mu0171 megbontu00e1sa munkaigu00e9nyes folyamat. Ha az egyik tu00f6mu00edtu00e9s elfu00e1radt, a tu00f6bbi is hasonlu00f3 u00e1llapotban van. A teljes szett cseru00e9ju00e9vel elkeru00fclheti az ismu00e9telt munkaku00f6ltsu00e9geket.\"\n      }\n    },\n    {\n      \"@type\": \"Question\",\n      \"name\": \"Kell-e olajat is cseru00e9lnem a tu00f6mu00edtu00e9sek cseru00e9jekor?\",\n      \"acceptedAnswer\": {\n        \"@type\": \"Answer\",\n        \"text\": \"Igen, eru0151sen aju00e1nlott. A tu00f6mu00edtu00e9sek cseru00e9je soru00e1n u00e9rdemes friss, gyu00e1ri specifiku00e1ciu00f3ju00fa osztu00f3mu0171olajjal feltu00f6lteni a rendszert a maximu00e1lis u00e9lettartam u00e9rdeku00e9ben.\"\n      }\n    }\n  ]\n}\n<\/script><\/p>","protected":false},"excerpt":{"rendered":"<p>Ezek az alkatr\u00e9szek t\u00f6m\u00edtik az oszt\u00f3m\u0171vet. K\u00e9pesek a tengelyek v\u00e9g\u00e9hez r\u00f6gz\u00fclve megakad\u00e1lyozni az olajfoly\u00e1st \u00e9s sziv\u00e1rg\u00e1st. Honnan tudom, hogy az ATC45L oszt\u00f3m\u0171 t\u00f6m\u00edt\u00e9se sziv\u00e1rog? A &#8230; <\/p>\n<p class=\"read-more-container\"><a title=\"Oszt\u00f3m\u0171 t\u00f6m\u00edt\u00e9s szett (ATC45L)\" class=\"read-more button\" href=\"https:\/\/transfercasepartshop.com\/hu\/bmw\/atc45l\/osztomu-tomites-szett-atc45l\/#more-390600\" aria-label=\"Read more about Oszt\u00f3m\u0171 t\u00f6m\u00edt\u00e9s szett (ATC45L)\">Tov\u00e1bb<\/a><\/p>","protected":false},"featured_media":410158,"comment_status":"open","ping_status":"closed","template":"","meta":{"_acf_changed":false},"product_brand":[],"product_cat":[86,90],"product_tag":[209],"class_list":{"0":"post-390600","1":"product","2":"type-product","3":"status-publish","4":"has-post-thumbnail","6":"product_cat-bmw","7":"product_cat-atc45l","8":"product_tag-szimeringek-tomitesek","9":"infinite-scroll-item","10":"no-featured-image-padding","11":"resize-featured-image","12":"sales-flash-overlay","13":"woocommerce-text-align-center","14":"woocommerce-image-align-center","15":"wc-has-gallery","17":"first","18":"instock","19":"taxable","20":"shipping-taxable","21":"purchasable","22":"product-type-simple"},"acf":{"s-tec_number":"SP01571","oem-ref":"BMW 27107505376, 27107505377, 27107619644, 27107619645, 27107619646, 27107629177, 27107629178, 27107629179, 27107636180, 27107636444, 27107636445, 27107636487, 27107636488, 27107636489, 27107639265, 27107639273, 27107639274, 27107643758, 27107643759, 27107643760, 27107649182, 27107649784, 27107852166, 27107854164, 27108604770, 27108604771, 27108612554, 27108612555, 27108623348, 27108623349, 27108643151, 27108643152, 27108697255, 27108697256, 27108697257","tartalom":"A fel\u00faj\u00edt\u00f3 szett tartalmazza az oszt\u00f3m\u0171ben tal\u00e1lhat\u00f3 \u00f6sszes t\u00f6m\u00edt\u00e9st.","lamella-alert":"","transfer_case_application_v2":["BMW ATC45L 2006-2013 X5 E70, E70 LCI","BMW ATC45L 2008-2014 X6 E71, E72 hybrid","BMW ATC45L 2010-2017 X3 F25","BMW ATC45L 2013-2018 X5 F15","BMW ATC45L 2014- X6 M F86","BMW ATC45L 2014-2018 X4 F26","BMW ATC45L 2014-2018 X6 F16"],"transfer_case_application":"","kulso_raktar":23,"google_ads_kep":423449,"gtin":9009381068051},"_links":{"self":[{"href":"https:\/\/transfercasepartshop.com\/hu\/wp-json\/wp\/v2\/product\/390600","targetHints":{"allow":["GET"]}}],"collection":[{"href":"https:\/\/transfercasepartshop.com\/hu\/wp-json\/wp\/v2\/product"}],"about":[{"href":"https:\/\/transfercasepartshop.com\/hu\/wp-json\/wp\/v2\/types\/product"}],"replies":[{"embeddable":true,"href":"https:\/\/transfercasepartshop.com\/hu\/wp-json\/wp\/v2\/comments?post=390600"}],"wp:featuredmedia":[{"embeddable":true,"href":"https:\/\/transfercasepartshop.com\/hu\/wp-json\/wp\/v2\/media\/410158"}],"wp:attachment":[{"href":"https:\/\/transfercasepartshop.com\/hu\/wp-json\/wp\/v2\/media?parent=390600"}],"wp:term":[{"taxonomy":"product_brand","embeddable":true,"href":"https:\/\/transfercasepartshop.com\/hu\/wp-json\/wp\/v2\/product_brand?post=390600"},{"taxonomy":"product_cat","embeddable":true,"href":"https:\/\/transfercasepartshop.com\/hu\/wp-json\/wp\/v2\/product_cat?post=390600"},{"taxonomy":"product_tag","embeddable":true,"href":"https:\/\/transfercasepartshop.com\/hu\/wp-json\/wp\/v2\/product_tag?post=390600"}],"curies":[{"name":"wp","href":"https:\/\/api.w.org\/{rel}","templated":true}]}}