{"id":390597,"date":"2021-11-17T15:04:49","date_gmt":"2021-11-17T14:04:49","guid":{"rendered":"https:\/\/transfercasepartshop.com\/?post_type=product&#038;p=390597"},"modified":"2026-03-23T09:42:10","modified_gmt":"2026-03-23T08:42:10","slug":"tengely-kihajtas-hatso-atc35l-atc450-atc45l","status":"publish","type":"product","link":"https:\/\/transfercasepartshop.com\/hu\/bmw\/atc450\/tengely-kihajtas-hatso-atc35l-atc450-atc45l\/","title":{"rendered":"Tengely kihajt\u00e1s h\u00e1ts\u00f3 (ATC35L, ATC450, ATC45L)"},"content":{"rendered":"<p>Egyedi tengely m\u00e9retekhez gy\u00e1rtott hajt\u00e1sl\u00e1nc elem. K\u00e9t tengely egym\u00e1sba val\u00f3 csatlakoz\u00e1s\u00e1t teszi lehet\u0151v\u00e9. A megfelel\u0151 forgat\u00f3 nyomat\u00e9k lead\u00e1s\u00e1ban elengedhetelen szerepe van.<\/p>\n<section>\n<details>\n<summary>Milyen t\u00fcnetek utalnak a h\u00e1ts\u00f3 tengely kihajt\u00e1s meghib\u00e1sod\u00e1s\u00e1ra?<\/summary>\n<p>A leggyakoribb jelek k\u00f6z\u00e9 tartozik a g\u00e1zad\u00e1skor jelentkez\u0151 kattog\u00f3 vagy f\u00e9mes kopog\u00f3 hang, a gyors\u00edt\u00e1skori r\u00e1ngat\u00e1s, illetve a hajt\u00e1sl\u00e1nc fel\u0151l \u00e9rkez\u0151 szokatlan vibr\u00e1ci\u00f3. Ha a fogazat elkopik, a nyomat\u00e9k\u00e1tvitel megszakadhat.<\/p>\n<\/details>\n<details>\n<summary>Biztosan j\u00f3 lesz ez az alkatr\u00e9sz az \u00e9n BMW-mhez?<\/summary>\n<p>Ez a kihajt\u00e1s kifejezetten az ATC35L, ATC450 \u00e9s ATC45L t\u00edpus\u00fa oszt\u00f3m\u0171vekkel szerelt BMW modellekhez k\u00e9sz\u00fclt. Jellemz\u0151en az X3, X5 \u00e9s X6 sz\u00e9ri\u00e1kn\u00e1l haszn\u00e1lj\u00e1k. V\u00e1s\u00e1rl\u00e1s el\u0151tt \u00e9rdemes ellen\u0151rizni az oszt\u00f3m\u0171 t\u00edpus\u00e1t a h\u00e1zon tal\u00e1lhat\u00f3 adatt\u00e1bl\u00e1n.<\/p>\n<\/details>\n<details>\n<summary>Mi\u00e9rt kritikus a tengelyek pontos illeszked\u00e9se enn\u00e9l az elemn\u00e9l?<\/summary>\n<p>Ez az elem teszi lehet\u0151v\u00e9 k\u00e9t tengely egym\u00e1sba csatlakoz\u00e1s\u00e1t. Mivel a teljes forgat\u00f3nyomat\u00e9k ezen a ponton halad \u00e1t, a pontos m\u00e9ret \u00e9s a minim\u00e1lis t\u0171r\u00e9shat\u00e1r elengedhetetlen a rezg\u00e9smentes fut\u00e1shoz \u00e9s az oszt\u00f3m\u0171 \u00e9lettartam\u00e1nak meg\u0151rz\u00e9s\u00e9hez.<\/p>\n<\/details>\n<details>\n<summary>Otthon is kicser\u00e9lhet\u0151 ez a kihajt\u00e1s, vagy szerel\u0151h\u00f6z kell vinnem?<\/summary>\n<p>A csere az oszt\u00f3m\u0171 r\u00e9szleges megbont\u00e1s\u00e1val \u00e9s speci\u00e1lis leh\u00faz\u00f3 szersz\u00e1mok haszn\u00e1lat\u00e1val j\u00e1rhat. A hajt\u00e1sl\u00e1nc precizit\u00e1sa miatt javasoljuk, hogy a beszerel\u00e9st b\u00edzza szakm\u0171helyre a tov\u00e1bbi k\u00e1rok elker\u00fcl\u00e9se \u00e9rdek\u00e9ben.<\/p>\n<\/details>\n<details>\n<summary>Milyen min\u0151s\u00e9g\u0171 ez a kihajt\u00e1s az eredetihez k\u00e9pest?<\/summary>\n<p>Az alkatr\u00e9sz egyedi tengelym\u00e9retekhez gy\u00e1rtott, nagy szak\u00edt\u00f3szil\u00e1rds\u00e1g\u00fa ac\u00e9lb\u00f3l k\u00e9sz\u00fclt hajt\u00e1sl\u00e1nc elem, amely megfelel az OEM specifik\u00e1ci\u00f3knak, \u00edgy tart\u00f3ss\u00e1gban \u00e9s terhelhet\u0151s\u00e9gben felveszi a versenyt a gy\u00e1ri alkatr\u00e9sszel.<\/p>\n<\/details>\n<\/section>\n<p><script type=\"application\/ld+json\">\n{\n  \"@context\": \"https:\/\/schema.org\",\n  \"@type\": \"FAQPage\",\n  \"mainEntity\": [\n    {\n      \"@type\": \"Question\",\n      \"name\": \"Milyen tu00fcnetek utalnak a hu00e1tsu00f3 tengely kihajtu00e1s meghibu00e1sodu00e1su00e1ra?\",\n      \"acceptedAnswer\": {\n        \"@type\": \"Answer\",\n        \"text\": \"A leggyakoribb jelek ku00f6zu00e9 tartozik a gu00e1zadu00e1skor jelentkezu0151 kattogu00f3 vagy fu00e9mes kopogu00f3 hang, a gyorsu00edtu00e1skori ru00e1ngatu00e1s, illetve a hajtu00e1slu00e1nc felu0151l u00e9rkezu0151 szokatlan vibru00e1ciu00f3.\"\n      }\n    },\n    {\n      \"@type\": \"Question\",\n      \"name\": \"Biztosan ju00f3 lesz ez az alkatru00e9sz az u00e9n BMW-mhez?\",\n      \"acceptedAnswer\": {\n        \"@type\": \"Answer\",\n        \"text\": \"Ez a kihajtu00e1s kifejezetten az ATC35L, ATC450 u00e9s ATC45L tu00edpusu00fa osztu00f3mu0171vekkel szerelt BMW modellekhez ku00e9szu00fclt, mint pu00e9ldu00e1ul az X3, X5 u00e9s X6 szu00e9riu00e1k.\"\n      }\n    },\n    {\n      \"@type\": \"Question\",\n      \"name\": \"Miu00e9rt kritikus a tengelyek pontos illeszkedu00e9se ennu00e9l az elemnu00e9l?\",\n      \"acceptedAnswer\": {\n        \"@type\": \"Answer\",\n        \"text\": \"Mivel a teljes forgatu00f3nyomatu00e9k ezen a ponton halad u00e1t, a pontos mu00e9ret elengedhetetlen a rezgu00e9smentes futu00e1shoz u00e9s az osztu00f3mu0171 belsu0151 alkatru00e9szeinek vu00e9delmu00e9hez.\"\n      }\n    },\n    {\n      \"@type\": \"Question\",\n      \"name\": \"Otthon is kicseru00e9lhetu0151 ez a kihajtu00e1s, vagy szerelu0151hu00f6z kell vinnem?\",\n      \"acceptedAnswer\": {\n        \"@type\": \"Answer\",\n        \"text\": \"A csere az osztu00f3mu0171 megbontu00e1su00e1t u00e9s speciu00e1lis szerszu00e1mokat igu00e9nyel, ezu00e9rt javasolt szakmu0171hely segu00edtsu00e9gu00e9t igu00e9nybe venni.\"\n      }\n    },\n    {\n      \"@type\": \"Question\",\n      \"name\": \"Milyen minu0151su00e9gu0171 ez a kihajtu00e1s az eredetihez ku00e9pest?\",\n      \"acceptedAnswer\": {\n        \"@type\": \"Answer\",\n        \"text\": \"Az alkatru00e9sz nagy szaku00edtu00f3szilu00e1rdsu00e1gu00fa acu00e9lbu00f3l ku00e9szu00fclt, amely megfelel az OEM specifiku00e1ciu00f3knak, biztosu00edtva a gyu00e1ri szintu0171 tartu00f3ssu00e1got.\"\n      }\n    }\n  ]\n}\n<\/script><\/p>","protected":false},"excerpt":{"rendered":"<p>Egyedi tengely m\u00e9retekhez gy\u00e1rtott hajt\u00e1sl\u00e1nc elem. K\u00e9t tengely egym\u00e1sba val\u00f3 csatlakoz\u00e1s\u00e1t teszi lehet\u0151v\u00e9. A megfelel\u0151 forgat\u00f3 nyomat\u00e9k lead\u00e1s\u00e1ban elengedhetelen szerepe van. Milyen t\u00fcnetek utalnak a &#8230; <\/p>\n<p class=\"read-more-container\"><a title=\"Tengely kihajt\u00e1s h\u00e1ts\u00f3 (ATC35L, ATC450, ATC45L)\" class=\"read-more button\" href=\"https:\/\/transfercasepartshop.com\/hu\/bmw\/atc450\/tengely-kihajtas-hatso-atc35l-atc450-atc45l\/#more-390597\" aria-label=\"Read more about Tengely kihajt\u00e1s h\u00e1ts\u00f3 (ATC35L, ATC450, ATC45L)\">Tov\u00e1bb<\/a><\/p>","protected":false},"featured_media":405836,"comment_status":"open","ping_status":"closed","template":"","meta":{"_acf_changed":false},"product_brand":[],"product_cat":[86,88,66,90],"product_tag":[390,210],"class_list":{"0":"post-390597","1":"product","2":"type-product","3":"status-publish","4":"has-post-thumbnail","6":"product_cat-bmw","7":"product_cat-atc35l","8":"product_cat-atc450","9":"product_cat-atc45l","10":"product_tag-magna-powertrain","11":"product_tag-tengelyek-fogaskerekek","12":"infinite-scroll-item","13":"no-featured-image-padding","14":"resize-featured-image","15":"sales-flash-overlay","16":"woocommerce-text-align-center","17":"woocommerce-image-align-center","18":"wc-has-gallery","20":"first","21":"instock","22":"taxable","23":"shipping-taxable","24":"purchasable","25":"product-type-simple"},"acf":{"s-tec_number":"SP01501","oem-ref":"27107595650, 27107645468","tartalom":"","lamella-alert":"","transfer_case_application_v2":["BMW ATC35L 2010-2016 5 series F10, F10 LCI, F11, F11 LCI, F07 GT, F07 GT LCI","BMW ATC35L 2011-2019 1 series F20, F20 LCI, F21, F21 LCI","BMW ATC35L 2012-2018 3 series F30, F30 LCI, F31, F31 LCI, F34 GT, F34 GT LCI","BMW ATC35L 2013- 4 series F32, F32 LCI, F33, F33 LCI","BMW ATC35L 2014- 2 series F22","BMW ATC450 2006-2013 X5 E70, E70 LCI","BMW ATC450 2008-2014 X6 E71, E72 hybrid","BMW ATC450 2010-2017 X3 F25","BMW ATC45L 2014-2018 X4 F26"],"transfer_case_application":"","kulso_raktar":2,"google_ads_kep":423377,"gtin":9009381066507},"_links":{"self":[{"href":"https:\/\/transfercasepartshop.com\/hu\/wp-json\/wp\/v2\/product\/390597","targetHints":{"allow":["GET"]}}],"collection":[{"href":"https:\/\/transfercasepartshop.com\/hu\/wp-json\/wp\/v2\/product"}],"about":[{"href":"https:\/\/transfercasepartshop.com\/hu\/wp-json\/wp\/v2\/types\/product"}],"replies":[{"embeddable":true,"href":"https:\/\/transfercasepartshop.com\/hu\/wp-json\/wp\/v2\/comments?post=390597"}],"wp:featuredmedia":[{"embeddable":true,"href":"https:\/\/transfercasepartshop.com\/hu\/wp-json\/wp\/v2\/media\/405836"}],"wp:attachment":[{"href":"https:\/\/transfercasepartshop.com\/hu\/wp-json\/wp\/v2\/media?parent=390597"}],"wp:term":[{"taxonomy":"product_brand","embeddable":true,"href":"https:\/\/transfercasepartshop.com\/hu\/wp-json\/wp\/v2\/product_brand?post=390597"},{"taxonomy":"product_cat","embeddable":true,"href":"https:\/\/transfercasepartshop.com\/hu\/wp-json\/wp\/v2\/product_cat?post=390597"},{"taxonomy":"product_tag","embeddable":true,"href":"https:\/\/transfercasepartshop.com\/hu\/wp-json\/wp\/v2\/product_tag?post=390597"}],"curies":[{"name":"wp","href":"https:\/\/api.w.org\/{rel}","templated":true}]}}