{"id":390596,"date":"2021-11-17T15:04:48","date_gmt":"2021-11-17T14:04:48","guid":{"rendered":"https:\/\/transfercasepartshop.com\/?post_type=product&#038;p=390596"},"modified":"2026-03-23T09:42:08","modified_gmt":"2026-03-23T08:42:08","slug":"osztomu-tomites-szett-atc450","status":"publish","type":"product","link":"https:\/\/transfercasepartshop.com\/hu\/bmw\/atc450\/osztomu-tomites-szett-atc450\/","title":{"rendered":"Oszt\u00f3m\u0171 t\u00f6m\u00edt\u00e9s szett (ATC450)"},"content":{"rendered":"<p>Ezek az alkatr\u00e9szek t\u00f6m\u00edtik az oszt\u00f3m\u0171vet. K\u00e9pesek a tengelyek v\u00e9g\u00e9hez r\u00f6gz\u00fclve megakad\u00e1lyozni az olajfoly\u00e1st \u00e9s sziv\u00e1rg\u00e1st.<\/p>\n<div class=\"faq-container\">\n<details>\n<summary>Honnan tudom, hogy sziv\u00e1rog az ATC450-es oszt\u00f3m\u0171vem?<\/summary>\n<p>A leggyakoribb jel az aut\u00f3 alatti olajfolt k\u00f6z\u00e9pt\u00e1jon, vagy ha az oszt\u00f3m\u0171 h\u00e1za k\u00edv\u00fclr\u0151l olajs\u00e1ros. Ha menet k\u00f6zben \u00e9gett olajszagot \u00e9rzel, az is utalhat arra, hogy a sziv\u00e1rg\u00f3 olaj r\u00e1ker\u00fcl a forr\u00f3 kipufog\u00f3rendszerre.<\/p>\n<\/details>\n<details>\n<summary>J\u00f3 lesz ez a t\u00f6m\u00edt\u00e9s k\u00e9szlet a 2012-es BMW X5-\u00f6mh\u00f6z?<\/summary>\n<p>Igen, amennyiben az aut\u00f3d ATC450 t\u00edpus\u00fa oszt\u00f3m\u0171vel van szerelve. Ez az egys\u00e9g jellemz\u0151en a 2010 \u00e9s 2013 k\u00f6z\u00f6tti BMW X5 (E70 LCI) \u00e9s X6 (E71 LCI) modellekben tal\u00e1lhat\u00f3 meg.<\/p>\n<\/details>\n<details>\n<summary>Mi t\u00f6rt\u00e9nik, ha nem cser\u00e9lem ki id\u0151ben a sziv\u00e1rg\u00f3 t\u00f6m\u00edt\u00e9seket?<\/summary>\n<p>Az olajsziv\u00e1rg\u00e1s miatt lecs\u00f6kken az oszt\u00f3m\u0171 ken\u00e9se. Ez az alkatr\u00e9szek (l\u00e1nc, lamell\u00e1k, csap\u00e1gyak) t\u00falmeleged\u00e9s\u00e9hez \u00e9s id\u0151 el\u0151tti t\u00f6nkremenetel\u00e9hez vezet, ami j\u00f3val dr\u00e1g\u00e1bb jav\u00edt\u00e1st von maga ut\u00e1n, mint egy t\u00f6m\u00edt\u00e9scsere.<\/p>\n<\/details>\n<details>\n<summary>Otthon is ki tudom cser\u00e9lni a t\u00f6m\u00edt\u00e9seket, vagy szervizbe kell mennem?<\/summary>\n<p>A szimeringek cser\u00e9je precizit\u00e1st \u00e9s speci\u00e1lis leh\u00faz\u00f3\/be\u00fct\u0151 szersz\u00e1mokat ig\u00e9nyelhet. Mivel az oszt\u00f3m\u0171 kritikus eleme az \u00f6sszker\u00e9khajt\u00e1snak, javasoljuk, hogy a beszerel\u00e9st b\u00edzd szakm\u0171helyre a garancia \u00e9s a pontos illeszked\u00e9s \u00e9rdek\u00e9ben.<\/p>\n<\/details>\n<details>\n<summary>Mit tartalmaz pontosan ez az ATC450 t\u00f6m\u00edt\u00e9s szett?<\/summary>\n<p>A k\u00e9szlet tartalmazza az oszt\u00f3m\u0171 kihajt\u00e1saihoz sz\u00fcks\u00e9ges \u00f6sszes kritikus szimeringet \u00e9s t\u00f6m\u00edt\u0151gy\u0171r\u0171t, amelyek megg\u00e1tolj\u00e1k, hogy az olaj a tengelyek ment\u00e9n t\u00e1vozzon a rendszerb\u0151l.<\/p>\n<\/details>\n<\/div>\n<p><script type=\"application\/ld+json\">\n{\n  \"@context\": \"https:\/\/schema.org\",\n  \"@type\": \"FAQPage\",\n  \"mainEntity\": [\n    {\n      \"@type\": \"Question\",\n      \"name\": \"Honnan tudom, hogy szivu00e1rog az ATC450-es osztu00f3mu0171vem?\",\n      \"acceptedAnswer\": {\n        \"@type\": \"Answer\",\n        \"text\": \"A leggyakoribb jel az autu00f3 alatti olajfolt ku00f6zu00e9ptu00e1jon, vagy ha az osztu00f3mu0171 hu00e1za ku00edvu00fclru0151l olajsu00e1ros. Ha menet ku00f6zben u00e9gett olajszagot u00e9rzel, az is utalhat arra, hogy a szivu00e1rgu00f3 olaj ru00e1keru00fcl a forru00f3 kipufogu00f3rendszerre.\"\n      }\n    },\n    {\n      \"@type\": \"Question\",\n      \"name\": \"Ju00f3 lesz ez a tu00f6mu00edtu00e9s ku00e9szlet a 2012-es BMW X5-u00f6mhu00f6z?\",\n      \"acceptedAnswer\": {\n        \"@type\": \"Answer\",\n        \"text\": \"Igen, amennyiben az autu00f3d ATC450 tu00edpusu00fa osztu00f3mu0171vel van szerelve. Ez az egysu00e9g jellemzu0151en a 2010 u00e9s 2013 ku00f6zu00f6tti BMW X5 (E70 LCI) u00e9s X6 (E71 LCI) modellekben talu00e1lhatu00f3 meg.\"\n      }\n    },\n    {\n      \"@type\": \"Question\",\n      \"name\": \"Mi tu00f6rtu00e9nik, ha nem cseru00e9lem ki idu0151ben a szivu00e1rgu00f3 tu00f6mu00edtu00e9seket?\",\n      \"acceptedAnswer\": {\n        \"@type\": \"Answer\",\n        \"text\": \"Az olajszivu00e1rgu00e1s miatt lecsu00f6kken az osztu00f3mu0171 kenu00e9se. Ez az alkatru00e9szek (lu00e1nc, lamellu00e1k, csapu00e1gyak) tu00falmelegedu00e9su00e9hez u00e9s idu0151 elu0151tti tu00f6nkremenetelu00e9hez vezet, ami ju00f3val dru00e1gu00e1bb javu00edtu00e1st von maga utu00e1n, mint egy tu00f6mu00edtu00e9scsere.\"\n      }\n    },\n    {\n      \"@type\": \"Question\",\n      \"name\": \"Otthon is ki tudom cseru00e9lni a tu00f6mu00edtu00e9seket, vagy szervizbe kell mennem?\",\n      \"acceptedAnswer\": {\n        \"@type\": \"Answer\",\n        \"text\": \"A szimeringek cseru00e9je precizitu00e1st u00e9s speciu00e1lis lehu00fazu00f3\/beu00fctu0151 szerszu00e1mokat igu00e9nyelhet. Mivel az osztu00f3mu0171 kritikus eleme az u00f6sszkeru00e9khajtu00e1snak, javasoljuk, hogy a beszerelu00e9st bu00edzd szakmu0171helyre a garancia u00e9s a pontos illeszkedu00e9s u00e9rdeku00e9ben.\"\n      }\n    },\n    {\n      \"@type\": \"Question\",\n      \"name\": \"Mit tartalmaz pontosan ez az ATC450 tu00f6mu00edtu00e9s szett?\",\n      \"acceptedAnswer\": {\n        \"@type\": \"Answer\",\n        \"text\": \"A ku00e9szlet tartalmazza az osztu00f3mu0171 kihajtu00e1saihoz szu00fcksu00e9ges u00f6sszes kritikus szimeringet u00e9s tu00f6mu00edtu0151gyu0171ru0171t, amelyek meggu00e1tolju00e1k, hogy az olaj a tengelyek mentu00e9n tu00e1vozzon a rendszerbu0151l.\"\n      }\n    }\n  ]\n}\n<\/script><\/p>","protected":false},"excerpt":{"rendered":"<p>Ezek az alkatr\u00e9szek t\u00f6m\u00edtik az oszt\u00f3m\u0171vet. K\u00e9pesek a tengelyek v\u00e9g\u00e9hez r\u00f6gz\u00fclve megakad\u00e1lyozni az olajfoly\u00e1st \u00e9s sziv\u00e1rg\u00e1st. Honnan tudom, hogy sziv\u00e1rog az ATC450-es oszt\u00f3m\u0171vem? A leggyakoribb &#8230; <\/p>\n<p class=\"read-more-container\"><a title=\"Oszt\u00f3m\u0171 t\u00f6m\u00edt\u00e9s szett (ATC450)\" class=\"read-more button\" href=\"https:\/\/transfercasepartshop.com\/hu\/bmw\/atc450\/osztomu-tomites-szett-atc450\/#more-390596\" aria-label=\"Read more about Oszt\u00f3m\u0171 t\u00f6m\u00edt\u00e9s szett (ATC450)\">Tov\u00e1bb<\/a><\/p>","protected":false},"featured_media":405619,"comment_status":"open","ping_status":"closed","template":"","meta":{"_acf_changed":false},"product_brand":[],"product_cat":[86,66],"product_tag":[209],"class_list":{"0":"post-390596","1":"product","2":"type-product","3":"status-publish","4":"has-post-thumbnail","6":"product_cat-bmw","7":"product_cat-atc450","8":"product_tag-szimeringek-tomitesek","9":"infinite-scroll-item","10":"no-featured-image-padding","11":"resize-featured-image","12":"sales-flash-overlay","13":"woocommerce-text-align-center","14":"woocommerce-image-align-center","15":"wc-has-gallery","17":"first","18":"instock","19":"taxable","20":"shipping-taxable","21":"purchasable","22":"product-type-simple"},"acf":{"s-tec_number":"SP01498","oem-ref":"BMW 27107605344, 27107605345, 27107609193, 27107609196, 27107609197, 27107610586, 27107610587, 27107610588, 27107619178, 27107619179, 27107619180, 27107619776, 27107627944, 27107627945, 27107629405, 27107629406, 27107629605, 27107629606, 27107635753, 27107635754, 27107636480, 27107636481, 27107636482, 27107639264, 27107639271, 27107639272, 27107643751, 27107643752, 27107643753, 27108697972, 27108697973, 27108697972","tartalom":"A fel\u00faj\u00edt\u00f3 szett tartalmazza az oszt\u00f3m\u0171ben tal\u00e1lhat\u00f3 \u00f6sszes t\u00f6m\u00edt\u00e9st.","lamella-alert":"","transfer_case_application_v2":["BMW ATC450 2006-2013 X5 E70, E70 LCI","BMW ATC450 2008-2014 X6 E71, E72 hybrid","BMW ATC450 2010-2017 X3 F25"],"transfer_case_application":"","kulso_raktar":1,"google_ads_kep":423375,"gtin":9009381066460},"_links":{"self":[{"href":"https:\/\/transfercasepartshop.com\/hu\/wp-json\/wp\/v2\/product\/390596","targetHints":{"allow":["GET"]}}],"collection":[{"href":"https:\/\/transfercasepartshop.com\/hu\/wp-json\/wp\/v2\/product"}],"about":[{"href":"https:\/\/transfercasepartshop.com\/hu\/wp-json\/wp\/v2\/types\/product"}],"replies":[{"embeddable":true,"href":"https:\/\/transfercasepartshop.com\/hu\/wp-json\/wp\/v2\/comments?post=390596"}],"wp:featuredmedia":[{"embeddable":true,"href":"https:\/\/transfercasepartshop.com\/hu\/wp-json\/wp\/v2\/media\/405619"}],"wp:attachment":[{"href":"https:\/\/transfercasepartshop.com\/hu\/wp-json\/wp\/v2\/media?parent=390596"}],"wp:term":[{"taxonomy":"product_brand","embeddable":true,"href":"https:\/\/transfercasepartshop.com\/hu\/wp-json\/wp\/v2\/product_brand?post=390596"},{"taxonomy":"product_cat","embeddable":true,"href":"https:\/\/transfercasepartshop.com\/hu\/wp-json\/wp\/v2\/product_cat?post=390596"},{"taxonomy":"product_tag","embeddable":true,"href":"https:\/\/transfercasepartshop.com\/hu\/wp-json\/wp\/v2\/product_tag?post=390596"}],"curies":[{"name":"wp","href":"https:\/\/api.w.org\/{rel}","templated":true}]}}