{"id":390592,"date":"2021-11-17T15:04:47","date_gmt":"2021-11-17T14:04:47","guid":{"rendered":"https:\/\/transfercasepartshop.com\/?post_type=product&#038;p=390592"},"modified":"2026-03-23T09:42:00","modified_gmt":"2026-03-23T08:42:00","slug":"osztomu-tomites-szett-atc35l","status":"publish","type":"product","link":"https:\/\/transfercasepartshop.com\/hu\/bmw\/atc35l\/osztomu-tomites-szett-atc35l\/","title":{"rendered":"Oszt\u00f3m\u0171 t\u00f6m\u00edt\u00e9s szett (ATC35L)"},"content":{"rendered":"<p>Ezek az alkatr\u00e9szek t\u00f6m\u00edtik az oszt\u00f3m\u0171vet. K\u00e9pesek a tengelyek v\u00e9g\u00e9hez r\u00f6gz\u00fclve megakad\u00e1lyozni az olajfoly\u00e1st \u00e9s sziv\u00e1rg\u00e1st.<\/p>\n<div class=\"faq-section\">\n<details>\n<summary>Honnan tudom, hogy cser\u00e9lni kell a t\u00f6m\u00edt\u00e9seket az ATC35L oszt\u00f3m\u0171ben?<\/summary>\n<p>A leggyakoribb jel az olajfoly\u00e1s vagy sziv\u00e1rg\u00e1s az oszt\u00f3m\u0171 h\u00e1za k\u00f6r\u00fcl, illetve az aut\u00f3 alatt megjelen\u0151 olajcseppek. Ha \u00e9gett olajszagot \u00e9rez a hajt\u00e1s fel\u0151l, vagy l\u00e1that\u00f3an nedves az oszt\u00f3m\u0171 kimeneti tengely\u00e9n\u00e9l a h\u00e1z, a t\u00f6m\u00edt\u00e9sek val\u00f3sz\u00edn\u0171leg elkoptak \u00e9s cser\u00e9re szorulnak.<\/p>\n<\/details>\n<details>\n<summary>J\u00f3 lesz ez az alkatr\u00e9sz az \u00e9n BMW-mbe?<\/summary>\n<p>Ez a szett kifejezetten a BMW ATC35L t\u00edpus\u00fa oszt\u00f3m\u0171vekhez k\u00e9sz\u00fclt. Ez a t\u00edpus megtal\u00e1lhat\u00f3 sz\u00e1mos F-sz\u00e9ri\u00e1s xDrive modellben (p\u00e9ld\u00e1ul 1-es, 2-es, 3-as, 4-es, 5-\u00f6s, 6-os \u00e9s 7-es sz\u00e9ria). Ha nem biztos a kompatibilit\u00e1sban, ellen\u0151rizze az aut\u00f3 alv\u00e1zsz\u00e1ma alapj\u00e1n az oszt\u00f3m\u0171 t\u00edpus\u00e1t.<\/p>\n<\/details>\n<details>\n<summary>Mi t\u00f6rt\u00e9nik, ha nem jav\u00edtom meg id\u0151ben a sziv\u00e1rg\u00f3 t\u00f6m\u00edt\u00e9st?<\/summary>\n<p>A sziv\u00e1rg\u00f3 t\u00f6m\u00edt\u00e9s miatt cs\u00f6kken az olajszint az oszt\u00f3m\u0171ben. A nem megfelel\u0151 ken\u00e9s miatt az bels\u0151 alkatr\u00e9szek (l\u00e1nc, lamell\u00e1k, csap\u00e1gyak) t\u00falmelegedhetnek \u00e9s id\u0151 el\u0151tt t\u00f6nkremehetnek, ami v\u00e9g\u00fcl a teljes oszt\u00f3m\u0171 cser\u00e9j\u00e9hez vezethet, ami sokkal k\u00f6lts\u00e9gesebb.<\/p>\n<\/details>\n<details>\n<summary>Mit tartalmaz pontosan ez az ATC35L t\u00f6m\u00edt\u00e9s k\u00e9szlet?<\/summary>\n<p>A szett tartalmazza azokat a speci\u00e1lis szimeringeket \u00e9s t\u00f6m\u00edt\u00e9seket, amelyek a tengelyek kimeneti pontjain\u00e1l megakad\u00e1lyozz\u00e1k az olaj kijut\u00e1s\u00e1t a rendszerb\u0151l. Ezek az alkatr\u00e9szek m\u00e9retpontosak \u00e9s ellen\u00e1llnak a magas \u00fczemi h\u0151m\u00e9rs\u00e9kletnek.<\/p>\n<\/details>\n<details>\n<summary>Otthon is ki tudom cser\u00e9lni a t\u00f6m\u00edt\u00e9seket, vagy vigyem szervizbe?<\/summary>\n<p>B\u00e1r a t\u00f6m\u00edt\u00e9sek cser\u00e9je egyszer\u0171bb feladatnak t\u0171nhet, az oszt\u00f3m\u0171 el\u00e9r\u00e9se \u00e9s a szakszer\u0171 beszerel\u00e9s speci\u00e1lis szersz\u00e1mokat \u00e9s emel\u0151t ig\u00e9nyel. A nem megfelel\u0151en be\u00fct\u00f6tt szimering \u00fajra sziv\u00e1rogni fog, ez\u00e9rt javasoljuk, hogy BMW hajt\u00e1sl\u00e1ncokra szakosodott szervizzel v\u00e9geztesse el a munk\u00e1t.<\/p>\n<\/details>\n<\/div>\n<p><script type=\"application\/ld+json\">\n{\n  \"@context\": \"https:\/\/schema.org\",\n  \"@type\": \"FAQPage\",\n  \"mainEntity\": [\n    {\n      \"@type\": \"Question\",\n      \"name\": \"Honnan tudom, hogy cseru00e9lni kell a tu00f6mu00edtu00e9seket az ATC35L osztu00f3mu0171ben?\",\n      \"acceptedAnswer\": {\n        \"@type\": \"Answer\",\n        \"text\": \"A leggyakoribb jel az olajfolyu00e1s vagy szivu00e1rgu00e1s az osztu00f3mu0171 hu00e1za ku00f6ru00fcl, illetve az autu00f3 alatt megjelenu0151 olajcseppek. Ha u00e9gett olajszagot u00e9rez a hajtu00e1s felu0151l, vagy lu00e1thatu00f3an nedves az osztu00f3mu0171 kimeneti tengelyu00e9nu00e9l a hu00e1z, a tu00f6mu00edtu00e9sek valu00f3szu00ednu0171leg elkoptak.\"\n      }\n    },\n    {\n      \"@type\": \"Question\",\n      \"name\": \"Ju00f3 lesz ez az alkatru00e9sz az u00e9n BMW-mbe?\",\n      \"acceptedAnswer\": {\n        \"@type\": \"Answer\",\n        \"text\": \"Ez a szett kifejezetten a BMW ATC35L tu00edpusu00fa osztu00f3mu0171vekhez ku00e9szu00fclt, amely szu00e1mos F-szu00e9riu00e1s xDrive modellben megtalu00e1lhatu00f3 (1-7 szu00e9ria). Ellenu0151rizze az osztu00f3mu0171 tu00edpusu00e1t a pontos egyezu00e9su00e9rt.\"\n      }\n    },\n    {\n      \"@type\": \"Question\",\n      \"name\": \"Mi tu00f6rtu00e9nik, ha nem javu00edtom meg idu0151ben a szivu00e1rgu00f3 tu00f6mu00edtu00e9st?\",\n      \"acceptedAnswer\": {\n        \"@type\": \"Answer\",\n        \"text\": \"A szivu00e1rgu00e1s alacsony olajszintet okoz, ami az osztu00f3mu0171 belsu0151 alkatru00e9szeinek (lu00e1nc, csapu00e1gyak) tu00falmelegedu00e9su00e9hez u00e9s teljes meghibu00e1sodu00e1su00e1hoz vezethet.\"\n      }\n    },\n    {\n      \"@type\": \"Question\",\n      \"name\": \"Mit tartalmaz pontosan ez az ATC35L tu00f6mu00edtu00e9s ku00e9szlet?\",\n      \"acceptedAnswer\": {\n        \"@type\": \"Answer\",\n        \"text\": \"A szett tartalmazza azokat a speciu00e1lis szimeringeket u00e9s tu00f6mu00edtu00e9seket, amelyek a kimeneti tengelyeknu00e9l zu00e1rju00e1k el az olaj u00fatju00e1t, biztosu00edtva a szivu00e1rgu00e1smentes u00fczemet.\"\n      }\n    },\n    {\n      \"@type\": \"Question\",\n      \"name\": \"Otthon is ki tudom cseru00e9lni a tu00f6mu00edtu00e9seket, vagy vigyem szervizbe?\",\n      \"acceptedAnswer\": {\n        \"@type\": \"Answer\",\n        \"text\": \"A beszerelu00e9s speciu00e1lis szerszu00e1mokat u00e9s szaku00e9rtelmet igu00e9nyel a pontos illeszkedu00e9s u00e9rdeku00e9ben, ezu00e9rt javasolt szakmu0171helyhez fordulni a garanciu00e1lis u00e9s biztonsu00e1gos mu0171ku00f6du00e9su00e9rt.\"\n      }\n    }\n  ]\n}\n<\/script><\/p>","protected":false},"excerpt":{"rendered":"<p>Ezek az alkatr\u00e9szek t\u00f6m\u00edtik az oszt\u00f3m\u0171vet. K\u00e9pesek a tengelyek v\u00e9g\u00e9hez r\u00f6gz\u00fclve megakad\u00e1lyozni az olajfoly\u00e1st \u00e9s sziv\u00e1rg\u00e1st. Honnan tudom, hogy cser\u00e9lni kell a t\u00f6m\u00edt\u00e9seket az ATC35L &#8230; <\/p>\n<p class=\"read-more-container\"><a title=\"Oszt\u00f3m\u0171 t\u00f6m\u00edt\u00e9s szett (ATC35L)\" class=\"read-more button\" href=\"https:\/\/transfercasepartshop.com\/hu\/bmw\/atc35l\/osztomu-tomites-szett-atc35l\/#more-390592\" aria-label=\"Read more about Oszt\u00f3m\u0171 t\u00f6m\u00edt\u00e9s szett (ATC35L)\">Tov\u00e1bb<\/a><\/p>","protected":false},"featured_media":404965,"comment_status":"open","ping_status":"closed","template":"","meta":{"_acf_changed":false},"product_brand":[],"product_cat":[86,88],"product_tag":[209],"class_list":{"0":"post-390592","1":"product","2":"type-product","3":"status-publish","4":"has-post-thumbnail","6":"product_cat-bmw","7":"product_cat-atc35l","8":"product_tag-szimeringek-tomitesek","9":"infinite-scroll-item","10":"no-featured-image-padding","11":"resize-featured-image","12":"sales-flash-overlay","13":"woocommerce-text-align-center","14":"woocommerce-image-align-center","15":"wc-has-gallery","17":"first","18":"instock","19":"taxable","20":"shipping-taxable","21":"purchasable","22":"product-type-simple"},"acf":{"s-tec_number":"SP01469","oem-ref":"BMW 27104603370, 27107505374, 27107505375, 27107617503, 27107619643, 27107621378, 27107622018, 27107629172, 27107629175, 27107629176, 27107629349, 27107629521, 27107629523, 27107629524, 27107631536, 27107635757, 27107635758, 27107636174, 27107636178, 27107636483, 27107636484, 27107636485, 27107636486, 27107639262, 27107639263, 27107639269, 27107639270, 27107643754, 27107643755, 27107643756, 27107643757, 27107649181, 27107649718, 27107649725, 27107649782, 27107649783, 27108604768, 27108604769, 27108612556, 27108612557, 27108623346, 27108623347, 27108643149, 27108643150, 27108662300, 27108662968, 27108697968","tartalom":"A fel\u00faj\u00edt\u00f3 szett tartalmazza az oszt\u00f3m\u0171ben tal\u00e1lhat\u00f3 \u00f6sszes t\u00f6m\u00edt\u00e9st.","lamella-alert":"","transfer_case_application_v2":["BMW ATC35L 2008-2015 7 series F01, F01 LCI, F02 LCI","BMW ATC35L 2009-2015 X1 E84","BMW ATC35L 2010-2016 5 series F10, F10 LCI, F11, F11 LCI, F07 GT, F07 GT LCI","BMW ATC35L 2011-2017 6 series F06, F06 LCI, F12, F12 LCI, F13 F13 LCI","BMW ATC35L 2011-2019 1 series F20, F20 LCI, F21, F21 LCI","BMW ATC35L 2012-2018 3 series F30, F30 LCI, F31, F31 LCI, F34 GT, F34 GT LCI","BMW ATC35L 2013- 4 series F32, F32 LCI, F33, F33 LCI","BMW ATC35L 2014- 2 series F22"],"transfer_case_application":"","kulso_raktar":12,"google_ads_kep":423383,"gtin":9009381064602},"_links":{"self":[{"href":"https:\/\/transfercasepartshop.com\/hu\/wp-json\/wp\/v2\/product\/390592","targetHints":{"allow":["GET"]}}],"collection":[{"href":"https:\/\/transfercasepartshop.com\/hu\/wp-json\/wp\/v2\/product"}],"about":[{"href":"https:\/\/transfercasepartshop.com\/hu\/wp-json\/wp\/v2\/types\/product"}],"replies":[{"embeddable":true,"href":"https:\/\/transfercasepartshop.com\/hu\/wp-json\/wp\/v2\/comments?post=390592"}],"wp:featuredmedia":[{"embeddable":true,"href":"https:\/\/transfercasepartshop.com\/hu\/wp-json\/wp\/v2\/media\/404965"}],"wp:attachment":[{"href":"https:\/\/transfercasepartshop.com\/hu\/wp-json\/wp\/v2\/media?parent=390592"}],"wp:term":[{"taxonomy":"product_brand","embeddable":true,"href":"https:\/\/transfercasepartshop.com\/hu\/wp-json\/wp\/v2\/product_brand?post=390592"},{"taxonomy":"product_cat","embeddable":true,"href":"https:\/\/transfercasepartshop.com\/hu\/wp-json\/wp\/v2\/product_cat?post=390592"},{"taxonomy":"product_tag","embeddable":true,"href":"https:\/\/transfercasepartshop.com\/hu\/wp-json\/wp\/v2\/product_tag?post=390592"}],"curies":[{"name":"wp","href":"https:\/\/api.w.org\/{rel}","templated":true}]}}