{"id":390590,"date":"2021-11-17T15:04:46","date_gmt":"2021-11-17T14:04:46","guid":{"rendered":"https:\/\/transfercasepartshop.com\/?post_type=product&#038;p=390590"},"modified":"2026-04-23T11:56:38","modified_gmt":"2026-04-23T09:56:38","slug":"osztomu-kuplung-szett-atc45l-atc35l-hyundai-atc-maserati-atc","status":"publish","type":"product","link":"https:\/\/transfercasepartshop.com\/hu\/bmw\/atc35l\/osztomu-kuplung-szett-atc45l-atc35l-hyundai-atc-maserati-atc\/","title":{"rendered":"Oszt\u00f3m\u0171 kuplung szett (ATC45L, ATC35L, Hyundai ATC)"},"content":{"rendered":"<p>A csomag tartalmazza azokat a sz\u00fcks\u00e9ges alkatr\u00e9szeket,amelyekb\u0151l megfelel\u0151en ujj\u00e1 lehet \u00e9p\u00edteni a kuplungot<\/p>\n<div class=\"faq-container\">\n<details>\n<summary>Mi\u00e9rt r\u00e1ngat az aut\u00f3m kanyarod\u00e1skor vagy intenz\u00edv gyors\u00edt\u00e1skor?<\/summary>\n<p>A r\u00e1ngat\u00e1s vagy szaggat\u00e1s kanyarod\u00e1s k\u00f6zben gyakran az oszt\u00f3m\u0171 kuplunglamell\u00e1inak kop\u00e1s\u00e1ra vagy meg\u00e9g\u00e9s\u00e9re utal. Ez a szett tartalmazza a sz\u00fcks\u00e9ges alkatr\u00e9szeket a kuplung szerkezet \u00fajj\u00e1\u00e9p\u00edt\u00e9s\u00e9hez, ami megsz\u00fcnteti a tapad\u00e1si hib\u00e1kat \u00e9s vissza\u00e1ll\u00edtja a sima er\u0151\u00e1tvitelt.<\/p>\n<\/details>\n<details>\n<summary>Biztosan j\u00f3 lesz ez a k\u00e9szlet az \u00e9n BMW ATC35L oszt\u00f3m\u0171vemhez?<\/summary>\n<p>Igen, ez a k\u00e9szlet kifejezetten az ATC35L \u00e9s ATC45L t\u00edpus\u00fa oszt\u00f3m\u0171vekhez, valamint bizonyos Hyundai ATC rendszerekhez lett \u00f6ssze\u00e1ll\u00edtva. Ha az aut\u00f3ja ezekkel a t\u00edpusokkal van szerelve (gyakori az F-sz\u00e9ri\u00e1s BMW-kn\u00e9l), a szett kompatibilis lesz.<\/p>\n<\/details>\n<details>\n<summary>Mit tartalmaz pontosan az oszt\u00f3m\u0171 kuplung fel\u00faj\u00edt\u00f3 k\u00e9szlet?<\/summary>\n<p>A csomag minden olyan kop\u00f3 alkatr\u00e9szt \u00e9s komponenst tartalmaz, amely elengedhetetlen a kuplung egys\u00e9g gy\u00e1ri min\u0151s\u00e9g\u0171 helyre\u00e1ll\u00edt\u00e1s\u00e1hoz. Ez mag\u00e1ban foglalja a lamell\u00e1kat \u00e9s a kapcsol\u00f3d\u00f3 mechanikai elemeket, amelyek az oszt\u00f3m\u0171 z\u00e1r\u00e1s\u00e1\u00e9rt felelnek.<\/p>\n<\/details>\n<details>\n<summary>Otthon is elv\u00e9gezhet\u0151 a kuplung cser\u00e9je, vagy szakm\u0171hely kell hozz\u00e1?<\/summary>\n<p>Az oszt\u00f3m\u0171 sz\u00e9tnyit\u00e1sa \u00e9s a kuplunglamell\u00e1k pontos illeszt\u00e9se speci\u00e1lis szersz\u00e1mokat \u00e9s szak\u00e9rtelmet ig\u00e9nyel. A hossz\u00fa \u00e9lettartam \u00e9s a garancia meg\u0151rz\u00e9se \u00e9rdek\u00e9ben javasoljuk, hogy keressen fel egy oszt\u00f3m\u0171vekre szakosodott szervizt.<\/p>\n<\/details>\n<details>\n<summary>Milyen karbantart\u00e1st ig\u00e9nyel az oszt\u00f3m\u0171 a kuplung fel\u00faj\u00edt\u00e1sa ut\u00e1n?<\/summary>\n<p>A fel\u00faj\u00edt\u00e1s ut\u00e1n kritikus fontoss\u00e1g\u00fa a megfelel\u0151 specifik\u00e1ci\u00f3j\u00fa oszt\u00f3m\u0171olaj haszn\u00e1lata \u00e9s annak rendszeres cser\u00e9je (javasolt 60.000 km-enk\u00e9nt). Ez megakad\u00e1lyozza az \u00faj lamell\u00e1k korai kop\u00e1s\u00e1t \u00e9s t\u00falmeleged\u00e9s\u00e9t.<\/p>\n<\/details>\n<\/div>\n<p><script type=\"application\/ld+json\">\n{\n  \"@context\": \"https:\/\/schema.org\",\n  \"@type\": \"FAQPage\",\n  \"mainEntity\": [\n    {\n      \"@type\": \"Question\",\n      \"name\": \"Miu00e9rt ru00e1ngat az autu00f3m kanyarodu00e1skor vagy intenzu00edv gyorsu00edtu00e1skor?\",\n      \"acceptedAnswer\": {\n        \"@type\": \"Answer\",\n        \"text\": \"A ru00e1ngatu00e1s vagy szaggatu00e1s kanyarodu00e1s ku00f6zben gyakran az osztu00f3mu0171 kuplunglamellu00e1inak kopu00e1su00e1ra vagy megu00e9gu00e9su00e9re utal. Ez a szett tartalmazza a szu00fcksu00e9ges alkatru00e9szeket a kuplung szerkezet u00fajju00e1u00e9pu00edtu00e9su00e9hez, ami megszu00fcnteti a tapadu00e1si hibu00e1kat u00e9s visszau00e1llu00edtja a sima eru0151u00e1tvitelt.\"\n      }\n    },\n    {\n      \"@type\": \"Question\",\n      \"name\": \"Biztosan ju00f3 lesz ez a ku00e9szlet az u00e9n BMW ATC35L osztu00f3mu0171vemhez?\",\n      \"acceptedAnswer\": {\n        \"@type\": \"Answer\",\n        \"text\": \"Igen, ez a ku00e9szlet kifejezetten az ATC35L u00e9s ATC45L tu00edpusu00fa osztu00f3mu0171vekhez, valamint bizonyos Hyundai ATC rendszerekhez lett u00f6sszeu00e1llu00edtva. Ha az autu00f3ja ezekkel a tu00edpusokkal van szerelve, a szett kompatibilis lesz.\"\n      }\n    },\n    {\n      \"@type\": \"Question\",\n      \"name\": \"Mit tartalmaz pontosan az osztu00f3mu0171 kuplung felu00faju00edtu00f3 ku00e9szlet?\",\n      \"acceptedAnswer\": {\n        \"@type\": \"Answer\",\n        \"text\": \"A csomag minden olyan kopu00f3 alkatru00e9szt u00e9s komponenst tartalmaz, amely elengedhetetlen a kuplung egysu00e9g gyu00e1ri minu0151su00e9gu0171 helyreu00e1llu00edtu00e1su00e1hoz. Ez magu00e1ban foglalja a lamellu00e1kat u00e9s a kapcsolu00f3du00f3 mechanikai elemeket.\"\n      }\n    },\n    {\n      \"@type\": \"Question\",\n      \"name\": \"Otthon is elvu00e9gezhetu0151 a kuplung cseru00e9je, vagy szakmu0171hely kell hozzu00e1?\",\n      \"acceptedAnswer\": {\n        \"@type\": \"Answer\",\n        \"text\": \"Az osztu00f3mu0171 szu00e9tnyitu00e1sa u00e9s a kuplunglamellu00e1k pontos illesztu00e9se speciu00e1lis szerszu00e1mokat u00e9s szaku00e9rtelmet igu00e9nyel. Javasoljuk, hogy keressen fel egy osztu00f3mu0171vekre szakosodott szervizt.\"\n      }\n    },\n    {\n      \"@type\": \"Question\",\n      \"name\": \"Milyen karbantartu00e1st igu00e9nyel az osztu00f3mu0171 a kuplung felu00faju00edtu00e1sa utu00e1n?\",\n      \"acceptedAnswer\": {\n        \"@type\": \"Answer\",\n        \"text\": \"A felu00faju00edtu00e1s utu00e1n kritikus fontossu00e1gu00fa a megfelelu0151 specifiku00e1ciu00f3ju00fa osztu00f3mu0171olaj hasznu00e1lata u00e9s annak rendszeres cseru00e9je (javasolt 60.000 km-enku00e9nt), hogy megakadu00e1lyozza az u00faj lamellu00e1k korai kopu00e1su00e1t.\"\n      }\n    }\n  ]\n}\n<\/script><\/p>","protected":false},"excerpt":{"rendered":"<p>A csomag tartalmazza azokat a sz\u00fcks\u00e9ges alkatr\u00e9szeket,amelyekb\u0151l megfelel\u0151en ujj\u00e1 lehet \u00e9p\u00edteni a kuplungot Mi\u00e9rt r\u00e1ngat az aut\u00f3m kanyarod\u00e1skor vagy intenz\u00edv gyors\u00edt\u00e1skor? A r\u00e1ngat\u00e1s vagy szaggat\u00e1s &#8230; <\/p>\n<p class=\"read-more-container\"><a title=\"Oszt\u00f3m\u0171 kuplung szett (ATC45L, ATC35L, Hyundai ATC)\" class=\"read-more button\" href=\"https:\/\/transfercasepartshop.com\/hu\/bmw\/atc35l\/osztomu-kuplung-szett-atc45l-atc35l-hyundai-atc-maserati-atc\/#more-390590\" aria-label=\"Read more about Oszt\u00f3m\u0171 kuplung szett (ATC45L, ATC35L, Hyundai ATC)\">Tov\u00e1bb<\/a><\/p>","protected":false},"featured_media":418197,"comment_status":"open","ping_status":"closed","template":"","meta":{"_acf_changed":false},"product_brand":[],"product_cat":[86,88,90,99],"product_tag":[376,208],"class_list":{"0":"post-390590","1":"product","2":"type-product","3":"status-publish","4":"has-post-thumbnail","6":"product_cat-bmw","7":"product_cat-atc35l","8":"product_cat-atc45l","9":"product_cat-hyundai-atc","10":"product_tag-dynax-corporation","11":"product_tag-kuplung-alkatreszei","12":"infinite-scroll-item","13":"no-featured-image-padding","14":"resize-featured-image","15":"sales-flash-overlay","16":"woocommerce-text-align-center","17":"woocommerce-image-align-center","18":"wc-has-gallery","20":"first","21":"instock","22":"taxable","23":"shipping-taxable","24":"purchasable","25":"product-type-simple"},"acf":{"s-tec_number":"SP01361","oem-ref":"","tartalom":"10db lamella, 9db ac\u00e9llemez, 3db rug\u00f3","lamella-alert":"","transfer_case_application_v2":["BMW ATC35L 2008-2015 7 series F01, F01 LCI, F02 LCI","BMW ATC35L 2009-2015 X1 E84","BMW ATC35L 2010-2016 5 series F10, F10 LCI, F11, F11 LCI, F07 GT, F07 GT LCI","BMW ATC35L 2011-2017 6 series F06, F06 LCI, F12, F12 LCI, F13 F13 LCI","BMW ATC35L 2011-2019 1 series F20, F20 LCI, F21, F21 LCI","BMW ATC35L 2012-2018 3 series F30, F30 LCI, F31, F31 LCI, F34 GT, F34 GT LCI","BMW ATC35L 2013- 4 series F32, F32 LCI, F33, F33 LCI","BMW ATC35L 2014- 2 series F22","BMW ATC45L 2006-2013 X5 E70, E70 LCI","BMW ATC45L 2008-2014 X6 E71, E72 hybrid","BMW ATC45L 2010-2017 X3 F25","BMW ATC45L 2013-2018 X5 F15","BMW ATC45L 2014- X6 M F86","BMW ATC45L 2014-2018 X4 F26","BMW ATC45L 2014-2018 X6 F16","Hyundai ATC 2008- Equus","Hyundai ATC 2008- Genesis DH"],"transfer_case_application":"","kulso_raktar":17,"google_ads_kep":423445,"gtin":9009381061816},"_links":{"self":[{"href":"https:\/\/transfercasepartshop.com\/hu\/wp-json\/wp\/v2\/product\/390590","targetHints":{"allow":["GET"]}}],"collection":[{"href":"https:\/\/transfercasepartshop.com\/hu\/wp-json\/wp\/v2\/product"}],"about":[{"href":"https:\/\/transfercasepartshop.com\/hu\/wp-json\/wp\/v2\/types\/product"}],"replies":[{"embeddable":true,"href":"https:\/\/transfercasepartshop.com\/hu\/wp-json\/wp\/v2\/comments?post=390590"}],"wp:featuredmedia":[{"embeddable":true,"href":"https:\/\/transfercasepartshop.com\/hu\/wp-json\/wp\/v2\/media\/418197"}],"wp:attachment":[{"href":"https:\/\/transfercasepartshop.com\/hu\/wp-json\/wp\/v2\/media?parent=390590"}],"wp:term":[{"taxonomy":"product_brand","embeddable":true,"href":"https:\/\/transfercasepartshop.com\/hu\/wp-json\/wp\/v2\/product_brand?post=390590"},{"taxonomy":"product_cat","embeddable":true,"href":"https:\/\/transfercasepartshop.com\/hu\/wp-json\/wp\/v2\/product_cat?post=390590"},{"taxonomy":"product_tag","embeddable":true,"href":"https:\/\/transfercasepartshop.com\/hu\/wp-json\/wp\/v2\/product_tag?post=390590"}],"curies":[{"name":"wp","href":"https:\/\/api.w.org\/{rel}","templated":true}]}}