{"id":390582,"date":"2021-11-17T15:04:41","date_gmt":"2021-11-17T14:04:41","guid":{"rendered":"https:\/\/transfercasepartshop.com\/?post_type=product&#038;p=390582"},"modified":"2026-03-23T09:41:36","modified_gmt":"2026-03-23T08:41:36","slug":"kozbenso-fogaskerek-atc350","status":"publish","type":"product","link":"https:\/\/transfercasepartshop.com\/hu\/bmw\/atc350\/kozbenso-fogaskerek-atc350\/","title":{"rendered":"K\u00f6zbens\u0151 fogasker\u00e9k (ATC350)"},"content":{"rendered":"<p>Rendk\u00edv\u00fcl edzett anyagb\u00f3l, prec\u00edzen megmunk\u00e1lt, igen sz\u00e9ls\u0151s\u00e9ges k\u00f6r\u00fclm\u00e9nyeket is elvisel\u0151 alkatr\u00e9sz. A folyamatos er\u0151\u00e1tvitel n\u00e9lk\u00fcl\u00f6zhetetlen eleme egy oszt\u00f3m\u0171ben.<\/p>\n<details>\n<summary>Milyen t\u00fcnetei vannak, ha elkopott a k\u00f6zbens\u0151 fogasker\u00e9k az ATC350 oszt\u00f3m\u0171ben?<\/summary>\n<p>A leggyakoribb jelek k\u00f6z\u00e9 tartozik a gyors\u00edt\u00e1skor \u00e9rezhet\u0151 r\u00e1ngat\u00e1s, a kattog\u00f3 vagy dar\u00e1l\u00f3 hang az aut\u00f3 al\u00f3l, illetve a m\u0171szerfalon megjelen\u0151 4&#215;4\/DSC hiba\u00fczenet. Ha a fogasker\u00e9k fogai elkopnak, az er\u0151\u00e1tvitel szakadozott\u00e1 v\u00e1lik.<\/p>\n<\/details>\n<details>\n<summary>T\u00e9nyleg b\u00edrni fogja ez az alkatr\u00e9sz a gy\u00e1ri terhel\u00e9st?<\/summary>\n<p>Igen, s\u0151t! Ez a k\u00f6zbens\u0151 fogasker\u00e9k rendk\u00edv\u00fcl edzett anyagb\u00f3l, prec\u00edzi\u00f3s megmunk\u00e1l\u00e1ssal k\u00e9sz\u00fcl, \u00edgy kifejezetten a sz\u00e9ls\u0151s\u00e9ges mechanikai ig\u00e9nybev\u00e9telre \u00e9s magas h\u0151m\u00e9rs\u00e9kletre lett tervezve, amit egy BMW oszt\u00f3m\u0171 produk\u00e1l.<\/p>\n<\/details>\n<details>\n<summary>Melyik BMW modellekbe szerelhet\u0151 be ez a fogasker\u00e9k?<\/summary>\n<p>Ez az alkatr\u00e9sz az ATC350 t\u00edpus\u00fa oszt\u00f3m\u0171vekkel kompatibilis. Jellemz\u0151en a BMW 5-\u00f6s (F10\/F11), 7-es (F01\/F02) \u00e9s X1 (E84) xDrive modelljeiben fordul el\u0151 ez az egys\u00e9g. V\u00e1s\u00e1rl\u00e1s el\u0151tt \u00e9rdemes ellen\u0151rizni az oszt\u00f3m\u0171 t\u00edpust\u00e1bl\u00e1j\u00e1t.<\/p>\n<\/details>\n<details>\n<summary>Otthon is kicser\u00e9lhetem az alkatr\u00e9szt, vagy vigyem szervizbe?<\/summary>\n<p>Az oszt\u00f3m\u0171 sz\u00e9tszerel\u00e9se \u00e9s a fogasker\u00e9k pontos illeszt\u00e9se szak\u00e9rtelmet \u00e9s speci\u00e1lis szersz\u00e1mokat ig\u00e9nyel. A nem megfelel\u0151 h\u00e9zagol\u00e1s vagy beszerel\u00e9s id\u0151 el\u0151tti meghib\u00e1sod\u00e1shoz vezethet, ez\u00e9rt javasoljuk, hogy keressen fel egy v\u00e1lt\u00f3specialist\u00e1t.<\/p>\n<\/details>\n<details>\n<summary>Mi\u00e9rt jobb ez a fogasker\u00e9k, mint az olcs\u00f3bb ut\u00e1ngy\u00e1rtott v\u00e1ltozatok?<\/summary>\n<p>A k\u00fcl\u00f6nbs\u00e9g az anyagmin\u0151s\u00e9gben \u00e9s az edz\u00e9si elj\u00e1r\u00e1sban rejlik. Az olcs\u00f3bb darabok gyakran l\u00e1gyabb f\u00e9mb\u0151l k\u00e9sz\u00fclnek, amelyek p\u00e1r ezer kilom\u00e9ter ut\u00e1n \u00fajra elkopnak. Ez az alkatr\u00e9sz a folyamatos er\u0151\u00e1tvitel biztons\u00e1g\u00e1t garant\u00e1lja hossz\u00fa t\u00e1von.<\/p>\n<\/details>\n<p><script type=\"application\/ld+json\">\n{\n  \"@context\": \"https:\/\/schema.org\",\n  \"@type\": \"FAQPage\",\n  \"mainEntity\": [\n    {\n      \"@type\": \"Question\",\n      \"name\": \"Milyen tu00fcnetei vannak, ha elkopott a ku00f6zbensu0151 fogaskeru00e9k az ATC350 osztu00f3mu0171ben?\",\n      \"acceptedAnswer\": {\n        \"@type\": \"Answer\",\n        \"text\": \"A leggyakoribb jelek ku00f6zu00e9 tartozik a gyorsu00edtu00e1skor u00e9rezhetu0151 ru00e1ngatu00e1s, a kattogu00f3 vagy daru00e1lu00f3 hang az autu00f3 alu00f3l, illetve a mu0171szerfalon megjelenu0151 4x4\/DSC hibau00fczenet. Ha a fogaskeru00e9k fogai elkopnak, az eru0151u00e1tvitel szakadozottu00e1 vu00e1lik.\"\n      }\n    },\n    {\n      \"@type\": \"Question\",\n      \"name\": \"Tu00e9nyleg bu00edrni fogja ez az alkatru00e9sz a gyu00e1ri terhelu00e9st?\",\n      \"acceptedAnswer\": {\n        \"@type\": \"Answer\",\n        \"text\": \"Igen, su0151t! Ez a ku00f6zbensu0151 fogaskeru00e9k rendku00edvu00fcl edzett anyagbu00f3l, precu00edziu00f3s megmunku00e1lu00e1ssal ku00e9szu00fcl, u00edgy kifejezetten a szu00e9lsu0151su00e9ges mechanikai igu00e9nybevu00e9telre u00e9s magas hu0151mu00e9rsu00e9kletre lett tervezve, amit egy BMW osztu00f3mu0171 produku00e1l.\"\n      }\n    },\n    {\n      \"@type\": \"Question\",\n      \"name\": \"Melyik BMW modellekbe szerelhetu0151 be ez a fogaskeru00e9k?\",\n      \"acceptedAnswer\": {\n        \"@type\": \"Answer\",\n        \"text\": \"Ez az alkatru00e9sz az ATC350 tu00edpusu00fa osztu00f3mu0171vekkel kompatibilis. Jellemzu0151en a BMW 5-u00f6s (F10\/F11), 7-es (F01\/F02) u00e9s X1 (E84) xDrive modelljeiben fordul elu0151 ez az egysu00e9g.\"\n      }\n    },\n    {\n      \"@type\": \"Question\",\n      \"name\": \"Otthon is kicseru00e9lhetem az alkatru00e9szt, vagy vigyem szervizbe?\",\n      \"acceptedAnswer\": {\n        \"@type\": \"Answer\",\n        \"text\": \"Az osztu00f3mu0171 szu00e9tszerelu00e9se u00e9s a fogaskeru00e9k pontos illesztu00e9se szaku00e9rtelmet u00e9s speciu00e1lis szerszu00e1mokat igu00e9nyel. A nem megfelelu0151 hu00e9zagolu00e1s vagy beszerelu00e9s idu0151 elu0151tti meghibu00e1sodu00e1shoz vezethet, ezu00e9rt javasoljuk, hogy keressen fel egy vu00e1ltu00f3specialistu00e1t.\"\n      }\n    },\n    {\n      \"@type\": \"Question\",\n      \"name\": \"Miu00e9rt jobb ez a fogaskeru00e9k, mint az olcsu00f3bb utu00e1ngyu00e1rtott vu00e1ltozatok?\",\n      \"acceptedAnswer\": {\n        \"@type\": \"Answer\",\n        \"text\": \"A ku00fclu00f6nbsu00e9g az anyagminu0151su00e9gben u00e9s az edzu00e9si elju00e1ru00e1sban rejlik. Az olcsu00f3bb darabok gyakran lu00e1gyabb fu00e9mbu0151l ku00e9szu00fclnek, amelyek pu00e1r ezer kilomu00e9ter utu00e1n u00fajra elkopnak. Ez az alkatru00e9sz a folyamatos eru0151u00e1tvitel biztonsu00e1gu00e1t garantu00e1lja hosszu00fa tu00e1von.\"\n      }\n    }\n  ]\n}\n<\/script><\/p>","protected":false},"excerpt":{"rendered":"<p>Rendk\u00edv\u00fcl edzett anyagb\u00f3l, prec\u00edzen megmunk\u00e1lt, igen sz\u00e9ls\u0151s\u00e9ges k\u00f6r\u00fclm\u00e9nyeket is elvisel\u0151 alkatr\u00e9sz. A folyamatos er\u0151\u00e1tvitel n\u00e9lk\u00fcl\u00f6zhetetlen eleme egy oszt\u00f3m\u0171ben. Milyen t\u00fcnetei vannak, ha elkopott a k\u00f6zbens\u0151 &#8230; <\/p>\n<p class=\"read-more-container\"><a title=\"K\u00f6zbens\u0151 fogasker\u00e9k (ATC350)\" class=\"read-more button\" href=\"https:\/\/transfercasepartshop.com\/hu\/bmw\/atc350\/kozbenso-fogaskerek-atc350\/#more-390582\" aria-label=\"Read more about K\u00f6zbens\u0151 fogasker\u00e9k (ATC350)\">Tov\u00e1bb<\/a><\/p>","protected":false},"featured_media":402589,"comment_status":"open","ping_status":"closed","template":"","meta":{"_acf_changed":false},"product_brand":[],"product_cat":[86,89],"product_tag":[390,210],"class_list":{"0":"post-390582","1":"product","2":"type-product","3":"status-publish","4":"has-post-thumbnail","6":"product_cat-bmw","7":"product_cat-atc350","8":"product_tag-magna-powertrain","9":"product_tag-tengelyek-fogaskerekek","10":"infinite-scroll-item","11":"no-featured-image-padding","12":"resize-featured-image","13":"sales-flash-overlay","14":"woocommerce-text-align-center","15":"woocommerce-image-align-center","16":"wc-has-gallery","18":"first","19":"instock","20":"taxable","21":"shipping-taxable","22":"purchasable","23":"product-type-simple"},"acf":{"s-tec_number":"SP01108","oem-ref":"","tartalom":"","lamella-alert":"","transfer_case_application_v2":["BMW ATC350 2008-2015 7 series F01, F02","BMW ATC350 2009-2015 X1 E84","BMW ATC350 2010-2016 5 series F07 GT, F10, F11"],"transfer_case_application":"","kulso_raktar":0,"google_ads_kep":423345,"gtin":9009381052630},"_links":{"self":[{"href":"https:\/\/transfercasepartshop.com\/hu\/wp-json\/wp\/v2\/product\/390582","targetHints":{"allow":["GET"]}}],"collection":[{"href":"https:\/\/transfercasepartshop.com\/hu\/wp-json\/wp\/v2\/product"}],"about":[{"href":"https:\/\/transfercasepartshop.com\/hu\/wp-json\/wp\/v2\/types\/product"}],"replies":[{"embeddable":true,"href":"https:\/\/transfercasepartshop.com\/hu\/wp-json\/wp\/v2\/comments?post=390582"}],"wp:featuredmedia":[{"embeddable":true,"href":"https:\/\/transfercasepartshop.com\/hu\/wp-json\/wp\/v2\/media\/402589"}],"wp:attachment":[{"href":"https:\/\/transfercasepartshop.com\/hu\/wp-json\/wp\/v2\/media?parent=390582"}],"wp:term":[{"taxonomy":"product_brand","embeddable":true,"href":"https:\/\/transfercasepartshop.com\/hu\/wp-json\/wp\/v2\/product_brand?post=390582"},{"taxonomy":"product_cat","embeddable":true,"href":"https:\/\/transfercasepartshop.com\/hu\/wp-json\/wp\/v2\/product_cat?post=390582"},{"taxonomy":"product_tag","embeddable":true,"href":"https:\/\/transfercasepartshop.com\/hu\/wp-json\/wp\/v2\/product_tag?post=390582"}],"curies":[{"name":"wp","href":"https:\/\/api.w.org\/{rel}","templated":true}]}}