{"id":390578,"date":"2021-11-17T15:04:40","date_gmt":"2021-11-17T14:04:40","guid":{"rendered":"https:\/\/transfercasepartshop.com\/?post_type=product&#038;p=390578"},"modified":"2026-03-23T09:41:30","modified_gmt":"2026-03-23T08:41:30","slug":"kuplung-tanyer-atc350-atc450-pl72-atc","status":"publish","type":"product","link":"https:\/\/transfercasepartshop.com\/hu\/porsche\/pl72-atc\/kuplung-tanyer-atc350-atc450-pl72-atc\/","title":{"rendered":"Kuplung t\u00e1ny\u00e9r (ATC350, ATC450, PL72 ATC)"},"content":{"rendered":"<p>Rozsdamentes ac\u00e9lb\u00f3l el\u0151\u00e1ll\u00edtott term\u00e9k. Az oszt\u00f3m\u0171 kuplung lamell\u00e1k \u00e9s a kuplungban tal\u00e1lhat\u00f3 nyom\u00f3lap illetve teny\u00e9r rug\u00f3k, kuplung rug\u00f3k t\u00e1vtart\u00e1s\u00e1\u00e9rt felel\u0151s.<\/p>\n<div class=\"faq-container\">\n<details>\n<summary>Mi\u00e9rt r\u00e1ngat az aut\u00f3m kanyarod\u00e1s k\u00f6zben? Lehet ez a kuplung t\u00e1ny\u00e9r hib\u00e1ja?<\/summary>\n<p>Igen, az oszt\u00f3m\u0171 r\u00e1ngat\u00e1sa vagy akad\u00e1sa gyakran a kuplungrendszer nem megfelel\u0151 h\u00e9zagol\u00e1s\u00e1ra vezethet\u0151 vissza. Ez a rozsdamentes ac\u00e9l t\u00e1ny\u00e9r biztos\u00edtja a lamell\u00e1k \u00e9s rug\u00f3k k\u00f6z\u00f6tti pontos t\u00e1vols\u00e1got, ami elengedhetetlen a sima v\u00e1lt\u00e1shoz \u00e9s az oszt\u00f3m\u0171 megfelel\u0151 m\u0171k\u00f6d\u00e9s\u00e9hez.<\/p>\n<\/details>\n<details>\n<summary>J\u00f3 lesz ez az alkatr\u00e9sz a 2012-es BMW X5-\u00f6s\u00f6m ATC450-es oszt\u00f3m\u0171v\u00e9be?<\/summary>\n<p>Igen, ez a kuplung t\u00e1ny\u00e9r teljes m\u00e9rt\u00e9kben kompatibilis a BMW ATC450-es \u00e9s ATC350-es egys\u00e9geivel, valamint a Porsche PL72 ATC t\u00edpus\u00fa oszt\u00f3m\u0171vekkel is. Kifejezetten ezekhez a t\u00edpusokhoz lett tervezve.<\/p>\n<\/details>\n<details>\n<summary>Miben jobb a rozsdamentes ac\u00e9l kivitel a gy\u00e1ri alkatr\u00e9szn\u00e9l?<\/summary>\n<p>A rozsdamentes ac\u00e9lb\u00f3l k\u00e9sz\u00fclt t\u00e1ny\u00e9r sokkal ellen\u00e1ll\u00f3bb a korr\u00f3zi\u00f3val \u00e9s a mechanikai ig\u00e9nybev\u00e9tellel szemben. Nem deform\u00e1l\u00f3dik el a h\u0151t\u0151l, \u00edgy hosszabb \u00e9lettartamot \u00e9s pontosabb t\u00e1vtart\u00e1st biztos\u00edt a kuplungrug\u00f3k sz\u00e1m\u00e1ra, mint a gyeng\u00e9bb min\u0151s\u00e9g\u0171 \u00f6tv\u00f6zetek.<\/p>\n<\/details>\n<details>\n<summary>Mi a pontos feladata ennek a t\u00e1ny\u00e9rnak az oszt\u00f3m\u0171ben?<\/summary>\n<p>Ez a t\u00e1ny\u00e9r felel az oszt\u00f3m\u0171 kuplung lamell\u00e1inak, a nyom\u00f3lapnak, valamint a teny\u00e9r- \u00e9s kuplungrug\u00f3knak a pontos t\u00e1vols\u00e1gtart\u00e1s\u00e1\u00e9rt. Ha ez az alkatr\u00e9sz elkopik, a kuplung nem tud megfelel\u0151en z\u00e1rni vagy nyitni, ami hajt\u00e1sl\u00e1nci hib\u00e1khoz vezet.<\/p>\n<\/details>\n<\/div>\n<p><script type=\"application\/ld+json\">\n{\n  \"@context\": \"https:\/\/schema.org\",\n  \"@type\": \"FAQPage\",\n  \"mainEntity\": [\n    {\n      \"@type\": \"Question\",\n      \"name\": \"Miu00e9rt ru00e1ngat az autu00f3m kanyarodu00e1s ku00f6zben? Lehet ez a kuplung tu00e1nyu00e9r hibu00e1ja?\",\n      \"acceptedAnswer\": {\n        \"@type\": \"Answer\",\n        \"text\": \"Igen, az osztu00f3mu0171 ru00e1ngatu00e1sa vagy akadu00e1sa gyakran a kuplungrendszer nem megfelelu0151 hu00e9zagolu00e1su00e1ra vezethetu0151 vissza. Ez a rozsdamentes acu00e9l tu00e1nyu00e9r biztosu00edtja a lamellu00e1k u00e9s rugu00f3k ku00f6zu00f6tti pontos tu00e1volsu00e1got.\"\n      }\n    },\n    {\n      \"@type\": \"Question\",\n      \"name\": \"Ju00f3 lesz ez az alkatru00e9sz a 2012-es BMW X5-u00f6su00f6m ATC450-es osztu00f3mu0171vu00e9be?\",\n      \"acceptedAnswer\": {\n        \"@type\": \"Answer\",\n        \"text\": \"Igen, ez a kuplung tu00e1nyu00e9r teljes mu00e9rtu00e9kben kompatibilis a BMW ATC450-es u00e9s ATC350-es egysu00e9geivel, valamint a Porsche PL72 ATC tu00edpusu00fa osztu00f3mu0171vekkel is.\"\n      }\n    },\n    {\n      \"@type\": \"Question\",\n      \"name\": \"Miben jobb a rozsdamentes acu00e9l kivitel a gyu00e1ri alkatru00e9sznu00e9l?\",\n      \"acceptedAnswer\": {\n        \"@type\": \"Answer\",\n        \"text\": \"A rozsdamentes acu00e9lbu00f3l ku00e9szu00fclt tu00e1nyu00e9r sokkal ellenu00e1llu00f3bb a korru00f3ziu00f3val u00e9s a mechanikai igu00e9nybevu00e9tellel szemben. Nem deformu00e1lu00f3dik el a hu0151tu0151l, u00edgy hosszabb u00e9lettartamot u00e9s pontosabb tu00e1vtartu00e1st biztosu00edt.\"\n      }\n    },\n    {\n      \"@type\": \"Question\",\n      \"name\": \"Mi a pontos feladata ennek a tu00e1nyu00e9rnak az osztu00f3mu0171ben?\",\n      \"acceptedAnswer\": {\n        \"@type\": \"Answer\",\n        \"text\": \"Ez a tu00e1nyu00e9r felel az osztu00f3mu0171 kuplung lamellu00e1inak, a nyomu00f3lapnak, valamint a tenyu00e9r- u00e9s kuplungrugu00f3knak a pontos tu00e1volsu00e1gtartu00e1su00e1u00e9rt. Megfelelu0151 mu0171ku00f6du00e9se elengedhetetlen a hajtu00e1slu00e1nc stabilitu00e1su00e1hoz.\"\n      }\n    }\n  ]\n}\n<\/script><\/p>","protected":false},"excerpt":{"rendered":"<p>Rozsdamentes ac\u00e9lb\u00f3l el\u0151\u00e1ll\u00edtott term\u00e9k. Az oszt\u00f3m\u0171 kuplung lamell\u00e1k \u00e9s a kuplungban tal\u00e1lhat\u00f3 nyom\u00f3lap illetve teny\u00e9r rug\u00f3k, kuplung rug\u00f3k t\u00e1vtart\u00e1s\u00e1\u00e9rt felel\u0151s. Mi\u00e9rt r\u00e1ngat az aut\u00f3m kanyarod\u00e1s &#8230; <\/p>\n<p class=\"read-more-container\"><a title=\"Kuplung t\u00e1ny\u00e9r (ATC350, ATC450, PL72 ATC)\" class=\"read-more button\" href=\"https:\/\/transfercasepartshop.com\/hu\/porsche\/pl72-atc\/kuplung-tanyer-atc350-atc450-pl72-atc\/#more-390578\" aria-label=\"Read more about Kuplung t\u00e1ny\u00e9r (ATC350, ATC450, PL72 ATC)\">Tov\u00e1bb<\/a><\/p>","protected":false},"featured_media":402156,"comment_status":"open","ping_status":"closed","template":"","meta":{"_acf_changed":false},"product_brand":[],"product_cat":[86,89,66,110,114],"product_tag":[208,390],"class_list":{"0":"post-390578","1":"product","2":"type-product","3":"status-publish","4":"has-post-thumbnail","6":"product_cat-bmw","7":"product_cat-atc350","8":"product_cat-atc450","9":"product_cat-porsche","10":"product_cat-pl72-atc","11":"product_tag-kuplung-alkatreszei","12":"product_tag-magna-powertrain","13":"infinite-scroll-item","14":"no-featured-image-padding","15":"resize-featured-image","16":"sales-flash-overlay","17":"woocommerce-text-align-center","18":"woocommerce-image-align-center","19":"wc-has-gallery","21":"first","22":"instock","23":"taxable","24":"shipping-taxable","25":"purchasable","26":"product-type-simple"},"acf":{"s-tec_number":"SP01096","oem-ref":"","tartalom":"","lamella-alert":"","transfer_case_application_v2":["BMW ATC350 2008-2015 7 series F01, F02","BMW ATC350 2009-2015 X1 E84","BMW ATC350 2010-2016 5 series F07 GT, F10, F11","BMW ATC450 2006-2013 X5 E70, E70 LCI","BMW ATC450 2008-2014 X6 E71, E72 hybrid","BMW ATC450 2010-2017 X3 F25","Porsche PL72 ATC 2008- Cayenne"],"transfer_case_application":"","kulso_raktar":2,"google_ads_kep":423341,"gtin":9009381052487},"_links":{"self":[{"href":"https:\/\/transfercasepartshop.com\/hu\/wp-json\/wp\/v2\/product\/390578","targetHints":{"allow":["GET"]}}],"collection":[{"href":"https:\/\/transfercasepartshop.com\/hu\/wp-json\/wp\/v2\/product"}],"about":[{"href":"https:\/\/transfercasepartshop.com\/hu\/wp-json\/wp\/v2\/types\/product"}],"replies":[{"embeddable":true,"href":"https:\/\/transfercasepartshop.com\/hu\/wp-json\/wp\/v2\/comments?post=390578"}],"wp:featuredmedia":[{"embeddable":true,"href":"https:\/\/transfercasepartshop.com\/hu\/wp-json\/wp\/v2\/media\/402156"}],"wp:attachment":[{"href":"https:\/\/transfercasepartshop.com\/hu\/wp-json\/wp\/v2\/media?parent=390578"}],"wp:term":[{"taxonomy":"product_brand","embeddable":true,"href":"https:\/\/transfercasepartshop.com\/hu\/wp-json\/wp\/v2\/product_brand?post=390578"},{"taxonomy":"product_cat","embeddable":true,"href":"https:\/\/transfercasepartshop.com\/hu\/wp-json\/wp\/v2\/product_cat?post=390578"},{"taxonomy":"product_tag","embeddable":true,"href":"https:\/\/transfercasepartshop.com\/hu\/wp-json\/wp\/v2\/product_tag?post=390578"}],"curies":[{"name":"wp","href":"https:\/\/api.w.org\/{rel}","templated":true}]}}