{"id":390576,"date":"2021-11-17T15:04:39","date_gmt":"2021-11-17T14:04:39","guid":{"rendered":"https:\/\/transfercasepartshop.com\/?post_type=product&#038;p=390576"},"modified":"2026-03-23T09:41:28","modified_gmt":"2026-03-23T08:41:28","slug":"zarokor-atc350-atc450-pl72-atc-95b","status":"publish","type":"product","link":"https:\/\/transfercasepartshop.com\/hu\/porsche\/pl72-atc\/zarokor-atc350-atc450-pl72-atc-95b\/","title":{"rendered":"Z\u00e1r\u00f3k\u00f6r (ATC350, ATC450, PL72 ATC, 95B, AUDI ATC)"},"content":{"rendered":"<p>Rozsdamentes ac\u00e9lb\u00f3l kialak\u00edtott alkatr\u00e9sz. Az oszt\u00f3m\u0171ben tal\u00e1lhat\u00f3 t\u00e1vtart\u00f3k \u00e9s t\u0171g\u00f6rg\u0151s csap\u00e1gyak r\u00f6gz\u00edt\u00e9s\u00e9hez haszn\u00e1lhat\u00f3.<\/p>\n<details>\n<summary>Milyen aut\u00f3 t\u00edpusokhoz j\u00f3 ez a z\u00e1r\u00f3k\u00f6r?<\/summary>\n<p>Ez a r\u00f6gz\u00edt\u0151 alkatr\u00e9sz kifejezetten a BMW ATC350 \u00e9s ATC450, a Porsche 95B (Macan) \u00e9s PL72 ATC, valamint az Audi ATC t\u00edpus\u00fa oszt\u00f3m\u0171veihez lett tervezve. Pontosan illeszkedik a gy\u00e1ri specifik\u00e1ci\u00f3khoz.<\/p>\n<\/details>\n<details>\n<summary>Pontosan mi a feladata ennek az alkatr\u00e9sznek az oszt\u00f3m\u0171ben?<\/summary>\n<p>A z\u00e1r\u00f3k\u00f6r az oszt\u00f3m\u0171 bels\u0151 mechanik\u00e1j\u00e1nak stabiliz\u00e1l\u00e1s\u00e1\u00e9rt felel. Els\u0151dleges feladata a t\u00e1vtart\u00f3k \u00e9s a t\u0171g\u00f6rg\u0151s csap\u00e1gyak biztos r\u00f6gz\u00edt\u00e9se, megakad\u00e1lyozva azok elmozdul\u00e1s\u00e1t m\u0171k\u00f6d\u00e9s k\u00f6zben.<\/p>\n<\/details>\n<details>\n<summary>Mi\u00e9rt el\u0151ny\u00f6s, hogy rozsdamentes ac\u00e9lb\u00f3l k\u00e9sz\u00fclt?<\/summary>\n<p>A rozsdamentes ac\u00e9l kiemelked\u0151 kop\u00e1s\u00e1ll\u00f3s\u00e1got \u00e9s korr\u00f3zi\u00f3v\u00e9delmet biztos\u00edt. Mivel az oszt\u00f3m\u0171ben nagy s\u00farl\u00f3d\u00e1s \u00e9s h\u0151hat\u00e1s \u00e9rheti az alkatr\u00e9szeket, ez az anyag garant\u00e1lja a hossz\u00fa \u00e9lettartamot \u00e9s a deform\u00e1ci\u00f3mentess\u00e9get.<\/p>\n<\/details>\n<details>\n<summary>Milyen t\u00fcnetek utalhatnak arra, hogy cser\u00e9lni kell a z\u00e1r\u00f3k\u00f6rt?<\/summary>\n<p>Ha az oszt\u00f3m\u0171 fel\u0151l rendellenes z\u00fag\u00e1st, kattog\u00e1st vagy vibr\u00e1ci\u00f3t tapasztal, az utalhat a bels\u0151 r\u00f6gz\u00edt\u00e9sek, p\u00e9ld\u00e1ul a z\u00e1r\u00f3k\u00f6r kilazul\u00e1s\u00e1ra vagy s\u00e9r\u00fcl\u00e9s\u00e9re. Ilyenkor a csap\u00e1gyak megvezet\u00e9se megsz\u0171nik, ami komolyabb k\u00e1rokhoz vezethet.<\/p>\n<\/details>\n<details>\n<summary>Beszerelhetem \u00e9n is otthon ezt az alkatr\u00e9szt?<\/summary>\n<p>Az oszt\u00f3m\u0171 jav\u00edt\u00e1sa bonyolult folyamat, amely speci\u00e1lis szersz\u00e1mokat \u00e9s prec\u00edz illeszt\u00e9st ig\u00e9nyel. Javasoljuk, hogy a be\u00e9p\u00edt\u00e9st b\u00edzza tapasztalt v\u00e1lt\u00f3- \u00e9s oszt\u00f3m\u0171-specialista szerel\u0151re a megfelel\u0151 m\u0171k\u00f6d\u00e9s \u00e9rdek\u00e9ben.<\/p>\n<\/details>\n<p><script type=\"application\/ld+json\">\n{\n  \"@context\": \"https:\/\/schema.org\",\n  \"@type\": \"FAQPage\",\n  \"mainEntity\": [\n    {\n      \"@type\": \"Question\",\n      \"name\": \"Milyen autu00f3 tu00edpusokhoz ju00f3 ez a zu00e1ru00f3ku00f6r?\",\n      \"acceptedAnswer\": {\n        \"@type\": \"Answer\",\n        \"text\": \"Ez a ru00f6gzu00edtu0151 alkatru00e9sz kifejezetten a BMW ATC350 u00e9s ATC450, a Porsche 95B (Macan) u00e9s PL72 ATC, valamint az Audi ATC tu00edpusu00fa osztu00f3mu0171veihez lett tervezve.\"\n      }\n    },\n    {\n      \"@type\": \"Question\",\n      \"name\": \"Pontosan mi a feladata ennek az alkatru00e9sznek az osztu00f3mu0171ben?\",\n      \"acceptedAnswer\": {\n        \"@type\": \"Answer\",\n        \"text\": \"A zu00e1ru00f3ku00f6r az osztu00f3mu0171 belsu0151 mechaniku00e1ju00e1nak stabilizu00e1lu00e1su00e1u00e9rt felel. Elsu0151dleges feladata a tu00e1vtartu00f3k u00e9s a tu0171gu00f6rgu0151s csapu00e1gyak biztos ru00f6gzu00edtu00e9se, megakadu00e1lyozva azok elmozdulu00e1su00e1t mu0171ku00f6du00e9s ku00f6zben.\"\n      }\n    },\n    {\n      \"@type\": \"Question\",\n      \"name\": \"Miu00e9rt elu0151nyu00f6s, hogy rozsdamentes acu00e9lbu00f3l ku00e9szu00fclt?\",\n      \"acceptedAnswer\": {\n        \"@type\": \"Answer\",\n        \"text\": \"A rozsdamentes acu00e9l kiemelkedu0151 kopu00e1su00e1llu00f3su00e1got u00e9s korru00f3ziu00f3vu00e9delmet biztosu00edt. Mivel az osztu00f3mu0171ben nagy su00farlu00f3du00e1s u00e9s hu0151hatu00e1s u00e9rheti az alkatru00e9szeket, ez az anyag garantu00e1lja a hosszu00fa u00e9lettartamot.\"\n      }\n    },\n    {\n      \"@type\": \"Question\",\n      \"name\": \"Milyen tu00fcnetek utalhatnak arra, hogy cseru00e9lni kell a zu00e1ru00f3ku00f6rt?\",\n      \"acceptedAnswer\": {\n        \"@type\": \"Answer\",\n        \"text\": \"Ha az osztu00f3mu0171 felu0151l rendellenes zu00fagu00e1st, kattogu00e1st vagy vibru00e1ciu00f3t tapasztal, az utalhat a belsu0151 ru00f6gzu00edtu00e9sek, pu00e9ldu00e1ul a zu00e1ru00f3ku00f6r kilazulu00e1su00e1ra vagy su00e9ru00fclu00e9su00e9re.\"\n      }\n    },\n    {\n      \"@type\": \"Question\",\n      \"name\": \"Beszerelhetem u00e9n is otthon ezt az alkatru00e9szt?\",\n      \"acceptedAnswer\": {\n        \"@type\": \"Answer\",\n        \"text\": \"Az osztu00f3mu0171 javu00edtu00e1sa bonyolult folyamat, amely speciu00e1lis szerszu00e1mokat igu00e9nyel. Javasoljuk, hogy a beu00e9pu00edtu00e9st bu00edzza tapasztalt szakemberre.\"\n      }\n    }\n  ]\n}\n<\/script><\/p>","protected":false},"excerpt":{"rendered":"<p>Rozsdamentes ac\u00e9lb\u00f3l kialak\u00edtott alkatr\u00e9sz. Az oszt\u00f3m\u0171ben tal\u00e1lhat\u00f3 t\u00e1vtart\u00f3k \u00e9s t\u0171g\u00f6rg\u0151s csap\u00e1gyak r\u00f6gz\u00edt\u00e9s\u00e9hez haszn\u00e1lhat\u00f3. Milyen aut\u00f3 t\u00edpusokhoz j\u00f3 ez a z\u00e1r\u00f3k\u00f6r? Ez a r\u00f6gz\u00edt\u0151 alkatr\u00e9sz kifejezetten &#8230; <\/p>\n<p class=\"read-more-container\"><a title=\"Z\u00e1r\u00f3k\u00f6r (ATC350, ATC450, PL72 ATC, 95B, AUDI ATC)\" class=\"read-more button\" href=\"https:\/\/transfercasepartshop.com\/hu\/porsche\/pl72-atc\/zarokor-atc350-atc450-pl72-atc-95b\/#more-390576\" aria-label=\"Read more about Z\u00e1r\u00f3k\u00f6r (ATC350, ATC450, PL72 ATC, 95B, AUDI ATC)\">Tov\u00e1bb<\/a><\/p>","protected":false},"featured_media":401940,"comment_status":"open","ping_status":"closed","template":"","meta":{"_acf_changed":false},"product_brand":[],"product_cat":[74,367,86,89,66,110,114,115],"product_tag":[208,390],"class_list":{"0":"post-390576","1":"product","2":"type-product","3":"status-publish","4":"has-post-thumbnail","6":"product_cat-audi","7":"product_cat-audi-atc","8":"product_cat-bmw","9":"product_cat-atc350","10":"product_cat-atc450","11":"product_cat-porsche","12":"product_cat-pl72-atc","13":"product_cat-95b","14":"product_tag-kuplung-alkatreszei","15":"product_tag-magna-powertrain","16":"infinite-scroll-item","17":"no-featured-image-padding","18":"resize-featured-image","19":"sales-flash-overlay","20":"woocommerce-text-align-center","21":"woocommerce-image-align-center","22":"wc-has-gallery","24":"first","25":"instock","26":"taxable","27":"shipping-taxable","28":"purchasable","29":"product-type-simple"},"acf":{"s-tec_number":"SP01084","oem-ref":"","tartalom":"","lamella-alert":"","transfer_case_application_v2":["Audi ATC 2018- Q5","Audi ATC 2018- A5","Audi ATC 2018- A6","BMW ATC350 2008-2015 7 series F01, F02, F03, F04","BMW ATC350 2009-2015 X1 E84","BMW ATC350 2010-2016 5 series F07 GT, F10, F11","BMW ATC450 2006-2013 X5 E70, E70 LCI","BMW ATC450 2008-2014 X6 E71, E72 hybrid","BMW ATC450 2010-2017 X3 F25","Porsche 95B 2008- Macan","Porsche PL72 ATC 2008- Cayenne"],"transfer_case_application":"","kulso_raktar":1,"google_ads_kep":423339,"gtin":9009381052364},"_links":{"self":[{"href":"https:\/\/transfercasepartshop.com\/hu\/wp-json\/wp\/v2\/product\/390576","targetHints":{"allow":["GET"]}}],"collection":[{"href":"https:\/\/transfercasepartshop.com\/hu\/wp-json\/wp\/v2\/product"}],"about":[{"href":"https:\/\/transfercasepartshop.com\/hu\/wp-json\/wp\/v2\/types\/product"}],"replies":[{"embeddable":true,"href":"https:\/\/transfercasepartshop.com\/hu\/wp-json\/wp\/v2\/comments?post=390576"}],"wp:featuredmedia":[{"embeddable":true,"href":"https:\/\/transfercasepartshop.com\/hu\/wp-json\/wp\/v2\/media\/401940"}],"wp:attachment":[{"href":"https:\/\/transfercasepartshop.com\/hu\/wp-json\/wp\/v2\/media?parent=390576"}],"wp:term":[{"taxonomy":"product_brand","embeddable":true,"href":"https:\/\/transfercasepartshop.com\/hu\/wp-json\/wp\/v2\/product_brand?post=390576"},{"taxonomy":"product_cat","embeddable":true,"href":"https:\/\/transfercasepartshop.com\/hu\/wp-json\/wp\/v2\/product_cat?post=390576"},{"taxonomy":"product_tag","embeddable":true,"href":"https:\/\/transfercasepartshop.com\/hu\/wp-json\/wp\/v2\/product_tag?post=390576"}],"curies":[{"name":"wp","href":"https:\/\/api.w.org\/{rel}","templated":true}]}}