{"id":390574,"date":"2021-11-17T15:04:38","date_gmt":"2021-11-17T14:04:38","guid":{"rendered":"https:\/\/transfercasepartshop.com\/?post_type=product&#038;p=390574"},"modified":"2026-04-09T11:24:56","modified_gmt":"2026-04-09T09:24:56","slug":"kuplung-tanyer-atc350-atc450-pl72-atc-95b","status":"publish","type":"product","link":"https:\/\/transfercasepartshop.com\/hu\/porsche\/pl72-atc\/kuplung-tanyer-atc350-atc450-pl72-atc-95b\/","title":{"rendered":"Kuplung t\u00e1ny\u00e9r (ATC350, ATC450, PL72 ATC, 95B, AUDI ATC)"},"content":{"rendered":"<p>Rozsdamentes ac\u00e9lb\u00f3l el\u0151\u00e1ll\u00edtott term\u00e9k. Az oszt\u00f3m\u0171 kuplung lamell\u00e1k \u00e9s a kuplungban tal\u00e1lhat\u00f3 nyom\u00f3lap illetve teny\u00e9r rug\u00f3k, kuplung rug\u00f3k t\u00e1vtart\u00e1s\u00e1\u00e9rt felel\u0151s.<\/p>\n<div class=\"faq-section\">\n<details>\n<summary>Pontosan mi a szerepe ennek a kuplung t\u00e1ny\u00e9rnak az oszt\u00f3m\u0171ben?<\/summary>\n<p>Ez a rozsdamentes ac\u00e9lb\u00f3l k\u00e9sz\u00fclt t\u00e1ny\u00e9r kritikus alkatr\u00e9sz: az oszt\u00f3m\u0171 kuplung lamell\u00e1i, a nyom\u00f3lap, valamint a t\u00e1ny\u00e9rrug\u00f3k (kuplung rug\u00f3k) k\u00f6z\u00f6tti prec\u00edz t\u00e1vtart\u00e1s\u00e9rt felel. Ez biztos\u00edtja a tengelykapcsol\u00f3 egys\u00e9g megfelel\u0151 h\u00e9zagol\u00e1s\u00e1t \u00e9s m\u0171k\u00f6d\u00e9s\u00e9t.<\/p>\n<\/details>\n<details>\n<summary>Milyen t\u00fcnetek utalnak arra, hogy elkopott az oszt\u00f3m\u0171 t\u00e1vtart\u00f3 t\u00e1ny\u00e9rja?<\/summary>\n<p>Ha az aut\u00f3 kanyarod\u00e1skor vagy gyors\u00edt\u00e1skor r\u00e1ngat, esetleg f\u00e9mes kattog\u00f3 hangot hall az oszt\u00f3m\u0171 fel\u0151l, az gyakran a nem megfelel\u0151 h\u00e9zagol\u00e1s jele. A deform\u00e1l\u00f3dott t\u00e1ny\u00e9r miatt a lamell\u00e1k nem tudnak megfelel\u0151en sz\u00e9tv\u00e1lni vagy z\u00e1rni.<\/p>\n<\/details>\n<details>\n<summary>Kompatibilis ez az alkatr\u00e9sz a 2014-es Porsche Macan (95B) t\u00edpushoz?<\/summary>\n<p>Igen, ez a term\u00e9k kifejezetten kompatibilis a Porsche 95B (Macan), valamint a PL72 ATC rendszerekkel, tov\u00e1bb\u00e1 a BMW ATC350 \u00e9s ATC450 oszt\u00f3m\u0171vekkel is.<\/p>\n<\/details>\n<details>\n<summary>Mi\u00e9rt jobb a rozsdamentes ac\u00e9l kivitel a gy\u00e1ri megold\u00e1sokn\u00e1l?<\/summary>\n<p>A rozsdamentes ac\u00e9l sokkal ellen\u00e1ll\u00f3bb a h\u0151t\u00e1gul\u00e1ssal \u00e9s a mechanikai kop\u00e1ssal szemben. Mivel az oszt\u00f3m\u0171ben jelent\u0151s s\u00farl\u00f3d\u00e1si h\u0151 keletkezik, ez az anyag garant\u00e1lja, hogy a t\u00e1ny\u00e9r ne vetemedjen el, \u00edgy hosszabb \u00e9lettartamot biztos\u00edt a v\u00e1lt\u00f3nak.<\/p>\n<\/details>\n<details>\n<summary>Sz\u00fcks\u00e9ges speci\u00e1lis szersz\u00e1m a be\u00e9p\u00edt\u00e9s\u00e9hez?<\/summary>\n<p>Igen, az oszt\u00f3m\u0171 fel\u00faj\u00edt\u00e1sa \u00e9s a kuplung t\u00e1ny\u00e9r cser\u00e9je szak\u00e9rtelmet \u00e9s speci\u00e1lis leh\u00faz\u00f3kat, valamint h\u00e9zagol\u00f3 eszk\u00f6z\u00f6ket ig\u00e9nyel. Javasoljuk, hogy a beszerel\u00e9st b\u00edzza oszt\u00f3m\u0171-specialist\u00e1ra a garancia \u00e9s a pontos m\u0171k\u00f6d\u00e9s \u00e9rdek\u00e9ben.<\/p>\n<\/details>\n<\/div>\n<p><script type=\"application\/ld+json\">\n{\n  \"@context\": \"https:\/\/schema.org\",\n  \"@type\": \"FAQPage\",\n  \"mainEntity\": [\n    {\n      \"@type\": \"Question\",\n      \"name\": \"Pontosan mi a szerepe ennek a kuplung tu00e1nyu00e9rnak az osztu00f3mu0171ben?\",\n      \"acceptedAnswer\": {\n        \"@type\": \"Answer\",\n        \"text\": \"Ez a rozsdamentes acu00e9lbu00f3l ku00e9szu00fclt tu00e1nyu00e9r kritikus alkatru00e9sz: az osztu00f3mu0171 kuplung lamellu00e1i, a nyomu00f3lap, valamint a tu00e1nyu00e9rrugu00f3k (kuplung rugu00f3k) ku00f6zu00f6tti precu00edz tu00e1vtartu00e1su00e9rt felel. Ez biztosu00edtja a tengelykapcsolu00f3 egysu00e9g megfelelu0151 hu00e9zagolu00e1su00e1t u00e9s mu0171ku00f6du00e9su00e9t.\"\n      }\n    },\n    {\n      \"@type\": \"Question\",\n      \"name\": \"Milyen tu00fcnetek utalnak arra, hogy elkopott az osztu00f3mu0171 tu00e1vtartu00f3 tu00e1nyu00e9rja?\",\n      \"acceptedAnswer\": {\n        \"@type\": \"Answer\",\n        \"text\": \"Ha az autu00f3 kanyarodu00e1skor vagy gyorsu00edtu00e1skor ru00e1ngat, esetleg fu00e9mes kattogu00f3 hangot hall az osztu00f3mu0171 felu0151l, az gyakran a nem megfelelu0151 hu00e9zagolu00e1s jele. A deformu00e1lu00f3dott tu00e1nyu00e9r miatt a lamellu00e1k nem tudnak megfelelu0151en szu00e9tvu00e1lni vagy zu00e1rni.\"\n      }\n    },\n    {\n      \"@type\": \"Question\",\n      \"name\": \"Kompatibilis ez az alkatru00e9sz a 2014-es Porsche Macan (95B) tu00edpushoz?\",\n      \"acceptedAnswer\": {\n        \"@type\": \"Answer\",\n        \"text\": \"Igen, ez a termu00e9k kifejezetten kompatibilis a Porsche 95B (Macan), valamint a PL72 ATC rendszerekkel, tovu00e1bbu00e1 a BMW ATC350 u00e9s ATC450 osztu00f3mu0171vekkel is.\"\n      }\n    },\n    {\n      \"@type\": \"Question\",\n      \"name\": \"Miu00e9rt jobb a rozsdamentes acu00e9l kivitel a gyu00e1ri megoldu00e1soknu00e1l?\",\n      \"acceptedAnswer\": {\n        \"@type\": \"Answer\",\n        \"text\": \"A rozsdamentes acu00e9l sokkal ellenu00e1llu00f3bb a hu0151tu00e1gulu00e1ssal u00e9s a mechanikai kopu00e1ssal szemben. Mivel az osztu00f3mu0171ben jelentu0151s su00farlu00f3du00e1si hu0151 keletkezik, ez az anyag garantu00e1lja, hogy a tu00e1nyu00e9r ne vetemedjen el, u00edgy hosszabb u00e9lettartamot biztosu00edt a vu00e1ltu00f3nak.\"\n      }\n    },\n    {\n      \"@type\": \"Question\",\n      \"name\": \"Szu00fcksu00e9ges speciu00e1lis szerszu00e1m a beu00e9pu00edtu00e9su00e9hez?\",\n      \"acceptedAnswer\": {\n        \"@type\": \"Answer\",\n        \"text\": \"Igen, az osztu00f3mu0171 felu00faju00edtu00e1sa u00e9s a kuplung tu00e1nyu00e9r cseru00e9je szaku00e9rtelmet u00e9s speciu00e1lis lehu00fazu00f3kat, valamint hu00e9zagolu00f3 eszku00f6zu00f6ket igu00e9nyel. Javasoljuk, hogy a beszerelu00e9st bu00edzza osztu00f3mu0171-specialistu00e1ra a garancia u00e9s a pontos mu0171ku00f6du00e9s u00e9rdeku00e9ben.\"\n      }\n    }\n  ]\n}\n<\/script><\/p>","protected":false},"excerpt":{"rendered":"<p>Rozsdamentes ac\u00e9lb\u00f3l el\u0151\u00e1ll\u00edtott term\u00e9k. Az oszt\u00f3m\u0171 kuplung lamell\u00e1k \u00e9s a kuplungban tal\u00e1lhat\u00f3 nyom\u00f3lap illetve teny\u00e9r rug\u00f3k, kuplung rug\u00f3k t\u00e1vtart\u00e1s\u00e1\u00e9rt felel\u0151s. Pontosan mi a szerepe ennek &#8230; <\/p>\n<p class=\"read-more-container\"><a title=\"Kuplung t\u00e1ny\u00e9r (ATC350, ATC450, PL72 ATC, 95B, AUDI ATC)\" class=\"read-more button\" href=\"https:\/\/transfercasepartshop.com\/hu\/porsche\/pl72-atc\/kuplung-tanyer-atc350-atc450-pl72-atc-95b\/#more-390574\" aria-label=\"Read more about Kuplung t\u00e1ny\u00e9r (ATC350, ATC450, PL72 ATC, 95B, AUDI ATC)\">Tov\u00e1bb<\/a><\/p>","protected":false},"featured_media":401724,"comment_status":"open","ping_status":"closed","template":"","meta":{"_acf_changed":false},"product_brand":[],"product_cat":[74,367,86,89,66,110,114,115],"product_tag":[208,390],"class_list":{"0":"post-390574","1":"product","2":"type-product","3":"status-publish","4":"has-post-thumbnail","6":"product_cat-audi","7":"product_cat-audi-atc","8":"product_cat-bmw","9":"product_cat-atc350","10":"product_cat-atc450","11":"product_cat-porsche","12":"product_cat-pl72-atc","13":"product_cat-95b","14":"product_tag-kuplung-alkatreszei","15":"product_tag-magna-powertrain","16":"infinite-scroll-item","17":"no-featured-image-padding","18":"resize-featured-image","19":"sales-flash-overlay","20":"woocommerce-text-align-center","21":"woocommerce-image-align-center","22":"wc-has-gallery","24":"first","25":"instock","26":"taxable","27":"shipping-taxable","28":"purchasable","29":"product-type-simple"},"acf":{"s-tec_number":"SP01082","oem-ref":"","tartalom":"","lamella-alert":"","transfer_case_application_v2":["Audi ATC 2018- Q5","Audi ATC 2018- A5","Audi ATC 2018- A6","BMW ATC350 2008-2015 7 series F01, F02","BMW ATC350 2009-2015 X1 E84","BMW ATC350 2010-2016 5 series F07 GT, F10, F11","BMW ATC450 2006-2013 X5 E70, E70 LCI","BMW ATC450 2008-2014 X6 E71, E72 hybrid","BMW ATC450 2010-2017 X3 F25","Porsche 95B 2008- Macan","Porsche PL72 ATC 2008- Cayenne"],"transfer_case_application":"","kulso_raktar":1,"google_ads_kep":423337,"gtin":9009381052340},"_links":{"self":[{"href":"https:\/\/transfercasepartshop.com\/hu\/wp-json\/wp\/v2\/product\/390574","targetHints":{"allow":["GET"]}}],"collection":[{"href":"https:\/\/transfercasepartshop.com\/hu\/wp-json\/wp\/v2\/product"}],"about":[{"href":"https:\/\/transfercasepartshop.com\/hu\/wp-json\/wp\/v2\/types\/product"}],"replies":[{"embeddable":true,"href":"https:\/\/transfercasepartshop.com\/hu\/wp-json\/wp\/v2\/comments?post=390574"}],"wp:featuredmedia":[{"embeddable":true,"href":"https:\/\/transfercasepartshop.com\/hu\/wp-json\/wp\/v2\/media\/401724"}],"wp:attachment":[{"href":"https:\/\/transfercasepartshop.com\/hu\/wp-json\/wp\/v2\/media?parent=390574"}],"wp:term":[{"taxonomy":"product_brand","embeddable":true,"href":"https:\/\/transfercasepartshop.com\/hu\/wp-json\/wp\/v2\/product_brand?post=390574"},{"taxonomy":"product_cat","embeddable":true,"href":"https:\/\/transfercasepartshop.com\/hu\/wp-json\/wp\/v2\/product_cat?post=390574"},{"taxonomy":"product_tag","embeddable":true,"href":"https:\/\/transfercasepartshop.com\/hu\/wp-json\/wp\/v2\/product_tag?post=390574"}],"curies":[{"name":"wp","href":"https:\/\/api.w.org\/{rel}","templated":true}]}}