{"id":390572,"date":"2021-11-17T15:04:38","date_gmt":"2021-11-17T14:04:38","guid":{"rendered":"https:\/\/transfercasepartshop.com\/?post_type=product&#038;p=390572"},"modified":"2026-03-23T09:41:23","modified_gmt":"2026-03-23T08:41:23","slug":"tengely-kihajtas-elso-atc350","status":"publish","type":"product","link":"https:\/\/transfercasepartshop.com\/hu\/bmw\/atc350\/tengely-kihajtas-elso-atc350\/","title":{"rendered":"Tengely kihajt\u00e1s els\u0151 (ATC350)"},"content":{"rendered":"<p>Egyedi tengely m\u00e9retekhez gy\u00e1rtott hajt\u00e1sl\u00e1nc elem. K\u00e9t tengely egym\u00e1sba val\u00f3 csatlakoz\u00e1s\u00e1t teszi lehet\u0151v\u00e9. A megfelel\u0151 forgat\u00f3 nyomat\u00e9k lead\u00e1s\u00e1ban elengedhetelen szerepe van.<\/p>\n<section>\n<details>\n<summary>Milyen t\u00fcnetei vannak, ha elkopott az ATC350 els\u0151 kihajt\u00e1s tengelye?<\/summary>\n<p>A leggyakoribb jelens\u00e9g a gyors\u00edt\u00e1skor hallhat\u00f3 f\u00e9mes kattog\u00f3 vagy dar\u00e1l\u00f3 hang, illetve a hajt\u00e1sl\u00e1nc r\u00e1ngat\u00e1sa. S\u00falyos esetben a bord\u00e1s h\u00fcvely teljesen elnyal\u00f3dhat, ekkor az aut\u00f3 elvesz\u00edti az \u00f6sszker\u00e9khajt\u00e1st, \u00e9s gyakran megjelenik a m\u0171szerfalon a 4&#215;4 hiba\u00fczenet.<\/p>\n<\/details>\n<details>\n<summary>Honnan tudhatom biztosan, hogy ez a tengely j\u00f3 az \u00e9n BMW-mhez?<\/summary>\n<p>Ez az alkatr\u00e9sz kifejezetten az ATC350 t\u00edpus\u00fa oszt\u00f3m\u0171vekhez k\u00e9sz\u00fclt, amelyeket f\u0151k\u00e9nt az F-sz\u00e9ri\u00e1s BMW modellekben (p\u00e9ld\u00e1ul 5-\u00f6s F10, 7-es F01) haszn\u00e1ltak. A pontos beazonos\u00edt\u00e1shoz ellen\u0151rizze az oszt\u00f3m\u0171v\u00f6n tal\u00e1lhat\u00f3 adatt\u00e1bl\u00e1t vagy k\u00e9rdezze koll\u00e9g\u00e1inkat az alv\u00e1zsz\u00e1m alapj\u00e1n.<\/p>\n<\/details>\n<details>\n<summary>Mi okozza a tengely bord\u00e1inak id\u0151 el\u0151tti kop\u00e1s\u00e1t?<\/summary>\n<p>A kop\u00e1st leggyakrabban a ken\u0151anyag hi\u00e1nya, a nedvess\u00e9g bejut\u00e1sa miatti korr\u00f3zi\u00f3, illetve a nagy nyomat\u00e9k okozta mechanikai terhel\u00e9s okozza. A nem megfelel\u0151 m\u00e9ret\u0171 gumiabroncsok haszn\u00e1lata is extra terhel\u00e9st r\u00f3 erre az alkatr\u00e9szre.<\/p>\n<\/details>\n<details>\n<summary>Bonyolult a csere, h\u00e1zilag is elv\u00e9gezhet\u0151?<\/summary>\n<p>A csere az oszt\u00f3m\u0171 r\u00e9szleges megbont\u00e1s\u00e1t \u00e9s speci\u00e1lis leh\u00faz\u00f3 szersz\u00e1mokat ig\u00e9nyelhet. A prec\u00edz illeszt\u00e9s \u00e9s a t\u00f6m\u00edt\u00e9sek v\u00e9delme \u00e9rdek\u00e9ben javasoljuk, hogy a beszerel\u00e9st b\u00edzza szakm\u0171helyre, ahol a csere ut\u00e1n az oszt\u00f3m\u0171 olajszintj\u00e9t is ellen\u0151rizni tudj\u00e1k.<\/p>\n<\/details>\n<details>\n<summary>Sz\u00fcks\u00e9ges-e egy\u00e9b alkatr\u00e9sz cser\u00e9je a tengely mell\u00e9?<\/summary>\n<p>Igen, a tengely cser\u00e9jekor er\u0151sen javasolt a szimeringek cser\u00e9je a sziv\u00e1rg\u00e1sok megel\u0151z\u00e9se \u00e9rdek\u00e9ben, valamint \u00e9rdemes friss, gy\u00e1ri specifik\u00e1ci\u00f3j\u00fa oszt\u00f3m\u0171olajjal felt\u00f6lteni a rendszert a maxim\u00e1lis \u00e9lettartam el\u00e9r\u00e9s\u00e9hez.<\/p>\n<\/details>\n<\/section>\n<p><script type=\"application\/ld+json\">\n{\n  \"@context\": \"https:\/\/schema.org\",\n  \"@type\": \"FAQPage\",\n  \"mainEntity\": [\n    {\n      \"@type\": \"Question\",\n      \"name\": \"Milyen tu00fcnetei vannak, ha elkopott az ATC350 elsu0151 kihajtu00e1s tengelye?\",\n      \"acceptedAnswer\": {\n        \"@type\": \"Answer\",\n        \"text\": \"A leggyakoribb jelensu00e9g a gyorsu00edtu00e1skor hallhatu00f3 fu00e9mes kattogu00f3 vagy daru00e1lu00f3 hang, illetve a hajtu00e1slu00e1nc ru00e1ngatu00e1sa. Su00falyos esetben a bordu00e1s hu00fcvely teljesen elnyalu00f3dhat, ekkor az autu00f3 elveszu00edti az u00f6sszkeru00e9khajtu00e1st.\"\n      }\n    },\n    {\n      \"@type\": \"Question\",\n      \"name\": \"Honnan tudhatom biztosan, hogy ez a tengely ju00f3 az u00e9n BMW-mhez?\",\n      \"acceptedAnswer\": {\n        \"@type\": \"Answer\",\n        \"text\": \"Ez az alkatru00e9sz kifejezetten az ATC350 tu00edpusu00fa osztu00f3mu0171vekhez ku00e9szu00fclt, amelyeket fu0151ku00e9nt az F-szu00e9riu00e1s BMW modellekben (pu00e9ldu00e1ul 5-u00f6s F10, 7-es F01) hasznu00e1ltak. A pontos beazonosu00edtu00e1shoz ellenu0151rizze az osztu00f3mu0171 adattu00e1blu00e1ju00e1t.\"\n      }\n    },\n    {\n      \"@type\": \"Question\",\n      \"name\": \"Mi okozza a tengely bordu00e1inak idu0151 elu0151tti kopu00e1su00e1t?\",\n      \"acceptedAnswer\": {\n        \"@type\": \"Answer\",\n        \"text\": \"A kopu00e1st leggyakrabban a kenu0151anyag hiu00e1nya, a nedvessu00e9g bejutu00e1sa miatti korru00f3ziu00f3, illetve a nagy nyomatu00e9k okozta mechanikai terhelu00e9s vagy a nem megfelelu0151 gumiabroncsok hasznu00e1lata okozza.\"\n      }\n    },\n    {\n      \"@type\": \"Question\",\n      \"name\": \"Bonyolult a csere, hu00e1zilag is elvu00e9gezhetu0151?\",\n      \"acceptedAnswer\": {\n        \"@type\": \"Answer\",\n        \"text\": \"A csere az osztu00f3mu0171 ru00e9szleges megbontu00e1su00e1t u00e9s speciu00e1lis szerszu00e1mokat igu00e9nyel. Javasoljuk, hogy a beszerelu00e9st bu00edzza szakmu0171helyre a precu00edz illesztu00e9s u00e9s az olajszint ellenu0151rzu00e9se u00e9rdeku00e9ben.\"\n      }\n    },\n    {\n      \"@type\": \"Question\",\n      \"name\": \"Szu00fcksu00e9ges-e egyu00e9b alkatru00e9sz cseru00e9je a tengely mellu00e9?\",\n      \"acceptedAnswer\": {\n        \"@type\": \"Answer\",\n        \"text\": \"Igen, javasolt a szimeringek cseru00e9je a szivu00e1rgu00e1sok megelu0151zu00e9se u00e9rdeku00e9ben, valamint friss, gyu00e1ri specifiku00e1ciu00f3ju00fa osztu00f3mu0171olaj hasznu00e1lata.\"\n      }\n    }\n  ]\n}\n<\/script><\/p>","protected":false},"excerpt":{"rendered":"<p>Egyedi tengely m\u00e9retekhez gy\u00e1rtott hajt\u00e1sl\u00e1nc elem. K\u00e9t tengely egym\u00e1sba val\u00f3 csatlakoz\u00e1s\u00e1t teszi lehet\u0151v\u00e9. A megfelel\u0151 forgat\u00f3 nyomat\u00e9k lead\u00e1s\u00e1ban elengedhetelen szerepe van. Milyen t\u00fcnetei vannak, ha &#8230; <\/p>\n<p class=\"read-more-container\"><a title=\"Tengely kihajt\u00e1s els\u0151 (ATC350)\" class=\"read-more button\" href=\"https:\/\/transfercasepartshop.com\/hu\/bmw\/atc350\/tengely-kihajtas-elso-atc350\/#more-390572\" aria-label=\"Read more about Tengely kihajt\u00e1s els\u0151 (ATC350)\">Tov\u00e1bb<\/a><\/p>","protected":false},"featured_media":401292,"comment_status":"open","ping_status":"closed","template":"","meta":{"_acf_changed":false},"product_brand":[],"product_cat":[86,89],"product_tag":[390,210],"class_list":{"0":"post-390572","1":"product","2":"type-product","3":"status-publish","4":"has-post-thumbnail","6":"product_cat-bmw","7":"product_cat-atc350","8":"product_tag-magna-powertrain","9":"product_tag-tengelyek-fogaskerekek","10":"infinite-scroll-item","11":"no-featured-image-padding","12":"resize-featured-image","13":"sales-flash-overlay","14":"woocommerce-text-align-center","15":"woocommerce-image-align-center","16":"wc-has-gallery","18":"first","19":"instock","20":"taxable","21":"shipping-taxable","22":"purchasable","23":"product-type-simple"},"acf":{"s-tec_number":"SP01074","oem-ref":"","tartalom":"","lamella-alert":"","transfer_case_application_v2":["BMW ATC350 2008-2015 7 series F01, F02","BMW ATC350 2009-2015 X1 E84","BMW ATC350 2010-2016 5 series F07 GT, F10,"],"transfer_case_application":"","kulso_raktar":0,"google_ads_kep":423333,"gtin":9009381052265},"_links":{"self":[{"href":"https:\/\/transfercasepartshop.com\/hu\/wp-json\/wp\/v2\/product\/390572","targetHints":{"allow":["GET"]}}],"collection":[{"href":"https:\/\/transfercasepartshop.com\/hu\/wp-json\/wp\/v2\/product"}],"about":[{"href":"https:\/\/transfercasepartshop.com\/hu\/wp-json\/wp\/v2\/types\/product"}],"replies":[{"embeddable":true,"href":"https:\/\/transfercasepartshop.com\/hu\/wp-json\/wp\/v2\/comments?post=390572"}],"wp:featuredmedia":[{"embeddable":true,"href":"https:\/\/transfercasepartshop.com\/hu\/wp-json\/wp\/v2\/media\/401292"}],"wp:attachment":[{"href":"https:\/\/transfercasepartshop.com\/hu\/wp-json\/wp\/v2\/media?parent=390572"}],"wp:term":[{"taxonomy":"product_brand","embeddable":true,"href":"https:\/\/transfercasepartshop.com\/hu\/wp-json\/wp\/v2\/product_brand?post=390572"},{"taxonomy":"product_cat","embeddable":true,"href":"https:\/\/transfercasepartshop.com\/hu\/wp-json\/wp\/v2\/product_cat?post=390572"},{"taxonomy":"product_tag","embeddable":true,"href":"https:\/\/transfercasepartshop.com\/hu\/wp-json\/wp\/v2\/product_tag?post=390572"}],"curies":[{"name":"wp","href":"https:\/\/api.w.org\/{rel}","templated":true}]}}