{"id":390571,"date":"2021-11-17T15:04:37","date_gmt":"2021-11-17T14:04:37","guid":{"rendered":"https:\/\/transfercasepartshop.com\/?post_type=product&#038;p=390571"},"modified":"2026-03-23T09:41:22","modified_gmt":"2026-03-23T08:41:22","slug":"osztomu-lanckerek-dcs-dcs-amg","status":"publish","type":"product","link":"https:\/\/transfercasepartshop.com\/hu\/mercedes-benz\/dcs\/osztomu-lanckerek-dcs-dcs-amg\/","title":{"rendered":"Oszt\u00f3m\u0171 l\u00e1ncker\u00e9k (DCS, DCS-AMG)"},"content":{"rendered":"<p>Rendk\u00edv\u00fcl edzett anyagb\u00f3l, prec\u00edzen megmunk\u00e1lt, igen sz\u00e9ls\u0151s\u00e9ges k\u00f6r\u00fclm\u00e9nyeket is elvisel\u0151 alkatr\u00e9sz. A folyamatos er\u0151\u00e1tvitel n\u00e9lk\u00fcl\u00f6zhetetlen eleme egy oszt\u00f3m\u0171ben.<\/p>\n<div class=\"faq-section\">\n<details>\n<summary>Honnan tudom, hogy elkopott az oszt\u00f3m\u0171 l\u00e1ncker\u00e9k a Mercedesemben?<\/summary>\n<p>A leggyakoribb t\u00fcnet a gyors\u00edt\u00e1skor jelentkez\u0151 kattog\u00f3, ugr\u00e1l\u00f3 vagy dar\u00e1l\u00f3 hang az aut\u00f3 al\u00f3l. Ha a l\u00e1ncker\u00e9k fogai megkoptak, a l\u00e1nc \u00e1tugrik rajtuk, ami r\u00e1ngat\u00e1st \u00e9s az er\u0151\u00e1tvitel szakadoz\u00e1s\u00e1t okozza, k\u00fcl\u00f6n\u00f6sen hirtelen g\u00e1zad\u00e1sn\u00e1l.<\/p>\n<\/details>\n<details>\n<summary>Miben jobb ez az alkatr\u00e9sz a gy\u00e1ri megold\u00e1sokn\u00e1l?<\/summary>\n<p>Ez a l\u00e1ncker\u00e9k rendk\u00edv\u00fcl edzett anyagb\u00f3l, prec\u00edzi\u00f3s megmunk\u00e1l\u00e1ssal k\u00e9sz\u00fcl. Kifejezetten a DCS \u00e9s DCS-AMG rendszerek extr\u00e9m ig\u00e9nybev\u00e9tel\u00e9re tervezt\u00e9k, \u00edgy jobban ellen\u00e1ll a kop\u00e1snak \u00e9s a h\u0151sokknak, mint a sztenderd ut\u00e1ngy\u00e1rtott v\u00e1ltozatok.<\/p>\n<\/details>\n<details>\n<summary>Kompatibilis ez a l\u00e1ncker\u00e9k a DCS-AMG sport oszt\u00f3m\u0171vekkel is?<\/summary>\n<p>Igen, az alkatr\u00e9sz teljes m\u00e9rt\u00e9kben kompatibilis mind a norm\u00e1l DCS, mind a nagy teljes\u00edtm\u00e9ny\u0171 DCS-AMG oszt\u00f3m\u0171vekkel. A fokozott kem\u00e9nys\u00e9g\u0171 anyaghaszn\u00e1lat miatt ide\u00e1lis a nagyobb nyomat\u00e9kkal rendelkez\u0151 AMG modellekhez is.<\/p>\n<\/details>\n<details>\n<summary>Milyen gyakran kell ellen\u0151rizni az oszt\u00f3m\u0171 l\u00e1ncker\u00e9k \u00e1llapot\u00e1t?<\/summary>\n<p>B\u00e1r az alkatr\u00e9sz \u00e9lettartama hossz\u00fa, javasolt minden nagyobb szervizn\u00e9l vagy 80 000 &#8211; 100 000 kilom\u00e9terenk\u00e9nt ellen\u0151rizni az oszt\u00f3m\u0171 olajszintj\u00e9t \u00e9s tisztas\u00e1g\u00e1t. A f\u00e9mreszel\u00e9k az olajban gyakran az elhaszn\u00e1l\u00f3d\u00f3 l\u00e1ncker\u00e9k els\u0151 jele.<\/p>\n<\/details>\n<details>\n<summary>Beszerelhetem \u00e9n is az alkatr\u00e9szt otthon?<\/summary>\n<p>Az oszt\u00f3m\u0171 megbont\u00e1sa speci\u00e1lis szaktud\u00e1st \u00e9s c\u00e9lszersz\u00e1mokat ig\u00e9nyel. A nem megfelel\u0151 h\u00e9zagol\u00e1s vagy r\u00f6gz\u00edt\u00e9s az \u00faj l\u00e1ncker\u00e9k \u00e9s a l\u00e1nc gyors t\u00f6nkremenetel\u00e9hez vezethet, ez\u00e9rt javasoljuk, hogy keressen fel egy v\u00e1lt\u00f3- \u00e9s oszt\u00f3m\u0171-specialista szervizt.<\/p>\n<\/details>\n<\/div>\n<p><script type=\"application\/ld+json\">\n{\n  \"@context\": \"https:\/\/schema.org\",\n  \"@type\": \"FAQPage\",\n  \"mainEntity\": [\n    {\n      \"@type\": \"Question\",\n      \"name\": \"Honnan tudom, hogy elkopott az osztu00f3mu0171 lu00e1nckeru00e9k a Mercedesemben?\",\n      \"acceptedAnswer\": {\n        \"@type\": \"Answer\",\n        \"text\": \"A leggyakoribb tu00fcnet a gyorsu00edtu00e1skor jelentkezu0151 kattogu00f3, ugru00e1lu00f3 vagy daru00e1lu00f3 hang az autu00f3 alu00f3l. Ha a lu00e1nckeru00e9k fogai megkoptak, a lu00e1nc u00e1tugrik rajtuk, ami ru00e1ngatu00e1st u00e9s az eru0151u00e1tvitel szakadozu00e1su00e1t okozza.\"\n      }\n    },\n    {\n      \"@type\": \"Question\",\n      \"name\": \"Miben jobb ez az alkatru00e9sz a gyu00e1ri megoldu00e1soknu00e1l?\",\n      \"acceptedAnswer\": {\n        \"@type\": \"Answer\",\n        \"text\": \"Ez a lu00e1nckeru00e9k rendku00edvu00fcl edzett anyagbu00f3l, precu00edziu00f3s megmunku00e1lu00e1ssal ku00e9szu00fcl. Kifejezetten a DCS u00e9s DCS-AMG rendszerek extru00e9m igu00e9nybevu00e9telu00e9re terveztu00e9k, u00edgy jobban ellenu00e1ll a kopu00e1snak.\"\n      }\n    },\n    {\n      \"@type\": \"Question\",\n      \"name\": \"Kompatibilis ez a lu00e1nckeru00e9k a DCS-AMG sport osztu00f3mu0171vekkel is?\",\n      \"acceptedAnswer\": {\n        \"@type\": \"Answer\",\n        \"text\": \"Igen, az alkatru00e9sz teljes mu00e9rtu00e9kben kompatibilis mind a normu00e1l DCS, mind a nagy teljesu00edtmu00e9nyu0171 DCS-AMG osztu00f3mu0171vekkel a fokozott kemu00e9nysu00e9gu0171 anyaghasznu00e1latnak ku00f6szu00f6nhetu0151en.\"\n      }\n    },\n    {\n      \"@type\": \"Question\",\n      \"name\": \"Milyen gyakran kell ellenu0151rizni az osztu00f3mu0171 lu00e1nckeru00e9k u00e1llapotu00e1t?\",\n      \"acceptedAnswer\": {\n        \"@type\": \"Answer\",\n        \"text\": \"Javasolt minden nagyobb szerviznu00e9l vagy 80 000 - 100 000 kilomu00e9terenku00e9nt ellenu0151rizni az osztu00f3mu0171 olaju00e1t. A fu00e9mreszelu00e9k az olajban az elhasznu00e1lu00f3du00f3 lu00e1nckeru00e9k jele lehet.\"\n      }\n    },\n    {\n      \"@type\": \"Question\",\n      \"name\": \"Beszerelhetem u00e9n is az alkatru00e9szt otthon?\",\n      \"acceptedAnswer\": {\n        \"@type\": \"Answer\",\n        \"text\": \"Az osztu00f3mu0171 megbontu00e1sa speciu00e1lis szaktudu00e1st igu00e9nyel. A hibu00e1s beszerelu00e9s az u00faj alkatru00e9sz gyors tu00f6nkremenetelu00e9hez vezethet, ezu00e9rt szakmu0171hely javasolt.\"\n      }\n    }\n  ]\n}\n<\/script><\/p>","protected":false},"excerpt":{"rendered":"<p>Rendk\u00edv\u00fcl edzett anyagb\u00f3l, prec\u00edzen megmunk\u00e1lt, igen sz\u00e9ls\u0151s\u00e9ges k\u00f6r\u00fclm\u00e9nyeket is elvisel\u0151 alkatr\u00e9sz. A folyamatos er\u0151\u00e1tvitel n\u00e9lk\u00fcl\u00f6zhetetlen eleme egy oszt\u00f3m\u0171ben. Honnan tudom, hogy elkopott az oszt\u00f3m\u0171 l\u00e1ncker\u00e9k &#8230; <\/p>\n<p class=\"read-more-container\"><a title=\"Oszt\u00f3m\u0171 l\u00e1ncker\u00e9k (DCS, DCS-AMG)\" class=\"read-more button\" href=\"https:\/\/transfercasepartshop.com\/hu\/mercedes-benz\/dcs\/osztomu-lanckerek-dcs-dcs-amg\/#more-390571\" aria-label=\"Read more about Oszt\u00f3m\u0171 l\u00e1ncker\u00e9k (DCS, DCS-AMG)\">Tov\u00e1bb<\/a><\/p>","protected":false},"featured_media":415070,"comment_status":"open","ping_status":"closed","template":"","meta":{"_acf_changed":false},"product_brand":[],"product_cat":[105,107,109],"product_tag":[390,210],"class_list":{"0":"post-390571","1":"product","2":"type-product","3":"status-publish","4":"has-post-thumbnail","6":"product_cat-mercedes-benz","7":"product_cat-dcs","8":"product_cat-dcs-amg","9":"product_tag-magna-powertrain","10":"product_tag-tengelyek-fogaskerekek","11":"infinite-scroll-item","12":"no-featured-image-padding","13":"resize-featured-image","14":"sales-flash-overlay","15":"woocommerce-text-align-center","16":"woocommerce-image-align-center","17":"wc-has-gallery","19":"first","20":"instock","21":"taxable","22":"shipping-taxable","23":"purchasable","24":"product-type-simple"},"acf":{"s-tec_number":"SP01052","oem-ref":"","tartalom":"","lamella-alert":"","transfer_case_application_v2":["Mercedes-Benz DCS (AMG) 2006- GL","Mercedes-Benz DCS (AMG) 2006- ML","Mercedes-Benz DCS (AMG) 2006- R-Klasse","Mercedes-Benz DCS 2006- GL","Mercedes-Benz DCS 2006- ML","Mercedes-Benz DCS 2006- R-Klasse","Mercedes-Benz DCS 2015- GLE Class","Mercedes-Benz DCS 2015- GLE Class Coupe","Mercedes-Benz DCS 2015- GLS"],"transfer_case_application":"","kulso_raktar":2,"google_ads_kep":423355,"gtin":9009381051992},"_links":{"self":[{"href":"https:\/\/transfercasepartshop.com\/hu\/wp-json\/wp\/v2\/product\/390571","targetHints":{"allow":["GET"]}}],"collection":[{"href":"https:\/\/transfercasepartshop.com\/hu\/wp-json\/wp\/v2\/product"}],"about":[{"href":"https:\/\/transfercasepartshop.com\/hu\/wp-json\/wp\/v2\/types\/product"}],"replies":[{"embeddable":true,"href":"https:\/\/transfercasepartshop.com\/hu\/wp-json\/wp\/v2\/comments?post=390571"}],"wp:featuredmedia":[{"embeddable":true,"href":"https:\/\/transfercasepartshop.com\/hu\/wp-json\/wp\/v2\/media\/415070"}],"wp:attachment":[{"href":"https:\/\/transfercasepartshop.com\/hu\/wp-json\/wp\/v2\/media?parent=390571"}],"wp:term":[{"taxonomy":"product_brand","embeddable":true,"href":"https:\/\/transfercasepartshop.com\/hu\/wp-json\/wp\/v2\/product_brand?post=390571"},{"taxonomy":"product_cat","embeddable":true,"href":"https:\/\/transfercasepartshop.com\/hu\/wp-json\/wp\/v2\/product_cat?post=390571"},{"taxonomy":"product_tag","embeddable":true,"href":"https:\/\/transfercasepartshop.com\/hu\/wp-json\/wp\/v2\/product_tag?post=390571"}],"curies":[{"name":"wp","href":"https:\/\/api.w.org\/{rel}","templated":true}]}}